{"id":39,"date":"2019-08-06T13:34:08","date_gmt":"2019-08-06T16:34:08","guid":{"rendered":"https:\/\/www.ufsm.br\/laboratorios\/lgsr\/?page_id=39"},"modified":"2022-04-18T18:49:00","modified_gmt":"2022-04-18T21:49:00","slug":"cursos","status":"publish","type":"page","link":"https:\/\/www.ufsm.br\/laboratorios\/lgsr\/cursos","title":{"rendered":"Cursos \/ Courses"},"content":{"rendered":"\n<p><strong>Disciplinas de Gradua\u00e7\u00e3o \/ Undergraduate courses<\/strong><\/p>\n<ul>\n<li><a href=\"https:\/\/www.ufsm.br\/laboratorios\/lgsr\/sensoriamento-remoto-do-ambiente\/\">Sensoriamento Remoto\u00a0do Ambiente<\/a><\/li>\n<li>Ajustamento de Observa\u00e7\u00f5es Geod\u00e9sicas\u00a0<\/li>\n<li>Sistema de Informa\u00e7\u00f5es Geogr\u00e1ficas \u2013 SIG<\/li>\n<li>Sensoriamento Remoto &#8211; SAR, LiDAR, VANTs\/Drones<\/li>\n<li>Ajustamento de Observa\u00e7\u00f5es Georrefer\u00eanciadas<\/li>\n<li>Introdu\u00e7\u00e3o a Geom\u00e1tica<\/li>\n<li>Geom\u00e1tica<\/li>\n<li>Geoprocessamento\u00a0<\/li>\n<li>Fotogrametria e Fotointerpreta\u00e7\u00e3o<\/li>\n<li>Cartografia<\/li>\n<li>Topografia<\/li>\n<li>Topografia Aplicada<\/li>\n<\/ul>\n<p>\u00a0<\/p>\n<p><strong>P\u00f3s-gradua\u00e7\u00e3o (Mestrado e Doutorado) \/<\/strong> <strong>Postgraduate (Master-MSc and Doctorate-PhD)<\/strong><\/p>\n<ul>\n<li>An\u00e1lise de erros em dados espaciais (PPGGEO\/UFSM)<\/li>\n<li>Modelagem da din\u00e2mica espacial (PPGGEO\/UFSM)<\/li>\n<li>Comportamento Espectral de Alvos (PPGG\/UFPR)<\/li>\n<li>An\u00e1lise espectral e geoestat\u00edstica aplicada a estudos geoambientais (PPGGG\/UFPA)<\/li>\n<li>Geoprocessamento e sensoriamento remoto aplicado ao monitoramento ambiental (PPGCTA\/UFSM)<\/li>\n<\/ul>\n<p><img fetchpriority=\"high\" decoding=\"async\" class=\"alignnone size-medium wp-image-48\" src=\"https:\/\/www.ufsm.br\/app\/uploads\/sites\/664\/2019\/08\/logolgsr-300x282.png\" alt=\"\" width=\"300\" height=\"282\" srcset=\"https:\/\/www.ufsm.br\/app\/uploads\/sites\/664\/2019\/08\/logolgsr-300x282.png 300w, https:\/\/www.ufsm.br\/app\/uploads\/sites\/664\/2019\/08\/logolgsr.png 766w\" sizes=\"(max-width: 300px) 100vw, 300px\" \/><\/p>\n","protected":false},"excerpt":{"rendered":"<p>Disciplinas de Gradua\u00e7\u00e3o \/ Undergraduate courses Sensoriamento Remoto\u00a0do Ambiente Ajustamento de Observa\u00e7\u00f5es Geod\u00e9sicas\u00a0 Sistema de Informa\u00e7\u00f5es Geogr\u00e1ficas \u2013 SIG Sensoriamento Remoto &#8211; SAR, LiDAR, VANTs\/Drones Ajustamento de Observa\u00e7\u00f5es Georrefer\u00eanciadas Introdu\u00e7\u00e3o a Geom\u00e1tica Geom\u00e1tica Geoprocessamento\u00a0 Fotogrametria e Fotointerpreta\u00e7\u00e3o Cartografia Topografia Topografia Aplicada \u00a0 P\u00f3s-gradua\u00e7\u00e3o (Mestrado e Doutorado) \/ Postgraduate (Master-MSc and Doctorate-PhD) An\u00e1lise de erros em [&hellip;]<\/p>\n","protected":false},"author":115,"featured_media":0,"parent":0,"menu_order":0,"comment_status":"closed","ping_status":"closed","template":"","meta":{"footnotes":""},"categories":[],"tags":[],"class_list":["post-39","page","type-page","status-publish","hentry"],"acf":[],"_links":{"self":[{"href":"https:\/\/www.ufsm.br\/laboratorios\/lgsr\/wp-json\/wp\/v2\/pages\/39","targetHints":{"allow":["GET"]}}],"collection":[{"href":"https:\/\/www.ufsm.br\/laboratorios\/lgsr\/wp-json\/wp\/v2\/pages"}],"about":[{"href":"https:\/\/www.ufsm.br\/laboratorios\/lgsr\/wp-json\/wp\/v2\/types\/page"}],"author":[{"embeddable":true,"href":"https:\/\/www.ufsm.br\/laboratorios\/lgsr\/wp-json\/wp\/v2\/users\/115"}],"replies":[{"embeddable":true,"href":"https:\/\/www.ufsm.br\/laboratorios\/lgsr\/wp-json\/wp\/v2\/comments?post=39"}],"version-history":[{"count":0,"href":"https:\/\/www.ufsm.br\/laboratorios\/lgsr\/wp-json\/wp\/v2\/pages\/39\/revisions"}],"wp:attachment":[{"href":"https:\/\/www.ufsm.br\/laboratorios\/lgsr\/wp-json\/wp\/v2\/media?parent=39"}],"wp:term":[{"taxonomy":"category","embeddable":true,"href":"https:\/\/www.ufsm.br\/laboratorios\/lgsr\/wp-json\/wp\/v2\/categories?post=39"},{"taxonomy":"post_tag","embeddable":true,"href":"https:\/\/www.ufsm.br\/laboratorios\/lgsr\/wp-json\/wp\/v2\/tags?post=39"}],"curies":[{"name":"wp","href":"https:\/\/api.w.org\/{rel}","templated":true}]}}