{"id":59,"date":"2020-12-01T12:44:53","date_gmt":"2020-12-01T15:44:53","guid":{"rendered":"https:\/\/www.ufsm.br\/laboratorios\/lgsr\/?page_id=59"},"modified":"2021-06-10T15:53:37","modified_gmt":"2021-06-10T18:53:37","slug":"parcerias-partnerships","status":"publish","type":"page","link":"https:\/\/www.ufsm.br\/laboratorios\/lgsr\/parcerias-partnerships","title":{"rendered":"Parcerias \/ Partnerships"},"content":{"rendered":"\t\t<div data-elementor-type=\"wp-page\" data-elementor-id=\"59\" class=\"elementor elementor-59\">\n\t\t\t\t\t\t<section class=\"elementor-section elementor-top-section elementor-element elementor-element-6c0a670f elementor-section-boxed elementor-section-height-default elementor-section-height-default\" data-id=\"6c0a670f\" data-element_type=\"section\">\n\t\t\t\t\t\t<div class=\"elementor-container elementor-column-gap-default\">\n\t\t\t\t\t<div class=\"elementor-column elementor-col-100 elementor-top-column elementor-element elementor-element-34a824c2\" data-id=\"34a824c2\" data-element_type=\"column\">\n\t\t\t<div class=\"elementor-widget-wrap elementor-element-populated\">\n\t\t\t\t\t\t<div class=\"elementor-element elementor-element-6b1d464 elementor-widget elementor-widget-text-editor\" data-id=\"6b1d464\" data-element_type=\"widget\" data-widget_type=\"text-editor.default\">\n\t\t\t\t<div class=\"elementor-widget-container\">\n\t\t\t\t\t\t\t<p><!-- wp:tadv\/classic-paragraph --><\/p>\n<h5>Universidades e Institutos de Pesquisa \/ Universities and Research Institutes<\/h5>\n<table style=\"width: 100%;border-collapse: collapse;border-color: #ffffff;background-color: #ffffff\">\n<tbody>\n<tr>\n<td style=\"width: 16.6667%\">\n<p><a href=\"http:\/\/www.inpe.br\/\" target=\"_blank\" rel=\"noopener noreferrer\"><img decoding=\"async\" class=\"alignnone wp-image-60 size-full aligncenter\" src=\"https:\/\/www.ufsm.br\/app\/uploads\/sites\/664\/2020\/12\/logoinpe-azul-menor.png\" alt=\"\" width=\"109\" height=\"86\" \/><\/a><\/p>\n<p style=\"text-align: center\">I<a href=\"http:\/\/www.inpe.br\/\" target=\"_blank\" rel=\"noopener noreferrer\">nstituto Nacional de Pesquisas Espaciais &#8211; INPE<\/a><\/p>\n<\/td>\n<td style=\"width: 16.6667%\">\n<p><img decoding=\"async\" class=\"alignnone wp-image-91 aligncenter\" src=\"https:\/\/www.ufsm.br\/app\/uploads\/sites\/664\/2020\/12\/UFSCAR.png\" alt=\"\" width=\"190\" height=\"139\" \/><\/p>\n<p style=\"text-align: center\"><a href=\"https:\/\/www2.ufscar.br\/\" target=\"_blank\" rel=\"noopener noreferrer\">UFSCAR &#8211; Universidade Federal de S\u00e3o Carlos<\/a><\/p>\n<\/td>\n<td style=\"width: 16.6667%\">\n<p><img decoding=\"async\" class=\"alignnone size-full wp-image-92\" src=\"https:\/\/www.ufsm.br\/app\/uploads\/sites\/664\/2020\/12\/UEA.gif\" alt=\"\" width=\"250\" height=\"71\" \/><\/p>\n<p><a href=\"http:\/\/www3.uea.edu.br\/\" target=\"_blank\" rel=\"noopener noreferrer\">UEA &#8211; universidade do Esado do Amazonas<\/a><\/p>\n<\/td>\n<td style=\"width: 16.6667%\">\n<p><a href=\"https:\/\/www.uergs.edu.br\/inicial\" target=\"_blank\" rel=\"noopener noreferrer\"><img loading=\"lazy\" decoding=\"async\" class=\"alignnone wp-image-93\" src=\"https:\/\/www.ufsm.br\/app\/uploads\/sites\/664\/2020\/12\/Logo_Uergsn-300x137.png\" alt=\"\" width=\"250\" height=\"114\" srcset=\"https:\/\/www.ufsm.br\/app\/uploads\/sites\/664\/2020\/12\/Logo_Uergsn-300x137.png 300w, https:\/\/www.ufsm.br\/app\/uploads\/sites\/664\/2020\/12\/Logo_Uergsn.png 369w\" sizes=\"(max-width: 250px) 100vw, 250px\" \/><\/a><\/p>\n<p><a href=\"https:\/\/www.uergs.edu.br\/inicial\" target=\"_blank\" rel=\"noopener noreferrer\">UERGS &#8211; Universidade Estadual do Rio Grande do Sul<\/a><\/p>\n<\/td>\n<td style=\"width: 16.6667%\">\n<p><a href=\"https:\/\/www.udesc.br\/cav\" target=\"_blank\" rel=\"noopener noreferrer\"><img loading=\"lazy\" decoding=\"async\" class=\"alignnone wp-image-95\" src=\"https:\/\/www.ufsm.br\/app\/uploads\/sites\/664\/2020\/12\/UDESC.png\" alt=\"\" width=\"200\" height=\"180\" \/><\/a><\/p>\n<p><a href=\"https:\/\/www.udesc.br\/cav\" target=\"_blank\" rel=\"noopener noreferrer\">UDESC &#8211; Universidade do Estado de Santa Catarina<\/a><\/p>\n<\/td>\n<td style=\"width: 16.6667%\">\n<p><a href=\"http:\/\/english.gzb.cas.cn\/au\/\" target=\"_blank\" rel=\"noopener\"><img loading=\"lazy\" decoding=\"async\" class=\"alignnone wp-image-147 aligncenter\" src=\"https:\/\/www.ufsm.br\/app\/uploads\/sites\/664\/2021\/01\/\u5fae\u4fe1\u622a\u56fe_20210105154631.jpg\" alt=\"\" width=\"142\" height=\"116\" \/><\/a><\/p>\n<p><a href=\"http:\/\/english.gzb.cas.cn\/au\/\" target=\"_blank\" rel=\"noopener noreferrer\">Guangzhou Institute of Geography<\/a><\/p>\n<\/td>\n<\/tr>\n<\/tbody>\n<\/table>\n<h5><em><strong>\u00a0<\/strong><\/em><\/h5>\n<p><!-- \/wp:tadv\/classic-paragraph --><!-- wp:tadv\/classic-paragraph --><\/p>\n<h5>-Empresas \/ Companies<\/h5>\n<table style=\"height: 129px;width: 0%;border-collapse: collapse\" border=\"0\">\n<tbody>\n<tr style=\"height: 129px\">\n<td style=\"width: 19.1108%;height: 129px\">\n<p><a href=\"https:\/\/eos.com\/pt\/\" target=\"_blank\" rel=\"noopener noreferrer\"><img loading=\"lazy\" decoding=\"async\" class=\"alignnone wp-image-62 aligncenter\" src=\"https:\/\/www.ufsm.br\/app\/uploads\/sites\/664\/2020\/12\/EOS-300x99.png\" alt=\"\" width=\"206\" height=\"68\" srcset=\"https:\/\/www.ufsm.br\/app\/uploads\/sites\/664\/2020\/12\/EOS-300x99.png 300w, https:\/\/www.ufsm.br\/app\/uploads\/sites\/664\/2020\/12\/EOS-1024x339.png 1024w, https:\/\/www.ufsm.br\/app\/uploads\/sites\/664\/2020\/12\/EOS-768x254.png 768w, https:\/\/www.ufsm.br\/app\/uploads\/sites\/664\/2020\/12\/EOS.png 1325w\" sizes=\"(max-width: 206px) 100vw, 206px\" \/><\/a><\/p>\n<p style=\"text-align: center\"><a href=\"https:\/\/eos.com\/pt\/\" target=\"_blank\" rel=\"noopener noreferrer\">EOS &#8211; Earth Observing System\u00a0<\/a><\/p>\n<\/td>\n<td style=\"width: 18.7207%;height: 129px\">\n<p><a href=\"https:\/\/www.idgeo.com.br\/\" target=\"_blank\" rel=\"noopener noreferrer\"><img loading=\"lazy\" decoding=\"async\" class=\"wp-image-63 aligncenter\" src=\"https:\/\/www.ufsm.br\/app\/uploads\/sites\/664\/2020\/12\/IDGEO-300x122.png\" alt=\"\" width=\"174\" height=\"71\" srcset=\"https:\/\/www.ufsm.br\/app\/uploads\/sites\/664\/2020\/12\/IDGEO-300x122.png 300w, https:\/\/www.ufsm.br\/app\/uploads\/sites\/664\/2020\/12\/IDGEO-1024x415.png 1024w, https:\/\/www.ufsm.br\/app\/uploads\/sites\/664\/2020\/12\/IDGEO-768x312.png 768w, https:\/\/www.ufsm.br\/app\/uploads\/sites\/664\/2020\/12\/IDGEO-1536x623.png 1536w, https:\/\/www.ufsm.br\/app\/uploads\/sites\/664\/2020\/12\/IDGEO.png 1920w\" sizes=\"(max-width: 174px) 100vw, 174px\" \/><\/a><\/p>\n<p style=\"text-align: center\"><a href=\"https:\/\/www.idgeo.com.br\/\" target=\"_blank\" rel=\"noopener noreferrer\">IDGEO &#8211; Intelig\u00eancia agr\u00edcola<\/a><\/p>\n<\/td>\n<td style=\"width: 18.2527%;height: 129px\">\n<p><a href=\"https:\/\/www.planet.com\/\" target=\"_blank\" rel=\"noopener noreferrer\"><img loading=\"lazy\" decoding=\"async\" class=\" wp-image-65 aligncenter\" src=\"https:\/\/www.ufsm.br\/app\/uploads\/sites\/664\/2020\/12\/1280px-Planet_Labs_logo.svg-300x149.png\" alt=\"\" width=\"246\" height=\"122\" srcset=\"https:\/\/www.ufsm.br\/app\/uploads\/sites\/664\/2020\/12\/1280px-Planet_Labs_logo.svg-300x149.png 300w, https:\/\/www.ufsm.br\/app\/uploads\/sites\/664\/2020\/12\/1280px-Planet_Labs_logo.svg-1024x508.png 1024w, https:\/\/www.ufsm.br\/app\/uploads\/sites\/664\/2020\/12\/1280px-Planet_Labs_logo.svg-768x381.png 768w, https:\/\/www.ufsm.br\/app\/uploads\/sites\/664\/2020\/12\/1280px-Planet_Labs_logo.svg.png 1280w\" sizes=\"(max-width: 246px) 100vw, 246px\" \/><\/a><\/p>\n<p style=\"text-align: center\"><a href=\"https:\/\/www.planet.com\/\" target=\"_blank\" rel=\"noopener noreferrer\">Planet Labs Inc.<\/a><\/p>\n<p>\u00a0<\/p>\n<\/td>\n<td style=\"width: 18.0967%;height: 129px\">\n<p><a href=\"http:\/\/saltusflorestal.com.br\/site\/inicial\" target=\"_blank\" rel=\"noopener noreferrer\"><img loading=\"lazy\" decoding=\"async\" class=\"alignnone wp-image-66\" src=\"https:\/\/www.ufsm.br\/app\/uploads\/sites\/664\/2020\/12\/Saltus-300x142.png\" alt=\"\" width=\"257\" height=\"122\" srcset=\"https:\/\/www.ufsm.br\/app\/uploads\/sites\/664\/2020\/12\/Saltus-300x142.png 300w, https:\/\/www.ufsm.br\/app\/uploads\/sites\/664\/2020\/12\/Saltus.png 354w\" sizes=\"(max-width: 257px) 100vw, 257px\" \/><\/a><\/p>\n<p><a href=\"http:\/\/saltusflorestal.com.br\/site\/inicial\" target=\"_blank\" rel=\"noopener noreferrer\">SALTUS Consultoria Ambiental e Florestal<\/a><\/p>\n<\/td>\n<td style=\"width: 16.7224%;height: 129px\" colspan=\"4\"><img loading=\"lazy\" decoding=\"async\" class=\"alignnone size-full wp-image-184\" src=\"https:\/\/www.ufsm.br\/app\/uploads\/sites\/664\/2021\/06\/TecTerra_geotecnologias.png\" alt=\"\" width=\"214\" height=\"92\" \/><br \/><a href=\"https:\/\/tecterra.com.br\/\">Tecterra Geotecnologias<\/a><\/td>\n<\/tr>\n<\/tbody>\n<\/table>\n<p><!-- \/wp:tadv\/classic-paragraph --><!-- wp:tadv\/classic-paragraph --><\/p>\n<h5>-Laborat\u00f3rios\/n\u00facleos\/grupos parceiros \/ Partner Labs and Groups\u00a0<\/h5>\n<table style=\"height: 129px;width: 100.763%;border-collapse: collapse;border-color: #ffffff;background-color: #ffffff\">\n<tbody>\n<tr style=\"height: 129px\">\n<td style=\"width: 245px;height: 129px\">\n<p><a href=\"https:\/\/www.ufsm.br\/laboratorios\/labgeotec\/\" target=\"_blank\" rel=\"noopener noreferrer\"><img loading=\"lazy\" decoding=\"async\" class=\"alignnone size-medium wp-image-96\" src=\"https:\/\/www.ufsm.br\/app\/uploads\/sites\/664\/2020\/12\/logo-300x90.jpg\" alt=\"\" width=\"300\" height=\"90\" srcset=\"https:\/\/www.ufsm.br\/app\/uploads\/sites\/664\/2020\/12\/logo-300x90.jpg 300w, https:\/\/www.ufsm.br\/app\/uploads\/sites\/664\/2020\/12\/logo-1024x306.jpg 1024w, https:\/\/www.ufsm.br\/app\/uploads\/sites\/664\/2020\/12\/logo-768x229.jpg 768w, https:\/\/www.ufsm.br\/app\/uploads\/sites\/664\/2020\/12\/logo-1536x458.jpg 1536w, https:\/\/www.ufsm.br\/app\/uploads\/sites\/664\/2020\/12\/logo.jpg 1920w\" sizes=\"(max-width: 300px) 100vw, 300px\" \/><\/a><\/p>\n<p><a href=\"https:\/\/www.ufsm.br\/laboratorios\/labgeotec\/\" target=\"_blank\" rel=\"noopener noreferrer\">\u00a0Laborat\u00f3rio de geotecnologias<\/a><\/p>\n<\/td>\n<td style=\"width: 240px;height: 129px\">\n<p style=\"text-align: center\"><a href=\"https:\/\/www.ufsm.br\/laboratorios\/lmpf\/\" target=\"_blank\" rel=\"noopener\"><img loading=\"lazy\" decoding=\"async\" class=\"alignnone wp-image-154\" src=\"https:\/\/www.ufsm.br\/app\/uploads\/sites\/664\/2021\/02\/Lab_Rafaelo.jpg\" alt=\"\" width=\"135\" height=\"137\" \/><\/a><\/p>\n<div id=\"logo\" class=\"d-flex mb-md-3\">\n<div class=\"d-flex align-items-center text-center text-md-left\">\n<div class=\"site-description notranslate\" style=\"text-align: center\"><a href=\"https:\/\/www.ufsm.br\/laboratorios\/lmpf\/\" target=\"_blank\" rel=\"noopener\">Laborat\u00f3rio de Manejo e Pol\u00edtica Florestal<\/a><\/div>\n<\/div>\n<\/div>\n<\/td>\n<td style=\"width: 234px;height: 129px\">\n<p><a href=\"https:\/\/geotapuea.wixsite.com\/geotap\" target=\"_blank\" rel=\"noopener noreferrer\"><img loading=\"lazy\" decoding=\"async\" class=\"alignnone size-medium wp-image-97\" src=\"https:\/\/www.ufsm.br\/app\/uploads\/sites\/664\/2020\/12\/Logo_geotap-300x95.jpg\" alt=\"\" width=\"300\" height=\"95\" srcset=\"https:\/\/www.ufsm.br\/app\/uploads\/sites\/664\/2020\/12\/Logo_geotap-300x95.jpg 300w, https:\/\/www.ufsm.br\/app\/uploads\/sites\/664\/2020\/12\/Logo_geotap-1024x323.jpg 1024w, https:\/\/www.ufsm.br\/app\/uploads\/sites\/664\/2020\/12\/Logo_geotap-768x242.jpg 768w, https:\/\/www.ufsm.br\/app\/uploads\/sites\/664\/2020\/12\/Logo_geotap-1536x484.jpg 1536w, https:\/\/www.ufsm.br\/app\/uploads\/sites\/664\/2020\/12\/Logo_geotap.jpg 1920w\" sizes=\"(max-width: 300px) 100vw, 300px\" \/><\/a><\/p>\n<p><a href=\"https:\/\/geotapuea.wixsite.com\/geotap\" target=\"_blank\" rel=\"noopener noreferrer\">GEOTAP &#8211; UEA<\/a><\/p>\n<\/td>\n<td style=\"width: 232px;height: 129px\">\n<p><a href=\"https:\/\/pt-br.facebook.com\/lapsul\/\" target=\"_blank\" rel=\"noopener noreferrer\"><img loading=\"lazy\" decoding=\"async\" class=\"alignnone size-medium wp-image-102\" src=\"https:\/\/www.ufsm.br\/app\/uploads\/sites\/664\/2020\/12\/Lapsul-300x124.jpg\" alt=\"\" width=\"300\" height=\"124\" srcset=\"https:\/\/www.ufsm.br\/app\/uploads\/sites\/664\/2020\/12\/Lapsul-300x124.jpg 300w, https:\/\/www.ufsm.br\/app\/uploads\/sites\/664\/2020\/12\/Lapsul-768x319.jpg 768w, https:\/\/www.ufsm.br\/app\/uploads\/sites\/664\/2020\/12\/Lapsul.jpg 875w\" sizes=\"(max-width: 300px) 100vw, 300px\" \/><\/a><\/p>\n<p><a href=\"https:\/\/pt-br.facebook.com\/lapsul\/\" target=\"_blank\" rel=\"noopener noreferrer\">LAPSUL &#8211; UFSM FW<\/a><\/p>\n<\/td>\n<td style=\"width: 237px;height: 129px\" colspan=\"4\">\n<p style=\"text-align: center\"><a href=\"https:\/\/www.ufsm.br\/laboratorios\/lageolam\/\" target=\"_blank\" rel=\"noopener noreferrer\"><img loading=\"lazy\" decoding=\"async\" class=\"alignnone wp-image-136\" src=\"https:\/\/www.ufsm.br\/app\/uploads\/sites\/664\/2020\/12\/Lageolam.jpg\" alt=\"\" width=\"162\" height=\"165\" \/><\/a><\/p>\n<p style=\"text-align: center\"><a href=\"https:\/\/www.ufsm.br\/laboratorios\/lageolam\/\" target=\"_blank\" rel=\"noopener noreferrer\">Laborat\u00f3rio de Geologia Ambiental\u00a0 &#8211;\u00a0LAGEOLAM<\/a><\/p>\n<\/td>\n<\/tr>\n<\/tbody>\n<\/table>\n<p><!-- \/wp:tadv\/classic-paragraph --><!-- wp:tadv\/classic-paragraph --><\/p>\n<h5>-Programas de P\u00f3s-Gradua\u00e7\u00e3o Atendidos (Mestrado e Doutorado) \/ Postgraduate programs attended (MSc and PhD programs)\u00a0<\/h5>\n<table style=\"height: 113px;width: 66.6384%;border-collapse: collapse\">\n<tbody>\n<tr style=\"height: 129px\">\n<td style=\"width: 10.5143%;height: 129px\">\n<p><a href=\"https:\/\/www.ufsm.br\/cursos\/pos-graduacao\/santa-maria\/ppggeo\/\" target=\"_blank\" rel=\"noopener noreferrer\"><img loading=\"lazy\" decoding=\"async\" class=\"wp-image-98 aligncenter\" src=\"https:\/\/www.ufsm.br\/app\/uploads\/sites\/664\/2020\/12\/PPGGEO.jpg\" alt=\"\" width=\"146\" height=\"147\" srcset=\"https:\/\/www.ufsm.br\/app\/uploads\/sites\/664\/2020\/12\/PPGGEO.jpg 293w, https:\/\/www.ufsm.br\/app\/uploads\/sites\/664\/2020\/12\/PPGGEO-150x150.jpg 150w\" sizes=\"(max-width: 146px) 100vw, 146px\" \/><\/a><\/p>\n<p style=\"text-align: center\"><a href=\"https:\/\/www.ufsm.br\/cursos\/pos-graduacao\/santa-maria\/ppggeo\/\" target=\"_blank\" rel=\"noopener noreferrer\">PPGGEO<\/a><\/p>\n<p style=\"text-align: center\"><a href=\"https:\/\/www.ufsm.br\/cursos\/pos-graduacao\/santa-maria\/ppggeo\/\" target=\"_blank\" rel=\"noopener noreferrer\"><b>P\u00f3s-Gradua\u00e7\u00e3o em Geografia<\/b><\/a>\u00a0<\/p>\n<p>\u00a0<\/p>\n<\/td>\n<td style=\"width: 10.5143%;height: 129px\">\n<p style=\"text-align: center\"><a href=\"https:\/\/www.ufsm.br\/cursos\/pos-graduacao\/frederico-westphalen\/ppgctamb\/\" target=\"_blank\" rel=\"noopener noreferrer\"><img loading=\"lazy\" decoding=\"async\" class=\"alignnone size-medium wp-image-134\" src=\"https:\/\/www.ufsm.br\/app\/uploads\/sites\/664\/2020\/12\/PPGCTA-300x108.png\" alt=\"\" width=\"300\" height=\"108\" srcset=\"https:\/\/www.ufsm.br\/app\/uploads\/sites\/664\/2020\/12\/PPGCTA-300x108.png 300w, https:\/\/www.ufsm.br\/app\/uploads\/sites\/664\/2020\/12\/PPGCTA-1024x368.png 1024w, https:\/\/www.ufsm.br\/app\/uploads\/sites\/664\/2020\/12\/PPGCTA-768x276.png 768w, https:\/\/www.ufsm.br\/app\/uploads\/sites\/664\/2020\/12\/PPGCTA.png 1343w\" sizes=\"(max-width: 300px) 100vw, 300px\" \/><\/a><\/p>\n<p style=\"text-align: center\"><a href=\"https:\/\/www.ufsm.br\/cursos\/pos-graduacao\/frederico-westphalen\/ppgctamb\/\" target=\"_blank\" rel=\"noopener noreferrer\">PPGCTA<\/a><\/p>\n<p style=\"text-align: center\"><a href=\"https:\/\/www.ufsm.br\/cursos\/pos-graduacao\/frederico-westphalen\/ppgctamb\/\" target=\"_blank\" rel=\"noopener noreferrer\"><b>P\u00f3s-Gradua\u00e7\u00e3o em Ci\u00eancia e Tecnologia Ambiental<\/b><\/a><\/p>\n<\/td>\n<td style=\"width: 11.0857%;height: 129px\">\n<p><a href=\"https:\/\/www.ufsm.br\/cursos\/pos-graduacao\/frederico-westphalen\/ppgaaa\/\" target=\"_blank\" rel=\"noopener noreferrer\"><img loading=\"lazy\" decoding=\"async\" class=\"alignnone wp-image-100 alignleft\" src=\"https:\/\/www.ufsm.br\/app\/uploads\/sites\/664\/2020\/12\/PPGAAA-300x276.jpg\" alt=\"\" width=\"141\" height=\"129\" srcset=\"https:\/\/www.ufsm.br\/app\/uploads\/sites\/664\/2020\/12\/PPGAAA-300x276.jpg 300w, https:\/\/www.ufsm.br\/app\/uploads\/sites\/664\/2020\/12\/PPGAAA.jpg 497w\" sizes=\"(max-width: 141px) 100vw, 141px\" \/><\/a><\/p>\n<p>\u00a0<\/p>\n<p style=\"text-align: center\"><a href=\"https:\/\/www.ufsm.br\/cursos\/pos-graduacao\/frederico-westphalen\/ppgaaa\/\" target=\"_blank\" rel=\"noopener noreferrer\">PPGAAA<\/a><\/p>\n<p style=\"text-align: center\"><a href=\"https:\/\/www.ufsm.br\/cursos\/pos-graduacao\/frederico-westphalen\/ppgaaa\/\" target=\"_blank\" rel=\"noopener noreferrer\"><b>P\u00f3s-Gradua\u00e7\u00e3o em Agronomia &#8211; Agricultura e Ambiente<\/b>\u00a0<\/a><\/p>\n<\/td>\n<td style=\"width: 9.82857%;height: 129px\">\n<p style=\"text-align: center\"><a href=\"http:\/\/www.prppg.ufpr.br\/site\/ppggeografia\/\" target=\"_blank\" rel=\"noopener noreferrer\"><img loading=\"lazy\" decoding=\"async\" class=\"wp-image-103 alignnone\" src=\"https:\/\/www.ufsm.br\/app\/uploads\/sites\/664\/2020\/12\/PPGGEO_UFPR.jpg\" alt=\"\" width=\"131\" height=\"119\" \/><\/a><\/p>\n<p style=\"text-align: center\"><a href=\"http:\/\/www.prppg.ufpr.br\/site\/ppggeografia\/\" target=\"_blank\" rel=\"noopener noreferrer\">PPGGEO<\/a><\/p>\n<p style=\"text-align: center\"><a href=\"http:\/\/www.prppg.ufpr.br\/site\/ppggeografia\/\" target=\"_blank\" rel=\"noopener noreferrer\">Programa de P\u00f3s-Gradua\u00e7\u00e3o em Geografia<\/a><\/p>\n<\/td>\n<td style=\"width: 5.54187%;height: 129px;vertical-align: middle\" colspan=\"4\">\n<p><a href=\"http:\/\/www.inpe.br\/posgraduacao\/ser\/\" target=\"_blank\" rel=\"noopener noreferrer\"><img loading=\"lazy\" decoding=\"async\" class=\"alignnone wp-image-60\" src=\"https:\/\/www.ufsm.br\/app\/uploads\/sites\/664\/2020\/12\/logoinpe-azul-menor.png\" alt=\"\" width=\"166\" height=\"131\" \/><\/a><\/p>\n<p><a href=\"http:\/\/www.inpe.br\/posgraduacao\/ser\/\" target=\"_blank\" rel=\"noopener noreferrer\">PPG SER INPE<\/a><\/p>\n<p style=\"text-align: center\"><a title=\"Ir para Home\" href=\"http:\/\/www.inpe.br\/posgraduacao\/ser\/\" target=\"_blank\" rel=\"noopener noreferrer\"><span class=\"portal-title\">Programa de P\u00f3s-Gradua\u00e7\u00e3o em Sensoriamento Remoto<\/span><\/a><\/p>\n<\/td>\n<\/tr>\n<\/tbody>\n<\/table>\n<p><!-- \/wp:tadv\/classic-paragraph --><\/p>\t\t\t\t\t\t<\/div>\n\t\t\t\t<\/div>\n\t\t\t\t\t<\/div>\n\t\t<\/div>\n\t\t\t\t\t<\/div>\n\t\t<\/section>\n\t\t\t\t<\/div>\n\t\t","protected":false},"excerpt":{"rendered":"<p>Universidades e Institutos de Pesquisa \/ Universities and Research Institutes Instituto Nacional de Pesquisas Espaciais &#8211; INPE UFSCAR &#8211; Universidade Federal de S\u00e3o Carlos UEA &#8211; universidade do Esado do Amazonas UERGS &#8211; Universidade Estadual do Rio Grande do Sul UDESC &#8211; Universidade do Estado de Santa Catarina Guangzhou Institute of Geography \u00a0 -Empresas \/ [&hellip;]<\/p>\n","protected":false},"author":3637,"featured_media":0,"parent":0,"menu_order":0,"comment_status":"closed","ping_status":"closed","template":"","meta":{"footnotes":""},"categories":[],"tags":[],"class_list":["post-59","page","type-page","status-publish","hentry"],"acf":[],"_links":{"self":[{"href":"https:\/\/www.ufsm.br\/laboratorios\/lgsr\/wp-json\/wp\/v2\/pages\/59","targetHints":{"allow":["GET"]}}],"collection":[{"href":"https:\/\/www.ufsm.br\/laboratorios\/lgsr\/wp-json\/wp\/v2\/pages"}],"about":[{"href":"https:\/\/www.ufsm.br\/laboratorios\/lgsr\/wp-json\/wp\/v2\/types\/page"}],"author":[{"embeddable":true,"href":"https:\/\/www.ufsm.br\/laboratorios\/lgsr\/wp-json\/wp\/v2\/users\/3637"}],"replies":[{"embeddable":true,"href":"https:\/\/www.ufsm.br\/laboratorios\/lgsr\/wp-json\/wp\/v2\/comments?post=59"}],"version-history":[{"count":0,"href":"https:\/\/www.ufsm.br\/laboratorios\/lgsr\/wp-json\/wp\/v2\/pages\/59\/revisions"}],"wp:attachment":[{"href":"https:\/\/www.ufsm.br\/laboratorios\/lgsr\/wp-json\/wp\/v2\/media?parent=59"}],"wp:term":[{"taxonomy":"category","embeddable":true,"href":"https:\/\/www.ufsm.br\/laboratorios\/lgsr\/wp-json\/wp\/v2\/categories?post=59"},{"taxonomy":"post_tag","embeddable":true,"href":"https:\/\/www.ufsm.br\/laboratorios\/lgsr\/wp-json\/wp\/v2\/tags?post=59"}],"curies":[{"name":"wp","href":"https:\/\/api.w.org\/{rel}","templated":true}]}}