{"id":2,"date":"2019-05-14T15:59:30","date_gmt":"2019-05-14T18:59:30","guid":{"rendered":"https:\/\/www.ufsm.br\/laboratorios-larp\/?page_id=2"},"modified":"2025-12-26T10:23:31","modified_gmt":"2025-12-26T13:23:31","slug":"pagina-inicial","status":"publish","type":"page","link":"https:\/\/www.ufsm.br\/laboratorios\/limsec\/","title":{"rendered":"P\u00e1gina inicial"},"content":{"rendered":"\t\t<div data-elementor-type=\"wp-post\" data-elementor-id=\"2\" class=\"elementor elementor-2\">\n\t\t\t\t\t\t<section class=\"elementor-section elementor-top-section elementor-element elementor-element-31fda3f1 elementor-section-boxed elementor-section-height-default elementor-section-height-default\" data-id=\"31fda3f1\" data-element_type=\"section\">\n\t\t\t\t\t\t<div class=\"elementor-container elementor-column-gap-default\">\n\t\t\t\t\t<div class=\"elementor-column elementor-col-100 elementor-top-column elementor-element elementor-element-7c1b024\" data-id=\"7c1b024\" data-element_type=\"column\">\n\t\t\t<div class=\"elementor-widget-wrap elementor-element-populated\">\n\t\t\t\t\t\t<div class=\"elementor-element elementor-element-6001427 elementor-widget elementor-widget-image\" data-id=\"6001427\" data-element_type=\"widget\" data-widget_type=\"image.default\">\n\t\t\t\t<div class=\"elementor-widget-container\">\n\t\t\t\t\t\t\t\t\t\t\t\t\t<img decoding=\"async\" width=\"300\" height=\"157\" src=\"https:\/\/www.ufsm.br\/app\/uploads\/sites\/866\/2021\/10\/logotipo-LIMSEC-300x157.jpg\" class=\"attachment-medium size-medium wp-image-48\" alt=\"\" srcset=\"https:\/\/www.ufsm.br\/app\/uploads\/sites\/866\/2021\/10\/logotipo-LIMSEC-300x157.jpg 300w, https:\/\/www.ufsm.br\/app\/uploads\/sites\/866\/2021\/10\/logotipo-LIMSEC-768x402.jpg 768w, https:\/\/www.ufsm.br\/app\/uploads\/sites\/866\/2021\/10\/logotipo-LIMSEC.jpg 822w\" sizes=\"(max-width: 300px) 100vw, 300px\" \/>\t\t\t\t\t\t\t\t\t\t\t\t\t<\/div>\n\t\t\t\t<\/div>\n\t\t\t\t<div class=\"elementor-element elementor-element-8d9b83a elementor-widget elementor-widget-heading\" data-id=\"8d9b83a\" data-element_type=\"widget\" data-widget_type=\"heading.default\">\n\t\t\t\t<div class=\"elementor-widget-container\">\n\t\t\t<h5 class=\"elementor-heading-title elementor-size-default\">Apresenta\u00e7\u00e3o<\/h5>\t\t<\/div>\n\t\t\t\t<\/div>\n\t\t\t\t<div class=\"elementor-element elementor-element-c8da605 elementor-widget elementor-widget-text-editor\" data-id=\"c8da605\" data-element_type=\"widget\" data-widget_type=\"text-editor.default\">\n\t\t\t\t<div class=\"elementor-widget-container\">\n\t\t\t\t\t\t\t<p><span style=\"font-size: 12.0pt;line-height: 115%;font-family: 'Arial',sans-serif\">O Laborat\u00f3rio de Inova\u00e7\u00e3o Multidisciplinar &#8211; Solu\u00e7\u00f5es Experimentais e Computacionais (LIMSEC) visa a implementa\u00e7\u00e3o da utiliza\u00e7\u00e3o de ferramentas computacionais e experimentais na solu\u00e7\u00e3o de problemas t\u00e9cnicos que envolvam o desenvolvimento sustent\u00e1vel e a efici\u00eancia energ\u00e9tica. O LIMSEC tem car\u00e1ter multidisciplinar e foi criado para atender a demanda de trabalhos cient\u00edficos e t\u00e9cnicos, em parceria com a comunidade acad\u00eamica, institui\u00e7\u00f5es e ind\u00fastria, com as seguintes propostas:<\/span><\/p><ul><li style=\"text-indent: 0px\"><span style=\"font-family: Arial, sans-serif;font-size: 12pt;text-indent: -18pt;line-height: 115%\">Caracteriza\u00e7\u00e3o experimental de biocombust\u00edveis em motores de combust\u00e3o interna com bancada dedicada;<\/span><\/li><li style=\"text-indent: 0px\"><span style=\"font-family: Arial, sans-serif;font-size: 12pt;text-indent: -18pt\">Caracteriza\u00e7\u00e3o num\u00e9rica de biocombust\u00edveis com software dedicado;<\/span><\/li><li>Instrumenta\u00e7\u00e3o de dispositivos de medi\u00e7\u00e3o mec\u00e2nica aplicado a \u00e1rea da sa\u00fade;<\/li><li>Simula\u00e7\u00e3o num\u00e9rica de dispositivos de medi\u00e7\u00e3o mec\u00e2nica aplicado a \u00e1rea da sa\u00fade;<\/li><li style=\"text-indent: 0px\"><span style=\"font-family: Arial, sans-serif;font-size: 12pt;text-indent: -18pt;line-height: 115%\">Instrumenta\u00e7\u00e3o do processo de fabrica\u00e7\u00e3o de cerveja artesanal, como transfer\u00eancia de calor, consumo de energia e viabilidade econ\u00f4mica;<\/span><\/li><li>Simula\u00e7\u00e3o computacional do processo de fabrica\u00e7\u00e3o de cerveja artesanal, como transfer\u00eancia de calor, consumo de energia, viabilidade econ\u00f4mica;<\/li><li>Instrumenta\u00e7\u00e3o de ambientes para conforto t\u00e9rmico;<\/li><li>Simula\u00e7\u00e3o de ambientes para conforto t\u00e9rmico;<\/li><li style=\"text-indent: 0px\"><span style=\"font-family: Arial, sans-serif;font-size: 12pt;text-indent: -18pt;line-height: 115%\">Instrumenta\u00e7\u00e3o do processo de hidr\u00f3lise de res\u00edduos agroindustriais para produ\u00e7\u00e3o de biocombust\u00edveis;<\/span><\/li><li>Estudo e desenvolvimento de m\u00e1quinas t\u00e9rmicas e turbom\u00e1quinas;<\/li><li>Estudo computacional, experimental e de aplica\u00e7\u00e3o de processos t\u00e9rmicos e fluidodin\u00e2micos;<\/li><li>Estudo e desenvolvimento de solu\u00e7\u00f5es t\u00e9cnicas alinhadas as ind\u00fastria 4.0.<\/li><\/ul><p style=\"text-indent: -18.0pt\">\u00a0<\/p>\t\t\t\t\t\t<\/div>\n\t\t\t\t<\/div>\n\t\t\t\t\t<\/div>\n\t\t<\/div>\n\t\t\t\t\t<\/div>\n\t\t<\/section>\n\t\t\t\t<section class=\"elementor-section elementor-top-section elementor-element elementor-element-7416eee elementor-section-boxed elementor-section-height-default elementor-section-height-default\" data-id=\"7416eee\" data-element_type=\"section\">\n\t\t\t\t\t\t<div class=\"elementor-container elementor-column-gap-default\">\n\t\t\t\t\t<div class=\"elementor-column elementor-col-100 elementor-top-column elementor-element elementor-element-fff47c8\" data-id=\"fff47c8\" data-element_type=\"column\">\n\t\t\t<div class=\"elementor-widget-wrap elementor-element-populated\">\n\t\t\t\t\t\t<div class=\"elementor-element elementor-element-203a095 elementor-widget elementor-widget-wp-widget-ufsm_utilidades\" data-id=\"203a095\" data-element_type=\"widget\" data-widget_type=\"wp-widget-ufsm_utilidades.default\">\n\t\t\t\t<div class=\"elementor-widget-container\">\n\t\t\t\t\t<h5 class=\"card-title titulo-conteudos\">Utilidades<\/h5>\n\t\t\t\t\n\t\t<div class=\"row d-flex justify-content-around\">\n\t\t\t\t\t\t\t<div class=\"col-12 col-sm-6 col-md-2 mt-4 text-center\">\n\t\t\t\t\t\t\t\t\t\t\t<a href=\"https:\/\/www.ufsm.br\/laboratorios\/limsec\/equipe\" class=\"item-utilidades d-block\">\n\t\t\t\t\t\t\t\t\t\t<i class=\"fa fa-group animation-pulse\" aria-hidden=\"true\"><\/i><b>Equipe<\/b><\/a>\n\t\t\t\t<\/div>\n\t\t\t\t\t\t\t<div class=\"col-12 col-sm-6 col-md-2 mt-4 text-center\">\n\t\t\t\t\t\t\t\t\t\t\t<a href=\"https:\/\/www.ufsm.br\/laboratorios\/limsec\/producao-cientifica\" class=\"item-utilidades d-block\">\n\t\t\t\t\t\t\t\t\t\t<i class=\"fa fa-quote-right animation-pulse\" aria-hidden=\"true\"><\/i><b>Produ\u00e7\u00e3o Cient\u00edfica<\/b><\/a>\n\t\t\t\t<\/div>\n\t\t\t\t\t\t\t<div class=\"col-12 col-sm-6 col-md-2 mt-4 text-center\">\n\t\t\t\t\t\t\t\t\t\t\t<a href=\"https:\/\/www.ufsm.br\/laboratorios\/limsec\/projetos\" class=\"item-utilidades d-block\">\n\t\t\t\t\t\t\t\t\t\t<i class=\"fa fa-thumb-tack animation-pulse\" aria-hidden=\"true\"><\/i><b>Projetos<\/b><\/a>\n\t\t\t\t<\/div>\n\t\t\t\t\t\t\t<div class=\"col-12 col-sm-6 col-md-2 mt-4 text-center\">\n\t\t\t\t\t\t\t\t\t\t\t<a href=\"https:\/\/www.ufsm.br\/laboratorios\/limsec\/infraestrutura\" class=\"item-utilidades d-block\">\n\t\t\t\t\t\t\t\t\t\t<i class=\"fa fa-university animation-pulse\" aria-hidden=\"true\"><\/i><b>Infraestrutura<\/b><\/a>\n\t\t\t\t<\/div>\n\t\t\t\t\t<\/div>\n\t\t\t\t<\/div>\n\t\t\t\t<\/div>\n\t\t\t\t\t<\/div>\n\t\t<\/div>\n\t\t\t\t\t<\/div>\n\t\t<\/section>\n\t\t\t\t<section class=\"elementor-section elementor-top-section elementor-element elementor-element-399195b elementor-section-boxed elementor-section-height-default elementor-section-height-default\" data-id=\"399195b\" data-element_type=\"section\">\n\t\t\t\t\t\t<div class=\"elementor-container elementor-column-gap-default\">\n\t\t\t\t\t<div class=\"elementor-column elementor-col-100 elementor-top-column elementor-element elementor-element-8759219\" data-id=\"8759219\" data-element_type=\"column\">\n\t\t\t<div class=\"elementor-widget-wrap elementor-element-populated\">\n\t\t\t\t\t\t<div class=\"elementor-element elementor-element-b327021 elementor-widget elementor-widget-wp-widget-ufsm_noticias_widget\" data-id=\"b327021\" data-element_type=\"widget\" data-widget_type=\"wp-widget-ufsm_noticias_widget.default\">\n\t\t\t\t<div class=\"elementor-widget-container\">\n\t\t\t<h5 class='titulo-conteudos'>Not\u00edcias<\/h5><div class='widget-noticias-inside'>\n                        <div class=\"row\">\n                                    <div class=\"col-12 col-lg-12 pb-4\">\n                                        \n                                        \n                    \n                    <a class=\"noticias-widget-title d-block \"  title=\"Trabalhos do LIMSEC selecionados para publica\u00e7\u00e3o na revista Ci\u00eancia e Natura\" href=\"https:\/\/www.ufsm.br\/laboratorios\/limsec\/2026\/02\/10\/trabalhos-do-limsec-selecionados-para-publicacao-na-revista-ciencia-e-natura\">\n                                                Trabalhos do LIMSEC selecionados para publica\u00e7\u00e3o na revista Ci\u00eancia e Natura                    <\/a>\n                    \n                                            <div class=\"noticias-widget-introtext\">\n                            Quatro trabalhos de membros do LIMSEC foram selecionados para publica\u00e7\u00e3o no peri\u00f3dico Ci\u00eancia e Natura. Os trabalhos foram selecionados para publica\u00e7\u00e3o a partir de selecionados da edi\u00e7\u00e3o 2025 da Feira de Ci\u00eancias, Tecnologia e Inova\u00e7\u00e3o da UFSM-CS. Assim como nos&hellip;                        <\/div>\n                    \n                                        \n                                        \n                                            \n                                                    <div title=\"Publicado em 10\/02\/2026 \" class=\"data-publicacao-widget\">\n                                <i  class=\"far fa-clock\"><\/i>\n                                10\/02\/2026                             <\/div>\n                                                                <\/div>\n                            <\/div>\n                    <div class=\"row\">\n                                    <div class=\"col-12 col-lg-12 pb-4\">\n                                        \n                                        \n                    \n                    <a class=\"noticias-widget-title d-block \"  title=\"Membros do LIMSEC publicam cap\u00edtulos de livro em e-book\" href=\"https:\/\/www.ufsm.br\/laboratorios\/limsec\/2025\/12\/26\/membros-do-limsec-publicam-capitulos-de-livro-em-e-book\">\n                                                Membros do LIMSEC publicam cap\u00edtulos de livro em e-book                    <\/a>\n                    \n                                            <div class=\"noticias-widget-introtext\">\n                            Professores e alunos participantes do LIMSEC tiveram dez cap\u00edtulos publicados no e-book 3\u00b0 Feira de Ci\u00eancias, Tecnologia e Inova\u00e7\u00e3o da UFSM-CS. Os cap\u00edtulos de livro correspondem a parte dos resultados dos trabalhos realizados pelo Grupo de Pesquisa. O e-book pode&hellip;                        <\/div>\n                    \n                                        \n                                        \n                                            \n                                                    <div title=\"Publicado em 26\/12\/2025 \" class=\"data-publicacao-widget\">\n                                <i  class=\"far fa-clock\"><\/i>\n                                26\/12\/2025                             <\/div>\n                                                                <\/div>\n                            <\/div>\n                    <div class=\"row\">\n                                    <div class=\"col-12 col-lg-12 pb-4\">\n                                        \n                                        \n                    \n                    <a class=\"noticias-widget-title d-block \"  title=\"Membros do LIMSEC publicam em revista acad\u00eamica\" href=\"https:\/\/www.ufsm.br\/laboratorios\/limsec\/2025\/12\/26\/membros-do-limsec-publicam-em-revista-academica\">\n                                                Membros do LIMSEC publicam em revista acad\u00eamica                    <\/a>\n                    \n                                            <div class=\"noticias-widget-introtext\">\n                            Professores e alunos do LIMSEC publicaram recentemente sete artigos no peri\u00f3dico cient\u00edfico Ci\u00eancia e Natura, que atualmente \u00e9 QUALIS A3 (classifica\u00e7\u00e3o Engenharia III) na \u00faltima avalia\u00e7\u00e3o da CAPES. Estes artigos correspondem a parte dos resultados dos trabalhos realizados pelo grupo&hellip;                        <\/div>\n                    \n                                        \n                                        \n                                            \n                                                    <div title=\"Publicado em 26\/12\/2025 \" class=\"data-publicacao-widget\">\n                                <i  class=\"far fa-clock\"><\/i>\n                                26\/12\/2025                             <\/div>\n                                                                <\/div>\n                            <\/div>\n            <\/div>\n<div class=\"leia-mais p-1\">\n                <a href=\"https:\/\/www.ufsm.br\/laboratorios\/limsec\/busca\/?q=&area=post&orderby=date&sites%5B%5D=866\">\n            LEIA MAIS            <span class=\"icon-box\">\n                <span class=\"bg-ufsm-widget-icon\">\n                    <i class=\"fas fa-chevron-right\" aria-hidden=\"true\"><\/i>\n                <\/span>\n            <\/span>\n        <\/a>\n    <\/div>\n\t\t<\/div>\n\t\t\t\t<\/div>\n\t\t\t\t\t<\/div>\n\t\t<\/div>\n\t\t\t\t\t<\/div>\n\t\t<\/section>\n\t\t\t\t<section class=\"elementor-section elementor-top-section elementor-element elementor-element-3a8a739 elementor-section-boxed elementor-section-height-default elementor-section-height-default\" data-id=\"3a8a739\" data-element_type=\"section\">\n\t\t\t\t\t\t<div class=\"elementor-container elementor-column-gap-default\">\n\t\t\t\t\t<div class=\"elementor-column elementor-col-100 elementor-top-column elementor-element elementor-element-cc7a26b\" data-id=\"cc7a26b\" data-element_type=\"column\">\n\t\t\t<div class=\"elementor-widget-wrap elementor-element-populated\">\n\t\t\t\t\t\t<div class=\"elementor-element elementor-element-c2964a6 elementor-widget elementor-widget-text-editor\" data-id=\"c2964a6\" data-element_type=\"widget\" data-widget_type=\"text-editor.default\">\n\t\t\t\t<div class=\"elementor-widget-container\">\n\t\t\t\t\t\t\t<p><strong>Endere\u00e7o:<\/strong><\/p><p style=\"color: #1c1c1c;font-size: 16px\">Rua Sete de Setembro, 1040, sala 4 \u2013 Centro<br \/>Cachoeira do Sul \u2013 RS \u2013 Brasil<br \/>CEP 96508-010<\/p>\t\t\t\t\t\t<\/div>\n\t\t\t\t<\/div>\n\t\t\t\t\t<\/div>\n\t\t<\/div>\n\t\t\t\t\t<\/div>\n\t\t<\/section>\n\t\t\t\t<\/div>\n\t\t","protected":false},"excerpt":{"rendered":"<p>Apresenta\u00e7\u00e3o O Laborat\u00f3rio de Inova\u00e7\u00e3o Multidisciplinar &#8211; Solu\u00e7\u00f5es Experimentais e Computacionais (LIMSEC) visa a implementa\u00e7\u00e3o da utiliza\u00e7\u00e3o de ferramentas computacionais e experimentais na solu\u00e7\u00e3o de problemas t\u00e9cnicos que envolvam o desenvolvimento sustent\u00e1vel e a efici\u00eancia energ\u00e9tica. O LIMSEC tem car\u00e1ter multidisciplinar e foi criado para atender a demanda de trabalhos cient\u00edficos e t\u00e9cnicos, em parceria [&hellip;]<\/p>\n","protected":false},"author":26,"featured_media":0,"parent":0,"menu_order":0,"comment_status":"closed","ping_status":"open","template":"","meta":{"footnotes":""},"categories":[],"tags":[],"class_list":["post-2","page","type-page","status-publish","hentry"],"acf":[],"_links":{"self":[{"href":"https:\/\/www.ufsm.br\/laboratorios\/limsec\/wp-json\/wp\/v2\/pages\/2","targetHints":{"allow":["GET"]}}],"collection":[{"href":"https:\/\/www.ufsm.br\/laboratorios\/limsec\/wp-json\/wp\/v2\/pages"}],"about":[{"href":"https:\/\/www.ufsm.br\/laboratorios\/limsec\/wp-json\/wp\/v2\/types\/page"}],"author":[{"embeddable":true,"href":"https:\/\/www.ufsm.br\/laboratorios\/limsec\/wp-json\/wp\/v2\/users\/26"}],"replies":[{"embeddable":true,"href":"https:\/\/www.ufsm.br\/laboratorios\/limsec\/wp-json\/wp\/v2\/comments?post=2"}],"version-history":[{"count":0,"href":"https:\/\/www.ufsm.br\/laboratorios\/limsec\/wp-json\/wp\/v2\/pages\/2\/revisions"}],"wp:attachment":[{"href":"https:\/\/www.ufsm.br\/laboratorios\/limsec\/wp-json\/wp\/v2\/media?parent=2"}],"wp:term":[{"taxonomy":"category","embeddable":true,"href":"https:\/\/www.ufsm.br\/laboratorios\/limsec\/wp-json\/wp\/v2\/categories?post=2"},{"taxonomy":"post_tag","embeddable":true,"href":"https:\/\/www.ufsm.br\/laboratorios\/limsec\/wp-json\/wp\/v2\/tags?post=2"}],"curies":[{"name":"wp","href":"https:\/\/api.w.org\/{rel}","templated":true}]}}