{"id":32,"date":"2019-05-24T15:38:39","date_gmt":"2019-05-24T18:38:39","guid":{"rendered":"https:\/\/www.ufsm.br\/template-laboratprio\/?page_id=32"},"modified":"2021-10-12T20:15:16","modified_gmt":"2021-10-12T23:15:16","slug":"projetos","status":"publish","type":"page","link":"https:\/\/www.ufsm.br\/laboratorios\/limsec\/projetos","title":{"rendered":"Projetos"},"content":{"rendered":"\n<p>Atualmente os seguintes projetos de pesquisa, ensino e extens\u00e3o s\u00e3o desenvolvidos no LIMSEC:<\/p>\n<p><strong>INVESTIGA\u00c7\u00c3O DO EMPREGO DE T\u00c9CNICAS DE APRENDIZADO DE M\u00c1QUINA NA REALIZA\u00c7\u00c3O DO PROGN\u00d3STICO DE FALHAS EM ESTRUTURAS E EQUIPAMENTOS<\/strong><\/p>\n<ul>\n<li><strong>Modalidade:<\/strong> Projeto de pesquisa.<\/li>\n<li><strong>Objetivo:<\/strong> O objetivo geral do projeto consiste em investigar o desempenho de t\u00e9cnicas de aprendizado de m\u00e1quina na realiza\u00e7\u00e3o de progn\u00f3stico de falhas em equipamentos e estruturas operando com comportamento din\u00e2mico. Para tal, os seguintes objetivos espec\u00edficos s\u00e3o estabelecidos: (a) realizar uma revis\u00e3o bibliogr\u00e1fica buscando identificar o estado da arte nessa \u00e1rea ; (b) definir um modelo b\u00e1sico de estudo e preparar um modelo num\u00e9rico do mesmo; (c) realizar a simula\u00e7\u00e3o no tempo do equipamento sem e com falhas, sob condi\u00e7\u00f5es vari\u00e1veis que incluam incertezas; (d) implementar procedimentos de p\u00f3s-processamento de sinal; (e) testar o desempenho de diferentes t\u00e9cnicas de AM; (f) aplicar a metodologia a casos mais complexos e pr\u00f3ximos de problemas reais; (g) publicar os resultados parciais e globais do projeto em congressos internacionais e em revistas cient\u00edficas especializadas.<\/li>\n<li><strong>Coordenador:<\/strong> Prof. Dr. Carlos Eduardo de Souza.<\/li>\n<li><strong>Participantes e Colaboradores: <\/strong>Charles Rech, Claiton Moro Franchi, Cristiano Frandalozo Maidana, Daniel Milbrath de Leon, Guilherme Ricardo Hubner, Jo\u00e3o Oscar Cervo Dias, Leonardo Dias da Rosa, Luciano de Souza Oliveira, Marcos Vinicius Quinteiro Silveira.<\/li>\n<\/ul>\n<p><strong>RECUPERA\u00c7\u00c3O DE ENERGIA E ENERGIAS RENOV\u00c1VEIS<\/strong><\/p>\n<ul>\n<li><strong>Modalidade:<\/strong> Projeto de pesquisa.<\/li>\n<li><strong>Objetivo:<\/strong> O objetivo deste trabalho \u00e9 o de projetar sistemas mec\u00e2nicos de recupera\u00e7\u00e3o de energia e energias renov\u00e1veis. S\u00e3o desenvolvidos trabalhos num\u00e9ricos e experimentais para obten\u00e7\u00e3o de prot\u00f3tipos e produtos. Num primeiro momento est\u00e1 previsto a concep\u00e7\u00e3o de uma turbina e\u00f3lica de eixo vertical do tipo Savonius para aera\u00e7\u00e3o aplicado a aquicultura e tratamento de efluentes. Paralelamente, \u00e9 proposto a constru\u00e7\u00e3o de um freio dinamom\u00e9trico baseado nas correntes parasitas de Foucault dimensionado para medi\u00e7\u00e3o de torque e pot\u00eancia disponibilizada por um modelo de uma turbina do tipo Savonius em um t\u00fanel de vento.<\/li>\n<li><strong>Coordenador:<\/strong> Prof. Dr. Charles Rech.<\/li>\n<li><strong>Participantes e Colaboradores: <\/strong>Adriane Prisco Petry, Alexandre Knop, Andr\u00e9 Francisco Caldeira, Carlos Eduardo de Souza, Cristiano Frandalozo Maidana, Fl\u00e1vio Vanderlei Zancanaro Junior, Greice Scherer Ritter, Jo\u00e3o Vicente Akwa, Juan Galvarino Cerda Balcazar, P\u00e9ricles Nicolau Balafa, Simone Ferigolo Venturini.<\/li>\n<\/ul>\n<p><strong>LUDIC-FAM: CAMPANHA DE RESGATE L\u00daDICO FAMILIAR<\/strong><\/p>\n<ul>\n<li><strong>Modalidade:<\/strong> Projeto de ensino.<\/li>\n<li><strong>Objetivo:<\/strong> OBJETIVO GERAL Este projeto visa o resgate l\u00fadico da inf\u00e2ncia entre os familiares (LudiC-Fam), por interm\u00e9dio de brincadeiras de baixo custo, na cidade de Cachoeira do Sul\/RS e regi\u00e3o. OBJETIVOS ESPEC\u00cdFICOS \u2022 Atender as demandas da sociedade, promovendo eventos e atividades em espa\u00e7o p\u00fablico no sentido de proporcionar atividades l\u00fadicas entre os participantes. \u2022 Estabelecer contato entre entidades n\u00e3o-governamentais, entidades de a\u00e7\u00e3o social, de educa\u00e7\u00e3o e de sa\u00fade e prefeitura de Cachoeira do Sul, no sentido de fomentar e incentivar tais eventos. \u2022 Propor atividades l\u00fadicas entre diferentes faixas et\u00e1rias em espa\u00e7os como escolas, bairros, pra\u00e7as, abrigos e centros comunit\u00e1rios. \u2022 Produzir\/confeccionar brinquedos de baixo custo e promover o reuso e\/ou reciclagem de materiais, convencendo a comunidade a import\u00e2ncia de tal cultura. \u2022 Avaliar o desempenho das atividades l\u00fadicas que propiciem prazer e lazer entre os membros da sociedade, em especial entre os familiares.<\/li>\n<li><strong>Coordenador:<\/strong> Prof. Dr. Juan Galvarino Cerda Balcazar.<\/li>\n<li><strong>Participantes e Colaboradores: <\/strong>Amanda Costa da Silva, Andr\u00e9 Francisco Caldeira, Charles Rech, Cristiano Frandalozo Maidana, Lucas Cardoso Trauer, Maikson Luiz Passaia Tonatto, Maur\u00edcio da Cunha Muller.<\/li>\n<\/ul>\n<p><strong>PROCESSO DE PRODU\u00c7\u00c3O DE CERVEJA ARTESANAL<\/strong><\/p>\n<ul>\n<li><strong>Modalidade:<\/strong> Projeto de extens\u00e3o.<\/li>\n<li><strong>Objetivo:<\/strong> OBJETIVO GERAL O objetivo do projeto \u00e9 o de aumentar a integra\u00e7\u00e3o entre os projetos desenvolvidos na Universidade com os alunos, os professores, a agricultura, a ind\u00fastria, as entidades e a comunidade de uma forma geral. Pra tal, ser\u00e3o propostas oficinas que abordem o processo de fabrica\u00e7\u00e3o de cervejas artesanais, para estimulem a interdisciplinaridade, visando a forma\u00e7\u00e3o de alunos e comunidade externa, com foco no trabalho em equipe, planejamento de um processo de fabrica\u00e7\u00e3o, an\u00e1lise e controle e intera\u00e7\u00e3o coma comunidade. OBJETIVOS ESPEC\u00cdFICOS Melhorar a cadeia produtiva com: bancada para simular o melhor aproveitamento do processo, controles eletr\u00f4nicos para a automa\u00e7\u00e3o; an\u00e1lise de custos; efici\u00eancia energ\u00e9tica; testes com maltes de gr\u00e3os diferenciados (possivelmente produzidos na regi\u00e3o); testes com leveduras diferenciadas oficinas do processo de produ\u00e7\u00e3o.<\/li>\n<li><strong>Coordenador:<\/strong> Prof. Dr. Charles Rech.<\/li>\n<li><strong>Participantes e Colaboradores: <\/strong>Andr\u00e9 Francisco Caldeira, Ang\u00e9lico Loreto Teixeira, Cristiano Frandalozo Maidana, Giovani Leone Zabot, Rafael Kunst, Simone Ferigolo Venturini, Ta\u00eds Oliveira da Silva.<\/li>\n<\/ul>\n<p><strong>DISPOSITIVOS DE MEDI\u00c7\u00d5ES MEC\u00c2NICAS ASSOCIADO A INTERNET DAS COISAS<\/strong><\/p>\n<ul>\n<li><strong>Modalidade:<\/strong> Projeto de Pesquisa.<\/li>\n<li><strong>Objetivo:<\/strong> OBJETIVO GERAL O objetivo deste trabalho \u00e9 o de projetar e construir dispositivos de medi\u00e7\u00f5es mec\u00e2nicas associados a internet das coisas, ou seja, criar ferramentas que propiciem a medi\u00e7\u00e3o de grandezas f\u00edsicas em tempo real com armazenamento nas nuvens para posterior an\u00e1lise por pessoas especializadas. Na primeira etapa ser\u00e1 dado prioridade a confec\u00e7\u00e3o do manovacu\u00f4metro digital. Posteriormente outros dispositivos ser\u00e3o desenvolvidos como medi\u00e7\u00e3o de for\u00e7as aplicadas a fisioterapia, vaz\u00e3o pulmonar, terapia pulmonar, etc, contudo todos dentro do mesmo escopo, ou seja, instrumenta\u00e7\u00e3o da medi\u00e7\u00e3o mec\u00e2nica com armazenamento nas nuvens. OBJETIVOS ESPEC\u00cdFICOS O primeiro dispositivo a ser desenvolvido \u00e9 o manovacu\u00f4metro digital com armazenamento de dados medidos nas nuvens. Tais resultados, analisados por pessoas especializadas da \u00e1rea, possibilitam: avaliar altera\u00e7\u00f5es musculares respirat\u00f3rias, pois quantificam as for\u00e7as expirat\u00f3rias e inspirat\u00f3rias, permitindo que sejam diagnosticadas patologias como insufici\u00eancia respirat\u00f3ria devido \u00e0 fal\u00eancia de m\u00fasculos; fadiga e\/ou fal\u00eancia muscular respirat\u00f3ria; auxiliar na elabora\u00e7\u00e3o de protocolos terap\u00eauticos, tais como avaliar o comportamento da for\u00e7a muscular inspirat\u00f3ria m\u00e1xima antes e ap\u00f3s um treinamento muscular inspirat\u00f3rio em pacientes cr\u00edticos com les\u00e3o medular incompleta sob ventila\u00e7\u00e3o mec\u00e2nica invasiva; dentre outros.<\/li>\n<li><strong>Coordenador:<\/strong> Prof. Dr. Charles Rech.<\/li>\n<li><strong>Participantes e Colaboradores: <\/strong>Adriano Quili\u00e3o de Oliveira, Andr\u00e9 Francisco Caldeira, Carine Cristina Callegaro, Charles Rech, Cristiano Frandalozo Maidana, Fabr\u00edcio Farias de Fontoura, Felipe Skorek, Greice Scherer Ritter, Lidiane Isabel Filippin, P\u00e9ricles Nicolau Balafa, Rafael Kunst, Simone Ferigolo Venturini.<\/li>\n<\/ul>\n","protected":false},"excerpt":{"rendered":"<p>Atualmente os seguintes projetos de pesquisa, ensino e extens\u00e3o s\u00e3o desenvolvidos no LIMSEC: INVESTIGA\u00c7\u00c3O DO EMPREGO DE T\u00c9CNICAS DE APRENDIZADO DE M\u00c1QUINA NA REALIZA\u00c7\u00c3O DO PROGN\u00d3STICO DE FALHAS EM ESTRUTURAS E EQUIPAMENTOS Modalidade: Projeto de pesquisa. Objetivo: O objetivo geral do projeto consiste em investigar o desempenho de t\u00e9cnicas de aprendizado de m\u00e1quina na realiza\u00e7\u00e3o [&hellip;]<\/p>\n","protected":false},"author":25,"featured_media":0,"parent":0,"menu_order":0,"comment_status":"closed","ping_status":"closed","template":"","meta":{"footnotes":""},"categories":[],"tags":[],"class_list":["post-32","page","type-page","status-publish","hentry"],"acf":[],"_links":{"self":[{"href":"https:\/\/www.ufsm.br\/laboratorios\/limsec\/wp-json\/wp\/v2\/pages\/32","targetHints":{"allow":["GET"]}}],"collection":[{"href":"https:\/\/www.ufsm.br\/laboratorios\/limsec\/wp-json\/wp\/v2\/pages"}],"about":[{"href":"https:\/\/www.ufsm.br\/laboratorios\/limsec\/wp-json\/wp\/v2\/types\/page"}],"author":[{"embeddable":true,"href":"https:\/\/www.ufsm.br\/laboratorios\/limsec\/wp-json\/wp\/v2\/users\/25"}],"replies":[{"embeddable":true,"href":"https:\/\/www.ufsm.br\/laboratorios\/limsec\/wp-json\/wp\/v2\/comments?post=32"}],"version-history":[{"count":0,"href":"https:\/\/www.ufsm.br\/laboratorios\/limsec\/wp-json\/wp\/v2\/pages\/32\/revisions"}],"wp:attachment":[{"href":"https:\/\/www.ufsm.br\/laboratorios\/limsec\/wp-json\/wp\/v2\/media?parent=32"}],"wp:term":[{"taxonomy":"category","embeddable":true,"href":"https:\/\/www.ufsm.br\/laboratorios\/limsec\/wp-json\/wp\/v2\/categories?post=32"},{"taxonomy":"post_tag","embeddable":true,"href":"https:\/\/www.ufsm.br\/laboratorios\/limsec\/wp-json\/wp\/v2\/tags?post=32"}],"curies":[{"name":"wp","href":"https:\/\/api.w.org\/{rel}","templated":true}]}}