{"id":1420,"date":"2020-10-27T14:31:43","date_gmt":"2020-10-27T17:31:43","guid":{"rendered":"https:\/\/www.ufsm.br\/laboratorios\/lince\/?page_id=1420"},"modified":"2023-05-24T09:07:27","modified_gmt":"2023-05-24T12:07:27","slug":"direitos-autorais","status":"publish","type":"page","link":"https:\/\/www.ufsm.br\/laboratorios\/lince\/direitos-autorais","title":{"rendered":"Direitos Autorais"},"content":{"rendered":"\t\t<div data-elementor-type=\"wp-page\" data-elementor-id=\"1420\" class=\"elementor elementor-1420\">\n\t\t\t\t\t\t<section class=\"elementor-section elementor-top-section elementor-element elementor-element-5f9df1d elementor-section-boxed elementor-section-height-default elementor-section-height-default\" data-id=\"5f9df1d\" data-element_type=\"section\">\n\t\t\t\t\t\t<div class=\"elementor-container elementor-column-gap-default\">\n\t\t\t\t\t<div class=\"elementor-column elementor-col-100 elementor-top-column elementor-element elementor-element-f289532\" data-id=\"f289532\" data-element_type=\"column\">\n\t\t\t<div class=\"elementor-widget-wrap elementor-element-populated\">\n\t\t\t\t\t\t<div class=\"elementor-element elementor-element-08cd734 elementor-widget elementor-widget-spacer\" data-id=\"08cd734\" data-element_type=\"widget\" data-widget_type=\"spacer.default\">\n\t\t\t\t<div class=\"elementor-widget-container\">\n\t\t\t\t\t<div class=\"elementor-spacer\">\n\t\t\t<div class=\"elementor-spacer-inner\"><\/div>\n\t\t<\/div>\n\t\t\t\t<\/div>\n\t\t\t\t<\/div>\n\t\t\t\t\t<\/div>\n\t\t<\/div>\n\t\t\t\t\t<\/div>\n\t\t<\/section>\n\t\t\t\t<section class=\"elementor-section elementor-top-section elementor-element elementor-element-3540299 elementor-section-boxed elementor-section-height-default elementor-section-height-default\" data-id=\"3540299\" data-element_type=\"section\">\n\t\t\t\t\t\t<div class=\"elementor-container elementor-column-gap-default\">\n\t\t\t\t\t<div class=\"elementor-column elementor-col-100 elementor-top-column elementor-element elementor-element-8e6eb56\" data-id=\"8e6eb56\" data-element_type=\"column\">\n\t\t\t<div class=\"elementor-widget-wrap elementor-element-populated\">\n\t\t\t\t\t\t<div class=\"elementor-element elementor-element-38fa410 elementor-invisible elementor-widget elementor-widget-text-editor\" data-id=\"38fa410\" data-element_type=\"widget\" data-settings=\"{&quot;_animation&quot;:&quot;fadeInDown&quot;}\" data-widget_type=\"text-editor.default\">\n\t\t\t\t<div class=\"elementor-widget-container\">\n\t\t\t\t\t\t\t<p>Nesta p\u00e1gina \u00e9 poss\u00edvel visualizar informa\u00e7\u00f5es, sobre Direitos Autorais, produzidas pela equipe da UNITI-LINCE.<\/p>\t\t\t\t\t\t<\/div>\n\t\t\t\t<\/div>\n\t\t\t\t\t<\/div>\n\t\t<\/div>\n\t\t\t\t\t<\/div>\n\t\t<\/section>\n\t\t\t\t<section class=\"elementor-section elementor-top-section elementor-element elementor-element-1d7f4e4 elementor-section-boxed elementor-section-height-default elementor-section-height-default\" data-id=\"1d7f4e4\" data-element_type=\"section\">\n\t\t\t\t\t\t<div class=\"elementor-container elementor-column-gap-default\">\n\t\t\t\t\t<div class=\"elementor-column elementor-col-100 elementor-top-column elementor-element elementor-element-9aa6055\" data-id=\"9aa6055\" data-element_type=\"column\">\n\t\t\t<div class=\"elementor-widget-wrap elementor-element-populated\">\n\t\t\t\t\t\t<div class=\"elementor-element elementor-element-6a1f669 elementor-hidden-tablet elementor-hidden-phone elementor-invisible elementor-widget elementor-widget-heading\" data-id=\"6a1f669\" data-element_type=\"widget\" data-settings=\"{&quot;_animation&quot;:&quot;lightSpeedIn&quot;}\" data-widget_type=\"heading.default\">\n\t\t\t\t<div class=\"elementor-widget-container\">\n\t\t\t<h5 class=\"elementor-heading-title elementor-size-default\">Informativo<\/h5>\t\t<\/div>\n\t\t\t\t<\/div>\n\t\t\t\t<div class=\"elementor-element elementor-element-d178cc4 animated-slow elementor-invisible elementor-widget elementor-widget-toggle\" data-id=\"d178cc4\" data-element_type=\"widget\" data-settings=\"{&quot;_animation&quot;:&quot;fadeIn&quot;,&quot;_animation_delay&quot;:&quot;300&quot;}\" data-widget_type=\"toggle.default\">\n\t\t\t\t<div class=\"elementor-widget-container\">\n\t\t\t\t\t<div class=\"elementor-toggle\">\n\t\t\t\t\t\t\t<div class=\"elementor-toggle-item\">\n\t\t\t\t\t<h4 id=\"elementor-tab-title-2191\" class=\"elementor-tab-title\" data-tab=\"1\" role=\"button\" aria-controls=\"elementor-tab-content-2191\" aria-expanded=\"false\">\n\t\t\t\t\t\t\t\t\t\t\t\t<span class=\"elementor-toggle-icon elementor-toggle-icon-right\" aria-hidden=\"true\">\n\t\t\t\t\t\t\t\t\t\t\t\t\t\t\t<span class=\"elementor-toggle-icon-closed\"><i class=\"fas fa-chevron-down\"><\/i><\/span>\n\t\t\t\t\t\t\t\t<span class=\"elementor-toggle-icon-opened\"><i class=\"elementor-toggle-icon-opened fas fa-minus\"><\/i><\/span>\n\t\t\t\t\t\t\t\t\t\t\t\t\t<\/span>\n\t\t\t\t\t\t\t\t\t\t\t\t<a class=\"elementor-toggle-title\" tabindex=\"0\"><div><i class=\"fas fa-copyright\"><\/i><span style=\"margin-left: 10px\">Informativo sobre Direitos Autorais<\/span><\/div><\/a>\n\t\t\t\t\t<\/h4>\n\n\t\t\t\t\t<div id=\"elementor-tab-content-2191\" class=\"elementor-tab-content elementor-clearfix\" data-tab=\"1\" role=\"region\" aria-labelledby=\"elementor-tab-title-2191\"><p style=\"text-align: justify\">A UNITI-LINCE informa \u00e0 Comunidade Acad\u00eamica do Centro de Educa\u00e7\u00e3o que sua atribui\u00e7\u00e3o em \u201capoiar as atividades acad\u00eamica e administrativas, dando suporte no uso das tecnologias de informa\u00e7\u00e3o\u201d, conforme disp\u00f5e <a href=\"https:\/\/www.ufsm.br\/laboratorios\/lince\/wp-content\/uploads\/sites\/762\/2019\/10\/Memorando-270-de-2015-Dire\u00e7\u00e3o-do-CE.pdf\" target=\"_blank\" rel=\"noopener\">Memorando N\u00ba 270\/15<\/a> da Dire\u00e7\u00e3o do Centro Educa\u00e7\u00e3o, inclui, necessariamente, o aux\u00edlio no uso de softwares e hardwares para c\u00f3pias de CD, escaneamento de livros e documentos e at\u00e9 mesmo <i>downloads<\/i> de arquivos, filmes, <i>softwares<\/i> de computadores e document\u00e1rios da internet.<\/p><p style=\"text-align: justify\">Contudo, ainda que seja atribui\u00e7\u00e3o da Unidade, a execu\u00e7\u00e3o dos servi\u00e7os mencionados precisa ser interpretada atrav\u00e9s do Processo Administrativo da UFSM, <a href=\"https:\/\/www.ufsm.br\/laboratorios\/unitilince\/wp-content\/uploads\/sites\/762\/2019\/09\/Proc.035012.2017-54Assoc.BrasileiradeDireitosReprograficos.pdf\" target=\"_blank\" rel=\"noopener\">N\u00ba\u00a023081.035012\/2017-54\u00a0<\/a>e da Lei de Direito Autorais, precisamente nesta, o que menciona seu art. 29. Sendo assim, permanece consistente a orienta\u00e7\u00e3o que a Equipe UNITI-LINCE tem dado a todos os usu\u00e1rios solicitantes de c\u00f3pias de CD, escaneamento de livros e <i>downloads:<\/i>\u00a0depende de autoriza\u00e7\u00e3o pr\u00e9via e expressa do autor (pessoa que fez a obra) a reprodu\u00e7\u00e3o (c\u00f3pia) parcial ou integral da obra fixada em qualquer meio como CD, DVD, livro, arquivo de v\u00eddeos, <i>software<\/i>, dentre outros.<\/p><p style=\"text-align: justify\">Em rela\u00e7\u00e3o \u00e0 \u201creprodu\u00e7\u00e3o de pequenos trechos de uma obra, em um s\u00f3 exemplar, realizada pelo pr\u00f3prio copista, sem intuito de lucro e para uso privado\u201d, disciplinado no art. 46, inciso II, da referida Lei de Direitos Autorais, como exce\u00e7\u00e3o \u00e0 previa autoriza\u00e7\u00e3o do autor, a UNITI-LINCE ressalta que n\u00e3o recebeu orienta\u00e7\u00e3o administrativa expressa dos \u00f3rg\u00e3os competentes da UFSM quanto ao conceito de \u201cpequenos trechos\u201d utilizado pela legisla\u00e7\u00e3o. Com isso, diante desse sil\u00eancio administrativo, a Unidade observa o que determina o PARECER AGU\/PGF\/PF-ENAP n\u00ba 07\/2010, ou seja, a express\u00e3o \u201cpequenos trechos\u201d limita-se a no m\u00e1ximo 10% da obra.<\/p><p style=\"text-align: justify\">Enfim, a Unidade mant\u00e9m a mesma disciplina e conduta adotada, ou seja, orientar todos os alunos, servidores t\u00e9cnicos administrativos e servidores docentes sobre a necessidade de se preservar os direitos autorais quando realizarem c\u00f3pias de livros, CDs ou DVDs, <i>downloads <\/i>de arquivos, filmes ou document\u00e1rios que possuam reserva de autoria. E a reprodu\u00e7\u00e3o, quando necess\u00e1ria, deve ser feita para fins exclusivamente privado (para uso apenas do copista), sem postar ou distribuir em qualquer meio p\u00fablico, limitada em at\u00e9 10% do total da obra. J\u00e1 em caso de utiliza\u00e7\u00e3o de software para computadores n\u00e3o h\u00e1 nenhum permissivo legal, isto \u00e9, sua utiliza\u00e7\u00e3o depender\u00e1 de o mesmo ser gratuito ou licenciado (usu\u00e1rio possuir licen\u00e7a de utiliza\u00e7\u00e3o), a fim de n\u00e3o caracterizar crime de contrafa\u00e7\u00e3o (pirataria) e uso ilegal.<\/p><p style=\"text-align: justify\">Equipe UNITI-LINCE<\/p><p style=\"text-align: justify\">Agosto 2017<\/p><\/div>\n\t\t\t\t<\/div>\n\t\t\t\t\t\t\t\t<\/div>\n\t\t\t\t<\/div>\n\t\t\t\t<\/div>\n\t\t\t\t\t<\/div>\n\t\t<\/div>\n\t\t\t\t\t<\/div>\n\t\t<\/section>\n\t\t\t\t<section class=\"elementor-section elementor-top-section elementor-element elementor-element-e6458c5 elementor-section-boxed elementor-section-height-default elementor-section-height-default\" data-id=\"e6458c5\" data-element_type=\"section\">\n\t\t\t\t\t\t<div class=\"elementor-container elementor-column-gap-default\">\n\t\t\t\t\t<div class=\"elementor-column elementor-col-100 elementor-top-column elementor-element elementor-element-159e479\" data-id=\"159e479\" data-element_type=\"column\">\n\t\t\t<div class=\"elementor-widget-wrap elementor-element-populated\">\n\t\t\t\t\t\t<div class=\"elementor-element elementor-element-0f4f5bf elementor-widget elementor-widget-spacer\" data-id=\"0f4f5bf\" data-element_type=\"widget\" data-widget_type=\"spacer.default\">\n\t\t\t\t<div class=\"elementor-widget-container\">\n\t\t\t\t\t<div class=\"elementor-spacer\">\n\t\t\t<div class=\"elementor-spacer-inner\"><\/div>\n\t\t<\/div>\n\t\t\t\t<\/div>\n\t\t\t\t<\/div>\n\t\t\t\t\t<\/div>\n\t\t<\/div>\n\t\t\t\t\t<\/div>\n\t\t<\/section>\n\t\t\t\t<section class=\"elementor-section elementor-top-section elementor-element elementor-element-377667a elementor-section-boxed elementor-section-height-default elementor-section-height-default\" data-id=\"377667a\" data-element_type=\"section\">\n\t\t\t\t\t\t<div class=\"elementor-container elementor-column-gap-default\">\n\t\t\t\t\t<div class=\"elementor-column elementor-col-100 elementor-top-column elementor-element elementor-element-2a9b801\" data-id=\"2a9b801\" data-element_type=\"column\">\n\t\t\t<div class=\"elementor-widget-wrap elementor-element-populated\">\n\t\t\t\t\t\t<div class=\"elementor-element elementor-element-d001c59 elementor-invisible elementor-widget elementor-widget-heading\" data-id=\"d001c59\" data-element_type=\"widget\" data-settings=\"{&quot;_animation&quot;:&quot;lightSpeedIn&quot;}\" data-widget_type=\"heading.default\">\n\t\t\t\t<div class=\"elementor-widget-container\">\n\t\t\t<h5 class=\"elementor-heading-title elementor-size-default\">Livro<\/h5>\t\t<\/div>\n\t\t\t\t<\/div>\n\t\t\t\t<div class=\"elementor-element elementor-element-69d9e02 elementor-align-left animated-slow elementor-icon-list--layout-traditional elementor-list-item-link-full_width elementor-invisible elementor-widget elementor-widget-icon-list\" data-id=\"69d9e02\" data-element_type=\"widget\" data-settings=\"{&quot;_animation&quot;:&quot;fadeIn&quot;,&quot;_animation_delay&quot;:&quot;300&quot;}\" data-widget_type=\"icon-list.default\">\n\t\t\t\t<div class=\"elementor-widget-container\">\n\t\t\t\t\t<ul class=\"elementor-icon-list-items\">\n\t\t\t\t\t\t\t<li class=\"elementor-icon-list-item\">\n\t\t\t\t\t\t\t\t\t\t\t<a href=\"https:\/\/www.ufsm.br\/app\/uploads\/sites\/762\/2019\/10\/propriedade-intelectual-de-sofware.pdf\" target=\"_blank\">\n\n\t\t\t\t\t\t\t\t\t\t\t\t<span class=\"elementor-icon-list-icon\">\n\t\t\t\t\t\t\t<i aria-hidden=\"true\" class=\"fas fa-file-pdf\"><\/i>\t\t\t\t\t\t<\/span>\n\t\t\t\t\t\t\t\t\t\t<span class=\"elementor-icon-list-text\">Apontamentos sobre a Propriedade Intelectual de Software<\/span>\n\t\t\t\t\t\t\t\t\t\t\t<\/a>\n\t\t\t\t\t\t\t\t\t<\/li>\n\t\t\t\t\t\t<\/ul>\n\t\t\t\t<\/div>\n\t\t\t\t<\/div>\n\t\t\t\t\t<\/div>\n\t\t<\/div>\n\t\t\t\t\t<\/div>\n\t\t<\/section>\n\t\t\t\t<section class=\"elementor-section elementor-top-section elementor-element elementor-element-703d84d elementor-section-boxed elementor-section-height-default elementor-section-height-default\" data-id=\"703d84d\" data-element_type=\"section\">\n\t\t\t\t\t\t<div class=\"elementor-container elementor-column-gap-default\">\n\t\t\t\t\t<div class=\"elementor-column elementor-col-100 elementor-top-column elementor-element elementor-element-46660e7\" data-id=\"46660e7\" data-element_type=\"column\">\n\t\t\t<div class=\"elementor-widget-wrap elementor-element-populated\">\n\t\t\t\t\t\t<div class=\"elementor-element elementor-element-fd2e0d9 elementor-widget elementor-widget-spacer\" data-id=\"fd2e0d9\" data-element_type=\"widget\" data-widget_type=\"spacer.default\">\n\t\t\t\t<div class=\"elementor-widget-container\">\n\t\t\t\t\t<div class=\"elementor-spacer\">\n\t\t\t<div class=\"elementor-spacer-inner\"><\/div>\n\t\t<\/div>\n\t\t\t\t<\/div>\n\t\t\t\t<\/div>\n\t\t\t\t\t<\/div>\n\t\t<\/div>\n\t\t\t\t\t<\/div>\n\t\t<\/section>\n\t\t\t\t<\/div>\n\t\t","protected":false},"excerpt":{"rendered":"<p>Nesta p\u00e1gina \u00e9 poss\u00edvel visualizar informa\u00e7\u00f5es, sobre Direitos Autorais, produzidas pela equipe da UNITI-LINCE. Informativo Informativo sobre Direitos Autorais A UNITI-LINCE informa \u00e0 Comunidade Acad\u00eamica do Centro de Educa\u00e7\u00e3o que sua atribui\u00e7\u00e3o em \u201capoiar as atividades acad\u00eamica e administrativas, dando suporte no uso das tecnologias de informa\u00e7\u00e3o\u201d, conforme disp\u00f5e Memorando N\u00ba 270\/15 da Dire\u00e7\u00e3o do [&hellip;]<\/p>\n","protected":false},"author":1988,"featured_media":0,"parent":0,"menu_order":0,"comment_status":"closed","ping_status":"closed","template":"","meta":{"footnotes":""},"categories":[],"tags":[],"class_list":["post-1420","page","type-page","status-publish","hentry"],"acf":[],"_links":{"self":[{"href":"https:\/\/www.ufsm.br\/laboratorios\/lince\/wp-json\/wp\/v2\/pages\/1420","targetHints":{"allow":["GET"]}}],"collection":[{"href":"https:\/\/www.ufsm.br\/laboratorios\/lince\/wp-json\/wp\/v2\/pages"}],"about":[{"href":"https:\/\/www.ufsm.br\/laboratorios\/lince\/wp-json\/wp\/v2\/types\/page"}],"author":[{"embeddable":true,"href":"https:\/\/www.ufsm.br\/laboratorios\/lince\/wp-json\/wp\/v2\/users\/1988"}],"replies":[{"embeddable":true,"href":"https:\/\/www.ufsm.br\/laboratorios\/lince\/wp-json\/wp\/v2\/comments?post=1420"}],"version-history":[{"count":0,"href":"https:\/\/www.ufsm.br\/laboratorios\/lince\/wp-json\/wp\/v2\/pages\/1420\/revisions"}],"wp:attachment":[{"href":"https:\/\/www.ufsm.br\/laboratorios\/lince\/wp-json\/wp\/v2\/media?parent=1420"}],"wp:term":[{"taxonomy":"category","embeddable":true,"href":"https:\/\/www.ufsm.br\/laboratorios\/lince\/wp-json\/wp\/v2\/categories?post=1420"},{"taxonomy":"post_tag","embeddable":true,"href":"https:\/\/www.ufsm.br\/laboratorios\/lince\/wp-json\/wp\/v2\/tags?post=1420"}],"curies":[{"name":"wp","href":"https:\/\/api.w.org\/{rel}","templated":true}]}}