{"id":2453,"date":"2022-12-13T09:21:41","date_gmt":"2022-12-13T12:21:41","guid":{"rendered":"https:\/\/www.ufsm.br\/laboratorios\/lince\/?page_id=2453"},"modified":"2022-12-23T09:46:36","modified_gmt":"2022-12-23T12:46:36","slug":"educacao-inclusao-e-dialogos","status":"publish","type":"page","link":"https:\/\/www.ufsm.br\/laboratorios\/lince\/educacao-inclusao-e-dialogos","title":{"rendered":"Educa\u00e7\u00e3o, Inclus\u00e3o e Di\u00e1logos"},"content":{"rendered":"\t\t<div data-elementor-type=\"wp-page\" data-elementor-id=\"2453\" class=\"elementor elementor-2453\">\n\t\t\t\t\t\t<section class=\"elementor-section elementor-top-section elementor-element elementor-element-808cf97 elementor-section-boxed elementor-section-height-default elementor-section-height-default\" data-id=\"808cf97\" data-element_type=\"section\">\n\t\t\t\t\t\t<div class=\"elementor-container elementor-column-gap-default\">\n\t\t\t\t\t<div class=\"elementor-column elementor-col-100 elementor-top-column elementor-element elementor-element-5995ada\" data-id=\"5995ada\" data-element_type=\"column\">\n\t\t\t<div class=\"elementor-widget-wrap elementor-element-populated\">\n\t\t\t\t\t\t<div class=\"elementor-element elementor-element-2012230 elementor-widget elementor-widget-spacer\" data-id=\"2012230\" data-element_type=\"widget\" data-widget_type=\"spacer.default\">\n\t\t\t\t<div class=\"elementor-widget-container\">\n\t\t\t\t\t<div class=\"elementor-spacer\">\n\t\t\t<div class=\"elementor-spacer-inner\"><\/div>\n\t\t<\/div>\n\t\t\t\t<\/div>\n\t\t\t\t<\/div>\n\t\t\t\t\t<\/div>\n\t\t<\/div>\n\t\t\t\t\t<\/div>\n\t\t<\/section>\n\t\t\t\t<section class=\"elementor-section elementor-top-section elementor-element elementor-element-8c179a2 elementor-section-boxed elementor-section-height-default elementor-section-height-default\" data-id=\"8c179a2\" data-element_type=\"section\">\n\t\t\t\t\t\t<div class=\"elementor-container elementor-column-gap-default\">\n\t\t\t\t\t<div class=\"elementor-column elementor-col-100 elementor-top-column elementor-element elementor-element-d61045c\" data-id=\"d61045c\" data-element_type=\"column\">\n\t\t\t<div class=\"elementor-widget-wrap elementor-element-populated\">\n\t\t\t\t\t\t<div class=\"elementor-element elementor-element-422f3c3 elementor-invisible elementor-widget elementor-widget-heading\" data-id=\"422f3c3\" data-element_type=\"widget\" data-settings=\"{&quot;_animation&quot;:&quot;lightSpeedIn&quot;}\" data-widget_type=\"heading.default\">\n\t\t\t\t<div class=\"elementor-widget-container\">\n\t\t\t<h5 class=\"elementor-heading-title elementor-size-default\">Livros sobre Educa\u00e7\u00e3o, Inclus\u00e3o e Di\u00e1logos<\/h5>\t\t<\/div>\n\t\t\t\t<\/div>\n\t\t\t\t<section class=\"elementor-section elementor-inner-section elementor-element elementor-element-35219b4 elementor-section-boxed elementor-section-height-default elementor-section-height-default\" data-id=\"35219b4\" data-element_type=\"section\">\n\t\t\t\t\t\t<div class=\"elementor-container elementor-column-gap-default\">\n\t\t\t\t\t<div class=\"elementor-column elementor-col-33 elementor-inner-column elementor-element elementor-element-98bfb7d\" data-id=\"98bfb7d\" data-element_type=\"column\">\n\t\t\t<div class=\"elementor-widget-wrap elementor-element-populated\">\n\t\t\t\t\t\t<div class=\"elementor-element elementor-element-af99d20 elementor-widget elementor-widget-spacer\" data-id=\"af99d20\" data-element_type=\"widget\" data-widget_type=\"spacer.default\">\n\t\t\t\t<div class=\"elementor-widget-container\">\n\t\t\t\t\t<div class=\"elementor-spacer\">\n\t\t\t<div class=\"elementor-spacer-inner\"><\/div>\n\t\t<\/div>\n\t\t\t\t<\/div>\n\t\t\t\t<\/div>\n\t\t\t\t<div class=\"elementor-element elementor-element-e3d131b animated-slow elementor-position-top elementor-invisible elementor-widget elementor-widget-image-box\" data-id=\"e3d131b\" data-element_type=\"widget\" data-settings=\"{&quot;_animation&quot;:&quot;fadeInLeft&quot;,&quot;_animation_delay&quot;:&quot;300&quot;}\" data-widget_type=\"image-box.default\">\n\t\t\t\t<div class=\"elementor-widget-container\">\n\t\t\t<div class=\"elementor-image-box-wrapper\"><figure class=\"elementor-image-box-img\"><a href=\"https:\/\/www.pimentacultural.com\/livro\/educacao\" target=\"_blank\" tabindex=\"-1\"><img decoding=\"async\" src=\"https:\/\/www.ufsm.br\/app\/uploads\/sites\/762\/elementor\/thumbs\/Educacao_-interlocucoes-dialogos-e-reflexoes-na-contemporaneidade-p9onxs66irw9g4jjc3jn4mso49t6z879npu98ei24w.jpg\" title=\"Educa\u00e7\u00e3o_ interlocu\u00e7\u00f5es, di\u00e1logos e reflex\u00f5es na contemporaneidade\" alt=\"Educa\u00e7\u00e3o_ interlocu\u00e7\u00f5es, di\u00e1logos e reflex\u00f5es na contemporaneidade\" loading=\"lazy\" \/><\/a><\/figure><div class=\"elementor-image-box-content\"><h6 class=\"elementor-image-box-title\"><a href=\"https:\/\/www.pimentacultural.com\/livro\/educacao\" target=\"_blank\">Educa\u00e7\u00e3o<\/a><\/h6><p class=\"elementor-image-box-description\">Interlocu\u00e7\u00f5es, di\u00e1logos e reflex\u00f5es na contemporaneidade<\/p><\/div><\/div>\t\t<\/div>\n\t\t\t\t<\/div>\n\t\t\t\t\t<\/div>\n\t\t<\/div>\n\t\t\t\t<div class=\"elementor-column elementor-col-33 elementor-inner-column elementor-element elementor-element-fb91df9\" data-id=\"fb91df9\" data-element_type=\"column\">\n\t\t\t<div class=\"elementor-widget-wrap elementor-element-populated\">\n\t\t\t\t\t\t<div class=\"elementor-element elementor-element-49ef3c3 elementor-widget elementor-widget-spacer\" data-id=\"49ef3c3\" data-element_type=\"widget\" data-widget_type=\"spacer.default\">\n\t\t\t\t<div class=\"elementor-widget-container\">\n\t\t\t\t\t<div class=\"elementor-spacer\">\n\t\t\t<div class=\"elementor-spacer-inner\"><\/div>\n\t\t<\/div>\n\t\t\t\t<\/div>\n\t\t\t\t<\/div>\n\t\t\t\t<div class=\"elementor-element elementor-element-60520f6 animated-slow elementor-position-top elementor-invisible elementor-widget elementor-widget-image-box\" data-id=\"60520f6\" data-element_type=\"widget\" data-settings=\"{&quot;_animation&quot;:&quot;fadeIn&quot;,&quot;_animation_delay&quot;:&quot;300&quot;}\" data-widget_type=\"image-box.default\">\n\t\t\t\t<div class=\"elementor-widget-container\">\n\t\t\t<div class=\"elementor-image-box-wrapper\"><figure class=\"elementor-image-box-img\"><a href=\"https:\/\/www.pimentacultural.com\/livro\/quarta-revolucao\" target=\"_blank\" tabindex=\"-1\"><img decoding=\"async\" src=\"https:\/\/www.ufsm.br\/app\/uploads\/sites\/762\/elementor\/thumbs\/A-quarta-revolucao-industrial-e-seus-impactos-na-civilizacao-e-na-educacao-4.0_-muitas-variaveis-de-uma-nova-e-complexa-equacao-civilizatoria-pj7he0qgsmh4ela0pv1zr18t5px6zdl7i4g5ldyzio.jpg\" title=\"A quarta revolu\u00e7\u00e3o industrial e seus impactos na civiliza\u00e7\u00e3o e na educa\u00e7\u00e3o 4.0_ muitas vari\u00e1veis de uma nova e complexa equa\u00e7\u00e3o civilizat\u00f3ria\" alt=\"A quarta revolu\u00e7\u00e3o industrial e seus impactos na civiliza\u00e7\u00e3o e na educa\u00e7\u00e3o 4.0_ muitas vari\u00e1veis de uma nova e complexa equa\u00e7\u00e3o civilizat\u00f3ria\" loading=\"lazy\" \/><\/a><\/figure><div class=\"elementor-image-box-content\"><h6 class=\"elementor-image-box-title\"><a href=\"https:\/\/www.pimentacultural.com\/livro\/quarta-revolucao\" target=\"_blank\">A quarta revolu\u00e7\u00e3o industrial e seus impactos na civiliza\u00e7\u00e3o e na educa\u00e7\u00e3o 4.0:<\/a><\/h6><p class=\"elementor-image-box-description\"> muitas vari\u00e1veis de uma nova e complexa equa\u00e7\u00e3o civilizat\u00f3ria<\/p><\/div><\/div>\t\t<\/div>\n\t\t\t\t<\/div>\n\t\t\t\t\t<\/div>\n\t\t<\/div>\n\t\t\t\t<div class=\"elementor-column elementor-col-33 elementor-inner-column elementor-element elementor-element-4c3703e\" data-id=\"4c3703e\" data-element_type=\"column\">\n\t\t\t<div class=\"elementor-widget-wrap elementor-element-populated\">\n\t\t\t\t\t\t<div class=\"elementor-element elementor-element-f2eace9 elementor-widget elementor-widget-spacer\" data-id=\"f2eace9\" data-element_type=\"widget\" data-widget_type=\"spacer.default\">\n\t\t\t\t<div class=\"elementor-widget-container\">\n\t\t\t\t\t<div class=\"elementor-spacer\">\n\t\t\t<div class=\"elementor-spacer-inner\"><\/div>\n\t\t<\/div>\n\t\t\t\t<\/div>\n\t\t\t\t<\/div>\n\t\t\t\t<div class=\"elementor-element elementor-element-64e7806 animated-slow elementor-position-top elementor-invisible elementor-widget elementor-widget-image-box\" data-id=\"64e7806\" data-element_type=\"widget\" data-settings=\"{&quot;_animation&quot;:&quot;fadeInRight&quot;,&quot;_animation_delay&quot;:&quot;300&quot;}\" data-widget_type=\"image-box.default\">\n\t\t\t\t<div class=\"elementor-widget-container\">\n\t\t\t<div class=\"elementor-image-box-wrapper\"><figure class=\"elementor-image-box-img\"><a href=\"https:\/\/www.pimentacultural.com\/livro\/dialogos-sobre\" target=\"_blank\" tabindex=\"-1\"><img decoding=\"async\" src=\"https:\/\/www.ufsm.br\/app\/uploads\/sites\/762\/elementor\/thumbs\/Dialogos-sobre-o-ensino-e-a-educacao_-perspectivas-politicas-e-praticas-reflexivas-p9onxe2lo9cylz40mfg8l8cr7hqorrnals1z192yq8.jpg\" title=\"Di\u00e1logos sobre o ensino e a educa\u00e7\u00e3o_ perspectivas pol\u00edticas e pr\u00e1ticas reflexivas\" alt=\"Di\u00e1logos sobre o ensino e a educa\u00e7\u00e3o_ perspectivas pol\u00edticas e pr\u00e1ticas reflexivas\" loading=\"lazy\" \/><\/a><\/figure><div class=\"elementor-image-box-content\"><h6 class=\"elementor-image-box-title\"><a href=\"https:\/\/www.pimentacultural.com\/livro\/dialogos-sobre\" target=\"_blank\">Di\u00e1logos sobre o ensino e a educa\u00e7\u00e3o<\/a><\/h6><p class=\"elementor-image-box-description\">Perspectivas pol\u00edticas e pr\u00e1ticas reflexivas<\/p><\/div><\/div>\t\t<\/div>\n\t\t\t\t<\/div>\n\t\t\t\t\t<\/div>\n\t\t<\/div>\n\t\t\t\t\t<\/div>\n\t\t<\/section>\n\t\t\t\t<section class=\"elementor-section elementor-inner-section elementor-element elementor-element-10ab185 elementor-section-boxed elementor-section-height-default elementor-section-height-default\" data-id=\"10ab185\" data-element_type=\"section\">\n\t\t\t\t\t\t<div class=\"elementor-container elementor-column-gap-default\">\n\t\t\t\t\t<div class=\"elementor-column elementor-col-33 elementor-inner-column elementor-element elementor-element-e4f448e\" data-id=\"e4f448e\" data-element_type=\"column\">\n\t\t\t<div class=\"elementor-widget-wrap elementor-element-populated\">\n\t\t\t\t\t\t<div class=\"elementor-element elementor-element-5b3f4f5 elementor-widget elementor-widget-spacer\" data-id=\"5b3f4f5\" data-element_type=\"widget\" data-widget_type=\"spacer.default\">\n\t\t\t\t<div class=\"elementor-widget-container\">\n\t\t\t\t\t<div class=\"elementor-spacer\">\n\t\t\t<div class=\"elementor-spacer-inner\"><\/div>\n\t\t<\/div>\n\t\t\t\t<\/div>\n\t\t\t\t<\/div>\n\t\t\t\t<div class=\"elementor-element elementor-element-10e029e animated-slow elementor-position-top elementor-invisible elementor-widget elementor-widget-image-box\" data-id=\"10e029e\" data-element_type=\"widget\" data-settings=\"{&quot;_animation&quot;:&quot;fadeInLeft&quot;,&quot;_animation_delay&quot;:&quot;300&quot;}\" data-widget_type=\"image-box.default\">\n\t\t\t\t<div class=\"elementor-widget-container\">\n\t\t\t<div class=\"elementor-image-box-wrapper\"><figure class=\"elementor-image-box-img\"><a href=\"https:\/\/www.editorafi.org\/723tecnologia\" target=\"_blank\" tabindex=\"-1\"><img decoding=\"async\" src=\"https:\/\/www.ufsm.br\/app\/uploads\/sites\/762\/elementor\/thumbs\/Dialogos-com-tecnologias-experiencias-e-reflexoes-sobre-tecnologias-sociedade-e-educacao-p9q6avwscj0uvlqn82fcorjapvhtntro2hdd8woms0.jpg\" title=\"Dialogos-com-tecnologias-experiencias-e-reflexoes-sobre-tecnologias-sociedade-e-educacao\" alt=\"Dialogos-com-tecnologias-experiencias-e-reflexoes-sobre-tecnologias-sociedade-e-educacao\" loading=\"lazy\" \/><\/a><\/figure><div class=\"elementor-image-box-content\"><h6 class=\"elementor-image-box-title\"><a href=\"https:\/\/www.editorafi.org\/723tecnologia\" target=\"_blank\">Di\u00e1logos com tecnologias<\/a><\/h6><p class=\"elementor-image-box-description\">Experi\u00eancias e reflex\u00f5es sobre tecnologias, sociedade e educa\u00e7\u00e3o<\/p><\/div><\/div>\t\t<\/div>\n\t\t\t\t<\/div>\n\t\t\t\t\t<\/div>\n\t\t<\/div>\n\t\t\t\t<div class=\"elementor-column elementor-col-33 elementor-inner-column elementor-element elementor-element-e156024\" data-id=\"e156024\" data-element_type=\"column\">\n\t\t\t<div class=\"elementor-widget-wrap elementor-element-populated\">\n\t\t\t\t\t\t<div class=\"elementor-element elementor-element-12f094d elementor-widget elementor-widget-spacer\" data-id=\"12f094d\" data-element_type=\"widget\" data-widget_type=\"spacer.default\">\n\t\t\t\t<div class=\"elementor-widget-container\">\n\t\t\t\t\t<div class=\"elementor-spacer\">\n\t\t\t<div class=\"elementor-spacer-inner\"><\/div>\n\t\t<\/div>\n\t\t\t\t<\/div>\n\t\t\t\t<\/div>\n\t\t\t\t<div class=\"elementor-element elementor-element-df69390 animated-slow elementor-position-top elementor-invisible elementor-widget elementor-widget-image-box\" data-id=\"df69390\" data-element_type=\"widget\" data-settings=\"{&quot;_animation&quot;:&quot;fadeIn&quot;,&quot;_animation_delay&quot;:&quot;300&quot;}\" data-widget_type=\"image-box.default\">\n\t\t\t\t<div class=\"elementor-widget-container\">\n\t\t\t<div class=\"elementor-image-box-wrapper\"><figure class=\"elementor-image-box-img\"><a href=\"https:\/\/www.pimentacultural.com\/livro\/infancia-conectada\" target=\"_blank\" tabindex=\"-1\"><img decoding=\"async\" src=\"https:\/\/www.ufsm.br\/app\/uploads\/sites\/762\/elementor\/thumbs\/Infancia-conectada_-contextos-praticas-e-sentidos-de-criancas-nas-redes-sociais-online-pj7h2aoxk0fdlob26ami5hqufppdza1q83j545cr4g.jpg\" title=\"Inf\u00e2ncia conectada_ contextos, pr\u00e1ticas e sentidos de crian\u00e7as nas redes sociais online\" alt=\"Inf\u00e2ncia conectada_ contextos, pr\u00e1ticas e sentidos de crian\u00e7as nas redes sociais online\" loading=\"lazy\" \/><\/a><\/figure><div class=\"elementor-image-box-content\"><h6 class=\"elementor-image-box-title\"><a href=\"https:\/\/www.pimentacultural.com\/livro\/infancia-conectada\" target=\"_blank\">Inf\u00e2ncia conectada:<\/a><\/h6><p class=\"elementor-image-box-description\"> contextos, pr\u00e1ticas e sentidos de crian\u00e7as nas redes sociais online<\/p><\/div><\/div>\t\t<\/div>\n\t\t\t\t<\/div>\n\t\t\t\t\t<\/div>\n\t\t<\/div>\n\t\t\t\t<div class=\"elementor-column elementor-col-33 elementor-inner-column elementor-element elementor-element-6b064b7\" data-id=\"6b064b7\" data-element_type=\"column\">\n\t\t\t<div class=\"elementor-widget-wrap elementor-element-populated\">\n\t\t\t\t\t\t<div class=\"elementor-element elementor-element-452a29d elementor-widget elementor-widget-spacer\" data-id=\"452a29d\" data-element_type=\"widget\" data-widget_type=\"spacer.default\">\n\t\t\t\t<div class=\"elementor-widget-container\">\n\t\t\t\t\t<div class=\"elementor-spacer\">\n\t\t\t<div class=\"elementor-spacer-inner\"><\/div>\n\t\t<\/div>\n\t\t\t\t<\/div>\n\t\t\t\t<\/div>\n\t\t\t\t\t<\/div>\n\t\t<\/div>\n\t\t\t\t\t<\/div>\n\t\t<\/section>\n\t\t\t\t\t<\/div>\n\t\t<\/div>\n\t\t\t\t\t<\/div>\n\t\t<\/section>\n\t\t\t\t<section class=\"elementor-section elementor-top-section elementor-element elementor-element-e57f0a3 elementor-section-boxed elementor-section-height-default elementor-section-height-default\" data-id=\"e57f0a3\" data-element_type=\"section\">\n\t\t\t\t\t\t<div class=\"elementor-container elementor-column-gap-default\">\n\t\t\t\t\t<div class=\"elementor-column elementor-col-100 elementor-top-column elementor-element elementor-element-df5ade0\" data-id=\"df5ade0\" data-element_type=\"column\">\n\t\t\t<div class=\"elementor-widget-wrap elementor-element-populated\">\n\t\t\t\t\t\t<div class=\"elementor-element elementor-element-6e61cdf elementor-widget elementor-widget-spacer\" data-id=\"6e61cdf\" data-element_type=\"widget\" data-widget_type=\"spacer.default\">\n\t\t\t\t<div class=\"elementor-widget-container\">\n\t\t\t\t\t<div class=\"elementor-spacer\">\n\t\t\t<div class=\"elementor-spacer-inner\"><\/div>\n\t\t<\/div>\n\t\t\t\t<\/div>\n\t\t\t\t<\/div>\n\t\t\t\t\t<\/div>\n\t\t<\/div>\n\t\t\t\t\t<\/div>\n\t\t<\/section>\n\t\t\t\t<\/div>\n\t\t","protected":false},"excerpt":{"rendered":"<p>Livros sobre Educa\u00e7\u00e3o, Inclus\u00e3o e Di\u00e1logos Educa\u00e7\u00e3o Interlocu\u00e7\u00f5es, di\u00e1logos e reflex\u00f5es na contemporaneidade A quarta revolu\u00e7\u00e3o industrial e seus impactos na civiliza\u00e7\u00e3o e na educa\u00e7\u00e3o 4.0: muitas vari\u00e1veis de uma nova e complexa equa\u00e7\u00e3o civilizat\u00f3ria Di\u00e1logos sobre o ensino e a educa\u00e7\u00e3o Perspectivas pol\u00edticas e pr\u00e1ticas reflexivas Di\u00e1logos com tecnologias Experi\u00eancias e reflex\u00f5es sobre tecnologias, [&hellip;]<\/p>\n","protected":false},"author":1988,"featured_media":0,"parent":0,"menu_order":0,"comment_status":"closed","ping_status":"closed","template":"","meta":{"footnotes":""},"categories":[],"tags":[],"class_list":["post-2453","page","type-page","status-publish","hentry"],"acf":[],"_links":{"self":[{"href":"https:\/\/www.ufsm.br\/laboratorios\/lince\/wp-json\/wp\/v2\/pages\/2453","targetHints":{"allow":["GET"]}}],"collection":[{"href":"https:\/\/www.ufsm.br\/laboratorios\/lince\/wp-json\/wp\/v2\/pages"}],"about":[{"href":"https:\/\/www.ufsm.br\/laboratorios\/lince\/wp-json\/wp\/v2\/types\/page"}],"author":[{"embeddable":true,"href":"https:\/\/www.ufsm.br\/laboratorios\/lince\/wp-json\/wp\/v2\/users\/1988"}],"replies":[{"embeddable":true,"href":"https:\/\/www.ufsm.br\/laboratorios\/lince\/wp-json\/wp\/v2\/comments?post=2453"}],"version-history":[{"count":0,"href":"https:\/\/www.ufsm.br\/laboratorios\/lince\/wp-json\/wp\/v2\/pages\/2453\/revisions"}],"wp:attachment":[{"href":"https:\/\/www.ufsm.br\/laboratorios\/lince\/wp-json\/wp\/v2\/media?parent=2453"}],"wp:term":[{"taxonomy":"category","embeddable":true,"href":"https:\/\/www.ufsm.br\/laboratorios\/lince\/wp-json\/wp\/v2\/categories?post=2453"},{"taxonomy":"post_tag","embeddable":true,"href":"https:\/\/www.ufsm.br\/laboratorios\/lince\/wp-json\/wp\/v2\/tags?post=2453"}],"curies":[{"name":"wp","href":"https:\/\/api.w.org\/{rel}","templated":true}]}}