{"id":986,"date":"2020-09-09T15:54:53","date_gmt":"2020-09-09T18:54:53","guid":{"rendered":"https:\/\/www.ufsm.br\/laboratorios\/lince\/?page_id=986"},"modified":"2023-05-24T09:04:02","modified_gmt":"2023-05-24T12:04:02","slug":"projetos-lince","status":"publish","type":"page","link":"https:\/\/www.ufsm.br\/laboratorios\/lince\/projetos-lince","title":{"rendered":"Projetos UNITI-LINCE"},"content":{"rendered":"\t\t<div data-elementor-type=\"wp-page\" data-elementor-id=\"986\" class=\"elementor elementor-986\">\n\t\t\t\t\t\t<section class=\"elementor-section elementor-top-section elementor-element elementor-element-4eb532f elementor-section-boxed elementor-section-height-default elementor-section-height-default\" data-id=\"4eb532f\" data-element_type=\"section\">\n\t\t\t\t\t\t<div class=\"elementor-container elementor-column-gap-default\">\n\t\t\t\t\t<div class=\"elementor-column elementor-col-100 elementor-top-column elementor-element elementor-element-f4e6adc\" data-id=\"f4e6adc\" data-element_type=\"column\">\n\t\t\t<div class=\"elementor-widget-wrap elementor-element-populated\">\n\t\t\t\t\t\t<div class=\"elementor-element elementor-element-24c3b28 elementor-widget elementor-widget-spacer\" data-id=\"24c3b28\" data-element_type=\"widget\" data-widget_type=\"spacer.default\">\n\t\t\t\t<div class=\"elementor-widget-container\">\n\t\t\t\t\t<div class=\"elementor-spacer\">\n\t\t\t<div class=\"elementor-spacer-inner\"><\/div>\n\t\t<\/div>\n\t\t\t\t<\/div>\n\t\t\t\t<\/div>\n\t\t\t\t\t<\/div>\n\t\t<\/div>\n\t\t\t\t\t<\/div>\n\t\t<\/section>\n\t\t\t\t<section class=\"elementor-section elementor-top-section elementor-element elementor-element-c918a5b elementor-section-boxed elementor-section-height-default elementor-section-height-default elementor-invisible\" data-id=\"c918a5b\" data-element_type=\"section\" data-settings=\"{&quot;animation&quot;:&quot;fadeInDown&quot;,&quot;animation_tablet&quot;:&quot;fadeInDown&quot;}\">\n\t\t\t\t\t\t<div class=\"elementor-container elementor-column-gap-default\">\n\t\t\t\t\t<div class=\"elementor-column elementor-col-100 elementor-top-column elementor-element elementor-element-62429a9\" data-id=\"62429a9\" data-element_type=\"column\">\n\t\t\t<div class=\"elementor-widget-wrap elementor-element-populated\">\n\t\t\t\t\t\t<div class=\"elementor-element elementor-element-77e7bbd elementor-invisible elementor-widget elementor-widget-text-editor\" data-id=\"77e7bbd\" data-element_type=\"widget\" data-settings=\"{&quot;_animation&quot;:&quot;fadeInDown&quot;}\" data-widget_type=\"text-editor.default\">\n\t\t\t\t<div class=\"elementor-widget-container\">\n\t\t\t\t\t\t\t<p>A UNITI-LINCE ao longo da sua hist\u00f3ria tenta impactar de forma positiva as pessoas que passam pela equipe e a comunidade acad\u00eamica que acessa e utiliza os materiais e os ambientes fornecidos. Confira os projetos que j\u00e1 foram desenvolvidos na UNITI-LINCE e sua equipe.<\/p>\t\t\t\t\t\t<\/div>\n\t\t\t\t<\/div>\n\t\t\t\t\t<\/div>\n\t\t<\/div>\n\t\t\t\t\t<\/div>\n\t\t<\/section>\n\t\t\t\t<section class=\"elementor-section elementor-top-section elementor-element elementor-element-693ef4b elementor-section-boxed elementor-section-height-default elementor-section-height-default\" data-id=\"693ef4b\" data-element_type=\"section\">\n\t\t\t\t\t\t<div class=\"elementor-container elementor-column-gap-default\">\n\t\t\t\t\t<div class=\"elementor-column elementor-col-100 elementor-top-column elementor-element elementor-element-d4663bb\" data-id=\"d4663bb\" data-element_type=\"column\">\n\t\t\t<div class=\"elementor-widget-wrap elementor-element-populated\">\n\t\t\t\t\t\t<div class=\"elementor-element elementor-element-15ce862 elementor-invisible elementor-widget elementor-widget-heading\" data-id=\"15ce862\" data-element_type=\"widget\" data-settings=\"{&quot;_animation&quot;:&quot;lightSpeedIn&quot;}\" data-widget_type=\"heading.default\">\n\t\t\t\t<div class=\"elementor-widget-container\">\n\t\t\t<h5 class=\"elementor-heading-title elementor-size-default\">Projetos UNITI-LINCE<\/h5>\t\t<\/div>\n\t\t\t\t<\/div>\n\t\t\t\t<div class=\"elementor-element elementor-element-58f71d3 animated-slow elementor-invisible elementor-widget elementor-widget-toggle\" data-id=\"58f71d3\" data-element_type=\"widget\" data-settings=\"{&quot;_animation&quot;:&quot;fadeIn&quot;,&quot;_animation_delay&quot;:&quot;300&quot;}\" data-widget_type=\"toggle.default\">\n\t\t\t\t<div class=\"elementor-widget-container\">\n\t\t\t\t\t<div class=\"elementor-toggle\">\n\t\t\t\t\t\t\t<div class=\"elementor-toggle-item\">\n\t\t\t\t\t<h4 id=\"elementor-tab-title-9321\" class=\"elementor-tab-title\" data-tab=\"1\" role=\"button\" aria-controls=\"elementor-tab-content-9321\" aria-expanded=\"false\">\n\t\t\t\t\t\t\t\t\t\t\t\t<span class=\"elementor-toggle-icon elementor-toggle-icon-right\" aria-hidden=\"true\">\n\t\t\t\t\t\t\t\t\t\t\t\t\t\t\t<span class=\"elementor-toggle-icon-closed\"><i class=\"fas fa-chevron-down\"><\/i><\/span>\n\t\t\t\t\t\t\t\t<span class=\"elementor-toggle-icon-opened\"><i class=\"elementor-toggle-icon-opened fas fa-chevron-up\"><\/i><\/span>\n\t\t\t\t\t\t\t\t\t\t\t\t\t<\/span>\n\t\t\t\t\t\t\t\t\t\t\t\t<a class=\"elementor-toggle-title\" tabindex=\"0\"><div><i class=\"fas fa-tasks\"><\/i><span style=\"margin-left: 10px\">Levantamento dos Equipamentos de TI do CE<\/span><\/div><\/a>\n\t\t\t\t\t<\/h4>\n\n\t\t\t\t\t<div id=\"elementor-tab-content-9321\" class=\"elementor-tab-content elementor-clearfix\" data-tab=\"1\" role=\"region\" aria-labelledby=\"elementor-tab-title-9321\"><p>O projeto intitulado Levantamento dos Equipamentos de Tecnologia de Informa\u00e7\u00e3o no Centro de Educa\u00e7\u00e3o iniciou em outubro de 2018 e visava apontar ferramentas e par\u00e2metros \u00fateis para a Dire\u00e7\u00e3o do CE planejar as licita\u00e7\u00f5es de equipamentos de Tecnologia no Centro de Educa\u00e7\u00e3o, atrav\u00e9s das seguintes metas:<\/p><ul style=\"list-style-type: disc\"><li>Mapear os equipamentos de TI ociosos ou com uso reduzido;<\/li><li>Conhecer quantidade de equipamentos de TI antiecon\u00f4micos e com manuten\u00e7\u00e3o onerosa;<\/li><li>Indicar relat\u00f3rio para auxiliar no planejamento de licita\u00e7\u00f5es para novos Softwares e Hardwares.<\/li><\/ul><p><a href=\"https:\/\/www.ufsm.br\/app\/uploads\/sites\/762\/2019\/10\/Levantamento-dos-Equipamentos-de-Tecnologia-de-Informa\u00e7\u00e3o-do-Centro-de-Educa\u00e7\u00e3o.pdf\" target=\"_blank\" rel=\"noopener\">Projeto Levantamento de Equipamentos de TI no CE<\/a><\/p><\/div>\n\t\t\t\t<\/div>\n\t\t\t\t\t\t\t<div class=\"elementor-toggle-item\">\n\t\t\t\t\t<h4 id=\"elementor-tab-title-9322\" class=\"elementor-tab-title\" data-tab=\"2\" role=\"button\" aria-controls=\"elementor-tab-content-9322\" aria-expanded=\"false\">\n\t\t\t\t\t\t\t\t\t\t\t\t<span class=\"elementor-toggle-icon elementor-toggle-icon-right\" aria-hidden=\"true\">\n\t\t\t\t\t\t\t\t\t\t\t\t\t\t\t<span class=\"elementor-toggle-icon-closed\"><i class=\"fas fa-chevron-down\"><\/i><\/span>\n\t\t\t\t\t\t\t\t<span class=\"elementor-toggle-icon-opened\"><i class=\"elementor-toggle-icon-opened fas fa-chevron-up\"><\/i><\/span>\n\t\t\t\t\t\t\t\t\t\t\t\t\t<\/span>\n\t\t\t\t\t\t\t\t\t\t\t\t<a class=\"elementor-toggle-title\" tabindex=\"0\"><div><i class=\"fas fa-boxes\"><\/i><span style=\"margin-left: 10px\">Reposit\u00f3rio GNU\/Linux<\/span><\/div><\/a>\n\t\t\t\t\t<\/h4>\n\n\t\t\t\t\t<div id=\"elementor-tab-content-9322\" class=\"elementor-tab-content elementor-clearfix\" data-tab=\"2\" role=\"region\" aria-labelledby=\"elementor-tab-title-9322\"><p>O projeto GNU\/LINUX iniciou em 05\/03\/18 e concluiu em 18\/07\/2018, tendo por objetivo criar um reposit\u00f3rio GNU\/LINUX na UNITI-LINCE para facilitar a atualiza\u00e7\u00e3o do Sistemas Operacionais Linux utilizando a internet interna da UFSM.<\/p><p><a href=\"https:\/\/www.ufsm.br\/app\/uploads\/sites\/762\/2019\/10\/REPOSIT\u00d3RIO-LOCAL-DE-GNULINUX.pdf\" target=\"_blank\" rel=\"noopener\">Projeto Reposit\u00f3rio GNU\/LINUX<\/a><\/p><\/div>\n\t\t\t\t<\/div>\n\t\t\t\t\t\t\t<div class=\"elementor-toggle-item\">\n\t\t\t\t\t<h4 id=\"elementor-tab-title-9323\" class=\"elementor-tab-title\" data-tab=\"3\" role=\"button\" aria-controls=\"elementor-tab-content-9323\" aria-expanded=\"false\">\n\t\t\t\t\t\t\t\t\t\t\t\t<span class=\"elementor-toggle-icon elementor-toggle-icon-right\" aria-hidden=\"true\">\n\t\t\t\t\t\t\t\t\t\t\t\t\t\t\t<span class=\"elementor-toggle-icon-closed\"><i class=\"fas fa-chevron-down\"><\/i><\/span>\n\t\t\t\t\t\t\t\t<span class=\"elementor-toggle-icon-opened\"><i class=\"elementor-toggle-icon-opened fas fa-chevron-up\"><\/i><\/span>\n\t\t\t\t\t\t\t\t\t\t\t\t\t<\/span>\n\t\t\t\t\t\t\t\t\t\t\t\t<a class=\"elementor-toggle-title\" tabindex=\"0\"><div><i class=\"fab fa-linux\"><\/i><span style=\"margin-left: 10px\">Software Livre na UNITI-LINCE<\/span><\/div><\/a>\n\t\t\t\t\t<\/h4>\n\n\t\t\t\t\t<div id=\"elementor-tab-content-9323\" class=\"elementor-tab-content elementor-clearfix\" data-tab=\"3\" role=\"region\" aria-labelledby=\"elementor-tab-title-9323\"><p>O projeto <i>Software<\/i> Livre no Lince foi iniciado em 05\/05\/2008 e conclu\u00eddo em 19\/12\/2008 e visava disseminar o uso das vers\u00f5es Linux existentes.<\/p><p><a href=\"https:\/\/www.ufsm.br\/app\/uploads\/sites\/762\/2019\/10\/SOFTWARE-LIVRE-NO-LINCE.pdf\" target=\"_blank\" rel=\"noopener\">Projeto Software Livre no LINCE<\/a><\/p><\/div>\n\t\t\t\t<\/div>\n\t\t\t\t\t\t\t<div class=\"elementor-toggle-item\">\n\t\t\t\t\t<h4 id=\"elementor-tab-title-9324\" class=\"elementor-tab-title\" data-tab=\"4\" role=\"button\" aria-controls=\"elementor-tab-content-9324\" aria-expanded=\"false\">\n\t\t\t\t\t\t\t\t\t\t\t\t<span class=\"elementor-toggle-icon elementor-toggle-icon-right\" aria-hidden=\"true\">\n\t\t\t\t\t\t\t\t\t\t\t\t\t\t\t<span class=\"elementor-toggle-icon-closed\"><i class=\"fas fa-chevron-down\"><\/i><\/span>\n\t\t\t\t\t\t\t\t<span class=\"elementor-toggle-icon-opened\"><i class=\"elementor-toggle-icon-opened fas fa-chevron-up\"><\/i><\/span>\n\t\t\t\t\t\t\t\t\t\t\t\t\t<\/span>\n\t\t\t\t\t\t\t\t\t\t\t\t<a class=\"elementor-toggle-title\" tabindex=\"0\"><div><i class=\"fas fa-headset\"><\/i><span style=\"margin-left: 10px\">Suporte T\u00e9cnico de TI da UNITI-LINCE<\/span><\/div><\/a>\n\t\t\t\t\t<\/h4>\n\n\t\t\t\t\t<div id=\"elementor-tab-content-9324\" class=\"elementor-tab-content elementor-clearfix\" data-tab=\"4\" role=\"region\" aria-labelledby=\"elementor-tab-title-9324\"><p>O projeto Suporte T\u00e9cnico da UNITI-LINCE desenvolvido no Centro de Educa\u00e7\u00e3o inciou em 05 de agosto de 2018 com objetivo de auxiliar na utiliza\u00e7\u00e3o de equipamentos de TI do CE sob as seguintes premissas:<\/p><ul style=\"list-style-type: disc\"><li>Prestar supervis\u00e3o e orienta\u00e7\u00e3o no uso de tecnologias, visando utiliza\u00e7\u00e3o adequada e preserva\u00e7\u00e3o dos equipamentos;<\/li><li>Instalar nos equipamentos das salas de aulas do CE Sistemas Operacionais Livres ou Propriet\u00e1rios Originais visando seguran\u00e7a de dados e melhor desempenho dos equipamentos;<\/li><li>Mapear <em>Softwares<\/em> mais utilizados e mant\u00ea-los atualizado;<\/li><li>Incentivar o uso de <em>Softwares<\/em> gratuitos ou livres;<\/li><li>Criar e monitorar ferramentas e alternativas de seguran\u00e7a contra v\u00edrus em dispositivos de armazenamento;<\/li><\/ul><p><a href=\"https:\/\/www.ufsm.br\/app\/uploads\/sites\/762\/2019\/10\/Suporte-T\u00e9cnico-em-TI-na-UNITI-LINCE.pdf\" target=\"_blank\" rel=\"noopener\">Projeto Suporte T\u00e9cnico em TI na UNITI-LINCE<\/a><\/p><\/div>\n\t\t\t\t<\/div>\n\t\t\t\t\t\t\t\t<\/div>\n\t\t\t\t<\/div>\n\t\t\t\t<\/div>\n\t\t\t\t\t<\/div>\n\t\t<\/div>\n\t\t\t\t\t<\/div>\n\t\t<\/section>\n\t\t\t\t<section class=\"elementor-section elementor-top-section elementor-element elementor-element-7c661cb elementor-section-boxed elementor-section-height-default elementor-section-height-default\" data-id=\"7c661cb\" data-element_type=\"section\">\n\t\t\t\t\t\t<div class=\"elementor-container elementor-column-gap-default\">\n\t\t\t\t\t<div class=\"elementor-column elementor-col-100 elementor-top-column elementor-element elementor-element-75ffa27\" data-id=\"75ffa27\" data-element_type=\"column\">\n\t\t\t<div class=\"elementor-widget-wrap elementor-element-populated\">\n\t\t\t\t\t\t<div class=\"elementor-element elementor-element-e86157d elementor-widget elementor-widget-spacer\" data-id=\"e86157d\" data-element_type=\"widget\" data-widget_type=\"spacer.default\">\n\t\t\t\t<div class=\"elementor-widget-container\">\n\t\t\t\t\t<div class=\"elementor-spacer\">\n\t\t\t<div class=\"elementor-spacer-inner\"><\/div>\n\t\t<\/div>\n\t\t\t\t<\/div>\n\t\t\t\t<\/div>\n\t\t\t\t\t<\/div>\n\t\t<\/div>\n\t\t\t\t\t<\/div>\n\t\t<\/section>\n\t\t\t\t<\/div>\n\t\t","protected":false},"excerpt":{"rendered":"<p>A UNITI-LINCE ao longo da sua hist\u00f3ria tenta impactar de forma positiva as pessoas que passam pela equipe e a comunidade acad\u00eamica que acessa e utiliza os materiais e os ambientes fornecidos. Confira os projetos que j\u00e1 foram desenvolvidos na UNITI-LINCE e sua equipe. Projetos UNITI-LINCE Levantamento dos Equipamentos de TI do CE O projeto [&hellip;]<\/p>\n","protected":false},"author":1987,"featured_media":0,"parent":0,"menu_order":0,"comment_status":"closed","ping_status":"closed","template":"","meta":{"footnotes":""},"categories":[],"tags":[],"class_list":["post-986","page","type-page","status-publish","hentry"],"acf":[],"_links":{"self":[{"href":"https:\/\/www.ufsm.br\/laboratorios\/lince\/wp-json\/wp\/v2\/pages\/986","targetHints":{"allow":["GET"]}}],"collection":[{"href":"https:\/\/www.ufsm.br\/laboratorios\/lince\/wp-json\/wp\/v2\/pages"}],"about":[{"href":"https:\/\/www.ufsm.br\/laboratorios\/lince\/wp-json\/wp\/v2\/types\/page"}],"author":[{"embeddable":true,"href":"https:\/\/www.ufsm.br\/laboratorios\/lince\/wp-json\/wp\/v2\/users\/1987"}],"replies":[{"embeddable":true,"href":"https:\/\/www.ufsm.br\/laboratorios\/lince\/wp-json\/wp\/v2\/comments?post=986"}],"version-history":[{"count":0,"href":"https:\/\/www.ufsm.br\/laboratorios\/lince\/wp-json\/wp\/v2\/pages\/986\/revisions"}],"wp:attachment":[{"href":"https:\/\/www.ufsm.br\/laboratorios\/lince\/wp-json\/wp\/v2\/media?parent=986"}],"wp:term":[{"taxonomy":"category","embeddable":true,"href":"https:\/\/www.ufsm.br\/laboratorios\/lince\/wp-json\/wp\/v2\/categories?post=986"},{"taxonomy":"post_tag","embeddable":true,"href":"https:\/\/www.ufsm.br\/laboratorios\/lince\/wp-json\/wp\/v2\/tags?post=986"}],"curies":[{"name":"wp","href":"https:\/\/api.w.org\/{rel}","templated":true}]}}