{"id":252,"date":"2023-02-01T14:12:06","date_gmt":"2023-02-01T17:12:06","guid":{"rendered":"https:\/\/www.ufsm.br\/laboratorios\/lmpf\/?page_id=252"},"modified":"2023-02-06T10:14:31","modified_gmt":"2023-02-06T13:14:31","slug":"elementor-252","status":"publish","type":"page","link":"https:\/\/www.ufsm.br\/laboratorios\/lmpf\/elementor-252","title":{"rendered":"Experimento"},"content":{"rendered":"\t\t<div data-elementor-type=\"wp-page\" data-elementor-id=\"252\" class=\"elementor elementor-252\">\n\t\t\t\t\t\t<section class=\"elementor-section elementor-top-section elementor-element elementor-element-4645187 elementor-section-boxed elementor-section-height-default elementor-section-height-default\" data-id=\"4645187\" data-element_type=\"section\">\n\t\t\t\t\t\t<div class=\"elementor-container elementor-column-gap-default\">\n\t\t\t\t\t<div class=\"elementor-column elementor-col-100 elementor-top-column elementor-element elementor-element-563e96e\" data-id=\"563e96e\" data-element_type=\"column\">\n\t\t\t<div class=\"elementor-widget-wrap elementor-element-populated\">\n\t\t\t\t\t\t<div class=\"elementor-element elementor-element-43d7b79 elementor-widget elementor-widget-text-editor\" data-id=\"43d7b79\" data-element_type=\"widget\" data-widget_type=\"text-editor.default\">\n\t\t\t\t<div class=\"elementor-widget-container\">\n\t\t\t\t\t\t\t<p dir=\"ltr\" style=\"line-height: 2.4;text-indent: 36pt;text-align: justify;margin-top: 0pt;margin-bottom: 0pt\"><span style=\"font-size: 12pt;font-family: Arial;color: #000000;background-color: transparent;font-weight: 400;font-style: normal;font-variant: normal;text-decoration: none;vertical-align: baseline\">Este experimento consiste no plantio de duas variedades de pinus h\u00edbrido: <\/span><span style=\"font-family: Arial;color: #000000;font-size: 12pt;font-weight: var( --e-global-typography-text-font-weight );background-color: transparent;vertical-align: baseline\"> H\u00edbrido 1 &#8211; <\/span><span style=\"font-family: Arial;color: #000000;font-size: 12pt;font-weight: var( --e-global-typography-text-font-weight );background-color: transparent;font-style: italic;vertical-align: baseline\">Pinus elliottii<\/span><span style=\"font-family: Arial;color: #000000;font-size: 12pt;font-weight: var( --e-global-typography-text-font-weight );background-color: transparent;vertical-align: baseline\"> Engelm. var. <\/span><span style=\"font-family: Arial;color: #000000;font-size: 12pt;font-weight: var( --e-global-typography-text-font-weight );background-color: transparent;font-style: italic;vertical-align: baseline\">elliottii <\/span><span style=\"font-family: Arial;color: #000000;font-size: 12pt;font-weight: var( --e-global-typography-text-font-weight );background-color: transparent;vertical-align: baseline\">x <\/span><span style=\"font-family: Arial;color: #000000;font-size: 12pt;font-weight: var( --e-global-typography-text-font-weight );background-color: transparent;font-style: italic;vertical-align: baseline\">Pinus caribaea<\/span><span style=\"font-family: Arial;color: #000000;font-size: 12pt;font-weight: var( --e-global-typography-text-font-weight );background-color: transparent;vertical-align: baseline\"> var. <\/span><span style=\"font-family: Arial;color: #000000;font-size: 12pt;font-weight: var( --e-global-typography-text-font-weight );background-color: transparent;font-style: italic;vertical-align: baseline\">hondurensis<\/span><span style=\"font-family: Arial;color: #000000;font-size: 12pt;font-weight: var( --e-global-typography-text-font-weight );background-color: transparent;vertical-align: baseline\"> (PEC) e H\u00edbrido 2 &#8211; <\/span><span style=\"font-family: Arial;color: #000000;font-size: 12pt;font-weight: var( --e-global-typography-text-font-weight );background-color: transparent;font-style: italic;vertical-align: baseline\">Pinus caribaea<\/span><span style=\"font-family: Arial;color: #000000;font-size: 12pt;font-weight: var( --e-global-typography-text-font-weight );background-color: transparent;vertical-align: baseline\"> var. <\/span><span style=\"font-family: Arial;color: #000000;font-size: 12pt;font-weight: var( --e-global-typography-text-font-weight );background-color: transparent;font-style: italic;vertical-align: baseline\">hondurensis<\/span><span style=\"font-family: Arial;color: #000000;font-size: 12pt;font-weight: var( --e-global-typography-text-font-weight );background-color: transparent;vertical-align: baseline\"> x <\/span><span style=\"font-family: Arial;color: #000000;font-size: 12pt;font-weight: var( --e-global-typography-text-font-weight );background-color: transparent;font-style: italic;vertical-align: baseline\">Pinus tecunumanii<\/span><span style=\"font-family: Arial;color: #000000;font-size: 12pt;font-weight: var( --e-global-typography-text-font-weight );background-color: transparent;vertical-align: baseline\"> (PCT). O plantio ocorreu <\/span><span style=\"color: #000000;font-family: Arial;font-size: 12pt;text-indent: 36pt;background-color: transparent;vertical-align: baseline\"> em julho de 2015,<\/span><span style=\"color: #000000;font-family: Arial;font-size: 12pt;text-indent: 36pt;background-color: transparent;vertical-align: baseline\"> com tr\u00eas repeti\u00e7\u00f5es nos espa\u00e7amentos: 3,0 m x 2,0 m; 3,0 m x 2,5 m e 3,0 m x 3,0 m, totalizando 18 unidades experimentais com 72 \u00e1rvores cada.<\/span><\/p><p dir=\"ltr\" style=\"line-height: 2.4;text-indent: 36pt;text-align: justify;margin-top: 0pt;margin-bottom: 0pt\"><span style=\"background-color: transparent;color: #000000;font-family: Arial;font-size: 12pt;text-indent: 36pt\">At\u00e9 a quarta coleta, realizadas aos 6\u00b0, 14\u00b0, 25\u00b0 e 33\u00b0 m\u00eas ap\u00f3s o plantio, foram medidos o di\u00e2metro do coleto (DC), em cent\u00edmetros, e a altura total (Ht) em metros de 72 plantas centrais de cada parcela. Nas quatro coletas posteriores (49\u00b0, 61\u00b0, 74\u00b0 e 89\u00b0 m\u00eas ap\u00f3s o plantio) passaram a ser medidos os di\u00e2metros a altura do peito (DAP) em cent\u00edmetros.\u00a0<\/span><\/p><p dir=\"ltr\" style=\"line-height: 2.4;text-indent: 36pt;text-align: justify;margin-top: 0pt;margin-bottom: 0pt\"><span style=\"background-color: transparent;color: #000000;font-family: Arial;font-size: 12pt;text-indent: 36pt\">No painel abaixo encontra-se um resumo dos principais dados do experimento.\u00a0<\/span><\/p>\t\t\t\t\t\t<\/div>\n\t\t\t\t<\/div>\n\t\t\t\t\t<\/div>\n\t\t<\/div>\n\t\t\t\t\t<\/div>\n\t\t<\/section>\n\t\t\t\t<section class=\"elementor-section elementor-top-section elementor-element elementor-element-ca01d78 elementor-section-boxed elementor-section-height-default elementor-section-height-default\" data-id=\"ca01d78\" data-element_type=\"section\">\n\t\t\t\t\t\t<div class=\"elementor-container elementor-column-gap-default\">\n\t\t\t\t\t<div class=\"elementor-column elementor-col-100 elementor-top-column elementor-element elementor-element-7e8d9bf\" data-id=\"7e8d9bf\" data-element_type=\"column\">\n\t\t\t<div class=\"elementor-widget-wrap elementor-element-populated\">\n\t\t\t\t\t\t<div class=\"elementor-element elementor-element-d6c3617 elementor-widget elementor-widget-heading\" data-id=\"d6c3617\" data-element_type=\"widget\" data-widget_type=\"heading.default\">\n\t\t\t\t<div class=\"elementor-widget-container\">\n\t\t\t<h2 class=\"elementor-heading-title elementor-size-default\">Dashboard de Resultados<\/h2>\t\t<\/div>\n\t\t\t\t<\/div>\n\t\t\t\t\t<\/div>\n\t\t<\/div>\n\t\t\t\t\t<\/div>\n\t\t<\/section>\n\t\t\t\t<section class=\"elementor-section elementor-top-section elementor-element elementor-element-76b3812 elementor-section-boxed elementor-section-height-default elementor-section-height-default\" data-id=\"76b3812\" data-element_type=\"section\">\n\t\t\t\t\t\t<div class=\"elementor-container elementor-column-gap-default\">\n\t\t\t\t\t<div class=\"elementor-column elementor-col-100 elementor-top-column elementor-element elementor-element-62e2ca5\" data-id=\"62e2ca5\" data-element_type=\"column\">\n\t\t\t<div class=\"elementor-widget-wrap elementor-element-populated\">\n\t\t\t\t\t\t<div class=\"elementor-element elementor-element-3e162e8 elementor-widget elementor-widget-html\" data-id=\"3e162e8\" data-element_type=\"widget\" data-widget_type=\"html.default\">\n\t\t\t\t<div class=\"elementor-widget-container\">\n\t\t\t<iframe width=\"800\" height=\"636\" src=\"https:\/\/app.powerbi.com\/view?r=eyJrIjoiZmViZmY0MjMtOGNkNi00NWFhLWJlNTItM2MyZTk5OTUyMTI0IiwidCI6IjZjMjk3ZjkzLTkwMDAtNDg1NS1hYWM1LTRjYWJiNzJiZDgyYSJ9&amp;pageName=ReportSectiona018e0eb75afca3e3e20\" frameborder=\"0\" allowFullScreen=\"true\"><\/iframe>\t\t<\/div>\n\t\t\t\t<\/div>\n\t\t\t\t\t<\/div>\n\t\t<\/div>\n\t\t\t\t\t<\/div>\n\t\t<\/section>\n\t\t\t\t<\/div>\n\t\t","protected":false},"excerpt":{"rendered":"<p>Este experimento consiste no plantio de duas variedades de pinus h\u00edbrido: H\u00edbrido 1 &#8211; Pinus elliottii Engelm. var. elliottii x Pinus caribaea var. hondurensis (PEC) e H\u00edbrido 2 &#8211; Pinus caribaea var. hondurensis x Pinus tecunumanii (PCT). O plantio ocorreu em julho de 2015, com tr\u00eas repeti\u00e7\u00f5es nos espa\u00e7amentos: 3,0 m x 2,0 m; 3,0 [&hellip;]<\/p>\n","protected":false},"author":3756,"featured_media":0,"parent":0,"menu_order":0,"comment_status":"closed","ping_status":"closed","template":"","meta":{"footnotes":""},"categories":[],"tags":[],"class_list":["post-252","page","type-page","status-publish","hentry"],"acf":[],"_links":{"self":[{"href":"https:\/\/www.ufsm.br\/laboratorios\/lmpf\/wp-json\/wp\/v2\/pages\/252","targetHints":{"allow":["GET"]}}],"collection":[{"href":"https:\/\/www.ufsm.br\/laboratorios\/lmpf\/wp-json\/wp\/v2\/pages"}],"about":[{"href":"https:\/\/www.ufsm.br\/laboratorios\/lmpf\/wp-json\/wp\/v2\/types\/page"}],"author":[{"embeddable":true,"href":"https:\/\/www.ufsm.br\/laboratorios\/lmpf\/wp-json\/wp\/v2\/users\/3756"}],"replies":[{"embeddable":true,"href":"https:\/\/www.ufsm.br\/laboratorios\/lmpf\/wp-json\/wp\/v2\/comments?post=252"}],"version-history":[{"count":0,"href":"https:\/\/www.ufsm.br\/laboratorios\/lmpf\/wp-json\/wp\/v2\/pages\/252\/revisions"}],"wp:attachment":[{"href":"https:\/\/www.ufsm.br\/laboratorios\/lmpf\/wp-json\/wp\/v2\/media?parent=252"}],"wp:term":[{"taxonomy":"category","embeddable":true,"href":"https:\/\/www.ufsm.br\/laboratorios\/lmpf\/wp-json\/wp\/v2\/categories?post=252"},{"taxonomy":"post_tag","embeddable":true,"href":"https:\/\/www.ufsm.br\/laboratorios\/lmpf\/wp-json\/wp\/v2\/tags?post=252"}],"curies":[{"name":"wp","href":"https:\/\/api.w.org\/{rel}","templated":true}]}}