{"id":32,"date":"2019-05-24T15:38:39","date_gmt":"2019-05-24T18:38:39","guid":{"rendered":"https:\/\/www.ufsm.br\/template-laboratprio\/?page_id=32"},"modified":"2023-02-01T15:19:17","modified_gmt":"2023-02-01T18:19:17","slug":"projetos","status":"publish","type":"page","link":"https:\/\/www.ufsm.br\/laboratorios\/lmpf\/projetos","title":{"rendered":"Projetos"},"content":{"rendered":"\t\t<div data-elementor-type=\"wp-page\" data-elementor-id=\"32\" class=\"elementor elementor-32\">\n\t\t\t\t\t\t<section class=\"elementor-section elementor-top-section elementor-element elementor-element-d33b5d1 elementor-section-boxed elementor-section-height-default elementor-section-height-default\" data-id=\"d33b5d1\" data-element_type=\"section\">\n\t\t\t\t\t\t<div class=\"elementor-container elementor-column-gap-default\">\n\t\t\t\t\t<div class=\"elementor-column elementor-col-100 elementor-top-column elementor-element elementor-element-8828fef\" data-id=\"8828fef\" data-element_type=\"column\">\n\t\t\t<div class=\"elementor-widget-wrap elementor-element-populated\">\n\t\t\t\t\t\t<div class=\"elementor-element elementor-element-60188db elementor-widget elementor-widget-image\" data-id=\"60188db\" data-element_type=\"widget\" data-settings=\"{&quot;_animation&quot;:&quot;none&quot;}\" data-widget_type=\"image.default\">\n\t\t\t\t<div class=\"elementor-widget-container\">\n\t\t\t\t\t\t\t\t\t\t\t\t\t\t<a href=\"https:\/\/www.ufsm.br\/laboratorios\/lmpf\/fazenda-modelo-flopal\/\">\n\t\t\t\t\t\t\t<img decoding=\"async\" src=\"https:\/\/www.ufsm.br\/app\/uploads\/sites\/849\/elementor\/thumbs\/Banner-site-4-p9fjgr872eu2ecewz6p13bekf3w7xsn7opo21bwtrg.jpg\" title=\"Projeto Fazenda Modelo FLOPAL\" alt=\"Banner com o t\u00edtulo: Projeto Fazenda Modelo FLOPAL, abaixo o subt\u00edtulo: Qualifica\u00e7\u00e3o do Processo Produtivo. No canto inferior direito h\u00e1 um bot\u00e3o escrito: Saiba Mais!\" loading=\"lazy\" \/>\t\t\t\t\t\t\t\t<\/a>\n\t\t\t\t\t\t\t\t\t\t\t\t\t<\/div>\n\t\t\t\t<\/div>\n\t\t\t\t\t<\/div>\n\t\t<\/div>\n\t\t\t\t\t<\/div>\n\t\t<\/section>\n\t\t\t\t<section class=\"elementor-section elementor-top-section elementor-element elementor-element-0fdcc29 elementor-section-boxed elementor-section-height-default elementor-section-height-default\" data-id=\"0fdcc29\" data-element_type=\"section\">\n\t\t\t\t\t\t<div class=\"elementor-container elementor-column-gap-default\">\n\t\t\t\t\t<div class=\"elementor-column elementor-col-100 elementor-top-column elementor-element elementor-element-2218e99\" data-id=\"2218e99\" data-element_type=\"column\">\n\t\t\t<div class=\"elementor-widget-wrap elementor-element-populated\">\n\t\t\t\t\t\t<div class=\"elementor-element elementor-element-583e544 elementor-widget elementor-widget-image\" data-id=\"583e544\" data-element_type=\"widget\" data-widget_type=\"image.default\">\n\t\t\t\t<div class=\"elementor-widget-container\">\n\t\t\t\t\t\t\t\t\t\t\t\t\t\t<a href=\"https:\/\/www.ufsm.br\/laboratorios\/lmpf\/elementor-238\/\">\n\t\t\t\t\t\t\t<img decoding=\"async\" src=\"https:\/\/www.ufsm.br\/app\/uploads\/sites\/849\/2022\/10\/Banner-site.jpg\" title=\"\" alt=\"\" loading=\"lazy\" \/>\t\t\t\t\t\t\t\t<\/a>\n\t\t\t\t\t\t\t\t\t\t\t\t\t<\/div>\n\t\t\t\t<\/div>\n\t\t\t\t\t<\/div>\n\t\t<\/div>\n\t\t\t\t\t<\/div>\n\t\t<\/section>\n\t\t\t\t<section class=\"elementor-section elementor-top-section elementor-element elementor-element-aab4d26 elementor-section-boxed elementor-section-height-default elementor-section-height-default\" data-id=\"aab4d26\" data-element_type=\"section\">\n\t\t\t\t\t\t<div class=\"elementor-container elementor-column-gap-default\">\n\t\t\t\t\t<div class=\"elementor-column elementor-col-100 elementor-top-column elementor-element elementor-element-2a81afb\" data-id=\"2a81afb\" data-element_type=\"column\">\n\t\t\t<div class=\"elementor-widget-wrap elementor-element-populated\">\n\t\t\t\t\t\t<div class=\"elementor-element elementor-element-0929bfc elementor-widget elementor-widget-image\" data-id=\"0929bfc\" data-element_type=\"widget\" data-widget_type=\"image.default\">\n\t\t\t\t<div class=\"elementor-widget-container\">\n\t\t\t\t\t\t\t\t\t\t<figure class=\"wp-caption\">\n\t\t\t\t\t\t\t\t\t\t\t<a href=\"https:\/\/www.ufsm.br\/laboratorios\/lmpf\/qualidade-de-vida-no-setor-florestal\/\">\n\t\t\t\t\t\t\t<img fetchpriority=\"high\" decoding=\"async\" width=\"1024\" height=\"390\" src=\"https:\/\/www.ufsm.br\/app\/uploads\/sites\/849\/2022\/10\/Banner-site-8-1024x390.jpg\" class=\"attachment-large size-large wp-image-243\" alt=\"\" srcset=\"https:\/\/www.ufsm.br\/app\/uploads\/sites\/849\/2022\/10\/Banner-site-8-1024x390.jpg 1024w, https:\/\/www.ufsm.br\/app\/uploads\/sites\/849\/2022\/10\/Banner-site-8-300x114.jpg 300w, https:\/\/www.ufsm.br\/app\/uploads\/sites\/849\/2022\/10\/Banner-site-8-768x292.jpg 768w, https:\/\/www.ufsm.br\/app\/uploads\/sites\/849\/2022\/10\/Banner-site-8-1536x585.jpg 1536w, https:\/\/www.ufsm.br\/app\/uploads\/sites\/849\/2022\/10\/Banner-site-8.jpg 1920w\" sizes=\"(max-width: 1024px) 100vw, 1024px\" \/>\t\t\t\t\t\t\t\t<\/a>\n\t\t\t\t\t\t\t\t\t\t\t<figcaption class=\"widget-image-caption wp-caption-text\"><\/figcaption>\n\t\t\t\t\t\t\t\t\t\t<\/figure>\n\t\t\t\t\t\t\t<\/div>\n\t\t\t\t<\/div>\n\t\t\t\t\t<\/div>\n\t\t<\/div>\n\t\t\t\t\t<\/div>\n\t\t<\/section>\n\t\t\t\t<section class=\"elementor-section elementor-top-section elementor-element elementor-element-187658c elementor-section-boxed elementor-section-height-default elementor-section-height-default\" data-id=\"187658c\" data-element_type=\"section\">\n\t\t\t\t\t\t<div class=\"elementor-container elementor-column-gap-default\">\n\t\t\t\t\t<div class=\"elementor-column elementor-col-100 elementor-top-column elementor-element elementor-element-5d22056\" data-id=\"5d22056\" data-element_type=\"column\">\n\t\t\t<div class=\"elementor-widget-wrap elementor-element-populated\">\n\t\t\t\t\t\t<div class=\"elementor-element elementor-element-cc56617 elementor-widget elementor-widget-image\" data-id=\"cc56617\" data-element_type=\"widget\" data-widget_type=\"image.default\">\n\t\t\t\t<div class=\"elementor-widget-container\">\n\t\t\t\t\t\t\t\t\t\t\t\t\t\t<a href=\"https:\/\/www.ufsm.br\/laboratorios\/lmpf\/resinagem-de-pinus-elliottii-e-qualidade-da-madeira\/\">\n\t\t\t\t\t\t\t<img decoding=\"async\" width=\"1024\" height=\"390\" src=\"https:\/\/www.ufsm.br\/app\/uploads\/sites\/849\/2022\/10\/Banner-site-9-1024x390.jpg\" class=\"attachment-large size-large wp-image-247\" alt=\"\" srcset=\"https:\/\/www.ufsm.br\/app\/uploads\/sites\/849\/2022\/10\/Banner-site-9-1024x390.jpg 1024w, https:\/\/www.ufsm.br\/app\/uploads\/sites\/849\/2022\/10\/Banner-site-9-300x114.jpg 300w, https:\/\/www.ufsm.br\/app\/uploads\/sites\/849\/2022\/10\/Banner-site-9-768x292.jpg 768w, https:\/\/www.ufsm.br\/app\/uploads\/sites\/849\/2022\/10\/Banner-site-9-1536x585.jpg 1536w, https:\/\/www.ufsm.br\/app\/uploads\/sites\/849\/2022\/10\/Banner-site-9.jpg 1920w\" sizes=\"(max-width: 1024px) 100vw, 1024px\" \/>\t\t\t\t\t\t\t\t<\/a>\n\t\t\t\t\t\t\t\t\t\t\t\t\t<\/div>\n\t\t\t\t<\/div>\n\t\t\t\t\t<\/div>\n\t\t<\/div>\n\t\t\t\t\t<\/div>\n\t\t<\/section>\n\t\t\t\t<section class=\"elementor-section elementor-top-section elementor-element elementor-element-c0b0de9 elementor-section-boxed elementor-section-height-default elementor-section-height-default\" data-id=\"c0b0de9\" data-element_type=\"section\">\n\t\t\t\t\t\t<div class=\"elementor-container elementor-column-gap-default\">\n\t\t\t\t\t<div class=\"elementor-column elementor-col-100 elementor-top-column elementor-element elementor-element-3de11f1\" data-id=\"3de11f1\" data-element_type=\"column\">\n\t\t\t<div class=\"elementor-widget-wrap elementor-element-populated\">\n\t\t\t\t\t\t<div class=\"elementor-element elementor-element-8f83209 elementor-widget elementor-widget-image\" data-id=\"8f83209\" data-element_type=\"widget\" data-widget_type=\"image.default\">\n\t\t\t\t<div class=\"elementor-widget-container\">\n\t\t\t\t\t\t\t\t\t\t\t\t\t\t<a href=\"https:\/\/www.ufsm.br\/laboratorios\/lmpf\/elementor-238\/\">\n\t\t\t\t\t\t\t<img decoding=\"async\" width=\"1024\" height=\"390\" src=\"https:\/\/www.ufsm.br\/app\/uploads\/sites\/849\/2022\/12\/Banner-site-12-1024x390.jpg\" class=\"attachment-large size-large wp-image-251\" alt=\"\" srcset=\"https:\/\/www.ufsm.br\/app\/uploads\/sites\/849\/2022\/12\/Banner-site-12-1024x390.jpg 1024w, https:\/\/www.ufsm.br\/app\/uploads\/sites\/849\/2022\/12\/Banner-site-12-300x114.jpg 300w, https:\/\/www.ufsm.br\/app\/uploads\/sites\/849\/2022\/12\/Banner-site-12-768x292.jpg 768w, https:\/\/www.ufsm.br\/app\/uploads\/sites\/849\/2022\/12\/Banner-site-12-1536x585.jpg 1536w, https:\/\/www.ufsm.br\/app\/uploads\/sites\/849\/2022\/12\/Banner-site-12.jpg 1920w\" sizes=\"(max-width: 1024px) 100vw, 1024px\" \/>\t\t\t\t\t\t\t\t<\/a>\n\t\t\t\t\t\t\t\t\t\t\t\t\t<\/div>\n\t\t\t\t<\/div>\n\t\t\t\t\t<\/div>\n\t\t<\/div>\n\t\t\t\t\t<\/div>\n\t\t<\/section>\n\t\t\t\t<section class=\"elementor-section elementor-top-section elementor-element elementor-element-ddbb0da elementor-section-boxed elementor-section-height-default elementor-section-height-default\" data-id=\"ddbb0da\" data-element_type=\"section\">\n\t\t\t\t\t\t<div class=\"elementor-container elementor-column-gap-default\">\n\t\t\t\t\t<div class=\"elementor-column elementor-col-100 elementor-top-column elementor-element elementor-element-0ac3f28\" data-id=\"0ac3f28\" data-element_type=\"column\">\n\t\t\t<div class=\"elementor-widget-wrap elementor-element-populated\">\n\t\t\t\t\t\t<div class=\"elementor-element elementor-element-2612dc4 elementor-widget elementor-widget-image\" data-id=\"2612dc4\" data-element_type=\"widget\" data-widget_type=\"image.default\">\n\t\t\t\t<div class=\"elementor-widget-container\">\n\t\t\t\t\t\t\t\t\t\t\t\t\t\t<a href=\"https:\/\/www.ufsm.br\/laboratorios\/lmpf\/elementor-252\">\n\t\t\t\t\t\t\t<img loading=\"lazy\" decoding=\"async\" width=\"1024\" height=\"390\" src=\"https:\/\/www.ufsm.br\/app\/uploads\/sites\/849\/2023\/02\/Banner-site-1024x390.jpg\" class=\"attachment-large size-large wp-image-254\" alt=\"\" srcset=\"https:\/\/www.ufsm.br\/app\/uploads\/sites\/849\/2023\/02\/Banner-site-1024x390.jpg 1024w, https:\/\/www.ufsm.br\/app\/uploads\/sites\/849\/2023\/02\/Banner-site-300x114.jpg 300w, https:\/\/www.ufsm.br\/app\/uploads\/sites\/849\/2023\/02\/Banner-site-768x292.jpg 768w, https:\/\/www.ufsm.br\/app\/uploads\/sites\/849\/2023\/02\/Banner-site-1536x585.jpg 1536w, https:\/\/www.ufsm.br\/app\/uploads\/sites\/849\/2023\/02\/Banner-site.jpg 1920w\" sizes=\"(max-width: 1024px) 100vw, 1024px\" \/>\t\t\t\t\t\t\t\t<\/a>\n\t\t\t\t\t\t\t\t\t\t\t\t\t<\/div>\n\t\t\t\t<\/div>\n\t\t\t\t\t<\/div>\n\t\t<\/div>\n\t\t\t\t\t<\/div>\n\t\t<\/section>\n\t\t\t\t<\/div>\n\t\t","protected":false},"excerpt":{"rendered":"","protected":false},"author":25,"featured_media":0,"parent":0,"menu_order":0,"comment_status":"closed","ping_status":"closed","template":"","meta":{"footnotes":""},"categories":[],"tags":[],"class_list":["post-32","page","type-page","status-publish","hentry"],"acf":[],"_links":{"self":[{"href":"https:\/\/www.ufsm.br\/laboratorios\/lmpf\/wp-json\/wp\/v2\/pages\/32","targetHints":{"allow":["GET"]}}],"collection":[{"href":"https:\/\/www.ufsm.br\/laboratorios\/lmpf\/wp-json\/wp\/v2\/pages"}],"about":[{"href":"https:\/\/www.ufsm.br\/laboratorios\/lmpf\/wp-json\/wp\/v2\/types\/page"}],"author":[{"embeddable":true,"href":"https:\/\/www.ufsm.br\/laboratorios\/lmpf\/wp-json\/wp\/v2\/users\/25"}],"replies":[{"embeddable":true,"href":"https:\/\/www.ufsm.br\/laboratorios\/lmpf\/wp-json\/wp\/v2\/comments?post=32"}],"version-history":[{"count":0,"href":"https:\/\/www.ufsm.br\/laboratorios\/lmpf\/wp-json\/wp\/v2\/pages\/32\/revisions"}],"wp:attachment":[{"href":"https:\/\/www.ufsm.br\/laboratorios\/lmpf\/wp-json\/wp\/v2\/media?parent=32"}],"wp:term":[{"taxonomy":"category","embeddable":true,"href":"https:\/\/www.ufsm.br\/laboratorios\/lmpf\/wp-json\/wp\/v2\/categories?post=32"},{"taxonomy":"post_tag","embeddable":true,"href":"https:\/\/www.ufsm.br\/laboratorios\/lmpf\/wp-json\/wp\/v2\/tags?post=32"}],"curies":[{"name":"wp","href":"https:\/\/api.w.org\/{rel}","templated":true}]}}