{"id":23,"date":"2019-05-14T17:02:03","date_gmt":"2019-05-14T20:02:03","guid":{"rendered":"https:\/\/www.ufsm.br\/template-laboratprio\/?page_id=23"},"modified":"2019-07-22T13:02:35","modified_gmt":"2019-07-22T16:02:35","slug":"equipe","status":"publish","type":"page","link":"https:\/\/www.ufsm.br\/laboratorios\/lpc\/equipe","title":{"rendered":"Equipe"},"content":{"rendered":"\n<p class=\"paragraph_style\"><span class=\"style_2\">Associa\u00e7\u00f5es &amp; Intera\u00e7\u00f5es<\/span><\/p>\n<p class=\"Body\"><span class=\"style_3\">Dr. Andr\u00e9s Ciolino, PLAPIQUI, Bahia Blanca, Argentina<\/span><\/p>\n<p class=\"paragraph_style_1\">Dra. Giovanna Machado &#8211; CETENE, Recife<\/p>\n<p class=\"paragraph_style_1\">Dr. Fernando C. Giacomelli &#8211; UFABC, Santo Andr\u00e9<\/p>\n<p class=\"paragraph_style_2\"><strong>Coordenadores<\/strong><\/p>\n<div class=\"paragraph paragraph_style_3\">\n<div class=\"tinyText inline-block\"><img decoding=\"async\" class=\"size-full wp-image-39 alignleft\" src=\"https:\/\/www.ufsm.br\/laboratorios\/lpc\/wp-content\/uploads\/sites\/666\/2019\/07\/shapeimage_1.jpg\" alt=\"\" width=\"86\" height=\"86\" \/><\/div>\n<span class=\"style_3\">Prof. Cristiano Giacomelli<\/span><\/div>\n<p class=\"paragraph_style_4\">Doutor em Pol\u00edmeros pela Universit\u00e9 Bordeaux 1, Fran\u00e7a.<\/p>\n<p class=\"paragraph_style_4\"><a title=\"http:\/\/lattes.cnpq.br\/1429116139250396\" href=\"http:\/\/lattes.cnpq.br\/1429116139250396\">CV Lattes, CNPq &#8211; PQ-2<\/a><\/p>\n<div class=\"paragraph paragraph_style_3\">\n<div class=\"tinyText inline-block\"><img decoding=\"async\" class=\"size-full wp-image-40 alignleft\" src=\"https:\/\/www.ufsm.br\/laboratorios\/lpc\/wp-content\/uploads\/sites\/666\/2019\/07\/shapeimage_2.jpg\" alt=\"\" width=\"86\" height=\"86\" \/><\/div>\n<span class=\"style_3\">Profa. Vanessa Schmidt<\/span><\/div>\n<p class=\"paragraph_style_4\">Doutora em Qu\u00edmica pela Universit\u00e9 Bordeaux 1, Fran\u00e7a.<\/p>\n<p class=\"paragraph_style_4\"><a title=\"http:\/\/lattes.cnpq.br\/0181326876779784\" href=\"http:\/\/lattes.cnpq.br\/0181326876779784\">CV Lattes<\/a><\/p>\n<p class=\"paragraph_style_2\"><strong>Integrantes (Alunos Grad &amp; PG)<\/strong><\/p>\n<p class=\"paragraph_style_6\">Doutorado<\/p>\n<p class=\"paragraph_style_3\"><span class=\"style_3\">Augusto G. O. de Freitas<\/span><\/p>\n<p class=\"paragraph_style_3\"><span class=\"style_3\">Paulo I. R. Muraro\u00a0<\/span><\/p>\n<p class=\"paragraph_style_6\">Mestrado<\/p>\n<p class=\"paragraph_style_3\"><span class=\"style_3\">Tanize Bortolotto<br \/><\/span><\/p>\n<p class=\"paragraph_style_3\"><span class=\"style_3\">Robson L. Dazzi<br \/><\/span><\/p>\n<p class=\"paragraph_style_6\">Inicia\u00e7\u00e3o cient\u00edfica<\/p>\n<p class=\"paragraph_style_3\"><span class=\"style_3\">Patricia Schmidt<br \/><\/span><\/p>\n<p class=\"paragraph_style_3\"><span class=\"style_3\">Sara E. Facchinetto<br \/><\/span><\/p>\n<p class=\"paragraph_style_3\"><span class=\"style_3\">Suelen G. Trindade<br \/><\/span><\/p>\n<p class=\"paragraph_style_7\">Alumini<\/p>\n<p class=\"paragraph_style_3\"><span class=\"style_3\">Roberta C. Scaravelli\u00a0<\/span>&#8211; Mestrado<\/p>\n<p class=\"paragraph_style_3\"><span class=\"style_3\">Augusto G. O. de Freitas\u00a0<\/span>&#8211; Mestrado<\/p>\n<p class=\"paragraph_style_3\"><span class=\"style_3\">Robson L. Dazzi\u00a0<\/span>&#8211; IC<\/p>\n<p class=\"paragraph_style_3\"><span class=\"style_3\">Patr\u00edcia\u00a0 Ebani\u00a0<\/span>&#8211; IC<\/p>\n<p class=\"paragraph_style_3\"><span class=\"style_3\">Dienefer Piexak\u00a0<\/span>&#8211; IC<\/p>\n<p class=\"paragraph_style_3\"><span class=\"style_3\">Marina Hackbarth<\/span>\u00a0&#8211; IC<\/p>\n","protected":false},"excerpt":{"rendered":"<p>Associa\u00e7\u00f5es &amp; Intera\u00e7\u00f5es Dr. Andr\u00e9s Ciolino, PLAPIQUI, Bahia Blanca, Argentina Dra. Giovanna Machado &#8211; CETENE, Recife Dr. Fernando C. Giacomelli &#8211; UFABC, Santo Andr\u00e9 Coordenadores Prof. Cristiano Giacomelli Doutor em Pol\u00edmeros pela Universit\u00e9 Bordeaux 1, Fran\u00e7a. CV Lattes, CNPq &#8211; PQ-2 Profa. Vanessa Schmidt Doutora em Qu\u00edmica pela Universit\u00e9 Bordeaux 1, Fran\u00e7a. CV Lattes Integrantes [&hellip;]<\/p>\n","protected":false},"author":124,"featured_media":0,"parent":0,"menu_order":0,"comment_status":"closed","ping_status":"closed","template":"","meta":{"footnotes":""},"categories":[],"tags":[],"class_list":["post-23","page","type-page","status-publish","hentry"],"acf":[],"_links":{"self":[{"href":"https:\/\/www.ufsm.br\/laboratorios\/lpc\/wp-json\/wp\/v2\/pages\/23","targetHints":{"allow":["GET"]}}],"collection":[{"href":"https:\/\/www.ufsm.br\/laboratorios\/lpc\/wp-json\/wp\/v2\/pages"}],"about":[{"href":"https:\/\/www.ufsm.br\/laboratorios\/lpc\/wp-json\/wp\/v2\/types\/page"}],"author":[{"embeddable":true,"href":"https:\/\/www.ufsm.br\/laboratorios\/lpc\/wp-json\/wp\/v2\/users\/124"}],"replies":[{"embeddable":true,"href":"https:\/\/www.ufsm.br\/laboratorios\/lpc\/wp-json\/wp\/v2\/comments?post=23"}],"version-history":[{"count":0,"href":"https:\/\/www.ufsm.br\/laboratorios\/lpc\/wp-json\/wp\/v2\/pages\/23\/revisions"}],"wp:attachment":[{"href":"https:\/\/www.ufsm.br\/laboratorios\/lpc\/wp-json\/wp\/v2\/media?parent=23"}],"wp:term":[{"taxonomy":"category","embeddable":true,"href":"https:\/\/www.ufsm.br\/laboratorios\/lpc\/wp-json\/wp\/v2\/categories?post=23"},{"taxonomy":"post_tag","embeddable":true,"href":"https:\/\/www.ufsm.br\/laboratorios\/lpc\/wp-json\/wp\/v2\/tags?post=23"}],"curies":[{"name":"wp","href":"https:\/\/api.w.org\/{rel}","templated":true}]}}