{"id":41,"date":"2019-07-22T13:20:24","date_gmt":"2019-07-22T16:20:24","guid":{"rendered":"https:\/\/www.ufsm.br\/laboratorios\/lpc\/?page_id=41"},"modified":"2019-07-22T13:20:27","modified_gmt":"2019-07-22T16:20:27","slug":"pesquisa","status":"publish","type":"page","link":"https:\/\/www.ufsm.br\/laboratorios\/lpc\/pesquisa","title":{"rendered":"Pesquisa"},"content":{"rendered":"\n<div id=\"id3\" class=\"style_SkipStroke_2 shape-with-text\">\n<div class=\"text-content Normal_External_343_150\">\n<div class=\"Normal\">\n<p><img decoding=\"async\" class=\"alignleft wp-image-42 size-thumbnail\" src=\"https:\/\/www.ufsm.br\/laboratorios\/lpc\/wp-content\/uploads\/sites\/666\/2019\/07\/shapeimage_1-1-150x150.jpg\" alt=\"\" width=\"150\" height=\"150\" \/><\/p>\n<p class=\"paragraph_style\">A engenharia macromolecular (*) centraliza as linhas de pesquisa do laborat\u00f3rio, as quais t\u00eam car\u00e1ter multidisciplinar, e por isto os resultados contam com aporte fundamental colabora\u00e7\u00f5es de outras institu\u00e7\u00f5es. Em geral, os projetos, artigos e patentes congregam qu\u00edmicos, f\u00edsicos, bi\u00f3logos, farmac\u00eauticos e engenheiros.<\/p>\n<p class=\"paragraph_style\"><span style=\"font-size: inherit\">(*) Arte de i) planejar a estrutura qu\u00edmica de pol\u00edmeros a partir das propriedades desejadas para aplica\u00e7\u00f5es tecnol\u00f3gicas especificas, ii) realizar a s\u00edntese e iii) testar os produtos obtidos.<\/span><\/p>\n<p><strong>REOLOGIA DE POL\u00cdMEROS E COL\u00d3IDES<\/strong><\/p>\n<p><img decoding=\"async\" class=\"wp-image-43 size-medium alignleft\" src=\"https:\/\/www.ufsm.br\/laboratorios\/lpc\/wp-content\/uploads\/sites\/666\/2019\/07\/shapeimage_1-2-300x159.jpg\" alt=\"\" width=\"300\" height=\"159\" srcset=\"https:\/\/www.ufsm.br\/app\/uploads\/sites\/666\/2019\/07\/shapeimage_1-2-300x159.jpg 300w, https:\/\/www.ufsm.br\/app\/uploads\/sites\/666\/2019\/07\/shapeimage_1-2.jpg 395w\" sizes=\"(max-width: 300px) 100vw, 300px\" \/><\/p>\n<p class=\"Quote\">Reologia de Pol\u00edmeros e Col\u00f3ides<\/p>\n<p class=\"paragraph_style\">Aplica\u00e7\u00f5es:<\/p>\n<ol>\n<li class=\"full-width\">\n<p class=\"paragraph_style_1\"><span class=\"Bullet\">&#8211;<\/span>Novos materiais<\/p>\n<\/li>\n<li class=\"full-width\">\n<p class=\"paragraph_style_1\"><span class=\"Bullet\">&#8211;<\/span>G\u00e9is estimul\u00e1veis<\/p>\n<\/li>\n<li class=\"full-width\">\n<p class=\"paragraph_style_1\"><span class=\"Bullet\">&#8211;<\/span>Cosm\u00e9ticos<\/p>\n<\/li>\n<li class=\"full-width\">\n<p class=\"paragraph_style_1\"><span class=\"Bullet\">&#8211;<\/span>Produtos farmac\u00eauticos<\/p>\n<\/li>\n<li class=\"full-width\">\n<p class=\"paragraph_style_1\"><span class=\"Bullet\">&#8211;<\/span>Ind\u00fastria do petr\u00f3leo<\/p>\n<\/li>\n<\/ol>\n<p class=\"Body\">A reologia compreende o estudo da resposta din\u00e2mica de materiais fluidos sob efeito de deforma\u00e7\u00e3o.<\/p>\n<p class=\"Body\">Nosso laborat\u00f3rio t\u00eam dois enfoques nesta \u00e1rea do conhecimento:<\/p>\n<p class=\"Body\">1) Planejamento, s\u00edntese e estudo de sistemais coloidais com propriedades reol\u00f3gicas diferenciadas, que podem ser induzidas por est\u00edmulos tais como for\u00e7a i\u00f4nica, pH, temperatura, radia\u00e7\u00e3o e campo el\u00e9trico. Neste contexto, pol\u00edmeros s\u00e3o sintetizados a partir da biomassa, e investigamos as propriedades reol\u00f3gicas dos mesmos.<\/p>\n<p class=\"Body\">2) Determina\u00e7\u00e3o de propriedades reol\u00f3gicas de materiais polim\u00e9ricos (blendas e comp\u00f3sitos) no estado s\u00f3lido e fundido.\u00a0<\/p>\n<\/div>\n<p><strong>Planejamento e s\u00edntese de pol\u00edmeros com arquitetura controlada<\/strong><\/p>\n<p><img fetchpriority=\"high\" decoding=\"async\" class=\"size-full wp-image-44 alignleft\" src=\"https:\/\/www.ufsm.br\/laboratorios\/lpc\/wp-content\/uploads\/sites\/666\/2019\/07\/shapeimage_1-3.jpg\" alt=\"\" width=\"272\" height=\"210\" \/><\/p>\n<p class=\"paragraph_style\">Aplica\u00e7\u00f5es:<\/p>\n<ol>\n<li class=\"full-width\">\n<p class=\"paragraph_style_1\"><span class=\"Bullet\">&#8211;<\/span>Nanomateriais<\/p>\n<\/li>\n<li class=\"full-width\">\n<p class=\"paragraph_style_1\"><span class=\"Bullet\">&#8211;<\/span>Prepara\u00e7\u00e3o de col\u00f3ides<\/p>\n<\/li>\n<li class=\"full-width\">\n<p class=\"paragraph_style_1\"><span class=\"Bullet\">&#8211;<\/span>Tecnologias de encapsula\u00e7\u00e3o<\/p>\n<\/li>\n<li class=\"full-width\">\n<p class=\"paragraph_style_1\"><span class=\"Bullet\">&#8211;<\/span>G\u00e9is estimul\u00e1veis<\/p>\n<\/li>\n<\/ol>\n<\/div>\n<\/div>\n<p>\u00a0<\/p>\n<p>SI\u0301NTESE DE MACROMOLE\u0301CULAS COM ARQUITETURA CONTROLADA<\/p>\n<p class=\"Body\">Nesta linha de pesquisa n\u00f3s desenvolvemos metodologias para a s\u00edntese de macromol\u00e9culas com arquitetura, funcionalidade, composi\u00e7\u00e3o e topologias controladas.\u00a0<\/p>\n<p class=\"Body\">Materiais com propriedades ajust\u00e1veis tais como biocompatibilidade, molhabilidade, ades\u00e3o, baixo coeficiente de atrito, resposta frente a varia\u00e7\u00f5es nos par\u00e2metros das vizinhan\u00e7as (ex.: pH, temperatura, for\u00e7a i\u00f4nica, radia\u00e7\u00e3o UV, campo magn\u00e9tico, etc.) podem ser elaborados atrav\u00e9s da combina\u00e7\u00e3o de mon\u00f4meros (com distintas reatividades, solubilidades e grupos funcionais) e mecanismos de polimeriza\u00e7\u00e3o (radicalar, ani\u00f4nica, cati\u00f4nica).<\/p>\n<p><strong>Prepara\u00e7\u00e3o de c\u00f3loides funcionais<\/strong><\/p>\n<p><img loading=\"lazy\" decoding=\"async\" class=\"wp-image-45 size-medium alignleft\" src=\"https:\/\/www.ufsm.br\/laboratorios\/lpc\/wp-content\/uploads\/sites\/666\/2019\/07\/shapeimage_1-4-300x163.jpg\" alt=\"\" width=\"300\" height=\"163\" srcset=\"https:\/\/www.ufsm.br\/app\/uploads\/sites\/666\/2019\/07\/shapeimage_1-4-300x163.jpg 300w, https:\/\/www.ufsm.br\/app\/uploads\/sites\/666\/2019\/07\/shapeimage_1-4.jpg 386w\" sizes=\"(max-width: 300px) 100vw, 300px\" \/><\/p>\n<p class=\"paragraph_style_2\">Aplica\u00e7\u00f5es:<\/p>\n<ol>\n<li class=\"full-width\">\n<p class=\"paragraph_style_3\"><span class=\"Bullet\">&#8211;<\/span>Nanotecnologia<\/p>\n<\/li>\n<li class=\"full-width\">\n<p class=\"paragraph_style_3\"><span class=\"Bullet\">&#8211;<\/span>Encapsula\u00e7\u00e3o de mol\u00e9culas solvof\u00f3bicas<\/p>\n<\/li>\n<li class=\"full-width\">\n<p class=\"paragraph_style_3\"><span class=\"Bullet\">&#8211;<\/span>Mecanismos de contraste em t\u00e9cnicas de diagn\u00f3stico<\/p>\n<\/li>\n<\/ol>\n<p class=\"paragraph_style_3\"><span class=\"Bullet\">&#8211;<\/span>G\u00e9is<\/p>\n<p>COL\u00d3IDES FUNCIONAIS<\/p>\n<p class=\"Body\">Nosso interesse em col\u00f3ides se\u00a0 concentra no planejamento e s\u00edntese de sistemas de micro- e nanopart\u00edculas (org\u00e2nicas, inorg\u00e2nicas e h\u00edbridas) com funcionalidades espec\u00edficas, e determinadas a partir da manipula\u00e7\u00e3o dos processos de s\u00edntese.<\/p>\n<p class=\"paragraph_style\">Projetos em andamento:<\/p>\n<p class=\"Body\">&#8211; S\u00edntese por ATRP em Mini-emuls\u00e3o Reversa de Copol\u00edmeros em Bloco Fluorados com Aplica\u00e7\u00e3o em Diagn\u00f3sticos por IRM de 19F.<\/p>\n<p class=\"paragraph_style_1\"><span class=\"Bullet\">&#8211;<\/span>Nanopart\u00edculas hier\u00e1rquicas a base de copol\u00edmeros em bloco, prote\u00ednas e agentes de contraste para aplica\u00e7\u00e3o em diagn\u00f3sticos por imagem.<\/p>\n<p class=\"paragraph_style_1\"><span class=\"Bullet\">&#8211;<\/span>Nanoc\u00e1psulas e micelas aplicadas ao tratamento da asma.<\/p>\n<p><strong>Funcionaliza\u00e7\u00e3o de superf\u00edcies por filmes finos de pol\u00edmeros<\/strong><\/p>\n<p><img loading=\"lazy\" decoding=\"async\" class=\"wp-image-46 size-thumbnail alignleft\" src=\"https:\/\/www.ufsm.br\/laboratorios\/lpc\/wp-content\/uploads\/sites\/666\/2019\/07\/shapeimage_1-5-150x150.jpg\" alt=\"\" width=\"150\" height=\"150\" \/><\/p>\n<ol>\n<li class=\"paragraph_style_1\">Aplica\u00e7\u00f5es:<\/li>\n<li class=\"full-width\">\n<p class=\"paragraph_style_2\"><span class=\"Bullet\">&#8211;<\/span>Sensores<\/p>\n<\/li>\n<li class=\"full-width\">\n<p class=\"paragraph_style_2\"><span class=\"Bullet\">&#8211;<\/span>Adesivos inteligentes<\/p>\n<\/li>\n<li class=\"full-width\">\n<p class=\"paragraph_style_2\"><span class=\"Bullet\">&#8211;<\/span>Nanolitografia e nanofabrica\u00e7\u00e3o<\/p>\n<\/li>\n<\/ol>\n<p>ENGENHARIA DE SUPERF\u00cdCIES<\/p>\n<p class=\"Body\">Nossa equipe estuda a funcionaliza\u00e7\u00e3o de superf\u00edcies por filmes finos de pol\u00edmeros ligados covalentemente \u00e0 superf\u00edcie atrav\u00e9s de uma das extremidades (grupo terminal) da cadeia, originando estruturas h\u00edbridas do tipo escova (polymer brushes). Com esta finalidade, tr\u00eas metodologias distintas s\u00e3o consideradas, especificamente: 1) Polimeriza\u00e7\u00e3o radicalar controlada induzida a partir de superf\u00edcies reativas (grafting from); 2) Enxerto de cadeias polim\u00e9ricas com grupos terminais reativos (grafting to) e 3) Deposi\u00e7\u00e3o rotacional (spin-coating) de copol\u00edmeros dibloco anfif\u00edlicos contendo pelo menos um segmento com habilidade de formar m\u00faltiplas liga\u00e7\u00f5es covalentes com o substrato.\u00a0<\/p>\n<p class=\"paragraph_style\">Projetos em andamento:<\/p>\n<p class=\"Body\">&#8211; S\u00edntese Controlada e Deposi\u00e7\u00e3o de Copol\u00edmeros Funcionalizados sobre Superf\u00edcies.\u00a0<\/p>\n<p><strong>Fabrica\u00e7\u00e3o de materiais nanoestruturados por processos de auto-montagem.<\/strong><\/p>\n<p><img loading=\"lazy\" decoding=\"async\" class=\"size-full wp-image-47 alignleft\" src=\"https:\/\/www.ufsm.br\/laboratorios\/lpc\/wp-content\/uploads\/sites\/666\/2019\/07\/shapeimage_1-6.jpg\" alt=\"\" width=\"393\" height=\"210\" srcset=\"https:\/\/www.ufsm.br\/app\/uploads\/sites\/666\/2019\/07\/shapeimage_1-6.jpg 393w, https:\/\/www.ufsm.br\/app\/uploads\/sites\/666\/2019\/07\/shapeimage_1-6-300x160.jpg 300w\" sizes=\"(max-width: 393px) 100vw, 393px\" \/><\/p>\n<p>Aplica\u00e7\u00f5es:<\/p>\n<ol>\n<li class=\"full-width\">\n<p class=\"paragraph_style_1\"><span class=\"Bullet\">&#8211;<\/span>Cat\u00e1lise<\/p>\n<\/li>\n<li class=\"full-width\">\n<p class=\"paragraph_style_1\"><span class=\"Bullet\">&#8211;<\/span>Sensores<\/p>\n<\/li>\n<li class=\"full-width\">\n<p class=\"paragraph_style_1\"><span class=\"Bullet\">&#8211;<\/span>Nanolitografia e nanofabrica\u00e7\u00e3o<\/p>\n<\/li>\n<\/ol>\n<p>\u00a0<\/p>\n<p>POL\u00cdMEROS PARA CONSTRUC\u0327A\u0303O DE MATERIAIS NANOESTRUTURADOS<\/p>\n<p>Nesta linha de atua\u00e7\u00e3o, nosso laborat\u00f3rio busca criar estrat\u00e9gias originais para a fabrica\u00e7\u00e3o de materiais nanoestruturados atrav\u00e9s de processos de auto-organiza\u00e7\u00e3o\/montagem empregando blocos elementares constitu\u00eddos por copol\u00edmeros anfif\u00edlicos vers\u00e1teis e part\u00edculas met\u00e1licas. Sintetizar\/preparar sistemas coloidais com dois arranjos arquitet\u00f4nicos distintos, nomeadamente: 1) micelas esf\u00e9ricas e cil\u00edndricas decorados com esp\u00e9cies met\u00e1licas e 2) micelas esf\u00e9ricas e cil\u00edndricas com esp\u00e9cies met\u00e1licas incorporadas ao n\u00facleo. Nesta linha de pesquisa, prioriza-se a constru\u00e7\u00e3o de estruturas hier\u00e1rquicas com base em processos de auto-organiza\u00e7\u00e3o de macromol\u00e9culas anfif\u00edlicas e intera\u00e7\u00f5es eletrost\u00e1ticas entre fun\u00e7\u00f5es \u00e1cido-base antagonistas presentes em cada entidade, bem como forma\u00e7\u00e3o de complexos inorg\u00e2nicos. Estas intera\u00e7\u00f5es s\u00e3o moduladas por meio do ajuste de par\u00e2metros experimentais associados tanto \u00e0 estrutura molecular das cadeias polim\u00e9ricas individuais quanto \u00e0s part\u00edculas em si. Tais materiais h\u00edbridos formados por componentes org\u00e2nicos e inorg\u00e2nicos apresentam, reconhecidamente, um grande potencial para aplica\u00e7\u00e3o tecnol\u00f3gica em sistemas \u00f3pticos, eletr\u00f4nicos, mec\u00e2nicos e biom\u00e9dicos.<\/p>\n<p><strong>Comp\u00f3sitos a base de materiais biodegrad\u00e1veis (naturais ou sint\u00e9ticos)<\/strong><\/p>\n<p><img loading=\"lazy\" decoding=\"async\" class=\"wp-image-48 size-medium alignleft\" src=\"https:\/\/www.ufsm.br\/laboratorios\/lpc\/wp-content\/uploads\/sites\/666\/2019\/07\/shapeimage_1-7-300x159.jpg\" alt=\"\" width=\"300\" height=\"159\" srcset=\"https:\/\/www.ufsm.br\/app\/uploads\/sites\/666\/2019\/07\/shapeimage_1-7-300x159.jpg 300w, https:\/\/www.ufsm.br\/app\/uploads\/sites\/666\/2019\/07\/shapeimage_1-7.jpg 395w\" sizes=\"(max-width: 300px) 100vw, 300px\" \/><\/p>\n<p>Aplica\u00e7\u00f5es:<\/p>\n<ol>\n<li class=\"full-width\">\n<p class=\"paragraph_style_2\"><span class=\"Bullet\">&#8211;<\/span>Novos materiais polim\u00e9ricos<\/p>\n<\/li>\n<li class=\"full-width\">\n<p class=\"paragraph_style_2\"><span class=\"Bullet\">&#8211;<\/span>Materiais sustent\u00e1veis<\/p>\n<\/li>\n<\/ol>\n<p>\u00a0<\/p>\n<p>MATERIAIS BIODEGRADA\u0301VEIS &#8211; BLENDAS POLIME\u0301RICAS &#8211;<\/p>\n<p class=\"Body\">A presente linha de estudo tem como objetivos desenvolver blendas a base de materiais biodegrad\u00e1veis em presen\u00e7a de compostos de baixo peso molecular que atuam como plastificantes, agentes nucleantes e estabilizantes t\u00e9rmicos. Visa-se, com esta pesquisa aplicada, desenvolver um material com baixo impacto ambiental e totalmente biodegrad\u00e1vel, de alta flexibilidade e podendo ser moldado por inje\u00e7\u00e3o.<\/p>\n<p class=\"paragraph_style\">Projetos em andamento:<\/p>\n<p class=\"Body\">&#8211; Biocomp\u00f3sitos de Matriz Poli\u00e9ster com Fibras Naturais para Aplica\u00e7\u00f5es em Larga Escala.<\/p>\n","protected":false},"excerpt":{"rendered":"<p>A engenharia macromolecular (*) centraliza as linhas de pesquisa do laborat\u00f3rio, as quais t\u00eam car\u00e1ter multidisciplinar, e por isto os resultados contam com aporte fundamental colabora\u00e7\u00f5es de outras institu\u00e7\u00f5es. Em geral, os projetos, artigos e patentes congregam qu\u00edmicos, f\u00edsicos, bi\u00f3logos, farmac\u00eauticos e engenheiros. (*) Arte de i) planejar a estrutura qu\u00edmica de pol\u00edmeros a partir [&hellip;]<\/p>\n","protected":false},"author":115,"featured_media":0,"parent":0,"menu_order":0,"comment_status":"closed","ping_status":"closed","template":"","meta":{"footnotes":""},"categories":[],"tags":[],"class_list":["post-41","page","type-page","status-publish","hentry"],"acf":[],"_links":{"self":[{"href":"https:\/\/www.ufsm.br\/laboratorios\/lpc\/wp-json\/wp\/v2\/pages\/41","targetHints":{"allow":["GET"]}}],"collection":[{"href":"https:\/\/www.ufsm.br\/laboratorios\/lpc\/wp-json\/wp\/v2\/pages"}],"about":[{"href":"https:\/\/www.ufsm.br\/laboratorios\/lpc\/wp-json\/wp\/v2\/types\/page"}],"author":[{"embeddable":true,"href":"https:\/\/www.ufsm.br\/laboratorios\/lpc\/wp-json\/wp\/v2\/users\/115"}],"replies":[{"embeddable":true,"href":"https:\/\/www.ufsm.br\/laboratorios\/lpc\/wp-json\/wp\/v2\/comments?post=41"}],"version-history":[{"count":0,"href":"https:\/\/www.ufsm.br\/laboratorios\/lpc\/wp-json\/wp\/v2\/pages\/41\/revisions"}],"wp:attachment":[{"href":"https:\/\/www.ufsm.br\/laboratorios\/lpc\/wp-json\/wp\/v2\/media?parent=41"}],"wp:term":[{"taxonomy":"category","embeddable":true,"href":"https:\/\/www.ufsm.br\/laboratorios\/lpc\/wp-json\/wp\/v2\/categories?post=41"},{"taxonomy":"post_tag","embeddable":true,"href":"https:\/\/www.ufsm.br\/laboratorios\/lpc\/wp-json\/wp\/v2\/tags?post=41"}],"curies":[{"name":"wp","href":"https:\/\/api.w.org\/{rel}","templated":true}]}}