{"id":22,"date":"2019-05-14T17:01:42","date_gmt":"2019-05-14T20:01:42","guid":{"rendered":"https:\/\/www.ufsm.br\/template-laboratprio\/?page_id=22"},"modified":"2019-12-20T09:44:55","modified_gmt":"2019-12-20T12:44:55","slug":"informacoes-gerais","status":"publish","type":"page","link":"https:\/\/www.ufsm.br\/laboratorios\/lpd\/informacoes-gerais","title":{"rendered":"Sobre"},"content":{"rendered":"\n<div>\n<p align=\"justify\">Os cursos de obo\u00e9 e fagote da UFSM foram criados durante a expans\u00e3o universit\u00e1ria proporcionada pelo REUNI. Est\u00e3o entre os poucos cursos universit\u00e1rios de obo\u00e9 e fagote sediados em uma cidade do interior no Brasil. Atualmente contam com dois professores especialistas, que tamb\u00e9m atuam em outras \u00e1reas da m\u00fasica, seja em disciplinas te\u00f3ricas ou pr\u00e1ticas. Contam com alunos de gradua\u00e7\u00e3o e p\u00f3s-gradua\u00e7\u00e3o (lato sensu), al\u00e9m de extensionistas e alunos de outros cursos da M\u00fasica nas disciplinas de pr\u00e1tica de performance. Professores e alunos tem se apresentado regularmente na UFSM, em seus diversos campi, bem como em eventos no Brasil e exterior.<\/p>\n<p align=\"justify\">Entre as atividades desenvolvidas at\u00e9 aqui destacam-se as seis edi\u00e7\u00f5es dos Encontros de Obo\u00e9 e Fagote da UFSM. Estes eventos t\u00eam atra\u00eddo professores e alunos de outras universidades do Brasil e exterior, incluindo Argentina, Uruguai, Chile, M\u00e9xico, Costa Rica, Canad\u00e1 e Su\u00ed\u00e7a. Foram realizadas diversas estreias mundiais de obras durante os recitais realizados nos eventos. Tamb\u00e9m houve lan\u00e7amentos de CDs e livros por artistas convidados. O evento tamb\u00e9m conta com a apresenta\u00e7\u00e3o de trabalhos cient\u00edficos de professores e alunos.<\/p>\n<p align=\"justify\">O LPD ocupa a sala 303 do pr\u00e9dio Anexo ao pr\u00e9dio 40b.<\/p>\n<p align=\"justify\">Objetivos do laborat\u00f3rio:<\/p>\n<p align=\"justify\">Desenvolver atividades de ensino, pesquisa e extens\u00e3o relacionados aos cursos de gradua\u00e7\u00e3o e p\u00f3s-gradua\u00e7\u00e3o de obo\u00e9 e fagote da UFSM, contribuindo para a pesquisa sobre a m\u00fasica, hist\u00f3ria, ensino dos instrumentos e criando materiais de ensino em portugu\u00eas. Contribuir com a pesquisa na \u00e1rea de performance musical. Realizar os Encontros de Obo\u00e9 e Fagote da UFSM em per\u00edodo anual. Estabelecer conv\u00eanios com outras universidades no Brasil e exterior. Divulgar os cursos de obo\u00e9 e fagote junto a comunidade.<\/p>\n<\/div>\n<div>\u00a0<\/div>\n","protected":false},"excerpt":{"rendered":"<p>Os cursos de obo\u00e9 e fagote da UFSM foram criados durante a expans\u00e3o universit\u00e1ria proporcionada pelo REUNI. Est\u00e3o entre os poucos cursos universit\u00e1rios de obo\u00e9 e fagote sediados em uma cidade do interior no Brasil. Atualmente contam com dois professores especialistas, que tamb\u00e9m atuam em outras \u00e1reas da m\u00fasica, seja em disciplinas te\u00f3ricas ou pr\u00e1ticas. [&hellip;]<\/p>\n","protected":false},"author":8,"featured_media":0,"parent":0,"menu_order":0,"comment_status":"closed","ping_status":"closed","template":"","meta":{"footnotes":""},"categories":[],"tags":[],"class_list":["post-22","page","type-page","status-publish","hentry"],"acf":[],"_links":{"self":[{"href":"https:\/\/www.ufsm.br\/laboratorios\/lpd\/wp-json\/wp\/v2\/pages\/22","targetHints":{"allow":["GET"]}}],"collection":[{"href":"https:\/\/www.ufsm.br\/laboratorios\/lpd\/wp-json\/wp\/v2\/pages"}],"about":[{"href":"https:\/\/www.ufsm.br\/laboratorios\/lpd\/wp-json\/wp\/v2\/types\/page"}],"author":[{"embeddable":true,"href":"https:\/\/www.ufsm.br\/laboratorios\/lpd\/wp-json\/wp\/v2\/users\/8"}],"replies":[{"embeddable":true,"href":"https:\/\/www.ufsm.br\/laboratorios\/lpd\/wp-json\/wp\/v2\/comments?post=22"}],"version-history":[{"count":0,"href":"https:\/\/www.ufsm.br\/laboratorios\/lpd\/wp-json\/wp\/v2\/pages\/22\/revisions"}],"wp:attachment":[{"href":"https:\/\/www.ufsm.br\/laboratorios\/lpd\/wp-json\/wp\/v2\/media?parent=22"}],"wp:term":[{"taxonomy":"category","embeddable":true,"href":"https:\/\/www.ufsm.br\/laboratorios\/lpd\/wp-json\/wp\/v2\/categories?post=22"},{"taxonomy":"post_tag","embeddable":true,"href":"https:\/\/www.ufsm.br\/laboratorios\/lpd\/wp-json\/wp\/v2\/tags?post=22"}],"curies":[{"name":"wp","href":"https:\/\/api.w.org\/{rel}","templated":true}]}}