{"id":23,"date":"2019-05-14T17:02:03","date_gmt":"2019-05-14T20:02:03","guid":{"rendered":"https:\/\/www.ufsm.br\/template-laboratprio\/?page_id=23"},"modified":"2020-05-02T11:15:24","modified_gmt":"2020-05-02T14:15:24","slug":"equipe","status":"publish","type":"page","link":"https:\/\/www.ufsm.br\/laboratorios\/lpd\/equipe","title":{"rendered":"Equipe"},"content":{"rendered":"\n<div class=\"wp-block-columns is-layout-flex wp-container-core-columns-is-layout-9d6595d7 wp-block-columns-is-layout-flex\">\n<div class=\"wp-block-column is-layout-flow wp-block-column-is-layout-flow\" style=\"flex-basis:33.33%\">\n<figure class=\"wp-block-image size-large\"><img fetchpriority=\"high\" decoding=\"async\" width=\"576\" height=\"1024\" src=\"https:\/\/www.ufsm.br\/laboratorios\/lpd\/wp-content\/uploads\/sites\/773\/2019\/12\/SAM_3087-576x1024.jpg\" alt=\"\" class=\"wp-image-44\" srcset=\"https:\/\/www.ufsm.br\/app\/uploads\/sites\/773\/2019\/12\/SAM_3087-576x1024.jpg 576w, https:\/\/www.ufsm.br\/app\/uploads\/sites\/773\/2019\/12\/SAM_3087-169x300.jpg 169w, https:\/\/www.ufsm.br\/app\/uploads\/sites\/773\/2019\/12\/SAM_3087-768x1364.jpg 768w, https:\/\/www.ufsm.br\/app\/uploads\/sites\/773\/2019\/12\/SAM_3087-865x1536.jpg 865w, https:\/\/www.ufsm.br\/app\/uploads\/sites\/773\/2019\/12\/SAM_3087-1153x2048.jpg 1153w, https:\/\/www.ufsm.br\/app\/uploads\/sites\/773\/2019\/12\/SAM_3087-scaled.jpg 1441w\" sizes=\"(max-width: 576px) 100vw, 576px\" \/><figcaption>Professor L\u00facius Batista Mota, coordenador do LPD<\/figcaption><\/figure>\n<\/div>\n\n\n\n<div class=\"wp-block-column is-layout-flow wp-block-column-is-layout-flow\" style=\"flex-basis:66.66%\">\n<h4>L\u00facius Mota<\/h4>\n<p>Formado em obo\u00e9 pela Universidade de Bras\u00edlia, Mestre em Musicologia pela UNESP, recentemente defendeu tese de doutoramento intitulada \u201cIdentidades profissionais: um estudo de narrativas (auto)biogr\u00e1ficas de professores de obo\u00e9\u201d, junto ao de p\u00f3s-gradua\u00e7\u00e3o em Educa\u00e7\u00e3o da Universidade Federal de Santa Maria. \u00c9 professor de obo\u00e9 na UFSM desde 2011.Com a carreira focada na m\u00fasica brasileira e com especial interesse na m\u00fasica dos s\u00e9culos XX e XXI, tem pesquisado obras em acervos, editado e interpretado pe\u00e7as pouco conhecidas do repert\u00f3rio. Incentivou a cria\u00e7\u00e3o de novas obras havendo estreado diversas composi\u00e7\u00f5es<strong>. <\/strong>\u00a0<strong>Recentemente organizou o livro Brenno Blauth: uma trajet\u00f3ria entre dois mundos, publicado pela Editora UFSM<\/strong>, no qual foram editadas nove obras de Brenno Blauth, incluindo as Sonatas para obo\u00e9 e fagote do compositor. Foi obo\u00edsta da Orquestra Jovem de Bras\u00edlia, da Orquestra Sinf\u00f4nica Municipal de Goi\u00e2nia e da Orquestra Filarm\u00f4nica de Goi\u00e1s, Orquestra de Sopros do Conservat\u00f3rio de Tatu\u00ed e da Orquestra Sinf\u00f4nica do Conservat\u00f3rio de Tatu\u00ed. Atuou como professor de obo\u00e9 no Festival de Campos de Jord\u00e3o, n\u00facleo Tatu\u00ed em 2001 e 2002. \u00c9 professor do Curso de Especializa\u00e7\u00e3o em M\u00fasica da UFSM.<\/p>\n<\/div>\n<\/div>\n\n\n\n<p><\/p>\n\n\n\n\n\n<div class=\"wp-block-columns is-layout-flex wp-container-core-columns-is-layout-9d6595d7 wp-block-columns-is-layout-flex\">\n<div class=\"wp-block-column is-layout-flow wp-block-column-is-layout-flow\" style=\"flex-basis:33.33%\">\n<figure class=\"wp-block-image size-large\"><img decoding=\"async\" width=\"576\" height=\"1024\" src=\"https:\/\/www.ufsm.br\/laboratorios\/lpd\/wp-content\/uploads\/sites\/773\/2019\/12\/SAM_3084-576x1024.jpg\" alt=\"\" class=\"wp-image-43\" srcset=\"https:\/\/www.ufsm.br\/app\/uploads\/sites\/773\/2019\/12\/SAM_3084-576x1024.jpg 576w, https:\/\/www.ufsm.br\/app\/uploads\/sites\/773\/2019\/12\/SAM_3084-169x300.jpg 169w, https:\/\/www.ufsm.br\/app\/uploads\/sites\/773\/2019\/12\/SAM_3084-768x1364.jpg 768w, https:\/\/www.ufsm.br\/app\/uploads\/sites\/773\/2019\/12\/SAM_3084-865x1536.jpg 865w, https:\/\/www.ufsm.br\/app\/uploads\/sites\/773\/2019\/12\/SAM_3084-1153x2048.jpg 1153w, https:\/\/www.ufsm.br\/app\/uploads\/sites\/773\/2019\/12\/SAM_3084-scaled.jpg 1441w\" sizes=\"(max-width: 576px) 100vw, 576px\" \/><figcaption>Professor Glaubert N\u00fcske, coordenador do LPD<\/figcaption><\/figure>\n\n\n<\/div>\n\n\n\n<div class=\"wp-block-column is-layout-flow wp-block-column-is-layout-flow\" style=\"flex-basis:66.66%\">\n<h4>Professor Glaubert N\u00fcske<\/h4>\n<p>Professor adjunto do Departamento de M\u00fasica da Universidade Federal de Santa Maria (UFSM), \u00e9 Mestre em M\u00fasica pela <em>Universit\u00e9 de Montr\u00e9al <\/em>(Canad\u00e1). Possui gradua\u00e7\u00e3o em M\u00fasica-Licenciatura pela UFSM e M\u00fasica-Bacharelado\/Fagote pela Universidade Federal de Minas Gerais (UFMG). Nos Estados Unidos, participou do Exchange Program\/Bassoon Performance na <em>University of Georgia<\/em>. Como fagotista convidado, atuou nas orquestras: Sinf\u00f4nica do Esp\u00edrito Santo, Sinf\u00f4nica de Porto Alegre e Sinf\u00f4nica de Minas Gerais. Atuando como professor na gradua\u00e7\u00e3o e p\u00f3s-gradua\u00e7\u00e3o lato senso (Especializa\u00e7\u00e3o em M\u00fasica), seu trabalho \u00e9 pautado na difus\u00e3o do ensino de fagote no Sul do Brasil e na pesquisa do repert\u00f3rio para o instrumento. Juntamente com L\u00facius Mota, \u00e9 idealizador e coordenador dos Encontros de Obo\u00e9 e Fagote da UFSM. \u00c9 professor do Curso de Especializa\u00e7\u00e3o em M\u00fasica da UFSM.<\/p>\n<\/div>\n<\/div>\n\n\n\n<h2><a href=\"https:\/\/www.ufsm.br\/laboratorios\/lpd\/equipe-alunas-e-alunos\/\">Alunas e Alunos<\/a><\/h2>\n\n\n","protected":false},"excerpt":{"rendered":"<p>L\u00facius Mota Formado em obo\u00e9 pela Universidade de Bras\u00edlia, Mestre em Musicologia pela UNESP, recentemente defendeu tese de doutoramento intitulada \u201cIdentidades profissionais: um estudo de narrativas (auto)biogr\u00e1ficas de professores de obo\u00e9\u201d, junto ao de p\u00f3s-gradua\u00e7\u00e3o em Educa\u00e7\u00e3o da Universidade Federal de Santa Maria. \u00c9 professor de obo\u00e9 na UFSM desde 2011.Com a carreira focada na [&hellip;]<\/p>\n","protected":false},"author":124,"featured_media":0,"parent":0,"menu_order":0,"comment_status":"closed","ping_status":"closed","template":"","meta":{"footnotes":""},"categories":[],"tags":[],"class_list":["post-23","page","type-page","status-publish","hentry"],"acf":[],"_links":{"self":[{"href":"https:\/\/www.ufsm.br\/laboratorios\/lpd\/wp-json\/wp\/v2\/pages\/23","targetHints":{"allow":["GET"]}}],"collection":[{"href":"https:\/\/www.ufsm.br\/laboratorios\/lpd\/wp-json\/wp\/v2\/pages"}],"about":[{"href":"https:\/\/www.ufsm.br\/laboratorios\/lpd\/wp-json\/wp\/v2\/types\/page"}],"author":[{"embeddable":true,"href":"https:\/\/www.ufsm.br\/laboratorios\/lpd\/wp-json\/wp\/v2\/users\/124"}],"replies":[{"embeddable":true,"href":"https:\/\/www.ufsm.br\/laboratorios\/lpd\/wp-json\/wp\/v2\/comments?post=23"}],"version-history":[{"count":0,"href":"https:\/\/www.ufsm.br\/laboratorios\/lpd\/wp-json\/wp\/v2\/pages\/23\/revisions"}],"wp:attachment":[{"href":"https:\/\/www.ufsm.br\/laboratorios\/lpd\/wp-json\/wp\/v2\/media?parent=23"}],"wp:term":[{"taxonomy":"category","embeddable":true,"href":"https:\/\/www.ufsm.br\/laboratorios\/lpd\/wp-json\/wp\/v2\/categories?post=23"},{"taxonomy":"post_tag","embeddable":true,"href":"https:\/\/www.ufsm.br\/laboratorios\/lpd\/wp-json\/wp\/v2\/tags?post=23"}],"curies":[{"name":"wp","href":"https:\/\/api.w.org\/{rel}","templated":true}]}}