{"id":32,"date":"2019-05-24T15:38:39","date_gmt":"2019-05-24T18:38:39","guid":{"rendered":"https:\/\/www.ufsm.br\/template-laboratprio\/?page_id=32"},"modified":"2020-03-18T11:04:39","modified_gmt":"2020-03-18T14:04:39","slug":"projetos","status":"publish","type":"page","link":"https:\/\/www.ufsm.br\/laboratorios\/lpd\/projetos","title":{"rendered":"Projetos"},"content":{"rendered":"\n<h2 class=\"wp-block-heading\"><strong>A M\u00fasica para obo\u00e9 de Ernst Widmer: processos de edi\u00e7\u00e3o cr\u00edtica, contextualiza\u00e7\u00e3o e performance.<\/strong><\/h2>\n\n\n\n<p><strong>Coordena\u00e7\u00e3o<\/strong>: Prof. Dr.&nbsp;<strong><a href=\"https:\/\/ufsmpublica.ufsm.br\/docente\/15753\">L\u00facius Batista Mota<\/a><\/strong><\/p>\n\n\n\n<p><a href=\"https:\/\/portal.ufsm.br\/projetos\/publico\/projetos\/view.html?idProjeto=62979\"><strong>Link para o Projeto<\/strong><\/a><\/p>\n\n\n\n<p><strong>Resumo<\/strong>: Este projeto se prop\u00f5e a investigar o conjunto de oito obras para obo\u00e9 do compositor su\u00ed\u00e7o-brasileiro Ernst Widmer (1927-90). Os objetivos s\u00e3o: a edi\u00e7\u00e3o cr\u00edtica, contextualiza\u00e7\u00e3o hist\u00f3rica e est\u00e9tica, interpreta\u00e7\u00e3o e registro das obras em CD. O projeto ser\u00e1 dividido em etapas, sendo a primeira delas a edi\u00e7\u00e3o cr\u00edtica.<\/p>\n\n\n\n<h2 class=\"wp-block-heading\"><strong>Processos de edi\u00e7\u00e3o e contextualiza\u00e7\u00e3o da m\u00fasica de Ersnt Widmer<\/strong><\/h2>\n\n\n\n<p><strong>Coordena\u00e7\u00e3o<\/strong>: Prof. Dr.&nbsp;<strong><a href=\"https:\/\/ufsmpublica.ufsm.br\/docente\/15753\">L\u00facius Batista Mota<\/a><\/strong><\/p>\n\n\n\n<p><a href=\"https:\/\/portal.ufsm.br\/projetos\/publico\/projetos\/view.html?idProjeto=65975\"><strong>Link para o Projeto<\/strong><\/a><\/p>\n\n\n\n<p><strong>Resumo<\/strong>: O presente projeto busca aprofundar a compreens\u00e3o da m\u00fasica de Ernst Widmer atrav\u00e9s da edi\u00e7\u00e3o, contextualizar e performance de duas obras in\u00e9ditas do compositor. H\u00e1 que se ressaltar que este projeto da continuidade a pesquisa dedicada \u00e0 m\u00fasica para obo\u00e9 de Widmer. Nesta fase da investiga\u00e7\u00e3o ser\u00e3o abordadas duas obras in\u00e9ditas: ciclo Letztes para voz m\u00e9dia e piano Opus 15, para voz e piano e o Concerto para Trombone e Orquestra Opus 155.<\/p>\n","protected":false},"excerpt":{"rendered":"<p>A M\u00fasica para obo\u00e9 de Ernst Widmer: processos de edi\u00e7\u00e3o cr\u00edtica, contextualiza\u00e7\u00e3o e performance. Coordena\u00e7\u00e3o: Prof. Dr.&nbsp;L\u00facius Batista Mota Link para o Projeto Resumo: Este projeto se prop\u00f5e a investigar o conjunto de oito obras para obo\u00e9 do compositor su\u00ed\u00e7o-brasileiro Ernst Widmer (1927-90). Os objetivos s\u00e3o: a edi\u00e7\u00e3o cr\u00edtica, contextualiza\u00e7\u00e3o hist\u00f3rica e est\u00e9tica, interpreta\u00e7\u00e3o e [&hellip;]<\/p>\n","protected":false},"author":25,"featured_media":0,"parent":0,"menu_order":0,"comment_status":"closed","ping_status":"closed","template":"","meta":{"footnotes":""},"categories":[],"tags":[],"class_list":["post-32","page","type-page","status-publish","hentry"],"acf":[],"_links":{"self":[{"href":"https:\/\/www.ufsm.br\/laboratorios\/lpd\/wp-json\/wp\/v2\/pages\/32","targetHints":{"allow":["GET"]}}],"collection":[{"href":"https:\/\/www.ufsm.br\/laboratorios\/lpd\/wp-json\/wp\/v2\/pages"}],"about":[{"href":"https:\/\/www.ufsm.br\/laboratorios\/lpd\/wp-json\/wp\/v2\/types\/page"}],"author":[{"embeddable":true,"href":"https:\/\/www.ufsm.br\/laboratorios\/lpd\/wp-json\/wp\/v2\/users\/25"}],"replies":[{"embeddable":true,"href":"https:\/\/www.ufsm.br\/laboratorios\/lpd\/wp-json\/wp\/v2\/comments?post=32"}],"version-history":[{"count":0,"href":"https:\/\/www.ufsm.br\/laboratorios\/lpd\/wp-json\/wp\/v2\/pages\/32\/revisions"}],"wp:attachment":[{"href":"https:\/\/www.ufsm.br\/laboratorios\/lpd\/wp-json\/wp\/v2\/media?parent=32"}],"wp:term":[{"taxonomy":"category","embeddable":true,"href":"https:\/\/www.ufsm.br\/laboratorios\/lpd\/wp-json\/wp\/v2\/categories?post=32"},{"taxonomy":"post_tag","embeddable":true,"href":"https:\/\/www.ufsm.br\/laboratorios\/lpd\/wp-json\/wp\/v2\/tags?post=32"}],"curies":[{"name":"wp","href":"https:\/\/api.w.org\/{rel}","templated":true}]}}