{"id":26,"date":"2019-05-14T17:03:27","date_gmt":"2019-05-14T20:03:27","guid":{"rendered":"https:\/\/www.ufsm.br\/template-laboratprio\/?page_id=26"},"modified":"2021-12-07T11:49:12","modified_gmt":"2021-12-07T14:49:12","slug":"contato","status":"publish","type":"page","link":"https:\/\/www.ufsm.br\/laboratorios\/lpv\/contato","title":{"rendered":"Contato"},"content":{"rendered":"\t\t<div data-elementor-type=\"wp-page\" data-elementor-id=\"26\" class=\"elementor elementor-26\">\n\t\t\t\t\t\t<section class=\"elementor-section elementor-top-section elementor-element elementor-element-89909f4 elementor-section-boxed elementor-section-height-default elementor-section-height-default\" data-id=\"89909f4\" data-element_type=\"section\">\n\t\t\t\t\t\t<div class=\"elementor-container elementor-column-gap-default\">\n\t\t\t\t\t<div class=\"elementor-column elementor-col-100 elementor-top-column elementor-element elementor-element-b922f52\" data-id=\"b922f52\" data-element_type=\"column\">\n\t\t\t<div class=\"elementor-widget-wrap elementor-element-populated\">\n\t\t\t\t\t\t<div class=\"elementor-element elementor-element-a5ec9b2 elementor-widget elementor-widget-heading\" data-id=\"a5ec9b2\" data-element_type=\"widget\" data-widget_type=\"heading.default\">\n\t\t\t\t<div class=\"elementor-widget-container\">\n\t\t\t<h2 class=\"elementor-heading-title elementor-size-medium\">Servi\u00e7o de rotina do LPV<\/h2>\t\t<\/div>\n\t\t\t\t<\/div>\n\t\t\t\t<div class=\"elementor-element elementor-element-712bf4a elementor-widget elementor-widget-text-editor\" data-id=\"712bf4a\" data-element_type=\"widget\" data-widget_type=\"text-editor.default\">\n\t\t\t\t<div class=\"elementor-widget-container\">\n\t\t\t\t\t\t\t<p>Respons\u00e1veis: Professora Glaucia Kommers, Professora Mariana Flores<\/p><p>Ramal: (55)32208168<\/p><p>E-mail: ufsm.lpv@gmail.com<\/p><p>Endere\u00e7o: Avenida Roraima, 1000, 97105-900, Campus Universit\u00e1rio (UFSM), pr\u00e9dio 97B (atr\u00e1s do Hospital Veterin\u00e1rio Universit\u00e1rio), Santa Maria, RS, Brasil*<\/p><h6>*<i><b>para envio de materiais pelos correios convencional, entrar em contato por e-mail antes do envio. Envios por transportadora podem ser feitos sem contato pr\u00e9vio.<\/b>\u00a0<\/i><\/h6>\t\t\t\t\t\t<\/div>\n\t\t\t\t<\/div>\n\t\t\t\t\t<\/div>\n\t\t<\/div>\n\t\t\t\t\t<\/div>\n\t\t<\/section>\n\t\t\t\t<section class=\"elementor-section elementor-top-section elementor-element elementor-element-748d36f elementor-section-boxed elementor-section-height-default elementor-section-height-default\" data-id=\"748d36f\" data-element_type=\"section\">\n\t\t\t\t\t\t<div class=\"elementor-container elementor-column-gap-default\">\n\t\t\t\t\t<div class=\"elementor-column elementor-col-100 elementor-top-column elementor-element elementor-element-d60c19a\" data-id=\"d60c19a\" data-element_type=\"column\">\n\t\t\t<div class=\"elementor-widget-wrap elementor-element-populated\">\n\t\t\t\t\t\t<div class=\"elementor-element elementor-element-090e635 elementor-widget elementor-widget-heading\" data-id=\"090e635\" data-element_type=\"widget\" data-widget_type=\"heading.default\">\n\t\t\t\t<div class=\"elementor-widget-container\">\n\t\t\t<h2 class=\"elementor-heading-title elementor-size-medium\">Servi\u00e7o de Consultoria Diagn\u00f3stica Veterin\u00e1ria (SEDIVET)<\/h2>\t\t<\/div>\n\t\t\t\t<\/div>\n\t\t\t\t<div class=\"elementor-element elementor-element-17bc819 elementor-widget elementor-widget-text-editor\" data-id=\"17bc819\" data-element_type=\"widget\" data-widget_type=\"text-editor.default\">\n\t\t\t\t<div class=\"elementor-widget-container\">\n\t\t\t\t\t\t\t<p>Respons\u00e1vel: Professor Rafael Fighera<\/p><p>Ramal: (55)32208284<\/p><p>E-mail: sedivetconsultoria@gmail.com\u00a0<\/p><p><span style=\"color: #000000;font-size: 16px\">Endere\u00e7o: Avenida Roraima, 1000, 97105-900, Campus Universit\u00e1rio (UFSM), pr\u00e9dio 97B (atr\u00e1s do Hospital Veterin\u00e1rio Universit\u00e1rio), Santa Maria, RS, Brasil<\/span><\/p><p>\u00a0<\/p>\t\t\t\t\t\t<\/div>\n\t\t\t\t<\/div>\n\t\t\t\t\t<\/div>\n\t\t<\/div>\n\t\t\t\t\t<\/div>\n\t\t<\/section>\n\t\t\t\t<\/div>\n\t\t","protected":false},"excerpt":{"rendered":"<p>Servi\u00e7o de rotina do LPV Respons\u00e1veis: Professora Glaucia Kommers, Professora Mariana Flores Ramal: (55)32208168 E-mail: ufsm.lpv@gmail.com Endere\u00e7o: Avenida Roraima, 1000, 97105-900, Campus Universit\u00e1rio (UFSM), pr\u00e9dio 97B (atr\u00e1s do Hospital Veterin\u00e1rio Universit\u00e1rio), Santa Maria, RS, Brasil* *para envio de materiais pelos correios convencional, entrar em contato por e-mail antes do envio. Envios por transportadora podem ser [&hellip;]<\/p>\n","protected":false},"author":124,"featured_media":0,"parent":0,"menu_order":0,"comment_status":"closed","ping_status":"closed","template":"","meta":{"footnotes":""},"categories":[],"tags":[],"class_list":["post-26","page","type-page","status-publish","hentry"],"acf":[],"_links":{"self":[{"href":"https:\/\/www.ufsm.br\/laboratorios\/lpv\/wp-json\/wp\/v2\/pages\/26","targetHints":{"allow":["GET"]}}],"collection":[{"href":"https:\/\/www.ufsm.br\/laboratorios\/lpv\/wp-json\/wp\/v2\/pages"}],"about":[{"href":"https:\/\/www.ufsm.br\/laboratorios\/lpv\/wp-json\/wp\/v2\/types\/page"}],"author":[{"embeddable":true,"href":"https:\/\/www.ufsm.br\/laboratorios\/lpv\/wp-json\/wp\/v2\/users\/124"}],"replies":[{"embeddable":true,"href":"https:\/\/www.ufsm.br\/laboratorios\/lpv\/wp-json\/wp\/v2\/comments?post=26"}],"version-history":[{"count":0,"href":"https:\/\/www.ufsm.br\/laboratorios\/lpv\/wp-json\/wp\/v2\/pages\/26\/revisions"}],"wp:attachment":[{"href":"https:\/\/www.ufsm.br\/laboratorios\/lpv\/wp-json\/wp\/v2\/media?parent=26"}],"wp:term":[{"taxonomy":"category","embeddable":true,"href":"https:\/\/www.ufsm.br\/laboratorios\/lpv\/wp-json\/wp\/v2\/categories?post=26"},{"taxonomy":"post_tag","embeddable":true,"href":"https:\/\/www.ufsm.br\/laboratorios\/lpv\/wp-json\/wp\/v2\/tags?post=26"}],"curies":[{"name":"wp","href":"https:\/\/api.w.org\/{rel}","templated":true}]}}