{"id":26,"date":"2019-05-14T17:03:27","date_gmt":"2019-05-14T20:03:27","guid":{"rendered":"https:\/\/www.ufsm.br\/template-laboratprio\/?page_id=26"},"modified":"2019-07-08T12:55:37","modified_gmt":"2019-07-08T15:55:37","slug":"contato","status":"publish","type":"page","link":"https:\/\/www.ufsm.br\/laboratorios\/mecaniza\/contato","title":{"rendered":"Contato"},"content":{"rendered":"\n<p>Pr\u00e9dio do NEMA (N\u00facleo de Ensaios de M\u00e1quinas Agr\u00edcolas)<br \/>Telefone: +55 (55) 3220-8175<br \/>E-mail:\u00a0<a href=\"mailto:laboratoriomecaniza@gmail.com\">laboratoriomecaniza@gmail.com<\/a><\/p>\n<p>Facebook:<br \/><a href=\"https:\/\/www.facebook.com\/pages\/Mecaniza-Laborat%C3%B3rio-de-Colheita-Florestal-e-Silvicultura-de-Precis%C3%A3o\/148181321950442?fref=ts\">https:\/\/www.facebook.com\/pages\/Mecaniza-Laborat%C3%B3rio-de-Colheita-Florestal-e-Silvicultura-de-Precis%C3%A3o\/148181321950442?fref=ts<br \/><br \/><\/a><a href=\"https:\/\/www.facebook.com\/pages\/Mecaniza-Laborat%C3%B3rio-de-Colheita-Florestal-e-Silvicultura-de-Precis%C3%A3o\/148181321950442?fref=ts\">\u00a0<\/a>Youtube:<br \/><a href=\"https:\/\/www.youtube.com\/channel\/UCDIEeXu2t8oOeNowKxcPMmA\">https:\/\/www.youtube.com\/channel\/UCDIEeXu2t8oOeNowKxcPMmA<\/a><\/p>\n","protected":false},"excerpt":{"rendered":"<p>Pr\u00e9dio do NEMA (N\u00facleo de Ensaios de M\u00e1quinas Agr\u00edcolas)Telefone: +55 (55) 3220-8175E-mail:\u00a0laboratoriomecaniza@gmail.com Facebook:https:\/\/www.facebook.com\/pages\/Mecaniza-Laborat%C3%B3rio-de-Colheita-Florestal-e-Silvicultura-de-Precis%C3%A3o\/148181321950442?fref=ts \u00a0Youtube:https:\/\/www.youtube.com\/channel\/UCDIEeXu2t8oOeNowKxcPMmA<\/p>\n","protected":false},"author":124,"featured_media":0,"parent":0,"menu_order":0,"comment_status":"closed","ping_status":"closed","template":"","meta":{"footnotes":""},"categories":[],"tags":[],"class_list":["post-26","page","type-page","status-publish","hentry"],"acf":[],"_links":{"self":[{"href":"https:\/\/www.ufsm.br\/laboratorios\/mecaniza\/wp-json\/wp\/v2\/pages\/26","targetHints":{"allow":["GET"]}}],"collection":[{"href":"https:\/\/www.ufsm.br\/laboratorios\/mecaniza\/wp-json\/wp\/v2\/pages"}],"about":[{"href":"https:\/\/www.ufsm.br\/laboratorios\/mecaniza\/wp-json\/wp\/v2\/types\/page"}],"author":[{"embeddable":true,"href":"https:\/\/www.ufsm.br\/laboratorios\/mecaniza\/wp-json\/wp\/v2\/users\/124"}],"replies":[{"embeddable":true,"href":"https:\/\/www.ufsm.br\/laboratorios\/mecaniza\/wp-json\/wp\/v2\/comments?post=26"}],"version-history":[{"count":0,"href":"https:\/\/www.ufsm.br\/laboratorios\/mecaniza\/wp-json\/wp\/v2\/pages\/26\/revisions"}],"wp:attachment":[{"href":"https:\/\/www.ufsm.br\/laboratorios\/mecaniza\/wp-json\/wp\/v2\/media?parent=26"}],"wp:term":[{"taxonomy":"category","embeddable":true,"href":"https:\/\/www.ufsm.br\/laboratorios\/mecaniza\/wp-json\/wp\/v2\/categories?post=26"},{"taxonomy":"post_tag","embeddable":true,"href":"https:\/\/www.ufsm.br\/laboratorios\/mecaniza\/wp-json\/wp\/v2\/tags?post=26"}],"curies":[{"name":"wp","href":"https:\/\/api.w.org\/{rel}","templated":true}]}}