{"id":32,"date":"2019-05-24T15:38:39","date_gmt":"2019-05-24T18:38:39","guid":{"rendered":"https:\/\/www.ufsm.br\/template-laboratprio\/?page_id=32"},"modified":"2019-07-08T12:55:04","modified_gmt":"2019-07-08T15:55:04","slug":"projetos","status":"publish","type":"page","link":"https:\/\/www.ufsm.br\/laboratorios\/mecaniza\/projetos","title":{"rendered":"Projetos"},"content":{"rendered":"\n<h2>Projetos Vinculados<\/h2>\n<p><strong>Projeto:<\/strong>\u00a0<br \/>Estrutura\u00e7\u00e3o de Recursos Audiovisuais como Ferramentas de Ensino.<\/p>\n<p><strong>Resumo:<\/strong><br \/>Levando em conta que o uso de aparelhos para a reprodu\u00e7\u00e3o de m\u00eddias e internet s\u00e3o mais convencionais em nossa realidade, essas ferramentas did\u00e1ticas precisam fazer parte do ensino de forma significativa durante o ciclo de aprendizagem dos alunos. Assim facilitando o acesso \u00e0 informa\u00e7\u00e3o por parte dos alunos, de formato mais din\u00e2mico e interativo, tamb\u00e9m dando suporte \u00e0 fun\u00e7\u00e3o do professor, no papel de mediador e construtor do conhecimento.\u00a0<br \/>Prop\u00f5em-se assim, com o referido projeto, a melhoria de did\u00e1ticas de ensino na gradua\u00e7\u00e3o, do Curso de Engenharia Florestal e da comunidade acad\u00eamica em geral, atrav\u00e9s do uso de recursos audiovisuais. Sendo assim, ser\u00e1 necess\u00e1rio cumprir alguns objetivos espec\u00edficos, como: pesquisar e editar v\u00eddeos com conte\u00fado did\u00e1tico, atualizando os recursos sempre que necess\u00e1rio, criar uma p\u00e1gina em uma rede social e em um site para disponibilizar esses materiais, entre tantos outros.<br \/>O presente projeto tem por objetivo melhorar a qualidade de ensino da gradua\u00e7\u00e3o nas disciplinas de M\u00e1quinas Florestais e Mecaniza\u00e7\u00e3o Florestal, do Curso de Engenharia Florestal da Universidade Federal de Santa Maria (UFSM), atrav\u00e9s da melhoria de estrat\u00e9gias did\u00e1tico-pedag\u00f3gicas, utilizando como foco principal recursos audiovisuais, visando facilitar o acesso \u00e0 informa\u00e7\u00e3o pelos alunos do curso e aos demais, al\u00e9m de aproximar os mesmos, de maneira visual, dos conte\u00fados ministrados em sala de aula, tendo em vista cumprir as seguintes metas:<\/p>\n<ol>\n<li>Obter e editar v\u00eddeos com fundamentos did\u00e1ticos referentes aos contextos estudados e o uso dos mesmos durante os per\u00edodos de aulas das disciplinas especificadas;<\/li>\n<li>Construir uma p\u00e1gina virtual em conjunto com o site da UFSM, proporcionando a divulga\u00e7\u00e3o de materiais para os alunos da Engenharia Florestal e para a comunidade em geral;<\/li>\n<li>Criar uma p\u00e1gina virtual com loca\u00e7\u00e3o em um site de rede social de acesso comum, com o intuito de tornar mais pr\u00e1tica a exposi\u00e7\u00e3o de eventos e cursos de curta dura\u00e7\u00e3o, tamb\u00e9m a divulga\u00e7\u00e3o de inova\u00e7\u00f5es tecnol\u00f3gicas.<\/li>\n<\/ol>\n","protected":false},"excerpt":{"rendered":"<p>Projetos Vinculados Projeto:\u00a0Estrutura\u00e7\u00e3o de Recursos Audiovisuais como Ferramentas de Ensino. Resumo:Levando em conta que o uso de aparelhos para a reprodu\u00e7\u00e3o de m\u00eddias e internet s\u00e3o mais convencionais em nossa realidade, essas ferramentas did\u00e1ticas precisam fazer parte do ensino de forma significativa durante o ciclo de aprendizagem dos alunos. Assim facilitando o acesso \u00e0 informa\u00e7\u00e3o [&hellip;]<\/p>\n","protected":false},"author":25,"featured_media":0,"parent":0,"menu_order":0,"comment_status":"closed","ping_status":"closed","template":"","meta":{"footnotes":""},"categories":[],"tags":[],"class_list":["post-32","page","type-page","status-publish","hentry"],"acf":[],"_links":{"self":[{"href":"https:\/\/www.ufsm.br\/laboratorios\/mecaniza\/wp-json\/wp\/v2\/pages\/32","targetHints":{"allow":["GET"]}}],"collection":[{"href":"https:\/\/www.ufsm.br\/laboratorios\/mecaniza\/wp-json\/wp\/v2\/pages"}],"about":[{"href":"https:\/\/www.ufsm.br\/laboratorios\/mecaniza\/wp-json\/wp\/v2\/types\/page"}],"author":[{"embeddable":true,"href":"https:\/\/www.ufsm.br\/laboratorios\/mecaniza\/wp-json\/wp\/v2\/users\/25"}],"replies":[{"embeddable":true,"href":"https:\/\/www.ufsm.br\/laboratorios\/mecaniza\/wp-json\/wp\/v2\/comments?post=32"}],"version-history":[{"count":0,"href":"https:\/\/www.ufsm.br\/laboratorios\/mecaniza\/wp-json\/wp\/v2\/pages\/32\/revisions"}],"wp:attachment":[{"href":"https:\/\/www.ufsm.br\/laboratorios\/mecaniza\/wp-json\/wp\/v2\/media?parent=32"}],"wp:term":[{"taxonomy":"category","embeddable":true,"href":"https:\/\/www.ufsm.br\/laboratorios\/mecaniza\/wp-json\/wp\/v2\/categories?post=32"},{"taxonomy":"post_tag","embeddable":true,"href":"https:\/\/www.ufsm.br\/laboratorios\/mecaniza\/wp-json\/wp\/v2\/tags?post=32"}],"curies":[{"name":"wp","href":"https:\/\/api.w.org\/{rel}","templated":true}]}}