{"id":48,"date":"2019-07-08T12:20:15","date_gmt":"2019-07-08T15:20:15","guid":{"rendered":"https:\/\/www.ufsm.br\/laboratorios\/mecaniza\/?page_id=48"},"modified":"2019-07-08T12:20:17","modified_gmt":"2019-07-08T15:20:17","slug":"disciplinas-ministradas","status":"publish","type":"page","link":"https:\/\/www.ufsm.br\/laboratorios\/mecaniza\/disciplinas-ministradas","title":{"rendered":"Disciplinas Ministradas"},"content":{"rendered":"\n<p><strong>Disciplinas Ministradas de Gradua\u00e7\u00e3o:<br \/><\/strong><a href=\"https:\/\/www.ufsm.br\/laboratorios\/mecaniza\/wp-content\/uploads\/sites\/667\/2019\/07\/EGR-1011-M\u00e1quinas-Florestais-Bibliografia.pdf\">EGR 1011 &#8211; M\u00e1quinas Florestais (Bibliografia)<\/a><\/p>\n<p><a href=\"https:\/\/www.ufsm.br\/laboratorios\/mecaniza\/wp-content\/uploads\/sites\/667\/2019\/07\/EGR-1011-M\u00e1quinas-Florestais-Programa.pdf\">EGR 1011 &#8211; M\u00e1quinas Florestais (Programa)<\/a><\/p>\n<p><a href=\"https:\/\/www.ufsm.br\/laboratorios\/mecaniza\/wp-content\/uploads\/sites\/667\/2019\/07\/EGR-1012-Mecaniza\u00e7\u00e3o-Florestal-Bibliografia.pdf\">EGR 1012 &#8211; Mecaniza\u00e7\u00e3o Florestal (Bibliografia)<\/a><\/p>\n<p><a href=\"https:\/\/www.ufsm.br\/laboratorios\/mecaniza\/wp-content\/uploads\/sites\/667\/2019\/07\/EGR-1012-Mecaniza\u00e7\u00e3o-Florestal-Programa.pdf\">EGR 1012 &#8211; Mecaniza\u00e7\u00e3o Florestal (Programa)<\/a><br \/><strong><br \/>Disciplina Ministrada de P\u00f3s-Gradua\u00e7\u00e3o:<\/strong><br \/><a href=\"https:\/\/www.ufsm.br\/laboratorios\/mecaniza\/wp-content\/uploads\/sites\/667\/2019\/07\/EGR-951-Manuten\u00e7\u00e3o-Centrada-na-Confiabilidade-em-M\u00e1quinas-Agrossilvipastoris-Programa-e-Bibliografia.pdf\">EGR 951 &#8211; Manuten\u00e7\u00e3o Centrada na Confiabilidade em M\u00e1quinas Agrossilvipastoris (Programa e Bibliografia)<\/a><\/p>\n","protected":false},"excerpt":{"rendered":"<p>Disciplinas Ministradas de Gradua\u00e7\u00e3o:EGR 1011 &#8211; M\u00e1quinas Florestais (Bibliografia) EGR 1011 &#8211; M\u00e1quinas Florestais (Programa) EGR 1012 &#8211; Mecaniza\u00e7\u00e3o Florestal (Bibliografia) EGR 1012 &#8211; Mecaniza\u00e7\u00e3o Florestal (Programa)Disciplina Ministrada de P\u00f3s-Gradua\u00e7\u00e3o:EGR 951 &#8211; Manuten\u00e7\u00e3o Centrada na Confiabilidade em M\u00e1quinas Agrossilvipastoris (Programa e Bibliografia)<\/p>\n","protected":false},"author":115,"featured_media":0,"parent":0,"menu_order":0,"comment_status":"closed","ping_status":"closed","template":"","meta":{"footnotes":""},"categories":[],"tags":[],"class_list":["post-48","page","type-page","status-publish","hentry"],"acf":[],"_links":{"self":[{"href":"https:\/\/www.ufsm.br\/laboratorios\/mecaniza\/wp-json\/wp\/v2\/pages\/48","targetHints":{"allow":["GET"]}}],"collection":[{"href":"https:\/\/www.ufsm.br\/laboratorios\/mecaniza\/wp-json\/wp\/v2\/pages"}],"about":[{"href":"https:\/\/www.ufsm.br\/laboratorios\/mecaniza\/wp-json\/wp\/v2\/types\/page"}],"author":[{"embeddable":true,"href":"https:\/\/www.ufsm.br\/laboratorios\/mecaniza\/wp-json\/wp\/v2\/users\/115"}],"replies":[{"embeddable":true,"href":"https:\/\/www.ufsm.br\/laboratorios\/mecaniza\/wp-json\/wp\/v2\/comments?post=48"}],"version-history":[{"count":0,"href":"https:\/\/www.ufsm.br\/laboratorios\/mecaniza\/wp-json\/wp\/v2\/pages\/48\/revisions"}],"wp:attachment":[{"href":"https:\/\/www.ufsm.br\/laboratorios\/mecaniza\/wp-json\/wp\/v2\/media?parent=48"}],"wp:term":[{"taxonomy":"category","embeddable":true,"href":"https:\/\/www.ufsm.br\/laboratorios\/mecaniza\/wp-json\/wp\/v2\/categories?post=48"},{"taxonomy":"post_tag","embeddable":true,"href":"https:\/\/www.ufsm.br\/laboratorios\/mecaniza\/wp-json\/wp\/v2\/tags?post=48"}],"curies":[{"name":"wp","href":"https:\/\/api.w.org\/{rel}","templated":true}]}}