{"id":54,"date":"2019-07-08T12:29:07","date_gmt":"2019-07-08T15:29:07","guid":{"rendered":"https:\/\/www.ufsm.br\/laboratorios\/mecaniza\/?page_id=54"},"modified":"2019-07-08T12:29:09","modified_gmt":"2019-07-08T15:29:09","slug":"material-de-apoio","status":"publish","type":"page","link":"https:\/\/www.ufsm.br\/laboratorios\/mecaniza\/material-de-apoio","title":{"rendered":"Material de Apoio"},"content":{"rendered":"\n<div class=\"item-page\">\n<p><strong>Material de apoio dispon\u00edvel para consulta acad\u00eamica sobre os seguintes t\u00f3picos:<\/strong><\/p>\n<p><a href=\"https:\/\/www.ufsm.br\/laboratorios\/mecaniza\/wp-content\/uploads\/sites\/667\/2019\/07\/Arraste-e-Baldeio.zip\">Arraste e Baldeio<\/a><\/p>\n<p><a href=\"https:\/\/www.ufsm.br\/laboratorios\/mecaniza\/wp-content\/uploads\/sites\/667\/2019\/07\/Biomassa-e-Res\u00edduos.zip\">Biomassa e Res\u00edduos<\/a><\/p>\n<p><a href=\"https:\/\/www.ufsm.br\/laboratorios\/mecaniza\/wp-content\/uploads\/sites\/667\/2019\/07\/Colheita-Florestal.zip\">Colheita Florestal<\/a><\/p>\n<p><a href=\"https:\/\/www.ufsm.br\/laboratorios\/mecaniza\/wp-content\/uploads\/sites\/667\/2019\/07\/Colheita-Florestal-Semi-Mecanizada.zip\">Colheita Florestal Semi-Mecanizada<\/a><\/p>\n<p><a href=\"https:\/\/www.ufsm.br\/laboratorios\/mecaniza\/wp-content\/uploads\/sites\/667\/2019\/07\/Compacta\u00e7\u00e3o-do-Solo.zip\">Compacta\u00e7\u00e3o do Solo<\/a><\/p>\n<p><a href=\"https:\/\/www.ufsm.br\/laboratorios\/mecaniza\/wp-content\/uploads\/sites\/667\/2019\/07\/Corte.zip\">Corte<\/a><\/p>\n<p><a href=\"https:\/\/www.ufsm.br\/laboratorios\/mecaniza\/wp-content\/uploads\/sites\/667\/2019\/07\/Custos.zip\">Custos<\/a><\/p>\n<p><a href=\"https:\/\/www.ufsm.br\/laboratorios\/mecaniza\/wp-content\/uploads\/sites\/667\/2019\/07\/Ergonomia.zip\">Ergonomia<\/a><\/p>\n<p><a href=\"https:\/\/www.ufsm.br\/laboratorios\/mecaniza\/wp-content\/uploads\/sites\/667\/2019\/07\/Estudo-de-Gest\u00e3o-Qualidade-e-Tempos-e-Movimentos.zip\">Estudo de Gest\u00e3o, Qualidade e Tempos e Movimentos<\/a><\/p>\n<p><a href=\"https:\/\/www.ufsm.br\/laboratorios\/mecaniza\/wp-content\/uploads\/sites\/667\/2019\/07\/Operador-Florestal-e-Sua-Qualifica\u00e7\u00e3o.zip\">Operador Florestal e Sua Qualifica\u00e7\u00e3o<\/a><\/p>\n<p><a href=\"https:\/\/www.ufsm.br\/laboratorios\/mecaniza\/wp-content\/uploads\/sites\/667\/2019\/07\/Planejamento-Florestal.zip\">Planejamento Florestal<\/a><\/p>\n<p><a href=\"https:\/\/www.ufsm.br\/laboratorios\/mecaniza\/wp-content\/uploads\/sites\/667\/2019\/07\/Seguran\u00e7a.zip\">Seguran\u00e7a<\/a><\/p>\n<p><a href=\"https:\/\/www.ufsm.br\/laboratorios\/mecaniza\/wp-content\/uploads\/sites\/667\/2019\/07\/Silvicultura.zip\">Silvicultura<\/a><\/p>\n<p><a href=\"https:\/\/www.ufsm.br\/laboratorios\/mecaniza\/wp-content\/uploads\/sites\/667\/2019\/07\/Sistemas-de-Colheita-Florestal.zip\">Sistemas de Colheita Florestal<\/a><\/p>\n<p><a href=\"https:\/\/www.ufsm.br\/laboratorios\/mecaniza\/wp-content\/uploads\/sites\/667\/2019\/07\/Tecnologias.zip\">Tecnologias<\/a><\/p>\n<p><a href=\"https:\/\/www.ufsm.br\/laboratorios\/mecaniza\/wp-content\/uploads\/sites\/667\/2019\/07\/Terceiriza\u00e7\u00e3o.zip\">Terceiriza\u00e7\u00e3o<\/a><\/p>\n<\/div>\n","protected":false},"excerpt":{"rendered":"<p>Material de apoio dispon\u00edvel para consulta acad\u00eamica sobre os seguintes t\u00f3picos: Arraste e Baldeio Biomassa e Res\u00edduos Colheita Florestal Colheita Florestal Semi-Mecanizada Compacta\u00e7\u00e3o do Solo Corte Custos Ergonomia Estudo de Gest\u00e3o, Qualidade e Tempos e Movimentos Operador Florestal e Sua Qualifica\u00e7\u00e3o Planejamento Florestal Seguran\u00e7a Silvicultura Sistemas de Colheita Florestal Tecnologias Terceiriza\u00e7\u00e3o<\/p>\n","protected":false},"author":115,"featured_media":0,"parent":0,"menu_order":0,"comment_status":"closed","ping_status":"closed","template":"","meta":{"footnotes":""},"categories":[],"tags":[],"class_list":["post-54","page","type-page","status-publish","hentry"],"acf":[],"_links":{"self":[{"href":"https:\/\/www.ufsm.br\/laboratorios\/mecaniza\/wp-json\/wp\/v2\/pages\/54","targetHints":{"allow":["GET"]}}],"collection":[{"href":"https:\/\/www.ufsm.br\/laboratorios\/mecaniza\/wp-json\/wp\/v2\/pages"}],"about":[{"href":"https:\/\/www.ufsm.br\/laboratorios\/mecaniza\/wp-json\/wp\/v2\/types\/page"}],"author":[{"embeddable":true,"href":"https:\/\/www.ufsm.br\/laboratorios\/mecaniza\/wp-json\/wp\/v2\/users\/115"}],"replies":[{"embeddable":true,"href":"https:\/\/www.ufsm.br\/laboratorios\/mecaniza\/wp-json\/wp\/v2\/comments?post=54"}],"version-history":[{"count":0,"href":"https:\/\/www.ufsm.br\/laboratorios\/mecaniza\/wp-json\/wp\/v2\/pages\/54\/revisions"}],"wp:attachment":[{"href":"https:\/\/www.ufsm.br\/laboratorios\/mecaniza\/wp-json\/wp\/v2\/media?parent=54"}],"wp:term":[{"taxonomy":"category","embeddable":true,"href":"https:\/\/www.ufsm.br\/laboratorios\/mecaniza\/wp-json\/wp\/v2\/categories?post=54"},{"taxonomy":"post_tag","embeddable":true,"href":"https:\/\/www.ufsm.br\/laboratorios\/mecaniza\/wp-json\/wp\/v2\/tags?post=54"}],"curies":[{"name":"wp","href":"https:\/\/api.w.org\/{rel}","templated":true}]}}