{"id":71,"date":"2019-07-08T12:29:43","date_gmt":"2019-07-08T15:29:43","guid":{"rendered":"https:\/\/www.ufsm.br\/laboratorios\/mecaniza\/?page_id=71"},"modified":"2019-07-08T12:29:44","modified_gmt":"2019-07-08T15:29:44","slug":"videos-didaticos","status":"publish","type":"page","link":"https:\/\/www.ufsm.br\/laboratorios\/mecaniza\/videos-didaticos","title":{"rendered":"V\u00eddeos Did\u00e1ticos"},"content":{"rendered":"\n<p><strong>Acesse a p\u00e1gina do Laborat\u00f3rio Mecaniza no YouTube e come\u00e7a um pouco mais sobre o mundo dos motores e da mecaniza\u00e7\u00e3o florestal.<\/strong><\/p>\n<p>Confira:<br \/><strong><a href=\"https:\/\/www.youtube.com\/channel\/UCDIEeXu2t8oOeNowKxcPMmA\">https:\/\/www.youtube.com\/channel\/UCDIEeXu2t8oOeNowKxcPMmA<\/a><\/strong><\/p>\n","protected":false},"excerpt":{"rendered":"<p>Acesse a p\u00e1gina do Laborat\u00f3rio Mecaniza no YouTube e come\u00e7a um pouco mais sobre o mundo dos motores e da mecaniza\u00e7\u00e3o florestal. Confira:https:\/\/www.youtube.com\/channel\/UCDIEeXu2t8oOeNowKxcPMmA<\/p>\n","protected":false},"author":115,"featured_media":0,"parent":0,"menu_order":0,"comment_status":"closed","ping_status":"closed","template":"","meta":{"footnotes":""},"categories":[],"tags":[],"class_list":["post-71","page","type-page","status-publish","hentry"],"acf":[],"_links":{"self":[{"href":"https:\/\/www.ufsm.br\/laboratorios\/mecaniza\/wp-json\/wp\/v2\/pages\/71","targetHints":{"allow":["GET"]}}],"collection":[{"href":"https:\/\/www.ufsm.br\/laboratorios\/mecaniza\/wp-json\/wp\/v2\/pages"}],"about":[{"href":"https:\/\/www.ufsm.br\/laboratorios\/mecaniza\/wp-json\/wp\/v2\/types\/page"}],"author":[{"embeddable":true,"href":"https:\/\/www.ufsm.br\/laboratorios\/mecaniza\/wp-json\/wp\/v2\/users\/115"}],"replies":[{"embeddable":true,"href":"https:\/\/www.ufsm.br\/laboratorios\/mecaniza\/wp-json\/wp\/v2\/comments?post=71"}],"version-history":[{"count":0,"href":"https:\/\/www.ufsm.br\/laboratorios\/mecaniza\/wp-json\/wp\/v2\/pages\/71\/revisions"}],"wp:attachment":[{"href":"https:\/\/www.ufsm.br\/laboratorios\/mecaniza\/wp-json\/wp\/v2\/media?parent=71"}],"wp:term":[{"taxonomy":"category","embeddable":true,"href":"https:\/\/www.ufsm.br\/laboratorios\/mecaniza\/wp-json\/wp\/v2\/categories?post=71"},{"taxonomy":"post_tag","embeddable":true,"href":"https:\/\/www.ufsm.br\/laboratorios\/mecaniza\/wp-json\/wp\/v2\/tags?post=71"}],"curies":[{"name":"wp","href":"https:\/\/api.w.org\/{rel}","templated":true}]}}