{"id":76,"date":"2019-07-08T12:54:17","date_gmt":"2019-07-08T15:54:17","guid":{"rendered":"https:\/\/www.ufsm.br\/laboratorios\/mecaniza\/?page_id=76"},"modified":"2019-07-08T12:54:20","modified_gmt":"2019-07-08T15:54:20","slug":"linhas-de-pesquisa","status":"publish","type":"page","link":"https:\/\/www.ufsm.br\/laboratorios\/mecaniza\/linhas-de-pesquisa","title":{"rendered":"Linhas de Pesquisa"},"content":{"rendered":"\n<p><strong>Estas s\u00e3o as seguintes linhas de pesquisa desenvolvidas no Laborat\u00f3rio Mecaniza:<\/strong><\/p>\n<ul>\n<li>Pesquisa em m\u00e1quinas para silvicultura: preparo do solo, transplantio de mudas, aduba\u00e7\u00e3o e tratos culturais;<\/li>\n<li>Pesquisa em m\u00e1quinas para colheita e transporte de madeira;<\/li>\n<li>Manuten\u00e7\u00e3o de m\u00e1quinas em atividades silvo-agro-pastoris;<\/li>\n<li>Seguran\u00e7a e ergonomia em atividades silvo-agro-pastoris.<\/li>\n<\/ul>\n","protected":false},"excerpt":{"rendered":"<p>Estas s\u00e3o as seguintes linhas de pesquisa desenvolvidas no Laborat\u00f3rio Mecaniza: Pesquisa em m\u00e1quinas para silvicultura: preparo do solo, transplantio de mudas, aduba\u00e7\u00e3o e tratos culturais; Pesquisa em m\u00e1quinas para colheita e transporte de madeira; Manuten\u00e7\u00e3o de m\u00e1quinas em atividades silvo-agro-pastoris; Seguran\u00e7a e ergonomia em atividades silvo-agro-pastoris.<\/p>\n","protected":false},"author":115,"featured_media":0,"parent":0,"menu_order":0,"comment_status":"closed","ping_status":"closed","template":"","meta":{"footnotes":""},"categories":[],"tags":[],"class_list":["post-76","page","type-page","status-publish","hentry"],"acf":[],"_links":{"self":[{"href":"https:\/\/www.ufsm.br\/laboratorios\/mecaniza\/wp-json\/wp\/v2\/pages\/76","targetHints":{"allow":["GET"]}}],"collection":[{"href":"https:\/\/www.ufsm.br\/laboratorios\/mecaniza\/wp-json\/wp\/v2\/pages"}],"about":[{"href":"https:\/\/www.ufsm.br\/laboratorios\/mecaniza\/wp-json\/wp\/v2\/types\/page"}],"author":[{"embeddable":true,"href":"https:\/\/www.ufsm.br\/laboratorios\/mecaniza\/wp-json\/wp\/v2\/users\/115"}],"replies":[{"embeddable":true,"href":"https:\/\/www.ufsm.br\/laboratorios\/mecaniza\/wp-json\/wp\/v2\/comments?post=76"}],"version-history":[{"count":0,"href":"https:\/\/www.ufsm.br\/laboratorios\/mecaniza\/wp-json\/wp\/v2\/pages\/76\/revisions"}],"wp:attachment":[{"href":"https:\/\/www.ufsm.br\/laboratorios\/mecaniza\/wp-json\/wp\/v2\/media?parent=76"}],"wp:term":[{"taxonomy":"category","embeddable":true,"href":"https:\/\/www.ufsm.br\/laboratorios\/mecaniza\/wp-json\/wp\/v2\/categories?post=76"},{"taxonomy":"post_tag","embeddable":true,"href":"https:\/\/www.ufsm.br\/laboratorios\/mecaniza\/wp-json\/wp\/v2\/tags?post=76"}],"curies":[{"name":"wp","href":"https:\/\/api.w.org\/{rel}","templated":true}]}}