{"id":2,"date":"2019-05-14T15:59:30","date_gmt":"2019-05-14T18:59:30","guid":{"rendered":"https:\/\/www.ufsm.br\/laboratorios-larp\/?page_id=2"},"modified":"2024-11-28T17:01:29","modified_gmt":"2024-11-28T20:01:29","slug":"pagina-inicial","status":"publish","type":"page","link":"https:\/\/www.ufsm.br\/laboratorios\/memlab\/","title":{"rendered":"P\u00e1gina inicial"},"content":{"rendered":"\t\t<div data-elementor-type=\"wp-post\" data-elementor-id=\"2\" class=\"elementor elementor-2\">\n\t\t\t\t\t\t<section class=\"elementor-section elementor-top-section elementor-element elementor-element-31fda3f1 elementor-section-boxed elementor-section-height-default elementor-section-height-default\" data-id=\"31fda3f1\" data-element_type=\"section\">\n\t\t\t\t\t\t<div class=\"elementor-container elementor-column-gap-default\">\n\t\t\t\t\t<div class=\"elementor-column elementor-col-100 elementor-top-column elementor-element elementor-element-7c1b024\" data-id=\"7c1b024\" data-element_type=\"column\">\n\t\t\t<div class=\"elementor-widget-wrap elementor-element-populated\">\n\t\t\t\t\t\t<div class=\"elementor-element elementor-element-8d9b83a elementor-widget elementor-widget-heading\" data-id=\"8d9b83a\" data-element_type=\"widget\" data-widget_type=\"heading.default\">\n\t\t\t\t<div class=\"elementor-widget-container\">\n\t\t\t<h5 class=\"elementor-heading-title elementor-size-default\">Apresenta\u00e7\u00e3o<\/h5>\t\t<\/div>\n\t\t\t\t<\/div>\n\t\t\t\t<div class=\"elementor-element elementor-element-c8da605 elementor-widget elementor-widget-text-editor\" data-id=\"c8da605\" data-element_type=\"widget\" data-widget_type=\"text-editor.default\">\n\t\t\t\t<div class=\"elementor-widget-container\">\n\t\t\t\t\t\t\t<p>O Laborat\u00f3rio de Filosofia da Mem\u00f3ria (MemLab) da UFSM realiza investiga\u00e7\u00f5es de natureza conceitual sobre algumas das mais centrais dentre as quest\u00f5es filos\u00f3ficas sobre a natureza da mem\u00f3ria:<\/p>\n<ul>\n<li>O que \u00e9 lembrar?<\/li>\n<li>Lembrar \u00e9 diferente de imaginar?<\/li>\n<li>Qual a rela\u00e7\u00e3o entre a mem\u00f3ria e o passado?<\/li>\n<\/ul>\n<p><span style=\"font-size: 12pt\">Este recorte se explica, por um lado, pelo foco do MemLab em temas relacionados aos debates contempor\u00e2neos em filosofia da mem\u00f3ria. Por outro lado, o MemLab se aplica a tais quest\u00f5es por ter como meta central formar novos pesquisadores que tenham a capacidade de intervir com destreza e credibilidade nos principais f\u00f3runs de pesquisa acad\u00eamica sobre a filosofia da mem\u00f3ria, incluindo eventos e publica\u00e7\u00f5es.<\/span><\/p>\n<p><span style=\"font-size: 12pt\">O MemLab desenvolve suas pesquisas e produtos num Semin\u00e1rio Interno. <br><\/span><\/p>\n<p><span style=\"font-size: 12pt\">Voc\u00ea pode entrar em contato com o MemLab atrav\u00e9s dos emails memlab.ufsm@gmail.com e cesar.santos@ufsm.br. <br><\/span><\/p>\t\t\t\t\t\t<\/div>\n\t\t\t\t<\/div>\n\t\t\t\t\t<\/div>\n\t\t<\/div>\n\t\t\t\t\t<\/div>\n\t\t<\/section>\n\t\t\t\t<section class=\"elementor-section elementor-top-section elementor-element elementor-element-7416eee elementor-section-boxed elementor-section-height-default elementor-section-height-default\" data-id=\"7416eee\" data-element_type=\"section\">\n\t\t\t\t\t\t<div class=\"elementor-container elementor-column-gap-default\">\n\t\t\t\t\t<div class=\"elementor-column elementor-col-100 elementor-top-column elementor-element elementor-element-fff47c8\" data-id=\"fff47c8\" data-element_type=\"column\">\n\t\t\t<div class=\"elementor-widget-wrap elementor-element-populated\">\n\t\t\t\t\t\t<div class=\"elementor-element elementor-element-203a095 elementor-widget elementor-widget-wp-widget-ufsm_utilidades\" data-id=\"203a095\" data-element_type=\"widget\" data-widget_type=\"wp-widget-ufsm_utilidades.default\">\n\t\t\t\t<div class=\"elementor-widget-container\">\n\t\t\t\t\t<h5 class=\"card-title titulo-conteudos\">Utilidades<\/h5>\n\t\t\t\t\n\t\t<div class=\"row d-flex justify-content-around\">\n\t\t\t\t\t\t\t<div class=\"col-12 col-sm-6 col-md-2 mt-4 text-center\">\n\t\t\t\t\t\t\t\t\t\t\t<a href=\"https:\/\/www.ufsm.br\/laboratorios\/memlab\/equipe\" class=\"item-utilidades d-block\">\n\t\t\t\t\t\t\t\t\t\t<i class=\"fa fa-group animation-pulse\" aria-hidden=\"true\"><\/i><b>Equipe<\/b><\/a>\n\t\t\t\t<\/div>\n\t\t\t\t\t\t\t<div class=\"col-12 col-sm-6 col-md-2 mt-4 text-center\">\n\t\t\t\t\t\t\t\t\t\t\t<a href=\"https:\/\/www.ufsm.br\/laboratorios\/memlab\/producao-cientifica\" class=\"item-utilidades d-block\">\n\t\t\t\t\t\t\t\t\t\t<i class=\"fa fa-quote-right animation-pulse\" aria-hidden=\"true\"><\/i><b>Produ\u00e7\u00e3o Cient\u00edfica<\/b><\/a>\n\t\t\t\t<\/div>\n\t\t\t\t\t\t\t<div class=\"col-12 col-sm-6 col-md-2 mt-4 text-center\">\n\t\t\t\t\t\t\t\t\t\t\t<a href=\"https:\/\/www.ufsm.br\/laboratorios\/memlab\/projetos\" class=\"item-utilidades d-block\">\n\t\t\t\t\t\t\t\t\t\t<i class=\"fa fa-thumb-tack animation-pulse\" aria-hidden=\"true\"><\/i><b>Projetos<\/b><\/a>\n\t\t\t\t<\/div>\n\t\t\t\t\t\t\t<div class=\"col-12 col-sm-6 col-md-2 mt-4 text-center\">\n\t\t\t\t\t\t\t\t\t\t\t<a href=\"https:\/\/www.ufsm.br\/laboratorios\/memlab\/infraestrutura\" class=\"item-utilidades d-block\">\n\t\t\t\t\t\t\t\t\t\t<i class=\"fa fa-university animation-pulse\" aria-hidden=\"true\"><\/i><b>Infraestrutura<\/b><\/a>\n\t\t\t\t<\/div>\n\t\t\t\t\t<\/div>\n\t\t\t\t<\/div>\n\t\t\t\t<\/div>\n\t\t\t\t\t<\/div>\n\t\t<\/div>\n\t\t\t\t\t<\/div>\n\t\t<\/section>\n\t\t\t\t<section class=\"elementor-section elementor-top-section elementor-element elementor-element-399195b elementor-section-boxed elementor-section-height-default elementor-section-height-default\" data-id=\"399195b\" data-element_type=\"section\">\n\t\t\t\t\t\t<div class=\"elementor-container elementor-column-gap-default\">\n\t\t\t\t\t<div class=\"elementor-column elementor-col-100 elementor-top-column elementor-element elementor-element-8759219\" data-id=\"8759219\" data-element_type=\"column\">\n\t\t\t<div class=\"elementor-widget-wrap elementor-element-populated\">\n\t\t\t\t\t\t<div class=\"elementor-element elementor-element-b327021 elementor-widget elementor-widget-wp-widget-ufsm_noticias_widget\" data-id=\"b327021\" data-element_type=\"widget\" data-widget_type=\"wp-widget-ufsm_noticias_widget.default\">\n\t\t\t\t<div class=\"elementor-widget-container\">\n\t\t\t<h5 class='titulo-conteudos'>Not\u00edcias<\/h5><div class='widget-noticias-inside'>\n                        <div class=\"row\">\n                                    <div class=\"col-12 col-lg-12 pb-4\">\n                                        \n                                        \n                    \n                    <a class=\"noticias-widget-title d-block \"  title=\"O Pal\u00e1cio da Mem\u00f3ria em Portugu\u00eas\" href=\"https:\/\/www.ufsm.br\/laboratorios\/memlab\/2026\/04\/02\/o-palacio-da-memoria-em-portugues\">\n                                                O Pal\u00e1cio da Mem\u00f3ria em Portugu\u00eas                    <\/a>\n                    \n                                            <div class=\"noticias-widget-introtext\">\n                            Martin Kolberg The Memory Palace \u00e9 um blog acad\u00eamico voltado a publica\u00e7\u00f5es sobre filosofia damem\u00f3ria. A convite das editoras Sarah Robins e Marta Carav\u00e0, o MemLab passou a traduzirposts do ingl\u00eas para o portugu\u00eas, como parte do projeto de ampliar&hellip;                        <\/div>\n                    \n                                        \n                                        \n                                            \n                                                    <div title=\"Publicado em 02\/04\/2026 \" class=\"data-publicacao-widget\">\n                                <i  class=\"far fa-clock\"><\/i>\n                                02\/04\/2026                             <\/div>\n                                                                <\/div>\n                            <\/div>\n                    <div class=\"row\">\n                                    <div class=\"col-12 col-lg-12 pb-4\">\n                                        \n                                        \n                    \n                    <a class=\"noticias-widget-title d-block \"  title=\"Site da Philosophy of Memory Organization (PhOMO) atualizado\" href=\"https:\/\/www.ufsm.br\/laboratorios\/memlab\/2025\/12\/12\/site-da-philosophy-of-memory-organization-phomo-atualizado\">\n                                                Site da Philosophy of Memory Organization (PhOMO) atualizado                    <\/a>\n                    \n                                            <div class=\"noticias-widget-introtext\">\n                            Confira no link:\u00a0 https:\/\/www.phomo.org                        <\/div>\n                    \n                                        \n                                        \n                                            \n                                                    <div title=\"Publicado em 12\/12\/2025 \" class=\"data-publicacao-widget\">\n                                <i  class=\"far fa-clock\"><\/i>\n                                12\/12\/2025                             <\/div>\n                                                                <\/div>\n                            <\/div>\n                    <div class=\"row\">\n                                    <div class=\"col-12 col-lg-12 pb-4\">\n                                        \n                                        \n                    \n                    <a class=\"noticias-widget-title d-block \"  title=\"MemLab recapitula sua hist\u00f3ria e debate temas correntes de filosofia da mem\u00f3ria\" href=\"https:\/\/www.ufsm.br\/laboratorios\/memlab\/2025\/12\/05\/memlab-recapitula-sua-historia-e-debate-temas-correntes-de-filosofia-da-memoria\">\n                                                MemLab recapitula sua hist\u00f3ria e debate temas correntes de filosofia da mem\u00f3ria                    <\/a>\n                    \n                                            <div class=\"noticias-widget-introtext\">\n                            Para fechar as atividades de 2025, o MemLab reminisce sobre sua hist\u00f3ria e apresenta algumas das suas pesquisas em curso no campo da filosofia da mem\u00f3ria.\u00a0 Mais informa\u00e7\u00f5es no site do Programa de P\u00f3s-Gradua\u00e7\u00e3o em Filosofia da Universidade Federal de&hellip;                        <\/div>\n                    \n                                        \n                                        \n                                            \n                                                    <div title=\"Publicado em 05\/12\/2025 \" class=\"data-publicacao-widget\">\n                                <i  class=\"far fa-clock\"><\/i>\n                                05\/12\/2025                             <\/div>\n                                                                <\/div>\n                            <\/div>\n                    <div class=\"row\">\n                                    <div class=\"col-12 col-lg-12 pb-4\">\n                                        \n                                        \n                    \n                    <a class=\"noticias-widget-title d-block \"  title=\"Reavaliando o lugar das atitudes mentais na filosofia naturalista da mem\u00f3ria: nova publica\u00e7\u00e3o por Matheus Diesel\" href=\"https:\/\/www.ufsm.br\/laboratorios\/memlab\/2025\/04\/15\/reavaliando-o-lugar-das-atitudes-mentais-na-filosofia-naturalista-da-memoria-nova-publicacao-por-matheus-diesel\">\n                                                Reavaliando o lugar das atitudes mentais na filosofia naturalista da mem\u00f3ria: nova publica\u00e7\u00e3o por Matheus Diesel                    <\/a>\n                    \n                                            <div class=\"noticias-widget-introtext\">\n                            Por Jonathas Kilque Villanova Matheus Diesel Werberich (Washington University, St. Louis) recentemente publicou na revista Synthese o artigo intitulado &#8220;Remembering and imagining as attitudes: an interpretivist account&#8221;. O artigo explora a relev\u00e2ncia das atitudes mentais para o debate sobre a&hellip;                        <\/div>\n                    \n                                        \n                                        \n                                            \n                                                    <div title=\"Publicado em 15\/04\/2025 \" class=\"data-publicacao-widget\">\n                                <i  class=\"far fa-clock\"><\/i>\n                                15\/04\/2025                             <\/div>\n                                                                <\/div>\n                            <\/div>\n                    <div class=\"row\">\n                                    <div class=\"col-12 col-lg-12 pb-4\">\n                                        \n                                        \n                    \n                    <a class=\"noticias-widget-title d-block \"  title=\"Os Mecanismos da Simula\u00e7\u00e3o Epis\u00f3dica: novo paper de Jos\u00e9 Camillo sobre o debate (des)continu\u00edsta\" href=\"https:\/\/www.ufsm.br\/laboratorios\/memlab\/2025\/04\/10\/os-mecanismos-da-simulacao-episodica-novo-paper-de-jose-camillo-sobre-o-debate-descontinuista\">\n                                                Os Mecanismos da Simula\u00e7\u00e3o Epis\u00f3dica: novo paper de Jos\u00e9 Camillo sobre o debate (des)continu\u00edsta                    <\/a>\n                    \n                                            <div class=\"noticias-widget-introtext\">\n                            Por M\u00e1rtin C. Kolberg &amp; Arthur S. Fachi Jos\u00e9 Carlos Camillo, doutorando em Filosofia pela UFG, publicou um artigo originalna revista Synthese no qual prop\u00f5e a tese continu\u00edsta que a mem\u00f3ria e a imagina\u00e7\u00e3oepis\u00f3dicas compartilham um mecanismo constitutivo comum. Sua&hellip;                        <\/div>\n                    \n                                        \n                                        \n                                            \n                                                    <div title=\"Publicado em 10\/04\/2025 \" class=\"data-publicacao-widget\">\n                                <i  class=\"far fa-clock\"><\/i>\n                                10\/04\/2025                             <\/div>\n                                                                <\/div>\n                            <\/div>\n            <\/div>\n<div class=\"leia-mais p-1\">\n                <a href=\"https:\/\/www.ufsm.br\/laboratorios\/memlab\/busca\/?q=&area=post&orderby=date&sites%5B%5D=918\">\n            LEIA MAIS            <span class=\"icon-box\">\n                <span class=\"bg-ufsm-widget-icon\">\n                    <i class=\"fas fa-chevron-right\" aria-hidden=\"true\"><\/i>\n                <\/span>\n            <\/span>\n        <\/a>\n    <\/div>\n\t\t<\/div>\n\t\t\t\t<\/div>\n\t\t\t\t\t<\/div>\n\t\t<\/div>\n\t\t\t\t\t<\/div>\n\t\t<\/section>\n\t\t\t\t<\/div>\n\t\t","protected":false},"excerpt":{"rendered":"<p>Apresenta\u00e7\u00e3o O Laborat\u00f3rio de Filosofia da Mem\u00f3ria (MemLab) da UFSM realiza investiga\u00e7\u00f5es de natureza conceitual sobre algumas das mais centrais dentre as quest\u00f5es filos\u00f3ficas sobre a natureza da mem\u00f3ria: O que \u00e9 lembrar? Lembrar \u00e9 diferente de imaginar? Qual a rela\u00e7\u00e3o entre a mem\u00f3ria e o passado? Este recorte se explica, por um lado, pelo [&hellip;]<\/p>\n","protected":false},"author":26,"featured_media":0,"parent":0,"menu_order":0,"comment_status":"closed","ping_status":"open","template":"","meta":{"footnotes":""},"categories":[],"tags":[],"class_list":["post-2","page","type-page","status-publish","hentry"],"acf":[],"_links":{"self":[{"href":"https:\/\/www.ufsm.br\/laboratorios\/memlab\/wp-json\/wp\/v2\/pages\/2","targetHints":{"allow":["GET"]}}],"collection":[{"href":"https:\/\/www.ufsm.br\/laboratorios\/memlab\/wp-json\/wp\/v2\/pages"}],"about":[{"href":"https:\/\/www.ufsm.br\/laboratorios\/memlab\/wp-json\/wp\/v2\/types\/page"}],"author":[{"embeddable":true,"href":"https:\/\/www.ufsm.br\/laboratorios\/memlab\/wp-json\/wp\/v2\/users\/26"}],"replies":[{"embeddable":true,"href":"https:\/\/www.ufsm.br\/laboratorios\/memlab\/wp-json\/wp\/v2\/comments?post=2"}],"version-history":[{"count":0,"href":"https:\/\/www.ufsm.br\/laboratorios\/memlab\/wp-json\/wp\/v2\/pages\/2\/revisions"}],"wp:attachment":[{"href":"https:\/\/www.ufsm.br\/laboratorios\/memlab\/wp-json\/wp\/v2\/media?parent=2"}],"wp:term":[{"taxonomy":"category","embeddable":true,"href":"https:\/\/www.ufsm.br\/laboratorios\/memlab\/wp-json\/wp\/v2\/categories?post=2"},{"taxonomy":"post_tag","embeddable":true,"href":"https:\/\/www.ufsm.br\/laboratorios\/memlab\/wp-json\/wp\/v2\/tags?post=2"}],"curies":[{"name":"wp","href":"https:\/\/api.w.org\/{rel}","templated":true}]}}