{"id":23,"date":"2019-05-14T17:02:03","date_gmt":"2019-05-14T20:02:03","guid":{"rendered":"https:\/\/www.ufsm.br\/template-laboratprio\/?page_id=23"},"modified":"2023-10-27T12:36:49","modified_gmt":"2023-10-27T15:36:49","slug":"equipe","status":"publish","type":"page","link":"https:\/\/www.ufsm.br\/laboratorios\/memlab\/equipe","title":{"rendered":"Equipe"},"content":{"rendered":"\n<p>Coordenador:<\/p>\n<p><a href=\"https:\/\/www.mnem.xyz\/\">C\u00e9sar Schirmer dos Santos<\/a> (UFSM, cesar.santos@ufsm.br)<\/p>\n<p>Doutorandos:<\/p>\n<p><a href=\"https:\/\/philpeople.org\/profiles\/gabriel-zaccaro\">Gabriel Zaccaro<\/a> (UFSM, l\u00edder da equipe)<\/p>\n<p>Bruna Nat\u00e1lia Richter (UFSM)<\/p>\n<p><a href=\"https:\/\/www.matheusdw.com\/\">Matheus Diesel Werberich<\/a> (Washington University, St. Louis)<\/p>\n<p>Matheus Cavalcante (UFSM)<\/p>\n<p>Jonathas Kilque Villanova (UFSM)<\/p>\n<p>Graduados:<\/p>\n<p>M\u00e1rtin Cerezer Kolbert (UFSM)<\/p>\n<p>Graduandos:<\/p>\n<p>Giovanna Da Cas (UFSM)<\/p>\n","protected":false},"excerpt":{"rendered":"<p>Coordenador: C\u00e9sar Schirmer dos Santos (UFSM, cesar.santos@ufsm.br) Doutorandos: Gabriel Zaccaro (UFSM, l\u00edder da equipe) Bruna Nat\u00e1lia Richter (UFSM) Matheus Diesel Werberich (Washington University, St. Louis) Matheus Cavalcante (UFSM) Jonathas Kilque Villanova (UFSM) Graduados: M\u00e1rtin Cerezer Kolbert (UFSM) Graduandos: Giovanna Da Cas (UFSM)<\/p>\n","protected":false},"author":124,"featured_media":0,"parent":0,"menu_order":0,"comment_status":"closed","ping_status":"closed","template":"","meta":{"footnotes":""},"categories":[],"tags":[],"class_list":["post-23","page","type-page","status-publish","hentry"],"acf":[],"_links":{"self":[{"href":"https:\/\/www.ufsm.br\/laboratorios\/memlab\/wp-json\/wp\/v2\/pages\/23","targetHints":{"allow":["GET"]}}],"collection":[{"href":"https:\/\/www.ufsm.br\/laboratorios\/memlab\/wp-json\/wp\/v2\/pages"}],"about":[{"href":"https:\/\/www.ufsm.br\/laboratorios\/memlab\/wp-json\/wp\/v2\/types\/page"}],"author":[{"embeddable":true,"href":"https:\/\/www.ufsm.br\/laboratorios\/memlab\/wp-json\/wp\/v2\/users\/124"}],"replies":[{"embeddable":true,"href":"https:\/\/www.ufsm.br\/laboratorios\/memlab\/wp-json\/wp\/v2\/comments?post=23"}],"version-history":[{"count":0,"href":"https:\/\/www.ufsm.br\/laboratorios\/memlab\/wp-json\/wp\/v2\/pages\/23\/revisions"}],"wp:attachment":[{"href":"https:\/\/www.ufsm.br\/laboratorios\/memlab\/wp-json\/wp\/v2\/media?parent=23"}],"wp:term":[{"taxonomy":"category","embeddable":true,"href":"https:\/\/www.ufsm.br\/laboratorios\/memlab\/wp-json\/wp\/v2\/categories?post=23"},{"taxonomy":"post_tag","embeddable":true,"href":"https:\/\/www.ufsm.br\/laboratorios\/memlab\/wp-json\/wp\/v2\/tags?post=23"}],"curies":[{"name":"wp","href":"https:\/\/api.w.org\/{rel}","templated":true}]}}