{"id":32,"date":"2019-05-24T15:38:39","date_gmt":"2019-05-24T18:38:39","guid":{"rendered":"https:\/\/www.ufsm.br\/template-laboratprio\/?page_id=32"},"modified":"2024-07-03T16:21:32","modified_gmt":"2024-07-03T19:21:32","slug":"projetos","status":"publish","type":"page","link":"https:\/\/www.ufsm.br\/laboratorios\/memlab\/projetos","title":{"rendered":"Projetos"},"content":{"rendered":"\n<p>Projetos em andamento:<\/p>\n<ul>\n<li><a href=\"https:\/\/portal.ufsm.br\/projetos\/publico\/projetos\/view.html?idProjeto=70791\" target=\"_blank\" rel=\"noopener\"><span id=\"OutFieldTag_p5kwec15sFEarl4Q\" class=\"\" aria-labelledby=\"OutFieldTag_p5kwec15sFEarl4Q_label\">Laborat\u00f3rio de Filosofia da Mem\u00f3ria da UFSM (MemLab-UFSM)<\/span><\/a> (projeto &#8220;guarda-chuva&#8221;)<\/li>\n<li><a href=\"https:\/\/portal.ufsm.br\/projetos\/publico\/projetos\/view.html?idProjeto=73713\" target=\"_blank\" rel=\"noopener\">Ressignificando Mem\u00f3rias Autobiogr\u00e1ficas<\/a> (projeto de doutorado)<\/li>\n<li><a href=\"https:\/\/portal.ufsm.br\/projetos\/publico\/projetos\/view.html?idProjeto=72679\" target=\"_blank\" rel=\"noopener\">Por uma Defini\u00e7\u00e3o do Conceito de Imagina\u00e7\u00e3o<\/a> (projeto de doutorado)<\/li>\n<li><a href=\"https:\/\/portal.ufsm.br\/projetos\/publico\/projetos\/view.html?idProjeto=73547\" target=\"_blank\" rel=\"noopener\">A Fenomenologia do Lembrar Epis\u00f3dico<\/a> (projeto de doutorado)<\/li>\n<li><a href=\"https:\/\/portal.ufsm.br\/projetos\/publico\/projetos\/view.html?idProjeto=424285\" target=\"_blank\" rel=\"noopener\">O Papel Explicativo da Aten\u00e7\u00e3o em Teorias do Lembrar Epis\u00f3dico<\/a> (projeto de mestrado) <\/li>\n<\/ul>\n","protected":false},"excerpt":{"rendered":"<p>Projetos em andamento: Laborat\u00f3rio de Filosofia da Mem\u00f3ria da UFSM (MemLab-UFSM) (projeto &#8220;guarda-chuva&#8221;) Ressignificando Mem\u00f3rias Autobiogr\u00e1ficas (projeto de doutorado) Por uma Defini\u00e7\u00e3o do Conceito de Imagina\u00e7\u00e3o (projeto de doutorado) A Fenomenologia do Lembrar Epis\u00f3dico (projeto de doutorado) O Papel Explicativo da Aten\u00e7\u00e3o em Teorias do Lembrar Epis\u00f3dico (projeto de mestrado)<\/p>\n","protected":false},"author":25,"featured_media":0,"parent":0,"menu_order":0,"comment_status":"closed","ping_status":"closed","template":"","meta":{"footnotes":""},"categories":[],"tags":[],"class_list":["post-32","page","type-page","status-publish","hentry"],"acf":[],"_links":{"self":[{"href":"https:\/\/www.ufsm.br\/laboratorios\/memlab\/wp-json\/wp\/v2\/pages\/32","targetHints":{"allow":["GET"]}}],"collection":[{"href":"https:\/\/www.ufsm.br\/laboratorios\/memlab\/wp-json\/wp\/v2\/pages"}],"about":[{"href":"https:\/\/www.ufsm.br\/laboratorios\/memlab\/wp-json\/wp\/v2\/types\/page"}],"author":[{"embeddable":true,"href":"https:\/\/www.ufsm.br\/laboratorios\/memlab\/wp-json\/wp\/v2\/users\/25"}],"replies":[{"embeddable":true,"href":"https:\/\/www.ufsm.br\/laboratorios\/memlab\/wp-json\/wp\/v2\/comments?post=32"}],"version-history":[{"count":0,"href":"https:\/\/www.ufsm.br\/laboratorios\/memlab\/wp-json\/wp\/v2\/pages\/32\/revisions"}],"wp:attachment":[{"href":"https:\/\/www.ufsm.br\/laboratorios\/memlab\/wp-json\/wp\/v2\/media?parent=32"}],"wp:term":[{"taxonomy":"category","embeddable":true,"href":"https:\/\/www.ufsm.br\/laboratorios\/memlab\/wp-json\/wp\/v2\/categories?post=32"},{"taxonomy":"post_tag","embeddable":true,"href":"https:\/\/www.ufsm.br\/laboratorios\/memlab\/wp-json\/wp\/v2\/tags?post=32"}],"curies":[{"name":"wp","href":"https:\/\/api.w.org\/{rel}","templated":true}]}}