{"id":22,"date":"2019-05-14T17:01:42","date_gmt":"2019-05-14T20:01:42","guid":{"rendered":"https:\/\/www.ufsm.br\/template-laboratprio\/?page_id=22"},"modified":"2025-11-07T10:11:14","modified_gmt":"2025-11-07T13:11:14","slug":"informacoes-gerais","status":"publish","type":"page","link":"https:\/\/www.ufsm.br\/laboratorios\/milpa\/informacoes-gerais","title":{"rendered":"Sobre"},"content":{"rendered":"\t\t<div data-elementor-type=\"wp-page\" data-elementor-id=\"22\" class=\"elementor elementor-22\">\n\t\t\t\t\t\t<section class=\"elementor-section elementor-top-section elementor-element elementor-element-d37876f elementor-section-boxed elementor-section-height-default elementor-section-height-default\" data-id=\"d37876f\" data-element_type=\"section\">\n\t\t\t\t\t\t<div class=\"elementor-container elementor-column-gap-default\">\n\t\t\t\t\t<div class=\"elementor-column elementor-col-100 elementor-top-column elementor-element elementor-element-7cc8050\" data-id=\"7cc8050\" data-element_type=\"column\">\n\t\t\t<div class=\"elementor-widget-wrap elementor-element-populated\">\n\t\t\t\t\t\t<div class=\"elementor-element elementor-element-0a256fd elementor-widget elementor-widget-text-editor\" data-id=\"0a256fd\" data-element_type=\"widget\" data-widget_type=\"text-editor.default\">\n\t\t\t\t<div class=\"elementor-widget-container\">\n\t\t\t\t\t\t\t<p>O <strong><em>milpa &#8211; laborat\u00f3rio de jornalismo<\/em><\/strong> (CNPq\/UFSM) congrega e fomenta a\u00e7\u00f5es de pesquisa, de forma\u00e7\u00e3o e de experimenta\u00e7\u00e3o pr\u00e1tica em comunica\u00e7\u00e3o e em jornalismo, articulando suas a\u00e7\u00f5es na interface com o pensamento ambiental, as ecossociabilidades, as emerg\u00eancias do antropoceno e as epistemologias emergentes sobre os territ\u00f3rios no Sul Global. Tamb\u00e9m procura fomentar pr\u00e1ticas em comunica\u00e7\u00e3o compassiva e em culturas da paz. As atividades s\u00e3o impulsionadas pela responsabilidade \u00e9tica e pol\u00edtica frente \u00e0s condi\u00e7\u00f5es de vida no planeta, \u00e0 luz da \u00e9tica da alteridade, do di\u00e1logo e do trabalho coletivo e colaborativo. O\u00a0<em><strong>milpa <\/strong><\/em>oferece, ainda, suporte t\u00e9cnico e de conte\u00fado para produ\u00e7\u00f5es jornal\u00edsticas e editoriais em seus temas de atua\u00e7\u00e3o. O laborat\u00f3rio est\u00e1 vinculado ao <a href=\"https:\/\/www.ufsm.br\/cursos\/pos-graduacao\/santa-maria\/poscom\" target=\"_blank\" rel=\"noopener\">Programa de P\u00f3s-gradua\u00e7\u00e3o em Comunica\u00e7\u00e3o<\/a> e ao <a href=\"https:\/\/www.ufsm.br\/unidades-universitarias\/ccsh\/departamentos\/dccom\" target=\"_blank\" rel=\"noopener\">Departamento de Ci\u00eancias da Comunica\u00e7\u00e3o<\/a> da UFSM em Santa Maria &#8211; RS.<\/p>\t\t\t\t\t\t<\/div>\n\t\t\t\t<\/div>\n\t\t\t\t\t<\/div>\n\t\t<\/div>\n\t\t\t\t\t<\/div>\n\t\t<\/section>\n\t\t\t\t<section class=\"elementor-section elementor-top-section elementor-element elementor-element-c515a72 elementor-section-boxed elementor-section-height-default elementor-section-height-default\" data-id=\"c515a72\" data-element_type=\"section\">\n\t\t\t\t\t\t<div class=\"elementor-container elementor-column-gap-default\">\n\t\t\t\t\t<div class=\"elementor-column elementor-col-100 elementor-top-column elementor-element elementor-element-139a876\" data-id=\"139a876\" data-element_type=\"column\">\n\t\t\t<div class=\"elementor-widget-wrap elementor-element-populated\">\n\t\t\t\t\t\t<div class=\"elementor-element elementor-element-7c170c9 elementor-widget elementor-widget-text-editor\" data-id=\"7c170c9\" data-element_type=\"widget\" data-widget_type=\"text-editor.default\">\n\t\t\t\t<div class=\"elementor-widget-container\">\n\t\t\t\t\t\t\t<p><strong>About us<\/strong> | Comming soon<\/p><p><strong>Sobre nosotros<\/strong> | Proximamente<\/p>\t\t\t\t\t\t<\/div>\n\t\t\t\t<\/div>\n\t\t\t\t\t<\/div>\n\t\t<\/div>\n\t\t\t\t\t<\/div>\n\t\t<\/section>\n\t\t\t\t<\/div>\n\t\t","protected":false},"excerpt":{"rendered":"<p>O milpa &#8211; laborat\u00f3rio de jornalismo (CNPq\/UFSM) congrega e fomenta a\u00e7\u00f5es de pesquisa, de forma\u00e7\u00e3o e de experimenta\u00e7\u00e3o pr\u00e1tica em comunica\u00e7\u00e3o e em jornalismo, articulando suas a\u00e7\u00f5es na interface com o pensamento ambiental, as ecossociabilidades, as emerg\u00eancias do antropoceno e as epistemologias emergentes sobre os territ\u00f3rios no Sul Global. Tamb\u00e9m procura fomentar pr\u00e1ticas em comunica\u00e7\u00e3o [&hellip;]<\/p>\n","protected":false},"author":8,"featured_media":0,"parent":0,"menu_order":0,"comment_status":"closed","ping_status":"closed","template":"","meta":{"footnotes":""},"categories":[],"tags":[],"class_list":["post-22","page","type-page","status-publish","hentry"],"acf":[],"_links":{"self":[{"href":"https:\/\/www.ufsm.br\/laboratorios\/milpa\/wp-json\/wp\/v2\/pages\/22","targetHints":{"allow":["GET"]}}],"collection":[{"href":"https:\/\/www.ufsm.br\/laboratorios\/milpa\/wp-json\/wp\/v2\/pages"}],"about":[{"href":"https:\/\/www.ufsm.br\/laboratorios\/milpa\/wp-json\/wp\/v2\/types\/page"}],"author":[{"embeddable":true,"href":"https:\/\/www.ufsm.br\/laboratorios\/milpa\/wp-json\/wp\/v2\/users\/8"}],"replies":[{"embeddable":true,"href":"https:\/\/www.ufsm.br\/laboratorios\/milpa\/wp-json\/wp\/v2\/comments?post=22"}],"version-history":[{"count":0,"href":"https:\/\/www.ufsm.br\/laboratorios\/milpa\/wp-json\/wp\/v2\/pages\/22\/revisions"}],"wp:attachment":[{"href":"https:\/\/www.ufsm.br\/laboratorios\/milpa\/wp-json\/wp\/v2\/media?parent=22"}],"wp:term":[{"taxonomy":"category","embeddable":true,"href":"https:\/\/www.ufsm.br\/laboratorios\/milpa\/wp-json\/wp\/v2\/categories?post=22"},{"taxonomy":"post_tag","embeddable":true,"href":"https:\/\/www.ufsm.br\/laboratorios\/milpa\/wp-json\/wp\/v2\/tags?post=22"}],"curies":[{"name":"wp","href":"https:\/\/api.w.org\/{rel}","templated":true}]}}