{"id":32,"date":"2019-05-24T15:38:39","date_gmt":"2019-05-24T18:38:39","guid":{"rendered":"https:\/\/www.ufsm.br\/template-laboratprio\/?page_id=32"},"modified":"2024-09-26T20:25:35","modified_gmt":"2024-09-26T23:25:35","slug":"projetos","status":"publish","type":"page","link":"https:\/\/www.ufsm.br\/laboratorios\/milpa\/projetos","title":{"rendered":"Projetos"},"content":{"rendered":"\t\t<div data-elementor-type=\"wp-page\" data-elementor-id=\"32\" class=\"elementor elementor-32\">\n\t\t\t\t\t\t<section class=\"elementor-section elementor-top-section elementor-element elementor-element-ce5d37e elementor-section-boxed elementor-section-height-default elementor-section-height-default\" data-id=\"ce5d37e\" data-element_type=\"section\">\n\t\t\t\t\t\t<div class=\"elementor-container elementor-column-gap-default\">\n\t\t\t\t\t<div class=\"elementor-column elementor-col-50 elementor-top-column elementor-element elementor-element-9a9a816\" data-id=\"9a9a816\" data-element_type=\"column\">\n\t\t\t<div class=\"elementor-widget-wrap elementor-element-populated\">\n\t\t\t\t\t\t<div class=\"elementor-element elementor-element-9f632a2 elementor-widget elementor-widget-text-editor\" data-id=\"9f632a2\" data-element_type=\"widget\" data-widget_type=\"text-editor.default\">\n\t\t\t\t<div class=\"elementor-widget-container\">\n\t\t\t\t\t\t\t<div class=\"layout-cell layout-cell-3 text-align-right\"><div class=\"layout-cell-pad-5 text-align-right\">PESQUISA<strong><br \/><\/strong><\/div><div>\u00a0<\/div><div class=\"layout-cell-pad-5 text-align-right\"><strong>Escrituras poss\u00edveis, lugares (in)comuns: saberes, sujeitos e compreens\u00f5es sobre o jornalismo narrativo latino-americano<\/strong><\/div><div>\u00a0<\/div><div><span aria-labelledby=\"OutFieldTag_tlWc228qdgbkMCmX_label\"><em>Coordena\u00e7\u00e3o:<\/em> Prof. Reges Schwaab<br \/><\/span><\/div><div>\u00a0<\/div><div>O projeto busca trabalhar propostas te\u00f3ricas nativas e conceitua\u00e7\u00f5es sobre o jornalismo narrativo no cen\u00e1rio latino-americano, tomando-o como intervalo conceitual para pensar um fazer e um narrar pr\u00f3prios que emergem nessa geografia. Os movimentos de pesquisa objetivam mapear e compreender produ\u00e7\u00f5es acad\u00eamicas e jornal\u00edsticas, gestadas em espa\u00e7os formais e n\u00e3o formais dedicados \u00e0 forma\u00e7\u00e3o e ao pensamento sobre jornalismo (universidades, organiza\u00e7\u00f5es, funda\u00e7\u00f5es ou coletivos), bem como experimentar gestos metodologicamente comuns para an\u00e1lise do jornalismo narrativo. Al\u00e9m de explorar conceitualmente bibliografia sobre o tema, advinda de pa\u00edses da Am\u00e9rica Latina, a pesquisa procura valorizar o saber que se materializa a partir de sujeitos desse campo e suas reflex\u00f5es sobre as pr\u00e1ticas jornal\u00edsticas. A investiga\u00e7\u00e3o almeja, ainda, dar visibilidade a matrizes compreensivas e a desenhos operacionais de investiga\u00e7\u00e3o que possam ser propulsoras de um di\u00e1logo acad\u00eamico sobre o tema na regi\u00e3o. O projeto \u00e9 desenvolvido em parceria entre o Departamento de Ci\u00eancias da Comunica\u00e7\u00e3o da UFSM Campus Frederico Westphalen, o Programa de P\u00f3s-gradua\u00e7\u00e3o em Comunica\u00e7\u00e3o da UFSM.<\/div><div><strong>(Em andamento)<\/strong><\/div><\/div>\t\t\t\t\t\t<\/div>\n\t\t\t\t<\/div>\n\t\t\t\t\t<\/div>\n\t\t<\/div>\n\t\t\t\t<div class=\"elementor-column elementor-col-50 elementor-top-column elementor-element elementor-element-53979d4\" data-id=\"53979d4\" data-element_type=\"column\">\n\t\t\t<div class=\"elementor-widget-wrap elementor-element-populated\">\n\t\t\t\t\t\t<div class=\"elementor-element elementor-element-c90a982 elementor-widget elementor-widget-text-editor\" data-id=\"c90a982\" data-element_type=\"widget\" data-widget_type=\"text-editor.default\">\n\t\t\t\t<div class=\"elementor-widget-container\">\n\t\t\t\t\t\t\t<p>PESQUISA<\/p><p><span aria-labelledby=\"OutFieldTag_tlWc228qdgbkMCmX_label\"><b>Elei\u00e7\u00f5es presidenciais na Am\u00e9rica Latina: an\u00e1lise da cobertura jornal\u00edstica no per\u00edodo 2021-2025<\/b><\/span><\/p><p><span aria-labelledby=\"OutFieldTag_tlWc228qdgbkMCmX_label\"><em>Coordena\u00e7\u00e3o:<\/em> Profa. Angela Zamin<\/span><\/p><div class=\"row\"><div class=\"span12\"><span id=\"OutFieldTag_iE6L5j4nPIaKZqHc\" class=\"\" aria-labelledby=\"OutFieldTag_iE6L5j4nPIaKZqHc_label\">A presente pesquisa analisa como o jornalismo brasileiro de refer\u00eancia trata as elei\u00e7\u00f5es presidenciais em pa\u00edses latino-americanos em compara\u00e7\u00e3o com a cobertura do pleito nos Estados Unidos, no per\u00edodo 2021-2025. De modo comparativo, visa a compreender como se d\u00e1 a cobertura eleitoral, que pa\u00edses latino-americanos aparecem e qual espa\u00e7o editorial ocupam frente aos Estados Unidos. Para tanto, recupera o conceito de Jornalismo de Refer\u00eancia (ZAMIN, 2014), trata das rela\u00e7\u00f5es entre as editorias de internacional (AGUIAR, 2008; NATALI, 2004; ZAMIN, 2021) e de pol\u00edtica (MELO, 2008; RODRIGUES, 2021), e do cruzamento entre tema e territ\u00f3rio na cobertura do notici\u00e1rio estrangeiro (ZAMIN, DAL MAGRO, 2019). Te\u00f3rica e metodologicamente tem por base a An\u00e1lise de Conte\u00fado (BARDIN, 2011; FONSECA J\u00daNIOR, 2009; HERSCOVITZ, 2007) e a An\u00e1lise de Discurso (BRAND\u00c3O, 2004; FERNANDES, 2020; FOUCAULT, 2005; ORLANDI, 2005; P\u00caCHEUX, 1995, 2006). Pela primeira, busca identificar marcas de apura\u00e7\u00e3o, marcas de composi\u00e7\u00e3o do produto e aspectos da categoriza\u00e7\u00e3o contextual (SILVA; MAIA, 2011); valores-not\u00edcia de constru\u00e7\u00e3o (SILVA; 2014; SILVA; JERONYMO, 2017) e fontes jornal\u00edsticas (BORRAT, 1989; SANTOS, 1997; SCHMITZ, 2011). Pela segunda, busca compreender a partir dos textos informativos os sentidos inscritos para as elei\u00e7\u00f5es latino-americanas e estadunidenses a partir de rela\u00e7\u00f5es parafr\u00e1sticas, almejando destacar as nuances ideol\u00f3gicas e discursivas em um contexto pol\u00edtico complexo.<\/span><\/div><\/div><div><strong>(Em andamento)<\/strong><\/div>\t\t\t\t\t\t<\/div>\n\t\t\t\t<\/div>\n\t\t\t\t\t<\/div>\n\t\t<\/div>\n\t\t\t\t\t<\/div>\n\t\t<\/section>\n\t\t\t\t<\/div>\n\t\t","protected":false},"excerpt":{"rendered":"<p>PESQUISA\u00a0Escrituras poss\u00edveis, lugares (in)comuns: saberes, sujeitos e compreens\u00f5es sobre o jornalismo narrativo latino-americano\u00a0Coordena\u00e7\u00e3o: Prof. Reges Schwaab\u00a0O projeto busca trabalhar propostas te\u00f3ricas nativas e conceitua\u00e7\u00f5es sobre o jornalismo narrativo no cen\u00e1rio latino-americano, tomando-o como intervalo conceitual para pensar um fazer e um narrar pr\u00f3prios que emergem nessa geografia. Os movimentos de pesquisa objetivam mapear e compreender [&hellip;]<\/p>\n","protected":false},"author":25,"featured_media":0,"parent":0,"menu_order":0,"comment_status":"closed","ping_status":"closed","template":"","meta":{"footnotes":""},"categories":[],"tags":[],"class_list":["post-32","page","type-page","status-publish","hentry"],"acf":[],"_links":{"self":[{"href":"https:\/\/www.ufsm.br\/laboratorios\/milpa\/wp-json\/wp\/v2\/pages\/32","targetHints":{"allow":["GET"]}}],"collection":[{"href":"https:\/\/www.ufsm.br\/laboratorios\/milpa\/wp-json\/wp\/v2\/pages"}],"about":[{"href":"https:\/\/www.ufsm.br\/laboratorios\/milpa\/wp-json\/wp\/v2\/types\/page"}],"author":[{"embeddable":true,"href":"https:\/\/www.ufsm.br\/laboratorios\/milpa\/wp-json\/wp\/v2\/users\/25"}],"replies":[{"embeddable":true,"href":"https:\/\/www.ufsm.br\/laboratorios\/milpa\/wp-json\/wp\/v2\/comments?post=32"}],"version-history":[{"count":0,"href":"https:\/\/www.ufsm.br\/laboratorios\/milpa\/wp-json\/wp\/v2\/pages\/32\/revisions"}],"wp:attachment":[{"href":"https:\/\/www.ufsm.br\/laboratorios\/milpa\/wp-json\/wp\/v2\/media?parent=32"}],"wp:term":[{"taxonomy":"category","embeddable":true,"href":"https:\/\/www.ufsm.br\/laboratorios\/milpa\/wp-json\/wp\/v2\/categories?post=32"},{"taxonomy":"post_tag","embeddable":true,"href":"https:\/\/www.ufsm.br\/laboratorios\/milpa\/wp-json\/wp\/v2\/tags?post=32"}],"curies":[{"name":"wp","href":"https:\/\/api.w.org\/{rel}","templated":true}]}}