{"id":231,"date":"2020-11-01T20:28:04","date_gmt":"2020-11-01T23:28:04","guid":{"rendered":"https:\/\/www.ufsm.br\/laboratorios\/modelab\/?page_id=231"},"modified":"2021-06-08T15:36:25","modified_gmt":"2021-06-08T18:36:25","slug":"modela-cachoeira","status":"publish","type":"page","link":"https:\/\/www.ufsm.br\/laboratorios\/modelab\/pagina-inicial\/modela-cachoeira","title":{"rendered":"Modela Cachoeira"},"content":{"rendered":"\t\t<div data-elementor-type=\"wp-page\" data-elementor-id=\"231\" class=\"elementor elementor-231\">\n\t\t\t\t\t\t<section class=\"elementor-section elementor-top-section elementor-element elementor-element-1773ade elementor-section-boxed elementor-section-height-default elementor-section-height-default\" data-id=\"1773ade\" data-element_type=\"section\">\n\t\t\t\t\t\t<div class=\"elementor-container elementor-column-gap-default\">\n\t\t\t\t\t<div class=\"elementor-column elementor-col-100 elementor-top-column elementor-element elementor-element-5fd546f\" data-id=\"5fd546f\" data-element_type=\"column\">\n\t\t\t<div class=\"elementor-widget-wrap elementor-element-populated\">\n\t\t\t\t\t\t<div class=\"elementor-element elementor-element-8b71f58 elementor-widget elementor-widget-text-editor\" data-id=\"8b71f58\" data-element_type=\"widget\" data-widget_type=\"text-editor.default\">\n\t\t\t\t<div class=\"elementor-widget-container\">\n\t\t\t\t\t\t\t<div>O ModeLAB come\u00e7ou o projeto\u00a0<i>Modela Cachoeira<\/i>\u00a0 que ir\u00e1 criar uma base de dados de modelos digitais tridimensionais dos edif\u00edcios de interesse da cidade.<br \/>Os modelos tridimensionais v\u00e3o permitir o registro, a intera\u00e7\u00e3o virtual e a impress\u00e3o 3D dos modelos que poder\u00e3o ainda ser utilizados para a\u00e7\u00f5es sociais e culturais, simula\u00e7\u00f5es ambientais e\u00a0e pesquisas de interesse urbano, arquitet\u00f4nico e paisag\u00edstico.<\/div><div>A primeira etapa levantar\u00e1 os edif\u00edcios tombados como patrim\u00f4nio hist\u00f3rico da cidade.<\/div><div>\u00a0<\/div>\t\t\t\t\t\t<\/div>\n\t\t\t\t<\/div>\n\t\t\t\t\t<\/div>\n\t\t<\/div>\n\t\t\t\t\t<\/div>\n\t\t<\/section>\n\t\t\t\t<section class=\"elementor-section elementor-top-section elementor-element elementor-element-4f7c961 elementor-section-boxed elementor-section-height-default elementor-section-height-default\" data-id=\"4f7c961\" data-element_type=\"section\">\n\t\t\t\t\t\t<div class=\"elementor-container elementor-column-gap-default\">\n\t\t\t\t\t<div class=\"elementor-column elementor-col-100 elementor-top-column elementor-element elementor-element-2ae870f\" data-id=\"2ae870f\" data-element_type=\"column\">\n\t\t\t<div class=\"elementor-widget-wrap elementor-element-populated\">\n\t\t\t\t\t\t<div class=\"elementor-element elementor-element-ae14939 elementor-widget elementor-widget-heading\" data-id=\"ae14939\" data-element_type=\"widget\" data-widget_type=\"heading.default\">\n\t\t\t\t<div class=\"elementor-widget-container\">\n\t\t\t<h2 class=\"elementor-heading-title elementor-size-default\">PATRIM\u00d4NIO LEVANTADO<\/h2>\t\t<\/div>\n\t\t\t\t<\/div>\n\t\t\t\t\t<\/div>\n\t\t<\/div>\n\t\t\t\t\t<\/div>\n\t\t<\/section>\n\t\t\t\t<section class=\"elementor-section elementor-top-section elementor-element elementor-element-254c2d7 elementor-section-boxed elementor-section-height-default elementor-section-height-default\" data-id=\"254c2d7\" data-element_type=\"section\">\n\t\t\t\t\t\t<div class=\"elementor-container elementor-column-gap-default\">\n\t\t\t\t\t<div class=\"elementor-column elementor-col-100 elementor-top-column elementor-element elementor-element-3797d45\" data-id=\"3797d45\" data-element_type=\"column\">\n\t\t\t<div class=\"elementor-widget-wrap elementor-element-populated\">\n\t\t\t\t\t\t<div class=\"elementor-element elementor-element-68b9e08 elementor-widget elementor-widget-text-editor\" data-id=\"68b9e08\" data-element_type=\"widget\" data-widget_type=\"text-editor.default\">\n\t\t\t\t<div class=\"elementor-widget-container\">\n\t\t\t\t\t\t\t<p><strong>1\u00b0 Pr\u00e9dio do Hospital de Caridade e Benefic\u00eancia<\/strong><\/p>\t\t\t\t\t\t<\/div>\n\t\t\t\t<\/div>\n\t\t\t\t\t<\/div>\n\t\t<\/div>\n\t\t\t\t\t<\/div>\n\t\t<\/section>\n\t\t\t\t<section class=\"elementor-section elementor-top-section elementor-element elementor-element-36a48d9 elementor-section-boxed elementor-section-height-default elementor-section-height-default\" data-id=\"36a48d9\" data-element_type=\"section\">\n\t\t\t\t\t\t<div class=\"elementor-container elementor-column-gap-default\">\n\t\t\t\t\t<div class=\"elementor-column elementor-col-100 elementor-top-column elementor-element elementor-element-6f7a1f8\" data-id=\"6f7a1f8\" data-element_type=\"column\">\n\t\t\t<div class=\"elementor-widget-wrap elementor-element-populated\">\n\t\t\t\t\t\t<div class=\"elementor-element elementor-element-a92ed1e elementor-widget elementor-widget-image\" data-id=\"a92ed1e\" data-element_type=\"widget\" data-widget_type=\"image.default\">\n\t\t\t\t<div class=\"elementor-widget-container\">\n\t\t\t\t\t\t\t\t\t\t\t\t\t\t<a href=\"https:\/\/skfb.ly\/o6BDR\" target=\"_blank\">\n\t\t\t\t\t\t\t<img fetchpriority=\"high\" decoding=\"async\" width=\"1024\" height=\"483\" src=\"https:\/\/www.ufsm.br\/app\/uploads\/sites\/633\/2021\/06\/Hospital-de-Caridade-1-1024x483.jpg\" class=\"attachment-large size-large wp-image-282\" alt=\"\" srcset=\"https:\/\/www.ufsm.br\/app\/uploads\/sites\/633\/2021\/06\/Hospital-de-Caridade-1-1024x483.jpg 1024w, https:\/\/www.ufsm.br\/app\/uploads\/sites\/633\/2021\/06\/Hospital-de-Caridade-1-300x141.jpg 300w, https:\/\/www.ufsm.br\/app\/uploads\/sites\/633\/2021\/06\/Hospital-de-Caridade-1-768x362.jpg 768w, https:\/\/www.ufsm.br\/app\/uploads\/sites\/633\/2021\/06\/Hospital-de-Caridade-1.jpg 1226w\" sizes=\"(max-width: 1024px) 100vw, 1024px\" \/>\t\t\t\t\t\t\t\t<\/a>\n\t\t\t\t\t\t\t\t\t\t\t\t\t<\/div>\n\t\t\t\t<\/div>\n\t\t\t\t\t<\/div>\n\t\t<\/div>\n\t\t\t\t\t<\/div>\n\t\t<\/section>\n\t\t\t\t<section class=\"elementor-section elementor-top-section elementor-element elementor-element-c4e7df5 elementor-section-boxed elementor-section-height-default elementor-section-height-default\" data-id=\"c4e7df5\" data-element_type=\"section\">\n\t\t\t\t\t\t<div class=\"elementor-container elementor-column-gap-default\">\n\t\t\t\t\t<div class=\"elementor-column elementor-col-100 elementor-top-column elementor-element elementor-element-2466f6d\" data-id=\"2466f6d\" data-element_type=\"column\">\n\t\t\t<div class=\"elementor-widget-wrap elementor-element-populated\">\n\t\t\t\t\t\t<div class=\"elementor-element elementor-element-3e26d9b elementor-widget elementor-widget-text-editor\" data-id=\"3e26d9b\" data-element_type=\"widget\" data-widget_type=\"text-editor.default\">\n\t\t\t\t<div class=\"elementor-widget-container\">\n\t\t\t\t\t\t\t<p><strong>Cine Teatro Coliseu<\/strong><\/p>\t\t\t\t\t\t<\/div>\n\t\t\t\t<\/div>\n\t\t\t\t\t<\/div>\n\t\t<\/div>\n\t\t\t\t\t<\/div>\n\t\t<\/section>\n\t\t\t\t<section class=\"elementor-section elementor-top-section elementor-element elementor-element-8681f6d elementor-section-boxed elementor-section-height-default elementor-section-height-default\" data-id=\"8681f6d\" data-element_type=\"section\">\n\t\t\t\t\t\t<div class=\"elementor-container elementor-column-gap-default\">\n\t\t\t\t\t<div class=\"elementor-column elementor-col-100 elementor-top-column elementor-element elementor-element-e124049\" data-id=\"e124049\" data-element_type=\"column\">\n\t\t\t<div class=\"elementor-widget-wrap elementor-element-populated\">\n\t\t\t\t\t\t<div class=\"elementor-element elementor-element-e97b0b1 elementor-widget elementor-widget-image\" data-id=\"e97b0b1\" data-element_type=\"widget\" data-widget_type=\"image.default\">\n\t\t\t\t<div class=\"elementor-widget-container\">\n\t\t\t\t\t\t\t\t\t\t\t\t\t\t<a href=\"https:\/\/skfb.ly\/onKLs\" target=\"_blank\">\n\t\t\t\t\t\t\t<img decoding=\"async\" width=\"1024\" height=\"438\" src=\"https:\/\/www.ufsm.br\/app\/uploads\/sites\/633\/2021\/04\/SketchFab-CineTeatro-1024x438.jpg\" class=\"attachment-large size-large wp-image-279\" alt=\"\" srcset=\"https:\/\/www.ufsm.br\/app\/uploads\/sites\/633\/2021\/04\/SketchFab-CineTeatro-e1619359995681.jpg 1024w, https:\/\/www.ufsm.br\/app\/uploads\/sites\/633\/2021\/04\/SketchFab-CineTeatro-300x128.jpg 300w, https:\/\/www.ufsm.br\/app\/uploads\/sites\/633\/2021\/04\/SketchFab-CineTeatro-768x328.jpg 768w\" sizes=\"(max-width: 1024px) 100vw, 1024px\" \/>\t\t\t\t\t\t\t\t<\/a>\n\t\t\t\t\t\t\t\t\t\t\t\t\t<\/div>\n\t\t\t\t<\/div>\n\t\t\t\t\t<\/div>\n\t\t<\/div>\n\t\t\t\t\t<\/div>\n\t\t<\/section>\n\t\t\t\t<section class=\"elementor-section elementor-top-section elementor-element elementor-element-824c7b9 elementor-section-boxed elementor-section-height-default elementor-section-height-default\" data-id=\"824c7b9\" data-element_type=\"section\">\n\t\t\t\t\t\t<div class=\"elementor-container elementor-column-gap-default\">\n\t\t\t\t\t<div class=\"elementor-column elementor-col-100 elementor-top-column elementor-element elementor-element-c4e8333\" data-id=\"c4e8333\" data-element_type=\"column\">\n\t\t\t<div class=\"elementor-widget-wrap elementor-element-populated\">\n\t\t\t\t\t\t<div class=\"elementor-element elementor-element-181794b elementor-widget elementor-widget-text-editor\" data-id=\"181794b\" data-element_type=\"widget\" data-widget_type=\"text-editor.default\">\n\t\t\t\t<div class=\"elementor-widget-container\">\n\t\t\t\t\t\t\t<p><strong>Painel &#8220;Sinta-se Feliz na Capital do Arroz&#8221;<\/strong><\/p>\t\t\t\t\t\t<\/div>\n\t\t\t\t<\/div>\n\t\t\t\t\t<\/div>\n\t\t<\/div>\n\t\t\t\t\t<\/div>\n\t\t<\/section>\n\t\t\t\t<section class=\"elementor-section elementor-top-section elementor-element elementor-element-7c5564c elementor-section-boxed elementor-section-height-default elementor-section-height-default\" data-id=\"7c5564c\" data-element_type=\"section\">\n\t\t\t\t\t\t<div class=\"elementor-container elementor-column-gap-default\">\n\t\t\t\t\t<div class=\"elementor-column elementor-col-100 elementor-top-column elementor-element elementor-element-79156e6\" data-id=\"79156e6\" data-element_type=\"column\">\n\t\t\t<div class=\"elementor-widget-wrap elementor-element-populated\">\n\t\t\t\t\t\t<div class=\"elementor-element elementor-element-e62dcdb elementor-widget elementor-widget-image\" data-id=\"e62dcdb\" data-element_type=\"widget\" data-widget_type=\"image.default\">\n\t\t\t\t<div class=\"elementor-widget-container\">\n\t\t\t\t\t\t\t\t\t\t\t\t\t\t<a href=\"https:\/\/skfb.ly\/6V8TF\" target=\"_blank\">\n\t\t\t\t\t\t\t<img decoding=\"async\" width=\"1024\" height=\"576\" src=\"https:\/\/www.ufsm.br\/app\/uploads\/sites\/633\/2020\/09\/Render-Painel-Feliz-Capital-Arroz-01-1024x576.jpg\" class=\"attachment-large size-large wp-image-240\" alt=\"\" srcset=\"https:\/\/www.ufsm.br\/app\/uploads\/sites\/633\/2020\/09\/Render-Painel-Feliz-Capital-Arroz-01-1024x576.jpg 1024w, https:\/\/www.ufsm.br\/app\/uploads\/sites\/633\/2020\/09\/Render-Painel-Feliz-Capital-Arroz-01-300x169.jpg 300w, https:\/\/www.ufsm.br\/app\/uploads\/sites\/633\/2020\/09\/Render-Painel-Feliz-Capital-Arroz-01-768x432.jpg 768w, https:\/\/www.ufsm.br\/app\/uploads\/sites\/633\/2020\/09\/Render-Painel-Feliz-Capital-Arroz-01-1536x864.jpg 1536w, https:\/\/www.ufsm.br\/app\/uploads\/sites\/633\/2020\/09\/Render-Painel-Feliz-Capital-Arroz-01.jpg 1920w\" sizes=\"(max-width: 1024px) 100vw, 1024px\" \/>\t\t\t\t\t\t\t\t<\/a>\n\t\t\t\t\t\t\t\t\t\t\t\t\t<\/div>\n\t\t\t\t<\/div>\n\t\t\t\t\t<\/div>\n\t\t<\/div>\n\t\t\t\t\t<\/div>\n\t\t<\/section>\n\t\t\t\t<\/div>\n\t\t","protected":false},"excerpt":{"rendered":"<p>O ModeLAB come\u00e7ou o projeto\u00a0Modela Cachoeira\u00a0 que ir\u00e1 criar uma base de dados de modelos digitais tridimensionais dos edif\u00edcios de interesse da cidade.Os modelos tridimensionais v\u00e3o permitir o registro, a intera\u00e7\u00e3o virtual e a impress\u00e3o 3D dos modelos que poder\u00e3o ainda ser utilizados para a\u00e7\u00f5es sociais e culturais, simula\u00e7\u00f5es ambientais e\u00a0e pesquisas de interesse urbano, [&hellip;]<\/p>\n","protected":false},"author":2294,"featured_media":0,"parent":4,"menu_order":0,"comment_status":"closed","ping_status":"closed","template":"","meta":{"footnotes":""},"categories":[],"tags":[],"class_list":["post-231","page","type-page","status-publish","hentry"],"acf":[],"_links":{"self":[{"href":"https:\/\/www.ufsm.br\/laboratorios\/modelab\/wp-json\/wp\/v2\/pages\/231","targetHints":{"allow":["GET"]}}],"collection":[{"href":"https:\/\/www.ufsm.br\/laboratorios\/modelab\/wp-json\/wp\/v2\/pages"}],"about":[{"href":"https:\/\/www.ufsm.br\/laboratorios\/modelab\/wp-json\/wp\/v2\/types\/page"}],"author":[{"embeddable":true,"href":"https:\/\/www.ufsm.br\/laboratorios\/modelab\/wp-json\/wp\/v2\/users\/2294"}],"replies":[{"embeddable":true,"href":"https:\/\/www.ufsm.br\/laboratorios\/modelab\/wp-json\/wp\/v2\/comments?post=231"}],"version-history":[{"count":0,"href":"https:\/\/www.ufsm.br\/laboratorios\/modelab\/wp-json\/wp\/v2\/pages\/231\/revisions"}],"up":[{"embeddable":true,"href":"https:\/\/www.ufsm.br\/laboratorios\/modelab\/wp-json\/wp\/v2\/pages\/4"}],"wp:attachment":[{"href":"https:\/\/www.ufsm.br\/laboratorios\/modelab\/wp-json\/wp\/v2\/media?parent=231"}],"wp:term":[{"taxonomy":"category","embeddable":true,"href":"https:\/\/www.ufsm.br\/laboratorios\/modelab\/wp-json\/wp\/v2\/categories?post=231"},{"taxonomy":"post_tag","embeddable":true,"href":"https:\/\/www.ufsm.br\/laboratorios\/modelab\/wp-json\/wp\/v2\/tags?post=231"}],"curies":[{"name":"wp","href":"https:\/\/api.w.org\/{rel}","templated":true}]}}