{"id":233,"date":"2020-11-02T10:03:50","date_gmt":"2020-11-02T13:03:50","guid":{"rendered":"https:\/\/www.ufsm.br\/laboratorios\/modelab\/?page_id=233"},"modified":"2021-03-31T10:13:15","modified_gmt":"2021-03-31T13:13:15","slug":"cor-contraste","status":"publish","type":"page","link":"https:\/\/www.ufsm.br\/laboratorios\/modelab\/pagina-inicial\/cor-contraste","title":{"rendered":"COR &amp; CONTRASTE"},"content":{"rendered":"\t\t<div data-elementor-type=\"wp-page\" data-elementor-id=\"233\" class=\"elementor elementor-233\">\n\t\t\t\t\t\t<section class=\"elementor-section elementor-top-section elementor-element elementor-element-3c11a93 elementor-section-boxed elementor-section-height-default elementor-section-height-default\" data-id=\"3c11a93\" data-element_type=\"section\">\n\t\t\t\t\t\t<div class=\"elementor-container elementor-column-gap-default\">\n\t\t\t\t\t<div class=\"elementor-column elementor-col-100 elementor-top-column elementor-element elementor-element-2fba160\" data-id=\"2fba160\" data-element_type=\"column\">\n\t\t\t<div class=\"elementor-widget-wrap elementor-element-populated\">\n\t\t\t\t\t\t<div class=\"elementor-element elementor-element-69b1fcf elementor-widget elementor-widget-text-editor\" data-id=\"69b1fcf\" data-element_type=\"widget\" data-widget_type=\"text-editor.default\">\n\t\t\t\t<div class=\"elementor-widget-container\">\n\t\t\t\t\t\t\t<p>O projeto busca criar um aplicativo que prop\u00f5e a escolha de combina\u00e7\u00e3o de cores a partir de algumas sele\u00e7\u00f5es iniciais do usu\u00e1rio. O aplicativo pode ser acessado no link abaixo.<\/p>\t\t\t\t\t\t<\/div>\n\t\t\t\t<\/div>\n\t\t\t\t\t<\/div>\n\t\t<\/div>\n\t\t\t\t\t<\/div>\n\t\t<\/section>\n\t\t\t\t<section class=\"elementor-section elementor-top-section elementor-element elementor-element-29d7e6d elementor-section-boxed elementor-section-height-default elementor-section-height-default\" data-id=\"29d7e6d\" data-element_type=\"section\">\n\t\t\t\t\t\t<div class=\"elementor-container elementor-column-gap-default\">\n\t\t\t\t\t<div class=\"elementor-column elementor-col-100 elementor-top-column elementor-element elementor-element-ee28675\" data-id=\"ee28675\" data-element_type=\"column\">\n\t\t\t<div class=\"elementor-widget-wrap elementor-element-populated\">\n\t\t\t\t\t\t<div class=\"elementor-element elementor-element-44538d0 elementor-widget elementor-widget-image\" data-id=\"44538d0\" data-element_type=\"widget\" data-widget_type=\"image.default\">\n\t\t\t\t<div class=\"elementor-widget-container\">\n\t\t\t\t\t\t\t\t\t\t\t\t\t\t<a href=\"https:\/\/arquitoca.github.io\/arquitoca\/\">\n\t\t\t\t\t\t\t<img fetchpriority=\"high\" decoding=\"async\" width=\"506\" height=\"255\" src=\"https:\/\/www.ufsm.br\/app\/uploads\/sites\/633\/2021\/03\/Cor-e-Contraste-Imagen-01.jpg\" class=\"attachment-large size-large wp-image-278\" alt=\"\" srcset=\"https:\/\/www.ufsm.br\/app\/uploads\/sites\/633\/2021\/03\/Cor-e-Contraste-Imagen-01.jpg 506w, https:\/\/www.ufsm.br\/app\/uploads\/sites\/633\/2021\/03\/Cor-e-Contraste-Imagen-01-300x151.jpg 300w\" sizes=\"(max-width: 506px) 100vw, 506px\" \/>\t\t\t\t\t\t\t\t<\/a>\n\t\t\t\t\t\t\t\t\t\t\t\t\t<\/div>\n\t\t\t\t<\/div>\n\t\t\t\t\t<\/div>\n\t\t<\/div>\n\t\t\t\t\t<\/div>\n\t\t<\/section>\n\t\t\t\t<\/div>\n\t\t","protected":false},"excerpt":{"rendered":"<p>O projeto busca criar um aplicativo que prop\u00f5e a escolha de combina\u00e7\u00e3o de cores a partir de algumas sele\u00e7\u00f5es iniciais do usu\u00e1rio. O aplicativo pode ser acessado no link abaixo.<\/p>\n","protected":false},"author":370,"featured_media":0,"parent":4,"menu_order":0,"comment_status":"closed","ping_status":"closed","template":"","meta":{"footnotes":""},"categories":[],"tags":[],"class_list":["post-233","page","type-page","status-publish","hentry"],"acf":[],"_links":{"self":[{"href":"https:\/\/www.ufsm.br\/laboratorios\/modelab\/wp-json\/wp\/v2\/pages\/233","targetHints":{"allow":["GET"]}}],"collection":[{"href":"https:\/\/www.ufsm.br\/laboratorios\/modelab\/wp-json\/wp\/v2\/pages"}],"about":[{"href":"https:\/\/www.ufsm.br\/laboratorios\/modelab\/wp-json\/wp\/v2\/types\/page"}],"author":[{"embeddable":true,"href":"https:\/\/www.ufsm.br\/laboratorios\/modelab\/wp-json\/wp\/v2\/users\/370"}],"replies":[{"embeddable":true,"href":"https:\/\/www.ufsm.br\/laboratorios\/modelab\/wp-json\/wp\/v2\/comments?post=233"}],"version-history":[{"count":0,"href":"https:\/\/www.ufsm.br\/laboratorios\/modelab\/wp-json\/wp\/v2\/pages\/233\/revisions"}],"up":[{"embeddable":true,"href":"https:\/\/www.ufsm.br\/laboratorios\/modelab\/wp-json\/wp\/v2\/pages\/4"}],"wp:attachment":[{"href":"https:\/\/www.ufsm.br\/laboratorios\/modelab\/wp-json\/wp\/v2\/media?parent=233"}],"wp:term":[{"taxonomy":"category","embeddable":true,"href":"https:\/\/www.ufsm.br\/laboratorios\/modelab\/wp-json\/wp\/v2\/categories?post=233"},{"taxonomy":"post_tag","embeddable":true,"href":"https:\/\/www.ufsm.br\/laboratorios\/modelab\/wp-json\/wp\/v2\/tags?post=233"}],"curies":[{"name":"wp","href":"https:\/\/api.w.org\/{rel}","templated":true}]}}