{"id":254,"date":"2020-11-02T09:42:25","date_gmt":"2020-11-02T12:42:25","guid":{"rendered":"https:\/\/www.ufsm.br\/laboratorios\/modelab\/?page_id=254"},"modified":"2021-05-27T14:20:53","modified_gmt":"2021-05-27T17:20:53","slug":"gamat","status":"publish","type":"page","link":"https:\/\/www.ufsm.br\/laboratorios\/modelab\/pagina-inicial\/gamat","title":{"rendered":"G.A.M.A.T."},"content":{"rendered":"\t\t<div data-elementor-type=\"wp-page\" data-elementor-id=\"254\" class=\"elementor elementor-254\">\n\t\t\t\t\t\t<section class=\"elementor-section elementor-top-section elementor-element elementor-element-92f0b62 elementor-section-boxed elementor-section-height-default elementor-section-height-default\" data-id=\"92f0b62\" data-element_type=\"section\">\n\t\t\t\t\t\t<div class=\"elementor-container elementor-column-gap-default\">\n\t\t\t\t\t<div class=\"elementor-column elementor-col-100 elementor-top-column elementor-element elementor-element-b51a30f\" data-id=\"b51a30f\" data-element_type=\"column\">\n\t\t\t<div class=\"elementor-widget-wrap elementor-element-populated\">\n\t\t\t\t\t\t<div class=\"elementor-element elementor-element-0c7fa25 elementor-widget elementor-widget-text-editor\" data-id=\"0c7fa25\" data-element_type=\"widget\" data-widget_type=\"text-editor.default\">\n\t\t\t\t<div class=\"elementor-widget-container\">\n\t\t\t\t\t\t\t<p>Geometrias, Algoritmos, Modelagem e Tecnologias Aplicadas<\/p>\t\t\t\t\t\t<\/div>\n\t\t\t\t<\/div>\n\t\t\t\t\t<\/div>\n\t\t<\/div>\n\t\t\t\t\t<\/div>\n\t\t<\/section>\n\t\t\t\t<section class=\"elementor-section elementor-top-section elementor-element elementor-element-af99195 elementor-section-boxed elementor-section-height-default elementor-section-height-default\" data-id=\"af99195\" data-element_type=\"section\">\n\t\t\t\t\t\t<div class=\"elementor-container elementor-column-gap-default\">\n\t\t\t\t\t<div class=\"elementor-column elementor-col-33 elementor-top-column elementor-element elementor-element-e226b00\" data-id=\"e226b00\" data-element_type=\"column\">\n\t\t\t<div class=\"elementor-widget-wrap\">\n\t\t\t\t\t\t\t<\/div>\n\t\t<\/div>\n\t\t\t\t<div class=\"elementor-column elementor-col-33 elementor-top-column elementor-element elementor-element-7258087\" data-id=\"7258087\" data-element_type=\"column\">\n\t\t\t<div class=\"elementor-widget-wrap\">\n\t\t\t\t\t\t\t<\/div>\n\t\t<\/div>\n\t\t\t\t<div class=\"elementor-column elementor-col-33 elementor-top-column elementor-element elementor-element-73e3c5c\" data-id=\"73e3c5c\" data-element_type=\"column\">\n\t\t\t<div class=\"elementor-widget-wrap\">\n\t\t\t\t\t\t\t<\/div>\n\t\t<\/div>\n\t\t\t\t\t<\/div>\n\t\t<\/section>\n\t\t\t\t<section class=\"elementor-section elementor-top-section elementor-element elementor-element-f22799e elementor-section-boxed elementor-section-height-default elementor-section-height-default\" data-id=\"f22799e\" data-element_type=\"section\">\n\t\t\t\t\t\t<div class=\"elementor-container elementor-column-gap-default\">\n\t\t\t\t\t<div class=\"elementor-column elementor-col-66 elementor-top-column elementor-element elementor-element-33d0716\" data-id=\"33d0716\" data-element_type=\"column\">\n\t\t\t<div class=\"elementor-widget-wrap elementor-element-populated\">\n\t\t\t\t\t\t<div class=\"elementor-element elementor-element-9eb89d1 elementor-widget elementor-widget-text-editor\" data-id=\"9eb89d1\" data-element_type=\"widget\" data-widget_type=\"text-editor.default\">\n\t\t\t\t<div class=\"elementor-widget-container\">\n\t\t\t\t\t\t\t<p><span style=\"color: #0d0d0d;font-family: 'Helvetica Neue', Helvetica, Arial, sans-serif;font-size: 16px\">O atual momento da inform\u00e1tica aplicada permite o desenvolvimento de processos de intera\u00e7\u00e3o relacionados \u00e0s \u00e1reas de arquitetura, urbanismo, design e a ind\u00fastria da constru\u00e7\u00e3o civil. Processos como modelagem geom\u00e9trica virtual e real, desenho param\u00e9trico, modelagem de informa\u00e7\u00f5es e fabrica\u00e7\u00e3o digital contam cada vez mais com mais difundidos. Neste projeto pretende-se estudar os m\u00e9todos para geometrias, algoritmos, modelagem e tecnologias aplicadas para ampliar os conhecimentos nesta \u00e1rea bem como desenvolver ferramentas, processos inerentes a tais m\u00e9todos. Os resultados esperados s\u00e3o aquisi\u00e7\u00e3o de conhecimentos em modelagem, desenho param\u00e9trico e fabrica\u00e7\u00e3o digital. Al\u00e9m disso pretende-se desenvolver diversos produtos, virtuais e reais, atrav\u00e9s dos processos estudados.<\/span><\/p>\t\t\t\t\t\t<\/div>\n\t\t\t\t<\/div>\n\t\t\t\t\t<\/div>\n\t\t<\/div>\n\t\t\t\t<div class=\"elementor-column elementor-col-33 elementor-top-column elementor-element elementor-element-eb90a25\" data-id=\"eb90a25\" data-element_type=\"column\">\n\t\t\t<div class=\"elementor-widget-wrap elementor-element-populated\">\n\t\t\t\t\t\t<div class=\"elementor-element elementor-element-fea5664 elementor-widget elementor-widget-image\" data-id=\"fea5664\" data-element_type=\"widget\" data-widget_type=\"image.default\">\n\t\t\t\t<div class=\"elementor-widget-container\">\n\t\t\t\t\t\t\t\t\t\t\t\t\t<img fetchpriority=\"high\" decoding=\"async\" width=\"1024\" height=\"567\" src=\"https:\/\/www.ufsm.br\/app\/uploads\/sites\/633\/2020\/11\/Capture-1024x567.jpg\" class=\"attachment-large size-large wp-image-244\" alt=\"\" srcset=\"https:\/\/www.ufsm.br\/app\/uploads\/sites\/633\/2020\/11\/Capture-1024x567.jpg 1024w, https:\/\/www.ufsm.br\/app\/uploads\/sites\/633\/2020\/11\/Capture-300x166.jpg 300w, https:\/\/www.ufsm.br\/app\/uploads\/sites\/633\/2020\/11\/Capture-768x425.jpg 768w, https:\/\/www.ufsm.br\/app\/uploads\/sites\/633\/2020\/11\/Capture.jpg 1140w\" sizes=\"(max-width: 1024px) 100vw, 1024px\" \/>\t\t\t\t\t\t\t\t\t\t\t\t\t<\/div>\n\t\t\t\t<\/div>\n\t\t\t\t\t<\/div>\n\t\t<\/div>\n\t\t\t\t\t<\/div>\n\t\t<\/section>\n\t\t\t\t<\/div>\n\t\t","protected":false},"excerpt":{"rendered":"<p>Geometrias, Algoritmos, Modelagem e Tecnologias Aplicadas O atual momento da inform\u00e1tica aplicada permite o desenvolvimento de processos de intera\u00e7\u00e3o relacionados \u00e0s \u00e1reas de arquitetura, urbanismo, design e a ind\u00fastria da constru\u00e7\u00e3o civil. Processos como modelagem geom\u00e9trica virtual e real, desenho param\u00e9trico, modelagem de informa\u00e7\u00f5es e fabrica\u00e7\u00e3o digital contam cada vez mais com mais difundidos. Neste [&hellip;]<\/p>\n","protected":false},"author":2294,"featured_media":0,"parent":4,"menu_order":0,"comment_status":"closed","ping_status":"closed","template":"","meta":{"footnotes":""},"categories":[],"tags":[],"class_list":["post-254","page","type-page","status-publish","hentry"],"acf":[],"_links":{"self":[{"href":"https:\/\/www.ufsm.br\/laboratorios\/modelab\/wp-json\/wp\/v2\/pages\/254","targetHints":{"allow":["GET"]}}],"collection":[{"href":"https:\/\/www.ufsm.br\/laboratorios\/modelab\/wp-json\/wp\/v2\/pages"}],"about":[{"href":"https:\/\/www.ufsm.br\/laboratorios\/modelab\/wp-json\/wp\/v2\/types\/page"}],"author":[{"embeddable":true,"href":"https:\/\/www.ufsm.br\/laboratorios\/modelab\/wp-json\/wp\/v2\/users\/2294"}],"replies":[{"embeddable":true,"href":"https:\/\/www.ufsm.br\/laboratorios\/modelab\/wp-json\/wp\/v2\/comments?post=254"}],"version-history":[{"count":0,"href":"https:\/\/www.ufsm.br\/laboratorios\/modelab\/wp-json\/wp\/v2\/pages\/254\/revisions"}],"up":[{"embeddable":true,"href":"https:\/\/www.ufsm.br\/laboratorios\/modelab\/wp-json\/wp\/v2\/pages\/4"}],"wp:attachment":[{"href":"https:\/\/www.ufsm.br\/laboratorios\/modelab\/wp-json\/wp\/v2\/media?parent=254"}],"wp:term":[{"taxonomy":"category","embeddable":true,"href":"https:\/\/www.ufsm.br\/laboratorios\/modelab\/wp-json\/wp\/v2\/categories?post=254"},{"taxonomy":"post_tag","embeddable":true,"href":"https:\/\/www.ufsm.br\/laboratorios\/modelab\/wp-json\/wp\/v2\/tags?post=254"}],"curies":[{"name":"wp","href":"https:\/\/api.w.org\/{rel}","templated":true}]}}