{"id":262,"date":"2020-11-02T10:06:34","date_gmt":"2020-11-02T13:06:34","guid":{"rendered":"https:\/\/www.ufsm.br\/laboratorios\/modelab\/?page_id=262"},"modified":"2021-08-07T14:34:14","modified_gmt":"2021-08-07T17:34:14","slug":"tecnologia-aplicada-a-construcao","status":"publish","type":"page","link":"https:\/\/www.ufsm.br\/laboratorios\/modelab\/pagina-inicial\/tecnologia-aplicada-a-construcao","title":{"rendered":"TECNOLOGIA APLICADA A CONSTRU\u00c7\u00c3O"},"content":{"rendered":"\t\t<div data-elementor-type=\"wp-page\" data-elementor-id=\"262\" class=\"elementor elementor-262\">\n\t\t\t\t\t\t<section class=\"elementor-section elementor-top-section elementor-element elementor-element-9a94f72 elementor-section-boxed elementor-section-height-default elementor-section-height-default\" data-id=\"9a94f72\" data-element_type=\"section\">\n\t\t\t\t\t\t<div class=\"elementor-container elementor-column-gap-default\">\n\t\t\t\t\t<div class=\"elementor-column elementor-col-100 elementor-top-column elementor-element elementor-element-3e71ec4\" data-id=\"3e71ec4\" data-element_type=\"column\">\n\t\t\t<div class=\"elementor-widget-wrap elementor-element-populated\">\n\t\t\t\t\t\t<div class=\"elementor-element elementor-element-8735f04 elementor-widget elementor-widget-text-editor\" data-id=\"8735f04\" data-element_type=\"widget\" data-widget_type=\"text-editor.default\">\n\t\t\t\t<div class=\"elementor-widget-container\">\n\t\t\t\t\t\t\t<p>Programa de extens\u00e3o que busca a <strong>dissemina\u00e7\u00e3o, treinamento, integra\u00e7\u00e3o e conscientiza\u00e7\u00e3o a respeito de tecnologias de ponta aplicadas a constru\u00e7\u00e3o civil<\/strong>. O programa busca promover cursos, projetos e eventos de extens\u00e3o relacionados a aplica\u00e7\u00e3o de tecnologias de ponta de forma continuada pelos pr\u00f3ximos 10 anos. Espera-se, com este programa a criar uma plataforma onde se possa explorar novas tecnologias, levando o debate a comunidade civil e acad\u00eamica e melhorando o ensino e estado da arte das disciplinas relacionadas a constru\u00e7\u00e3o civil.<\/p>\t\t\t\t\t\t<\/div>\n\t\t\t\t<\/div>\n\t\t\t\t\t<\/div>\n\t\t<\/div>\n\t\t\t\t\t<\/div>\n\t\t<\/section>\n\t\t\t\t<section class=\"elementor-section elementor-top-section elementor-element elementor-element-6b780e0 elementor-section-boxed elementor-section-height-default elementor-section-height-default\" data-id=\"6b780e0\" data-element_type=\"section\">\n\t\t\t\t\t\t<div class=\"elementor-container elementor-column-gap-default\">\n\t\t\t\t\t<div class=\"elementor-column elementor-col-100 elementor-top-column elementor-element elementor-element-969598e\" data-id=\"969598e\" data-element_type=\"column\">\n\t\t\t<div class=\"elementor-widget-wrap elementor-element-populated\">\n\t\t\t\t\t\t<div class=\"elementor-element elementor-element-6c6e732 elementor-widget elementor-widget-heading\" data-id=\"6c6e732\" data-element_type=\"widget\" data-widget_type=\"heading.default\">\n\t\t\t\t<div class=\"elementor-widget-container\">\n\t\t\t<h2 class=\"elementor-heading-title elementor-size-default\">PROJETOS EM ANDAMENTO<\/h2>\t\t<\/div>\n\t\t\t\t<\/div>\n\t\t\t\t\t<\/div>\n\t\t<\/div>\n\t\t\t\t\t<\/div>\n\t\t<\/section>\n\t\t\t\t<section class=\"elementor-section elementor-top-section elementor-element elementor-element-da927a8 elementor-section-boxed elementor-section-height-default elementor-section-height-default\" data-id=\"da927a8\" data-element_type=\"section\">\n\t\t\t\t\t\t<div class=\"elementor-container elementor-column-gap-default\">\n\t\t\t\t\t<div class=\"elementor-column elementor-col-33 elementor-top-column elementor-element elementor-element-4b79e05\" data-id=\"4b79e05\" data-element_type=\"column\">\n\t\t\t<div class=\"elementor-widget-wrap\">\n\t\t\t\t\t\t\t<\/div>\n\t\t<\/div>\n\t\t\t\t<div class=\"elementor-column elementor-col-66 elementor-top-column elementor-element elementor-element-cc2568b\" data-id=\"cc2568b\" data-element_type=\"column\">\n\t\t\t<div class=\"elementor-widget-wrap elementor-element-populated\">\n\t\t\t\t\t\t<div class=\"elementor-element elementor-element-4376b58 elementor-widget elementor-widget-text-editor\" data-id=\"4376b58\" data-element_type=\"widget\" data-widget_type=\"text-editor.default\">\n\t\t\t\t<div class=\"elementor-widget-container\">\n\t\t\t\t\t\t\t<p><strong>EM BREVE<\/strong>. Cria\u00e7\u00e3o de Ambientes Imersivos com Unreal Engine.<br \/>Em breve mais informa\u00e7\u00f5es.<\/p>\t\t\t\t\t\t<\/div>\n\t\t\t\t<\/div>\n\t\t\t\t\t<\/div>\n\t\t<\/div>\n\t\t\t\t\t<\/div>\n\t\t<\/section>\n\t\t\t\t<section class=\"elementor-section elementor-top-section elementor-element elementor-element-85108ae elementor-section-boxed elementor-section-height-default elementor-section-height-default\" data-id=\"85108ae\" data-element_type=\"section\">\n\t\t\t\t\t\t<div class=\"elementor-container elementor-column-gap-default\">\n\t\t\t\t\t<div class=\"elementor-column elementor-col-66 elementor-top-column elementor-element elementor-element-5e173bc\" data-id=\"5e173bc\" data-element_type=\"column\">\n\t\t\t<div class=\"elementor-widget-wrap elementor-element-populated\">\n\t\t\t\t\t\t<div class=\"elementor-element elementor-element-baa59f8 elementor-widget elementor-widget-text-editor\" data-id=\"baa59f8\" data-element_type=\"widget\" data-widget_type=\"text-editor.default\">\n\t\t\t\t<div class=\"elementor-widget-container\">\n\t\t\t\t\t\t\t<p><strong>Agosto de 2021<\/strong>.\u00a0<span style=\"color: #0d0d0d;font-family: 'Helvetica Neue', Helvetica, Arial, sans-serif;font-size: 16px\">Desenho Generativo: algoritmos evolutivos e fabrica\u00e7\u00e3o digital<\/span><span style=\"color: black;font-size: 1rem\">.<\/span><\/p><p><span style=\"color: #0d0d0d;font-family: 'Helvetica Neue', Helvetica, Arial, sans-serif;font-size: 16px\">Curso de capacita\u00e7\u00e3o de docentes, discentes e comunidades acad\u00eamica e civil na ferramenta Rhinoceros e Grasshopper para modelagem param\u00e9trica generativa orientada \u00e0 Fabrica\u00e7\u00e3o Digital. O curso, em modalidade remota s\u00edncrona, foi desenvolvido virtualmente no dia 07 de agosto de 2021. O curso buscou capacitar os participantes ao desenho generativo evolutivo utilizando o software Rhinoceros e o plugin Biomorpher para cria\u00e7\u00e3o, modelagem, experimenta\u00e7\u00e3o e prepara\u00e7\u00e3o\u00a0 de elementos para a prototipagem digital em projetos de design, arquitetura e urbanismo.<\/span><\/p>\t\t\t\t\t\t<\/div>\n\t\t\t\t<\/div>\n\t\t\t\t\t<\/div>\n\t\t<\/div>\n\t\t\t\t<div class=\"elementor-column elementor-col-33 elementor-top-column elementor-element elementor-element-265a57f\" data-id=\"265a57f\" data-element_type=\"column\">\n\t\t\t<div class=\"elementor-widget-wrap elementor-element-populated\">\n\t\t\t\t\t\t<div class=\"elementor-element elementor-element-7c8fe9c elementor-widget elementor-widget-image\" data-id=\"7c8fe9c\" data-element_type=\"widget\" data-widget_type=\"image.default\">\n\t\t\t\t<div class=\"elementor-widget-container\">\n\t\t\t\t\t\t\t\t\t\t\t\t\t<img fetchpriority=\"high\" decoding=\"async\" width=\"566\" height=\"566\" src=\"https:\/\/www.ufsm.br\/app\/uploads\/sites\/633\/2021\/08\/Desenho-Generativo-algoritmos-evolutivos-e-fabricacao-digital.jpg\" class=\"attachment-large size-large wp-image-287\" alt=\"\" srcset=\"https:\/\/www.ufsm.br\/app\/uploads\/sites\/633\/2021\/08\/Desenho-Generativo-algoritmos-evolutivos-e-fabricacao-digital.jpg 566w, https:\/\/www.ufsm.br\/app\/uploads\/sites\/633\/2021\/08\/Desenho-Generativo-algoritmos-evolutivos-e-fabricacao-digital-300x300.jpg 300w, https:\/\/www.ufsm.br\/app\/uploads\/sites\/633\/2021\/08\/Desenho-Generativo-algoritmos-evolutivos-e-fabricacao-digital-150x150.jpg 150w\" sizes=\"(max-width: 566px) 100vw, 566px\" \/>\t\t\t\t\t\t\t\t\t\t\t\t\t<\/div>\n\t\t\t\t<\/div>\n\t\t\t\t\t<\/div>\n\t\t<\/div>\n\t\t\t\t\t<\/div>\n\t\t<\/section>\n\t\t\t\t<section class=\"elementor-section elementor-top-section elementor-element elementor-element-3d4935f elementor-section-boxed elementor-section-height-default elementor-section-height-default\" data-id=\"3d4935f\" data-element_type=\"section\">\n\t\t\t\t\t\t<div class=\"elementor-container elementor-column-gap-default\">\n\t\t\t\t\t<div class=\"elementor-column elementor-col-100 elementor-top-column elementor-element elementor-element-ec98288\" data-id=\"ec98288\" data-element_type=\"column\">\n\t\t\t<div class=\"elementor-widget-wrap elementor-element-populated\">\n\t\t\t\t\t\t<div class=\"elementor-element elementor-element-05db4fa elementor-widget elementor-widget-heading\" data-id=\"05db4fa\" data-element_type=\"widget\" data-widget_type=\"heading.default\">\n\t\t\t\t<div class=\"elementor-widget-container\">\n\t\t\t<h2 class=\"elementor-heading-title elementor-size-default\">PROJETOS PASSADOS<\/h2>\t\t<\/div>\n\t\t\t\t<\/div>\n\t\t\t\t\t<\/div>\n\t\t<\/div>\n\t\t\t\t\t<\/div>\n\t\t<\/section>\n\t\t\t\t<section class=\"elementor-section elementor-top-section elementor-element elementor-element-670cb30 elementor-section-boxed elementor-section-height-default elementor-section-height-default\" data-id=\"670cb30\" data-element_type=\"section\">\n\t\t\t\t\t\t<div class=\"elementor-container elementor-column-gap-default\">\n\t\t\t\t\t<div class=\"elementor-column elementor-col-33 elementor-top-column elementor-element elementor-element-7642597\" data-id=\"7642597\" data-element_type=\"column\">\n\t\t\t<div class=\"elementor-widget-wrap elementor-element-populated\">\n\t\t\t\t\t\t<div class=\"elementor-element elementor-element-f2a123a elementor-widget elementor-widget-image\" data-id=\"f2a123a\" data-element_type=\"widget\" data-widget_type=\"image.default\">\n\t\t\t\t<div class=\"elementor-widget-container\">\n\t\t\t\t\t\t\t\t\t\t\t\t\t<img decoding=\"async\" width=\"730\" height=\"726\" src=\"https:\/\/www.ufsm.br\/app\/uploads\/sites\/633\/2021\/03\/Divulgacao.jpeg\" class=\"attachment-large size-large wp-image-276\" alt=\"\" srcset=\"https:\/\/www.ufsm.br\/app\/uploads\/sites\/633\/2021\/03\/Divulgacao.jpeg 730w, https:\/\/www.ufsm.br\/app\/uploads\/sites\/633\/2021\/03\/Divulgacao-300x298.jpeg 300w, https:\/\/www.ufsm.br\/app\/uploads\/sites\/633\/2021\/03\/Divulgacao-150x150.jpeg 150w\" sizes=\"(max-width: 730px) 100vw, 730px\" \/>\t\t\t\t\t\t\t\t\t\t\t\t\t<\/div>\n\t\t\t\t<\/div>\n\t\t\t\t\t<\/div>\n\t\t<\/div>\n\t\t\t\t<div class=\"elementor-column elementor-col-66 elementor-top-column elementor-element elementor-element-55d1268\" data-id=\"55d1268\" data-element_type=\"column\">\n\t\t\t<div class=\"elementor-widget-wrap elementor-element-populated\">\n\t\t\t\t\t\t<div class=\"elementor-element elementor-element-8ef3e6e elementor-widget elementor-widget-text-editor\" data-id=\"8ef3e6e\" data-element_type=\"widget\" data-widget_type=\"text-editor.default\">\n\t\t\t\t<div class=\"elementor-widget-container\">\n\t\t\t\t\t\t\t<p><strong>Mar\u00e7o de 2021<\/strong>. Desenho Param\u00e9trico Orientado a Fabrica\u00e7\u00e3o Digital.<\/p><p>Curso de capacita\u00e7\u00e3o de docentes, discentes e comunidades acad\u00eamica e civil na ferramenta Rhinoceros e Grasshopper para modelagem param\u00e9trica orientada \u00e0 Fabrica\u00e7\u00e3o Digital. O curso ser\u00e1 ministrado em modalidade remota s\u00edncrona, via moodle, em dois turnos do \u00faltimo s\u00e1bado do m\u00eas de mar\u00e7o de 2021. Ao t\u00e9rmino do curso, o participante estar\u00e1 apto a utilizar a ferramenta para cria\u00e7\u00e3o, modelagem, experimenta\u00e7\u00e3o e prepara\u00e7\u00e3o para a prototipagem digital em projetos de design, arquitetura e urbanismo.<\/p><p>O curso foi gravado e est\u00e1 dispon\u00edvel aqui:<\/p><p><a href=\"https:\/\/youtu.be\/kHanJMIa8lA\" target=\"_blank\" rel=\"noopener\">Primeira Parte<\/a>.<\/p><p><a href=\"https:\/\/youtu.be\/rd7do_H7im0\" target=\"_blank\" rel=\"noopener\">Segunda Parte<\/a>.<\/p>\t\t\t\t\t\t<\/div>\n\t\t\t\t<\/div>\n\t\t\t\t\t<\/div>\n\t\t<\/div>\n\t\t\t\t\t<\/div>\n\t\t<\/section>\n\t\t\t\t<section class=\"elementor-section elementor-top-section elementor-element elementor-element-83917bd elementor-section-boxed elementor-section-height-default elementor-section-height-default\" data-id=\"83917bd\" data-element_type=\"section\">\n\t\t\t\t\t\t<div class=\"elementor-container elementor-column-gap-default\">\n\t\t\t\t\t<div class=\"elementor-column elementor-col-66 elementor-top-column elementor-element elementor-element-5d09ec3\" data-id=\"5d09ec3\" data-element_type=\"column\">\n\t\t\t<div class=\"elementor-widget-wrap elementor-element-populated\">\n\t\t\t\t\t\t<div class=\"elementor-element elementor-element-9465efe elementor-widget elementor-widget-text-editor\" data-id=\"9465efe\" data-element_type=\"widget\" data-widget_type=\"text-editor.default\">\n\t\t\t\t<div class=\"elementor-widget-container\">\n\t\t\t\t\t\t\t<p><strong>Dezembro de 2020<\/strong>. Fotogrametria de Baixo Custo.<\/p><p>O projeto ensinou o processo de digitaliza\u00e7\u00e3o fotogram\u00e9trica utilizando softwares de acesso gratuito, possibilitando assim a dissemina\u00e7\u00e3o da t\u00e9cnica e inclus\u00e3o da mesma ao fluxo de trabalho da comunidade acad\u00eamica.<\/p><p>O curso foi gravado e est\u00e1 dispon\u00edvel aqui:<br \/><a href=\"https:\/\/youtu.be\/_YqEncWeBJk\" target=\"_blank\" rel=\"noopener\">Primeira aula.<\/a><br \/><a href=\"https:\/\/youtu.be\/IazJLXqsccQ\" target=\"_blank\" rel=\"noopener\">Segunda aula<\/a>.\u00a0<br \/><a href=\"https:\/\/youtu.be\/-5ER_0g-tUc\" target=\"_blank\" rel=\"noopener\">Terceira aula<\/a>.<\/p>\t\t\t\t\t\t<\/div>\n\t\t\t\t<\/div>\n\t\t\t\t\t<\/div>\n\t\t<\/div>\n\t\t\t\t<div class=\"elementor-column elementor-col-33 elementor-top-column elementor-element elementor-element-3d17dfc\" data-id=\"3d17dfc\" data-element_type=\"column\">\n\t\t\t<div class=\"elementor-widget-wrap elementor-element-populated\">\n\t\t\t\t\t\t<div class=\"elementor-element elementor-element-c77bbed elementor-widget elementor-widget-image\" data-id=\"c77bbed\" data-element_type=\"widget\" data-widget_type=\"image.default\">\n\t\t\t\t<div class=\"elementor-widget-container\">\n\t\t\t\t\t\t\t\t\t\t\t\t\t<img decoding=\"async\" width=\"1024\" height=\"760\" src=\"https:\/\/www.ufsm.br\/app\/uploads\/sites\/633\/2021\/01\/Fotogrametria-BC-1024x760.jpg\" class=\"attachment-large size-large wp-image-275\" alt=\"\" srcset=\"https:\/\/www.ufsm.br\/app\/uploads\/sites\/633\/2021\/01\/Fotogrametria-BC-1024x760.jpg 1024w, https:\/\/www.ufsm.br\/app\/uploads\/sites\/633\/2021\/01\/Fotogrametria-BC-300x223.jpg 300w, https:\/\/www.ufsm.br\/app\/uploads\/sites\/633\/2021\/01\/Fotogrametria-BC-768x570.jpg 768w, https:\/\/www.ufsm.br\/app\/uploads\/sites\/633\/2021\/01\/Fotogrametria-BC.jpg 1348w\" sizes=\"(max-width: 1024px) 100vw, 1024px\" \/>\t\t\t\t\t\t\t\t\t\t\t\t\t<\/div>\n\t\t\t\t<\/div>\n\t\t\t\t\t<\/div>\n\t\t<\/div>\n\t\t\t\t\t<\/div>\n\t\t<\/section>\n\t\t\t\t<section class=\"elementor-section elementor-top-section elementor-element elementor-element-275add7 elementor-section-boxed elementor-section-height-default elementor-section-height-default\" data-id=\"275add7\" data-element_type=\"section\">\n\t\t\t\t\t\t<div class=\"elementor-container elementor-column-gap-default\">\n\t\t\t\t\t<div class=\"elementor-column elementor-col-33 elementor-top-column elementor-element elementor-element-36469c2\" data-id=\"36469c2\" data-element_type=\"column\">\n\t\t\t<div class=\"elementor-widget-wrap elementor-element-populated\">\n\t\t\t\t\t\t<div class=\"elementor-element elementor-element-1cb1e17 elementor-widget elementor-widget-image\" data-id=\"1cb1e17\" data-element_type=\"widget\" data-widget_type=\"image.default\">\n\t\t\t\t<div class=\"elementor-widget-container\">\n\t\t\t\t\t\t\t\t\t\t\t\t\t<img loading=\"lazy\" decoding=\"async\" width=\"240\" height=\"300\" src=\"https:\/\/www.ufsm.br\/app\/uploads\/sites\/633\/2020\/11\/Cartaz-FormIt-R001-240x300.png\" class=\"attachment-medium size-medium wp-image-264\" alt=\"\" srcset=\"https:\/\/www.ufsm.br\/app\/uploads\/sites\/633\/2020\/11\/Cartaz-FormIt-R001-240x300.png 240w, https:\/\/www.ufsm.br\/app\/uploads\/sites\/633\/2020\/11\/Cartaz-FormIt-R001-819x1024.png 819w, https:\/\/www.ufsm.br\/app\/uploads\/sites\/633\/2020\/11\/Cartaz-FormIt-R001-768x960.png 768w, https:\/\/www.ufsm.br\/app\/uploads\/sites\/633\/2020\/11\/Cartaz-FormIt-R001-1228x1536.png 1228w\" sizes=\"(max-width: 240px) 100vw, 240px\" \/>\t\t\t\t\t\t\t\t\t\t\t\t\t<\/div>\n\t\t\t\t<\/div>\n\t\t\t\t\t<\/div>\n\t\t<\/div>\n\t\t\t\t<div class=\"elementor-column elementor-col-66 elementor-top-column elementor-element elementor-element-b0775b4\" data-id=\"b0775b4\" data-element_type=\"column\">\n\t\t\t<div class=\"elementor-widget-wrap elementor-element-populated\">\n\t\t\t\t\t\t<div class=\"elementor-element elementor-element-59cd4c6 elementor-widget elementor-widget-text-editor\" data-id=\"59cd4c6\" data-element_type=\"widget\" data-widget_type=\"text-editor.default\">\n\t\t\t\t<div class=\"elementor-widget-container\">\n\t\t\t\t\t\t\t<p><strong>Set<\/strong><b>embro de 2020<\/b>. Capacita\u00e7\u00e3o em FormIt.<\/p><p>O projeto ofereceu um curso de <span style=\"color: black;font-size: 1rem\">capacita\u00e7\u00e3o para docentes, discentes e comunidade civil na ferramenta de modelagem digital Autodesk FormIt. O curso, em modalidade remota s\u00edncrona, foi desenvolvido via moodle em um encontro semanal ao longo de 6 semanas, entre agosto e setembro de 2020.<\/span><\/p><p><span style=\"color: black;font-size: 1rem\">Como resultado, os participantes sairam capazes de utilizar o software como ferramenta para cria\u00e7\u00e3o, modelagem, experimenta\u00e7\u00e3o e testes preliminares em projetos de design, arquitetura e desenho urbano.<\/span><\/p>\t\t\t\t\t\t<\/div>\n\t\t\t\t<\/div>\n\t\t\t\t\t<\/div>\n\t\t<\/div>\n\t\t\t\t\t<\/div>\n\t\t<\/section>\n\t\t\t\t<\/div>\n\t\t","protected":false},"excerpt":{"rendered":"<p>Programa de extens\u00e3o que busca a dissemina\u00e7\u00e3o, treinamento, integra\u00e7\u00e3o e conscientiza\u00e7\u00e3o a respeito de tecnologias de ponta aplicadas a constru\u00e7\u00e3o civil. O programa busca promover cursos, projetos e eventos de extens\u00e3o relacionados a aplica\u00e7\u00e3o de tecnologias de ponta de forma continuada pelos pr\u00f3ximos 10 anos. Espera-se, com este programa a criar uma plataforma onde se [&hellip;]<\/p>\n","protected":false},"author":2294,"featured_media":0,"parent":4,"menu_order":0,"comment_status":"closed","ping_status":"closed","template":"","meta":{"footnotes":""},"categories":[],"tags":[],"class_list":["post-262","page","type-page","status-publish","hentry"],"acf":[],"_links":{"self":[{"href":"https:\/\/www.ufsm.br\/laboratorios\/modelab\/wp-json\/wp\/v2\/pages\/262","targetHints":{"allow":["GET"]}}],"collection":[{"href":"https:\/\/www.ufsm.br\/laboratorios\/modelab\/wp-json\/wp\/v2\/pages"}],"about":[{"href":"https:\/\/www.ufsm.br\/laboratorios\/modelab\/wp-json\/wp\/v2\/types\/page"}],"author":[{"embeddable":true,"href":"https:\/\/www.ufsm.br\/laboratorios\/modelab\/wp-json\/wp\/v2\/users\/2294"}],"replies":[{"embeddable":true,"href":"https:\/\/www.ufsm.br\/laboratorios\/modelab\/wp-json\/wp\/v2\/comments?post=262"}],"version-history":[{"count":0,"href":"https:\/\/www.ufsm.br\/laboratorios\/modelab\/wp-json\/wp\/v2\/pages\/262\/revisions"}],"up":[{"embeddable":true,"href":"https:\/\/www.ufsm.br\/laboratorios\/modelab\/wp-json\/wp\/v2\/pages\/4"}],"wp:attachment":[{"href":"https:\/\/www.ufsm.br\/laboratorios\/modelab\/wp-json\/wp\/v2\/media?parent=262"}],"wp:term":[{"taxonomy":"category","embeddable":true,"href":"https:\/\/www.ufsm.br\/laboratorios\/modelab\/wp-json\/wp\/v2\/categories?post=262"},{"taxonomy":"post_tag","embeddable":true,"href":"https:\/\/www.ufsm.br\/laboratorios\/modelab\/wp-json\/wp\/v2\/tags?post=262"}],"curies":[{"name":"wp","href":"https:\/\/api.w.org\/{rel}","templated":true}]}}