{"id":2,"date":"2019-05-14T15:59:30","date_gmt":"2019-05-14T18:59:30","guid":{"rendered":"https:\/\/www.ufsm.br\/laboratorios-larp\/?page_id=2"},"modified":"2023-05-30T17:15:08","modified_gmt":"2023-05-30T20:15:08","slug":"pagina-inicial","status":"publish","type":"page","link":"https:\/\/www.ufsm.br\/laboratorios\/napo\/","title":{"rendered":"P\u00e1gina inicial"},"content":{"rendered":"<h5>Apresenta\u00e7\u00e3o<\/h5>\n<p>&nbsp;O NAPO \u00e9 um laborat\u00f3rio anal\u00edtico que desenvolve pesquisas e oferece servi\u00e7os de qualidade, rapidez e custos acess\u00edveis em an\u00e1lises de res\u00edduos org\u00e2nicos presentes em diversos tipos de matrizes de interesse para a ind\u00fastria em geral.<\/p>\n<p>&nbsp;Um dos diferenciais do NAPO \u00e9 operar de forma colaborativa e flex\u00edvel como um parceiro no desenvolvimento de tecnologia para nossos clientes ou de equipes de controle de qualidade, disponibilizando a eles o alcance de suas pr\u00f3prias metas.<\/p>\n<p>&nbsp;O NAPO oferece os servi\u00e7os de:<\/p>\n<ul>\n<li>&nbsp;&nbsp;&nbsp; An\u00e1lise de BIFENILAS POLICLORADAS (PCB&#8217;s)<\/li>\n<li>&nbsp;&nbsp;&nbsp; An\u00e1lise de Res\u00edduos de CARBAMATOS<\/li>\n<li>&nbsp;&nbsp;&nbsp; An\u00e1lise de Res\u00edduos de CONSERVANTES DE MADEIRA:\n<ul>\n<li>HALOFEN\u00d3IS (TCF, TBF, PCF)<\/li>\n<li>HALOANIS\u00d3IS (TCA, TBA, PCA)<\/li>\n<\/ul>\n<\/li>\n<li>&nbsp;&nbsp;&nbsp; An\u00e1lise de Res\u00edduos de PESTICIDAS ORGANO-CLORADOS<\/li>\n<li>&nbsp;&nbsp;&nbsp; An\u00e1lise de Res\u00edduos de PESTICIDAS ORGANO-FOSFORADOS<\/li>\n<li>&nbsp;&nbsp;&nbsp; An\u00e1lise de Res\u00edduos de PESTICIDAS PIRETR\u00d3IDES<\/li>\n<li>&nbsp;&nbsp;&nbsp; An\u00e1lise de Res\u00edduos de HERBICIDAS FENOXIACETICOS<\/li>\n<li>&nbsp;&nbsp;&nbsp; An\u00e1lise de Res\u00edduos de PESTICIDAS ORGANO-NITRADOS<\/li>\n<li>&nbsp;&nbsp;&nbsp; An\u00e1lise de Res\u00edduos de EDB\u2019s<\/li>\n<li>&nbsp;&nbsp;&nbsp; An\u00e1lise de Res\u00edduos de ORGANOSULFURADOS<\/li>\n<li>&nbsp;&nbsp;&nbsp; An\u00e1lise de ALCAL\u00d3IDES<\/li>\n<li>&nbsp;&nbsp;&nbsp; Desenvolvimento de Pesquisas e Valida\u00e7\u00e3o de M\u00e9todos Anal\u00edticos<\/li>\n<\/ul>\n<p>Os testes realizados no NAPO est\u00e3o de acordo com regulamenta\u00e7\u00e3o prevista na ABNT NBR ISO\/IEC17025 e em concord\u00e2ncia com normas internacionais de Boas Pr\u00e1ticas de Laborat\u00f3rio (BPL).<\/p>\n<p><iframe scrolling=\"no\" src=\"https:\/\/maps.google.com\/maps?q=Campus%20da%20UFSM%2C%20Departamento%20de%20Qu%C3%ADmica%2C%20Avenida%20Roraima1000%2C%20Rua%20%22E%22%20Pr%C3%A9dio%2015A.&amp;t=m&amp;z=10&amp;output=embed&amp;iwloc=near\" frameborder=\"0\"><\/iframe><\/p>\n","protected":false},"excerpt":{"rendered":"<p>Apresenta\u00e7\u00e3o &nbsp;O NAPO \u00e9 um laborat\u00f3rio anal\u00edtico que desenvolve pesquisas e oferece servi\u00e7os de qualidade, rapidez e custos acess\u00edveis em an\u00e1lises de res\u00edduos org\u00e2nicos presentes em diversos tipos de matrizes de interesse para a ind\u00fastria em geral. &nbsp;Um dos diferenciais do NAPO \u00e9 operar de forma colaborativa e flex\u00edvel como um parceiro no desenvolvimento de [&hellip;]<\/p>\n","protected":false},"author":26,"featured_media":0,"parent":0,"menu_order":0,"comment_status":"closed","ping_status":"open","template":"","meta":{"footnotes":""},"categories":[],"tags":[],"class_list":["post-2","page","type-page","status-publish","hentry"],"acf":[],"_links":{"self":[{"href":"https:\/\/www.ufsm.br\/laboratorios\/napo\/wp-json\/wp\/v2\/pages\/2","targetHints":{"allow":["GET"]}}],"collection":[{"href":"https:\/\/www.ufsm.br\/laboratorios\/napo\/wp-json\/wp\/v2\/pages"}],"about":[{"href":"https:\/\/www.ufsm.br\/laboratorios\/napo\/wp-json\/wp\/v2\/types\/page"}],"author":[{"embeddable":true,"href":"https:\/\/www.ufsm.br\/laboratorios\/napo\/wp-json\/wp\/v2\/users\/26"}],"replies":[{"embeddable":true,"href":"https:\/\/www.ufsm.br\/laboratorios\/napo\/wp-json\/wp\/v2\/comments?post=2"}],"version-history":[{"count":0,"href":"https:\/\/www.ufsm.br\/laboratorios\/napo\/wp-json\/wp\/v2\/pages\/2\/revisions"}],"wp:attachment":[{"href":"https:\/\/www.ufsm.br\/laboratorios\/napo\/wp-json\/wp\/v2\/media?parent=2"}],"wp:term":[{"taxonomy":"category","embeddable":true,"href":"https:\/\/www.ufsm.br\/laboratorios\/napo\/wp-json\/wp\/v2\/categories?post=2"},{"taxonomy":"post_tag","embeddable":true,"href":"https:\/\/www.ufsm.br\/laboratorios\/napo\/wp-json\/wp\/v2\/tags?post=2"}],"curies":[{"name":"wp","href":"https:\/\/api.w.org\/{rel}","templated":true}]}}