{"id":22,"date":"2019-05-14T17:01:42","date_gmt":"2019-05-14T20:01:42","guid":{"rendered":"https:\/\/www.ufsm.br\/template-laboratprio\/?page_id=22"},"modified":"2023-05-30T17:22:43","modified_gmt":"2023-05-30T20:22:43","slug":"informacoes-gerais","status":"publish","type":"page","link":"https:\/\/www.ufsm.br\/laboratorios\/napo\/informacoes-gerais","title":{"rendered":"Sobre"},"content":{"rendered":"\n<div class=\"col-md-12\">\n<div class=\"item-page\">\n<div>\n<p>N\u00facleo de An\u00e1lises e Pesquisas Org\u00e2nicas \u2013 NAPO, \u00e9 um n\u00facleo de pesquisa e de presta\u00e7\u00e3o de servi\u00e7os\u00a0 vinculado \u00e0 Universidade Federal de Santa Maria \u2013 UFSM, reconhecido por sua compet\u00eancia conquistada ao longo de anos de trabalho.<\/p>\n<p>Idealizado por pesquisadores do Departamento de Qu\u00edmica da UFSM, o NAPO foi criado em 1997, inicialmente para realizar an\u00e1lises de res\u00edduos de conservantes qu\u00edmicos de madeira em matrizes de interesse agr\u00edcola, para ind\u00fastrias fumageiras.<\/p>\n<p>Com a preocupa\u00e7\u00e3o crescente das ind\u00fastrias exportadoras em eliminar cada vez mais a presen\u00e7a de o uso de conservantes qu\u00edmicos de madeira se fez necess\u00e1rio o monitoramento constante de materiais org\u00e2nicos fertilizantes, como cama de avi\u00e1rio, madeira e derivados de celulose.\u00a0<\/p>\n<p>Em 1999, foi implementada tamb\u00e9m as an\u00e1lises de multi-res\u00edduos de pesticidas: organoclorados, organofosforados, piretr\u00f3ides e \u00e1cidos fenoxiac\u00e9ticos, devido a necessidade dos clientes, para monitoramento da produ\u00e7\u00e3o exportada.<\/p>\n<p>Voltado para o atendimento \u00e0s necessidades dos clientes, o NAPO busca adequa\u00e7\u00e3o de metodologias e equipamentos modernos, para realiza\u00e7\u00e3o total dos servi\u00e7os prestados. Assim, o NAPO buscando a adequa\u00e7\u00e3o do laborat\u00f3rio ao Sistema de Qualidade baseado na ABNT NBR ISO\/IEC 17025 Requisitos Gerais Para Compet\u00eancia de Laborat\u00f3rios de Ensaio e Calibra\u00e7\u00e3o, em novembro de 2003 o NAPO concretizou o ideal de construir uma instala\u00e7\u00e3o pr\u00f3pria para laborat\u00f3rio, com condi\u00e7\u00f5es ambientais dentro do mais alto padr\u00e3o de qualidade.<\/p>\n<p>O ano 2004 foi marcado pela conclus\u00e3o do novo pr\u00e9dio e pelo in\u00edcio da implementa\u00e7\u00e3o do sistema de qualidade. Em 2005, j\u00e1 nas novas instala\u00e7\u00f5es, foi iniciada a implementa\u00e7\u00e3o do sistema de qualidade atrav\u00e9s do 5S (cinco sensos). Durante os anos 2006 e 2007 foi implantada a norma NBR ISO\/IEC 17025:2005, com o treinamento de pessoal e elabora\u00e7\u00e3o de documenta\u00e7\u00e3o. Em Fevereiro de 2008 o NAPO recebeu a primeira visita da Coordena\u00e7\u00e3o Geral de Acredita\u00e7\u00e3o do Inmetro e em abril do mesmo ano recebeu o Certificado de Acredita\u00e7\u00e3o No. CRL 0304, segundo os requesitos estabelecidos na ABNT NBR ISO\/IEC 17025. Esta acredita\u00e7\u00e3o constitui express\u00e3o formal do reconhecimento da sua compet\u00eancia para realizar os ensaios constantes no escopo de Pesticidas em Tabaco. Em outubro de 2008, ap\u00f3s nova avalia\u00e7\u00e3o da Coordena\u00e7\u00e3o Geral de Acredita\u00e7\u00e3o do Inmetro o escopo de ensaios do NAPO foi ampliado tamb\u00e9m para an\u00e1lise de halofen\u00f3is e haloanis\u00f3is em Tabaco, Celulose, papel\u00e3o e embalagens.\u00a0<\/p>\n<p>A partir de 2008 o NAPO passou a receber auditorias da Cgcre de dois em dois anos mantendo sua acredita\u00e7\u00e3o at\u00e9 a presente data.<\/p>\n<p>No segundo semestre de 2013, o laborat\u00f3rio recebeu em suas instala\u00e7\u00f5es um espectr\u00f4metro de RMN de 600 MHz (espectroscopia de Resson\u00e2ncia Magn\u00e9tica Nuclear),\u00a0 passando a oferecer uma ferramenta fundamental para a pesquisa que envolva a elucida\u00e7\u00e3o estrutural de compostos qu\u00edmicos org\u00e2nicos e inorg\u00e2nicos em solu\u00e7\u00e3o ou em fase s\u00f3lida.<\/p>\n<p>Em 2014 o NAPO expandiu seu quadro de professores com a designa\u00e7\u00e3o da profa. Dra. Clarissa Piccinin Frizzo como respons\u00e1vel t\u00e9cnica substituta e, \u00a0em 2017, com o prof. Dr. Manfredo H\u00f6rner na fun\u00e7\u00e3o de coordenador substituto e do qu\u00edmico Fabr\u00edcio Bublitz na fun\u00e7\u00e3o de t\u00e9cnico de n\u00edvel superior operando o espectr\u00f4metro de RMN.<\/p>\n<p>Em 2021 o NAPO expandiu seu quadro de professores com o Dr. Arci Dirceu Wastowski e em 2022 com Dra. <span class=\"card-title mt-2 mb-0 mx-md-auto\">Caroline Raquel Bender.<\/span><\/p>\n<p>Atualmente, o NAPO est\u00e1 em conformidade com a norma ABNT NBR ISO\/IEC 17025 (vers\u00e3o dezembro 2017), \u00a0buscando aumentar a confiabilidade dos seus resultados, promovendo a confian\u00e7a nas suas opera\u00e7\u00f5es e compet\u00eancia t\u00e9cnica com foco nos resultados e no atendimento ao cliente, abordando riscos e oportunidades e aumentando a efic\u00e1cia do sistema de gest\u00e3o.<\/p>\n<\/div>\n<\/div>\n<\/div>\n","protected":false},"excerpt":{"rendered":"<p>N\u00facleo de An\u00e1lises e Pesquisas Org\u00e2nicas \u2013 NAPO, \u00e9 um n\u00facleo de pesquisa e de presta\u00e7\u00e3o de servi\u00e7os\u00a0 vinculado \u00e0 Universidade Federal de Santa Maria \u2013 UFSM, reconhecido por sua compet\u00eancia conquistada ao longo de anos de trabalho. Idealizado por pesquisadores do Departamento de Qu\u00edmica da UFSM, o NAPO foi criado em 1997, inicialmente para [&hellip;]<\/p>\n","protected":false},"author":8,"featured_media":0,"parent":0,"menu_order":0,"comment_status":"closed","ping_status":"closed","template":"","meta":{"footnotes":""},"categories":[],"tags":[],"class_list":["post-22","page","type-page","status-publish","hentry"],"acf":[],"_links":{"self":[{"href":"https:\/\/www.ufsm.br\/laboratorios\/napo\/wp-json\/wp\/v2\/pages\/22","targetHints":{"allow":["GET"]}}],"collection":[{"href":"https:\/\/www.ufsm.br\/laboratorios\/napo\/wp-json\/wp\/v2\/pages"}],"about":[{"href":"https:\/\/www.ufsm.br\/laboratorios\/napo\/wp-json\/wp\/v2\/types\/page"}],"author":[{"embeddable":true,"href":"https:\/\/www.ufsm.br\/laboratorios\/napo\/wp-json\/wp\/v2\/users\/8"}],"replies":[{"embeddable":true,"href":"https:\/\/www.ufsm.br\/laboratorios\/napo\/wp-json\/wp\/v2\/comments?post=22"}],"version-history":[{"count":0,"href":"https:\/\/www.ufsm.br\/laboratorios\/napo\/wp-json\/wp\/v2\/pages\/22\/revisions"}],"wp:attachment":[{"href":"https:\/\/www.ufsm.br\/laboratorios\/napo\/wp-json\/wp\/v2\/media?parent=22"}],"wp:term":[{"taxonomy":"category","embeddable":true,"href":"https:\/\/www.ufsm.br\/laboratorios\/napo\/wp-json\/wp\/v2\/categories?post=22"},{"taxonomy":"post_tag","embeddable":true,"href":"https:\/\/www.ufsm.br\/laboratorios\/napo\/wp-json\/wp\/v2\/tags?post=22"}],"curies":[{"name":"wp","href":"https:\/\/api.w.org\/{rel}","templated":true}]}}