{"id":24,"date":"2019-05-14T17:02:52","date_gmt":"2019-05-14T20:02:52","guid":{"rendered":"https:\/\/www.ufsm.br\/template-laboratprio\/?page_id=24"},"modified":"2023-05-30T17:14:36","modified_gmt":"2023-05-30T20:14:36","slug":"infraestrutura","status":"publish","type":"page","link":"https:\/\/www.ufsm.br\/laboratorios\/napo\/infraestrutura","title":{"rendered":"Infraestrutura"},"content":{"rendered":"<p><a href=\"\">Equipamentos<\/a><\/p>\n<ul>\n<li><strong>Cromat\u00f3grafo a G\u00e1s \u2013 CG\/MSD \u2013 CG01<\/strong><\/li>\n<li>Modelo: &nbsp;&nbsp;&nbsp;&nbsp;&nbsp;&nbsp; &nbsp;&nbsp;&nbsp;&nbsp;&nbsp;&nbsp;&nbsp;&nbsp; HP \u2013 6890 Series Plus+ \u2013 Cromat\u00f3grafo (G1530A)<\/li>\n<li>N\u00famero de s\u00e9rie:&nbsp;&nbsp;&nbsp;&nbsp;&nbsp;&nbsp;&nbsp; US00020614<\/li>\n<li>N\u00famero de s\u00e9rie:&nbsp;&nbsp;&nbsp;&nbsp;&nbsp;&nbsp;&nbsp; US80303400- Tray 18596C<\/li>\n<li>N\u00famero de s\u00e9rie:&nbsp;&nbsp;&nbsp;&nbsp;&nbsp;&nbsp;&nbsp; US80404893- Injetor G1513A<\/li>\n<li>N\u00famero de s\u00e9rie:&nbsp;&nbsp;&nbsp;&nbsp;&nbsp;&nbsp;&nbsp; US80121284- MS G1099A<\/li>\n<li>N\u00famero de s\u00e9rie:&nbsp;&nbsp;&nbsp;&nbsp;&nbsp;&nbsp;&nbsp; US80303400&nbsp; \u2013 CG Autosampler Controller G1513A<\/li>\n<li>Fabricante: &nbsp;&nbsp;&nbsp;&nbsp; &nbsp;&nbsp;&nbsp;&nbsp;&nbsp;&nbsp;&nbsp;&nbsp;&nbsp;&nbsp; &nbsp;HP-Hewlett Packard4<\/li>\n<\/ul>\n<p><img fetchpriority=\"high\" decoding=\"async\" src=\"https:\/\/www.ufsm.br\/app\/uploads\/sites\/794\/2020\/10\/NapoEQUIPM_clip_image002_0002.jpg\" alt=\"\" width=\"483\" height=\"362\"><\/p>\n<p><strong>Cromat\u00f3grafo a G\u00e1s \u2013 CG\/\u03bcECD\/\u03bcECD \u2013 CG03<\/strong><\/p>\n<ul type=\"disc\">\n<li>Modelo: &nbsp;&nbsp;&nbsp;&nbsp;&nbsp;&nbsp;&nbsp;&nbsp;&nbsp;&nbsp;&nbsp;&nbsp;&nbsp;&nbsp;&nbsp;&nbsp;&nbsp;&nbsp;&nbsp; Agilent Technologies 6890N Network System (G1530N)<\/li>\n<li>N\u00famero de s\u00e9rie: &nbsp;&nbsp;&nbsp;&nbsp;&nbsp;&nbsp; US10317067 \u2013 Tray Agilent 7683 G2614A (N10149)<\/li>\n<li>N\u00famero de s\u00e9rie: &nbsp;&nbsp;&nbsp;&nbsp;&nbsp;&nbsp; CN31523737 \u2013 Injetor Front G2613A (N10149)<\/li>\n<li>N\u00famero de s\u00e9rie: &nbsp;&nbsp;&nbsp;&nbsp;&nbsp;&nbsp; U5470 CN31530269 \u2013 Detector Front 63Ni \u2013 15 millicuries<\/li>\n<li>N\u00famero de s\u00e9rie: &nbsp;&nbsp;&nbsp;&nbsp;&nbsp;&nbsp; U5470 \u2013 Injetor Back G2613A (N10149)<\/li>\n<li>N\u00famero de s\u00e9rie: &nbsp;&nbsp;&nbsp;&nbsp;&nbsp;&nbsp; CN31530296 \u2013 Detector Back 63Ni \u2013 15 millicuries<\/li>\n<li>N\u00famero de s\u00e9rie: &nbsp;&nbsp;&nbsp;&nbsp;&nbsp;&nbsp; U5471<\/li>\n<li>Fabricante: &nbsp;&nbsp;&nbsp;&nbsp;&nbsp;&nbsp;&nbsp;&nbsp;&nbsp;&nbsp;&nbsp;&nbsp;&nbsp;&nbsp;&nbsp; Agilent Technologies<\/li>\n<\/ul>\n<p><img decoding=\"async\" src=\"https:\/\/www.ufsm.br\/app\/uploads\/sites\/794\/2020\/10\/NapoEQUIPM_clip_image002_0000.jpg\" alt=\"\" width=\"600\" height=\"450\"><\/p>\n<p><strong>Cromat\u00f3grafo a G\u00e1s \u2013 CG\/EI\/CI \u2013 CG04<\/strong><\/p>\n<ul>\n<li>Modelo: &nbsp;&nbsp;&nbsp;&nbsp;&nbsp;&nbsp;&nbsp;&nbsp;&nbsp;&nbsp;&nbsp;&nbsp;&nbsp;&nbsp;&nbsp;&nbsp;&nbsp;&nbsp;&nbsp;&nbsp; HP \u2013 6890N Network CG System<\/li>\n<li>N\u00famero de s\u00e9rie:&nbsp;&nbsp;&nbsp;&nbsp;&nbsp;&nbsp;&nbsp; CN71343475- Tray G2614A<\/li>\n<li>N\u00famero de s\u00e9rie:&nbsp;&nbsp;&nbsp;&nbsp;&nbsp;&nbsp;&nbsp; CN71239691- G2913A \u2013 7683B Series Injector<\/li>\n<li>N\u00famero de s\u00e9rie:&nbsp;&nbsp;&nbsp;&nbsp;&nbsp;&nbsp;&nbsp; G3171A3519 \u2013 5976B inert XL EI\/CI\/MSD<\/li>\n<li>Fabricante: &nbsp;&nbsp;&nbsp;&nbsp;&nbsp;&nbsp;&nbsp;&nbsp;&nbsp;&nbsp;&nbsp;&nbsp;&nbsp;&nbsp;&nbsp; Agilent Technologies<\/li>\n<\/ul>\n<p><img decoding=\"async\" src=\"https:\/\/www.ufsm.br\/app\/uploads\/sites\/794\/2020\/10\/NapoEQUIPM_clip_image002_0001.jpg\" alt=\"\" width=\"604\" height=\"453\"><\/p>\n<p><strong>Cromat\u00f3grafo a G\u00e1s \u2013 CG\/EI \u2013 CG05<\/strong><\/p>\n<ul type=\"disc\">\n<li>Modelo: &nbsp;&nbsp;&nbsp;&nbsp;&nbsp;&nbsp;&nbsp;&nbsp;&nbsp;&nbsp;&nbsp;&nbsp;&nbsp;&nbsp;&nbsp;&nbsp;&nbsp;&nbsp;&nbsp;&nbsp; HP \u2013 6890 N Network CG System<\/li>\n<li>N\u00famero de s\u00e9rie: &nbsp;&nbsp;&nbsp;&nbsp;&nbsp;&nbsp; CN71343473 \u2013 Tray G2614A<\/li>\n<li>N\u00famero de s\u00e9rie: &nbsp;&nbsp;&nbsp;&nbsp;&nbsp;&nbsp; CN71239679 \u2013 G2913A \u2013 7683B Series Injector<\/li>\n<li>N\u00famero de s\u00e9rie: &nbsp;&nbsp;&nbsp;&nbsp;&nbsp;&nbsp; G3171A3666 \u2013 5975B Inert MSD<\/li>\n<li>Fabricante: &nbsp;&nbsp;&nbsp;&nbsp;&nbsp;&nbsp;&nbsp;&nbsp;&nbsp;&nbsp;&nbsp;&nbsp;&nbsp;&nbsp;&nbsp; Agilent Technologies&nbsp;&nbsp;&nbsp;&nbsp;<\/li>\n<\/ul>\n<p><img loading=\"lazy\" decoding=\"async\" src=\"https:\/\/www.ufsm.br\/app\/uploads\/sites\/794\/2020\/10\/NapoEQUIPM_clip_image004.jpg\" alt=\"\" width=\"541\" height=\"405\"><\/p>\n<p><strong>Cromat\u00f3grafo L\u00edquido de Alta Press\u00e3o \u2013 HPLC 01<\/strong>&nbsp;&nbsp;&nbsp;<\/p>\n<ul type=\"disc\">\n<li>Modelo:&nbsp;&nbsp;&nbsp;&nbsp;&nbsp;&nbsp;&nbsp;&nbsp;&nbsp;&nbsp;&nbsp;&nbsp;&nbsp;&nbsp;&nbsp;&nbsp;&nbsp;&nbsp;&nbsp;&nbsp;&nbsp; HP \u2013 Serie 1100 Degasseer(G1322A)&nbsp;&nbsp;<\/li>\n<li>N\u00famero de s\u00e9rie:&nbsp;&nbsp;&nbsp;&nbsp;&nbsp;&nbsp;&nbsp; JP730009053 \/&nbsp; Quat Pump G1311A<\/li>\n<li>N\u00famero de s\u00e9rie: &nbsp;&nbsp;&nbsp;&nbsp;&nbsp;&nbsp; US80302847 \/ ALS G1313A<\/li>\n<li>N\u00famero de s\u00e9rie: &nbsp;&nbsp;&nbsp;&nbsp;&nbsp;&nbsp; US80603183 \/ ColComp G1316<\/li>\n<li>N\u00famero de s\u00e9rie: &nbsp;&nbsp;&nbsp;&nbsp;&nbsp;&nbsp; US72103280 \/ DAD G1315A<\/li>\n<li>N\u00famero de s\u00e9rie:&nbsp;&nbsp;&nbsp;&nbsp;&nbsp;&nbsp;&nbsp; US74901830<\/li>\n<li>Fabricante: &nbsp;&nbsp;&nbsp;&nbsp; &nbsp;&nbsp;&nbsp;&nbsp;&nbsp;&nbsp;&nbsp;&nbsp;&nbsp;&nbsp; &nbsp;HP-Hewlett Packard<\/li>\n<\/ul>\n<p><img loading=\"lazy\" decoding=\"async\" src=\"https:\/\/www.ufsm.br\/app\/uploads\/sites\/794\/2020\/10\/NapoEQUIPM_clip_image002_0003.jpg\" alt=\"\" width=\"604\" height=\"453\"><\/p>\n<p><strong>Cromat\u00f3grafo L\u00edquido Acoplado a Detector de Massas Triplo Quadrupolo \u2013 LC-MS-MS<\/strong>&nbsp;<\/p>\n<ul type=\"disc\">\n<li>Modelo: Agilent Technologies 1200 Series<\/li>\n<li>Degasser: N\u00famero de s\u00e9rie: JP82012072<\/li>\n<li>Bomba: Binary SL:&nbsp; N\u00famero de s\u00e9rie: DE63061282<\/li>\n<li>Injetor: Hip- ALS SL +: N\u00famero de s\u00e9rie: DE82556054<\/li>\n<li>Coluna: TCC SL: N\u00famero de s\u00e9rie: DE90360836<\/li>\n<li>Detector: Agilent Technologies 6460 Triple Quad LC\/MS: N\u00famero de s\u00e9rie: US93870283<\/li>\n<\/ul>\n<p><img loading=\"lazy\" decoding=\"async\" src=\"https:\/\/www.ufsm.br\/app\/uploads\/sites\/794\/2020\/10\/fotolc-1.jpg\" alt=\"\" width=\"540\" height=\"380\"><\/p>\n<p><a href=\"\">Laborat\u00f3rios<\/a><\/p>\n<p><strong>\u00c1rea Anal\u00edtica<\/strong><\/p>\n<p><strong>Laborat\u00f3rio de Abertura de Amostras<\/strong><\/p>\n<p><img loading=\"lazy\" decoding=\"async\" src=\"https:\/\/www.ufsm.br\/app\/uploads\/sites\/794\/2020\/10\/DSC00204-300x225-1.jpg\" alt=\"\" width=\"300\" height=\"225\"><\/p>\n<p><img loading=\"lazy\" decoding=\"async\" src=\"https:\/\/www.ufsm.br\/app\/uploads\/sites\/794\/2020\/10\/DSC00206-300x225-1.jpg\" alt=\"\" width=\"300\" height=\"225\"><\/p>\n<p><img loading=\"lazy\" decoding=\"async\" src=\"https:\/\/www.ufsm.br\/app\/uploads\/sites\/794\/2020\/10\/DSC00205-300x225-1.jpg\" alt=\"\" width=\"300\" height=\"225\"><\/p>\n<p><strong>Laborat\u00f3rio de An\u00e1lise Instrumental<\/strong><\/p>\n<p><img loading=\"lazy\" decoding=\"async\" src=\"https:\/\/www.ufsm.br\/app\/uploads\/sites\/794\/2020\/10\/DSC00202-300x225-1.jpg\" alt=\"\" width=\"300\" height=\"225\"><\/p>\n<p><img loading=\"lazy\" decoding=\"async\" src=\"https:\/\/www.ufsm.br\/app\/uploads\/sites\/794\/2020\/10\/fotolc-300x211-1.jpg\" alt=\"\" width=\"300\" height=\"211\"><\/p>\n<p><img loading=\"lazy\" decoding=\"async\" src=\"https:\/\/www.ufsm.br\/app\/uploads\/sites\/794\/2020\/10\/DSC00203-300x225-1.jpg\" alt=\"\" width=\"300\" height=\"225\"><\/p>\n<p><strong>\u00c1rea Administrativa<\/strong><\/p>\n<p><strong>Recep\u00e7\u00e3o de Amostras<\/strong><\/p>\n<p><img loading=\"lazy\" decoding=\"async\" src=\"https:\/\/www.ufsm.br\/app\/uploads\/sites\/794\/2020\/10\/DSC00236-300x225-1.jpg\" alt=\"\" width=\"300\" height=\"225\"><\/p>\n<p><strong>Anfiteatro 40 lugares<\/strong><\/p>\n<p><img loading=\"lazy\" decoding=\"async\" src=\"https:\/\/www.ufsm.br\/app\/uploads\/sites\/794\/2020\/10\/DSC00238-300x225-1.jpg\" alt=\"\" width=\"300\" height=\"225\"><\/p>\n<p><strong>Sala Professor Pesquisador<\/strong><\/p>\n<p><img loading=\"lazy\" decoding=\"async\" src=\"https:\/\/www.ufsm.br\/app\/uploads\/sites\/794\/2020\/10\/DSC00239-300x225-1.jpg\" alt=\"\" width=\"300\" height=\"225\"><\/p>\n<p><strong>Demais&nbsp;<b>Depend\u00eancias<\/b><\/strong><\/p>\n<p><img loading=\"lazy\" decoding=\"async\" src=\"https:\/\/www.ufsm.br\/app\/uploads\/sites\/794\/2020\/10\/DSC00210-300x225-1.jpg\" alt=\"\" width=\"300\" height=\"225\"><\/p>\n<p><img loading=\"lazy\" decoding=\"async\" src=\"https:\/\/www.ufsm.br\/app\/uploads\/sites\/794\/2020\/10\/DSC00207-300x225-1.jpg\" alt=\"\" width=\"300\" height=\"225\"><\/p>\n<p><img loading=\"lazy\" decoding=\"async\" src=\"https:\/\/www.ufsm.br\/app\/uploads\/sites\/794\/2020\/10\/DSC00209-300x225-1.jpg\" alt=\"\" width=\"300\" height=\"225\"><\/p>\n<p><img loading=\"lazy\" decoding=\"async\" src=\"https:\/\/www.ufsm.br\/app\/uploads\/sites\/794\/2020\/10\/DSC00233-300x225-1.jpg\" alt=\"\" width=\"300\" height=\"225\"><\/p>\n","protected":false},"excerpt":{"rendered":"<p>Equipamentos Cromat\u00f3grafo a G\u00e1s \u2013 CG\/MSD \u2013 CG01 Modelo: &nbsp;&nbsp;&nbsp;&nbsp;&nbsp;&nbsp; &nbsp;&nbsp;&nbsp;&nbsp;&nbsp;&nbsp;&nbsp;&nbsp; HP \u2013 6890 Series Plus+ \u2013 Cromat\u00f3grafo (G1530A) N\u00famero de s\u00e9rie:&nbsp;&nbsp;&nbsp;&nbsp;&nbsp;&nbsp;&nbsp; US00020614 N\u00famero de s\u00e9rie:&nbsp;&nbsp;&nbsp;&nbsp;&nbsp;&nbsp;&nbsp; US80303400- Tray 18596C N\u00famero de s\u00e9rie:&nbsp;&nbsp;&nbsp;&nbsp;&nbsp;&nbsp;&nbsp; US80404893- Injetor G1513A N\u00famero de s\u00e9rie:&nbsp;&nbsp;&nbsp;&nbsp;&nbsp;&nbsp;&nbsp; US80121284- MS G1099A N\u00famero de s\u00e9rie:&nbsp;&nbsp;&nbsp;&nbsp;&nbsp;&nbsp;&nbsp; US80303400&nbsp; \u2013 CG Autosampler Controller G1513A Fabricante: &nbsp;&nbsp;&nbsp;&nbsp; &nbsp;&nbsp;&nbsp;&nbsp;&nbsp;&nbsp;&nbsp;&nbsp;&nbsp;&nbsp; &nbsp;HP-Hewlett Packard4 [&hellip;]<\/p>\n","protected":false},"author":124,"featured_media":0,"parent":0,"menu_order":0,"comment_status":"closed","ping_status":"closed","template":"","meta":{"footnotes":""},"categories":[],"tags":[],"class_list":["post-24","page","type-page","status-publish","hentry"],"acf":[],"_links":{"self":[{"href":"https:\/\/www.ufsm.br\/laboratorios\/napo\/wp-json\/wp\/v2\/pages\/24","targetHints":{"allow":["GET"]}}],"collection":[{"href":"https:\/\/www.ufsm.br\/laboratorios\/napo\/wp-json\/wp\/v2\/pages"}],"about":[{"href":"https:\/\/www.ufsm.br\/laboratorios\/napo\/wp-json\/wp\/v2\/types\/page"}],"author":[{"embeddable":true,"href":"https:\/\/www.ufsm.br\/laboratorios\/napo\/wp-json\/wp\/v2\/users\/124"}],"replies":[{"embeddable":true,"href":"https:\/\/www.ufsm.br\/laboratorios\/napo\/wp-json\/wp\/v2\/comments?post=24"}],"version-history":[{"count":0,"href":"https:\/\/www.ufsm.br\/laboratorios\/napo\/wp-json\/wp\/v2\/pages\/24\/revisions"}],"wp:attachment":[{"href":"https:\/\/www.ufsm.br\/laboratorios\/napo\/wp-json\/wp\/v2\/media?parent=24"}],"wp:term":[{"taxonomy":"category","embeddable":true,"href":"https:\/\/www.ufsm.br\/laboratorios\/napo\/wp-json\/wp\/v2\/categories?post=24"},{"taxonomy":"post_tag","embeddable":true,"href":"https:\/\/www.ufsm.br\/laboratorios\/napo\/wp-json\/wp\/v2\/tags?post=24"}],"curies":[{"name":"wp","href":"https:\/\/api.w.org\/{rel}","templated":true}]}}