{"id":26,"date":"2019-05-14T17:03:27","date_gmt":"2019-05-14T20:03:27","guid":{"rendered":"https:\/\/www.ufsm.br\/template-laboratprio\/?page_id=26"},"modified":"2023-05-30T17:19:20","modified_gmt":"2023-05-30T20:19:20","slug":"contato","status":"publish","type":"page","link":"https:\/\/www.ufsm.br\/laboratorios\/napo\/contato","title":{"rendered":"Contato"},"content":{"rendered":"\n<p><strong>HOR\u00c1RIO DE EXPEDIENTE:<\/strong><br \/>SEGUNDA \u00c0 SEXTA-FEIRA: 8:00 \u2013 12:00 h\u00a0 \/ 13:30 \u2013 17:30 h<\/p>\n<p><strong>CONTATO:\u00a0<\/strong><br \/>Para entrar em contato com profissionais do NAPO, adeque sua necessidade \u00e0s seguintes formas disponibilizadas:<\/p>\n<p><strong>1) Via Correspond\u00eancia Geral e Impressa atrav\u00e9s dos Correios ou Similar<\/strong><\/p>\n<p><strong>UNIVERSIDADE FEDERAL DE SANTA MARIA<\/strong><strong><br \/>DEPARTAMENTO DE QUIMICA<\/strong><br \/><strong>NAPO \u2013 N\u00daCLEO DE AN\u00c1LISES E PESQUISAS ORG\u00c2NICAS<br \/>CAMPUS UNIVERSIT\u00c1RIO &#8211; BAIRRO CAMOBI<br \/>Av. Roraima n\u00ba 1000 \u00a0Rua \u201cE\u201d\u00a0Pr\u00e9dio 15A<br \/>Santa Maria \u2013 RS \u2013 Brasil\u00a0<br \/>CEP 97.105-900<\/strong><\/p>\n<p><strong>2)<\/strong><strong>\u00a0<\/strong><strong>Via Telef\u00f4nica, Eletr\u00f4nica ou Similar<\/strong><\/p>\n<p><strong>NAPO \u2013 SECRETARIA<\/strong><br \/><strong>Geovana Marla Pinheiro\u00a0<\/strong><br \/><strong>Tel. \/Fax: (55) 3220-8756<\/strong><br \/><strong>E-mail:<\/strong><strong>\u00a0<\/strong><span id=\"cloak67acee985c9bde624ac3f8312395cd98\"><a href=\"mailto:napo@smail.ufsm.br\">napo@ufsm.br<\/a><\/span><\/p>\n<p><strong>NAPO \u2013 COORDENA\u00c7\u00c3O E RESPONSABILIDADE T\u00c9CNICA<\/strong><br \/><strong>Tel. \/Fax: (55) 3220-8756\u00a0 \/\u00a0 (55) 3220-8867<\/strong><\/p>\n<p><strong>Prof. Dra. Clarissa Piccinin Frizzo (<span id=\"cloakfe4bf1873b6cc9b546f865b503660767\"><a class=\"notranslate\" href=\"mailto:clarissa.frizzo@gmail.com\">clarissa.frizzo@gmail.com<\/a><\/span>)<\/strong><\/p>\n<p><strong>Prof. Dr. Arci Dirceu Wastowski (<\/strong><a class=\"notranslate\" href=\"mailto:wastowski@ufsm.br\" target=\"_blank\" rel=\"noopener\">wastowski@ufsm.br<\/a><strong><span id=\"cloak854e1715b4ae1920b0f1f6aa75654f82\"><\/span>)<br \/><\/strong><\/p>\n<p><strong>Prof. Dr. Nilo Zanatta (<span id=\"cloak9894ca5d1a4dd4b7edc971adfa6bf403\"><a href=\"mailto:nilo.zanatta@ufsm.br\">nilo.zanatta@ufsm.br<\/a><\/span>)<\/strong><\/p>\n<p><strong>Prof. Dr. Marcos Antonio Pinto Martins (<span id=\"cloak3a8d15f87de55e992e389d12b841adb3\"><a href=\"mailto:mmartins@base.ufsm.br\">mmartins@base.ufsm.br<\/a><\/span>)<\/strong><\/p>\n<p><strong>Profa. Dra. <span class=\"card-title mt-2 mb-0 mx-md-auto\">Caroline Raquel Bender<\/span> (<a class=\"notranslate\" href=\"mailto:carolinerbender@gmail.com\" target=\"_blank\" rel=\"noopener\">carolinerbender@gmail.com<\/a>)<\/strong><\/p>\n","protected":false},"excerpt":{"rendered":"<p>HOR\u00c1RIO DE EXPEDIENTE:SEGUNDA \u00c0 SEXTA-FEIRA: 8:00 \u2013 12:00 h\u00a0 \/ 13:30 \u2013 17:30 h CONTATO:\u00a0Para entrar em contato com profissionais do NAPO, adeque sua necessidade \u00e0s seguintes formas disponibilizadas: 1) Via Correspond\u00eancia Geral e Impressa atrav\u00e9s dos Correios ou Similar UNIVERSIDADE FEDERAL DE SANTA MARIADEPARTAMENTO DE QUIMICANAPO \u2013 N\u00daCLEO DE AN\u00c1LISES E PESQUISAS ORG\u00c2NICASCAMPUS UNIVERSIT\u00c1RIO [&hellip;]<\/p>\n","protected":false},"author":124,"featured_media":0,"parent":0,"menu_order":0,"comment_status":"closed","ping_status":"closed","template":"","meta":{"footnotes":""},"categories":[],"tags":[],"class_list":["post-26","page","type-page","status-publish","hentry"],"acf":[],"_links":{"self":[{"href":"https:\/\/www.ufsm.br\/laboratorios\/napo\/wp-json\/wp\/v2\/pages\/26","targetHints":{"allow":["GET"]}}],"collection":[{"href":"https:\/\/www.ufsm.br\/laboratorios\/napo\/wp-json\/wp\/v2\/pages"}],"about":[{"href":"https:\/\/www.ufsm.br\/laboratorios\/napo\/wp-json\/wp\/v2\/types\/page"}],"author":[{"embeddable":true,"href":"https:\/\/www.ufsm.br\/laboratorios\/napo\/wp-json\/wp\/v2\/users\/124"}],"replies":[{"embeddable":true,"href":"https:\/\/www.ufsm.br\/laboratorios\/napo\/wp-json\/wp\/v2\/comments?post=26"}],"version-history":[{"count":0,"href":"https:\/\/www.ufsm.br\/laboratorios\/napo\/wp-json\/wp\/v2\/pages\/26\/revisions"}],"wp:attachment":[{"href":"https:\/\/www.ufsm.br\/laboratorios\/napo\/wp-json\/wp\/v2\/media?parent=26"}],"wp:term":[{"taxonomy":"category","embeddable":true,"href":"https:\/\/www.ufsm.br\/laboratorios\/napo\/wp-json\/wp\/v2\/categories?post=26"},{"taxonomy":"post_tag","embeddable":true,"href":"https:\/\/www.ufsm.br\/laboratorios\/napo\/wp-json\/wp\/v2\/tags?post=26"}],"curies":[{"name":"wp","href":"https:\/\/api.w.org\/{rel}","templated":true}]}}