{"id":57,"date":"2020-01-28T11:47:16","date_gmt":"2020-01-28T14:47:16","guid":{"rendered":"https:\/\/www.ufsm.br\/laboratorios\/napo\/?page_id=57"},"modified":"2023-05-30T17:20:19","modified_gmt":"2023-05-30T20:20:19","slug":"acreditacao","status":"publish","type":"page","link":"https:\/\/www.ufsm.br\/laboratorios\/napo\/acreditacao","title":{"rendered":"Acredita\u00e7\u00e3o"},"content":{"rendered":"\n<p>O NAPO \u00e9 um laborat\u00f3rio anal\u00edtico que desenvolve pesquisas e oferece servi\u00e7os de qualidade, rapidez e custos acess\u00edveis em an\u00e1lises de res\u00edduos org\u00e2nicos presentes em diversos tipos de matrizes de interesse para a ind\u00fastria em geral.<br \/>Um dos diferenciais do NAPO \u00e9 operar de forma colaborativa e flex\u00edvel como um parceiro no desenvolvimento de tecnologia para nossos clientes ou de equipes de controle de qualidade, disponibilizando a eles o alcance de suas pr\u00f3prias metas.<\/p>\n<p>Nosso objetivo \u00e9 o desenvolvimento de Projetos de Extens\u00e3o, junto com parceiros da comunidade e ind\u00fastrias, na \u00e1rea do monitoramento de res\u00edduos qu\u00edmicos em matrizes diversas, contribuindo com a qualidade de produtos de origem animal, vegetal e mineral, nos alimentos e no meio ambiente, visando melhorias na sa\u00fade, atrav\u00e9s do desenvolvimento de novas tecnologias e m\u00e9todos de ensaios, estimulando a pesquisa cient\u00edfica e o ensino na \u00e1rea de Qu\u00edmica.<\/p>\n<p><br \/>Considerando a infraestrutura dispon\u00edvel, o NAPO se constitui hoje em uma refer\u00eancia dentro da UFSM na \u00e1rea da Pesquisa e Extens\u00e3o, oferecendo as seguintes possibilidades de intera\u00e7\u00e3o com o setor produtivo e acad\u00eamico:<\/p>\n<ol>\n<li>Desenvolvimento, valida\u00e7\u00e3o e aplica\u00e7\u00e3o de metodologias de an\u00e1lises qualitativa e quantitativa de res\u00edduos de subst\u00e2ncias org\u00e2nicas em diversos tipos de matrizes (Tabaco, Celulose e derivados, Madeira, Adubos org\u00e2nicos, Agroqu\u00edmicos, Cereais e derivados, Frutas, Hortali\u00e7as, Solo, \u00c1gua, Gordura Vegetal e Caf\u00e9);<\/li>\n<li>An\u00e1lise estrutural de subst\u00e2ncias org\u00e2nicas atrav\u00e9s de t\u00e9cnicas de Cromatografia \u00e0 g\u00e1s (CG-\u00b5ECD, CG-FPD) e Cromatografia em fase L\u00edquida (HPLC) acopladas \u00e0 Espectrometria de Massas (GC-MS\/EI\/CI, LC-MS-MS);<\/li>\n<li>Execu\u00e7\u00e3o de Consultoria para empresas em Qu\u00edmica de Res\u00edduos incluindo avalia\u00e7\u00e3o de contamina\u00e7\u00e3o residual em processos qu\u00edmicos, com disponibilidade para deslocamento at\u00e9 o cliente, ministrando palestras e minicursos;<\/li>\n<li>Desenvolvimento de Padr\u00f5es e Insumos agregados \u00e0 Qu\u00edmica Fina incluindo a s\u00edntese e a caracteriza\u00e7\u00e3o completa de novas mol\u00e9culas org\u00e2nicas;<\/li>\n<li>Treinamento de Pessoal e Estagi\u00e1rios em ABNT NBR ISO\/IEC 17025 nas instala\u00e7\u00f5es do NAPO;<\/li>\n<li>Testes interlaboratoriais em qu\u00edmica residual.<\/li>\n<\/ol>\n<p>\u00a0<a href=\"http:\/\/www.inmetro.gov.br\/laboratorios\/rble\/detalhe_laboratorio.asp?nom_apelido=UFSM%2FNAPO\" target=\"_blanck\" rel=\"noopener noreferrer\">Inmetro \/ NAPO<\/a><\/p>\n<p><img fetchpriority=\"high\" decoding=\"async\" class=\"alignnone wp-image-58 size-large\" src=\"https:\/\/www.ufsm.br\/laboratorios\/napo\/wp-content\/uploads\/sites\/794\/2020\/01\/Certificado-INMETRO-1024x726.jpg\" alt=\"\" width=\"1024\" height=\"726\" srcset=\"https:\/\/www.ufsm.br\/app\/uploads\/sites\/794\/2020\/01\/Certificado-INMETRO-1024x726.jpg 1024w, https:\/\/www.ufsm.br\/app\/uploads\/sites\/794\/2020\/01\/Certificado-INMETRO-300x213.jpg 300w, https:\/\/www.ufsm.br\/app\/uploads\/sites\/794\/2020\/01\/Certificado-INMETRO-768x544.jpg 768w, https:\/\/www.ufsm.br\/app\/uploads\/sites\/794\/2020\/01\/Certificado-INMETRO-1536x1089.jpg 1536w, https:\/\/www.ufsm.br\/app\/uploads\/sites\/794\/2020\/01\/Certificado-INMETRO.jpg 1920w\" sizes=\"(max-width: 1024px) 100vw, 1024px\" \/><\/p>\n","protected":false},"excerpt":{"rendered":"<p>O NAPO \u00e9 um laborat\u00f3rio anal\u00edtico que desenvolve pesquisas e oferece servi\u00e7os de qualidade, rapidez e custos acess\u00edveis em an\u00e1lises de res\u00edduos org\u00e2nicos presentes em diversos tipos de matrizes de interesse para a ind\u00fastria em geral.Um dos diferenciais do NAPO \u00e9 operar de forma colaborativa e flex\u00edvel como um parceiro no desenvolvimento de tecnologia para [&hellip;]<\/p>\n","protected":false},"author":867,"featured_media":0,"parent":0,"menu_order":0,"comment_status":"closed","ping_status":"closed","template":"","meta":{"footnotes":""},"categories":[],"tags":[],"class_list":["post-57","page","type-page","status-publish","hentry"],"acf":[],"_links":{"self":[{"href":"https:\/\/www.ufsm.br\/laboratorios\/napo\/wp-json\/wp\/v2\/pages\/57","targetHints":{"allow":["GET"]}}],"collection":[{"href":"https:\/\/www.ufsm.br\/laboratorios\/napo\/wp-json\/wp\/v2\/pages"}],"about":[{"href":"https:\/\/www.ufsm.br\/laboratorios\/napo\/wp-json\/wp\/v2\/types\/page"}],"author":[{"embeddable":true,"href":"https:\/\/www.ufsm.br\/laboratorios\/napo\/wp-json\/wp\/v2\/users\/867"}],"replies":[{"embeddable":true,"href":"https:\/\/www.ufsm.br\/laboratorios\/napo\/wp-json\/wp\/v2\/comments?post=57"}],"version-history":[{"count":0,"href":"https:\/\/www.ufsm.br\/laboratorios\/napo\/wp-json\/wp\/v2\/pages\/57\/revisions"}],"wp:attachment":[{"href":"https:\/\/www.ufsm.br\/laboratorios\/napo\/wp-json\/wp\/v2\/media?parent=57"}],"wp:term":[{"taxonomy":"category","embeddable":true,"href":"https:\/\/www.ufsm.br\/laboratorios\/napo\/wp-json\/wp\/v2\/categories?post=57"},{"taxonomy":"post_tag","embeddable":true,"href":"https:\/\/www.ufsm.br\/laboratorios\/napo\/wp-json\/wp\/v2\/tags?post=57"}],"curies":[{"name":"wp","href":"https:\/\/api.w.org\/{rel}","templated":true}]}}