{"id":60,"date":"2020-01-28T11:52:44","date_gmt":"2020-01-28T14:52:44","guid":{"rendered":"https:\/\/www.ufsm.br\/laboratorios\/napo\/?page_id=60"},"modified":"2023-06-21T10:47:12","modified_gmt":"2023-06-21T13:47:12","slug":"qualidade","status":"publish","type":"page","link":"https:\/\/www.ufsm.br\/laboratorios\/napo\/qualidade","title":{"rendered":"Qualidade"},"content":{"rendered":"\t\t<div data-elementor-type=\"wp-page\" data-elementor-id=\"60\" class=\"elementor elementor-60\">\n\t\t\t\t\t\t<section class=\"elementor-section elementor-top-section elementor-element elementor-element-7e79b6e7 elementor-section-boxed elementor-section-height-default elementor-section-height-default\" data-id=\"7e79b6e7\" data-element_type=\"section\">\n\t\t\t\t\t\t<div class=\"elementor-container elementor-column-gap-default\">\n\t\t\t\t\t<div class=\"elementor-column elementor-col-100 elementor-top-column elementor-element elementor-element-76d05168\" data-id=\"76d05168\" data-element_type=\"column\">\n\t\t\t<div class=\"elementor-widget-wrap elementor-element-populated\">\n\t\t\t\t\t\t<div class=\"elementor-element elementor-element-5cccc51c elementor-widget elementor-widget-text-editor\" data-id=\"5cccc51c\" data-element_type=\"widget\" data-widget_type=\"text-editor.default\">\n\t\t\t\t<div class=\"elementor-widget-container\">\n\t\t\t\t\t\t\t<!-- wp:tadv\/classic-paragraph -->\n<p><strong>Objetivos do NAPO:<\/strong><\/p>\n<p>O NAPO, tem por objetivos o monitoramento de res\u00edduos qu\u00edmicos em matrizes diversas, contribuindo com a qualidade de produtos de origem animal, vegetal e mineral, nos alimentos e no meio ambiente, visando melhorias na sa\u00fade, atrav\u00e9s do desenvolvimento de novas tecnologias e m\u00e9todos de ensaios, estimulando a pesquisa cient\u00edfica e o ensino na \u00e1rea de Qu\u00edmica.<\/p>\n<p>Tamb\u00e9m \u00e9 objetivo do NAPO chegar a um alto n\u00edvel de confiabilidade e credibilidade nos resultados de seus ensaios e presta\u00e7\u00e3o de servi\u00e7os; \u00e9tica profissional; produtividade e foco nos resultados; contribui\u00e7\u00e3o com melhorias nos produtos de seus clientes nas condi\u00e7\u00f5es do meio ambiente, atrav\u00e9s do uso adequado dos materiais de laborat\u00f3rio; desenvolvimento de lideran\u00e7as; e treinamento constante da equipe como um diferencial competitivo.<br \/><br \/><strong>Miss\u00e3o<\/strong><br \/>\u00a0\u00a0\u00a0\u00a0\u00a0\u00a0\u00a0\u00a0\u00a0\u00a0\u00a0 Contribuir com a qualidade de produtos de origem animal, vegetal e mineral, nos alimentos e no ambiente, visando melhorias na sa\u00fade, atrav\u00e9s do monitoramento de res\u00edduos qu\u00edmicos e do desenvolvimento de novas tecnologias e m\u00e9todos de ensaios, estimulando a pesquisa cient\u00edfica e o ensino na \u00e1rea de qu\u00edmica.<\/p>\n<p><strong>Valores<\/strong><\/p>\n<ul type=\"disc\">\n<li>Confiabilidade e credibilidade nos resultados de seus ensaios e presta\u00e7\u00e3o de servi\u00e7os;<\/li>\n<li>\u00e9tica profissional;<\/li>\n<li>produtividade e foco nos resultados;<\/li>\n<li>contribui\u00e7\u00e3o com melhorias nos produtos de seus clientes e nas condi\u00e7\u00f5es do meio ambiente, atrav\u00e9s de uso adequado dos materiais e procedimentos no seu laborat\u00f3rio;<\/li>\n<li>desenvolvimento de lideran\u00e7as;<\/li>\n<li>treinamento constante da equipe como um diferencial competitivo.<\/li>\n<\/ul>\n<p>Organograma de Localiza\u00e7\u00e3o do NAPO na UFSM.<img fetchpriority=\"high\" decoding=\"async\" class=\"alignnone\" src=\"image\/jpeg;base64,R0lGODlhEgJEAfUAAP\/\/\/wAAAMDAwMDcwP\/78ICAgKCgpGBgQGBggKbK8KCggGCAgCBAQKDAwEBAAICAwGBAQKCgwEAgAEBggMCggGBAAAAgQODAgMDAgCBAgICgwIBgQCAgQECAgEBAQICAQAAAQKCAgGCAwKCAQEAgQEBAgICggIBggEBgQCBggMYCAAAAAGzqGADbBB4ZGs5SdTnOUnXgpRZ1MP\/\/f\/QKBwADAAIAAQAIAIh\/1wAQ6xgAmeAWdTD\/\/38DAAIAAQAIACH5BAEAAAAALAAAAAASAkQBAAb\/QIBwSCwaj8ikcslsOp\/QqHRKrVqv2Kx2y+16v+CweEwum8\/otHrNbrvf8Lh8Tq\/b7\/i8fs\/v+\/+AgYKDYgGGh4iJiouMjY6PkJGSk5SLhJeYmZplAQIDn6ChoqOkpaanqKmqq6ytoAIEBQWbtLW2t0oBBLh\/BgGzvMHCw326xHq+v8fLzM1pxs50ycrR1dbXU9DYbtPU29\/g29rhad0B5Ojpx+PqZObt8PGa7PJf7\/X4+Xv0WAQHCLIKIDiQgEiBA7IGJlBwYEFCBBAhCjRSwBADA0KA+QMoi0nAgWfu6RtJMg6\/LAMONUDiIMADIhAMRRBAU4ABCQEKChEQYIIQ\/wIxexKhcEgnEp6GdoVMVLKpUzUns1QIYCHJhXNEUuY0shUAAaFEMARYUARngAxKpoJdiuip27dhomKJWRXJ1SJajQ6hoEHIhq4wfRJxwMFQkq84BbM9BLexYyxyr9C1inVI3iNKcfYtIkCxEAkRDHmG2SFxOaaPU6t2EtnKZLuVhVxOEtQIgdESGvyNPeQrANNoRK4eTnxI6yqvj9zNakivAaVCiBra3Lushq9jjWxg8HutGeHFw6c+TiW5keWWmxPxYCQo1QFJJPStXWQr8MWGxet\/TH6K+SLoyTZdTRUd8QEi7B0hHwBaUQcABSB85l0Z4B0hADD7ZdhOf1L8R\/9EgAwaAhBAHvDWm1nTGbFgd7EFsFJ3o7mDmm0GFOaNhjiGw2EUHg4B4mxCQKCEdCJaJ8RVLh5Z2X3fzSiEASU6ac0A0OWo4Y5Q9HhkhMwBBkAIVR6xm5crdldXmUxSyFQBUTLCwZtwxinnnHTWaeedeOapZ5wBcGBljlg+8VddR1BAqIBeGhFCoaIRUaZ0Cfg2RJoytgXAhTYqYkBAnHbq6aeghirqqKSW6mkACf6ZYaBOhJDfESGg1aVe7dEqIXeTOmhIBhCQNemElTLGWQGZskqLBwioemWYXCAVn4MhJlrEBiIcMYJ3ZX4p7K8xjlEhEZia6AwHySq7n7FN4OT\/K14mAimmuFPplS12uAHrrZTwkGvuucxygV0ERRDFrFhJJrFblURVS0R2RPwVpiF+BodvO\/ruKx66ThwgIgIlpjpECBof4gFGRxxgE04QGfKiVyGjWq5XhA7Qcp8vB\/uqPBVbXBzGTxBAE3xXVElTv3x8q07OOg\/H81tGp4N00qot7VbT6DwNNX9Ea0g1OVZf3ZjUT20dTtdevwW2U2KDQ3bZT53dVNrfrM12U26XBPc2cs9NUt0k3Y1N3nrrY0BNhBdu+OGIJ6744ow37vjjkCdekaX1AB54PpVkrvnmnHfuOSP5WH45Pp+XbvrpqFcSes2ju5X667DH\/vnqrTsm\/\/vtuOduCT6i116P7sAH\/zrtvhd\/RSfGc9F78swbR3LzVywPffIBPD89FdJf73v12leRffejcw++FN+Pr7f45j9Rfvplo88+E+u\/D7X78icRf\/0W04+\/Effvr6z+\/htC\/wJoJQAScIAExJEBA4jABK7Keg4EQAMjeDEIOnCCFNyZBROIwQwqbYMHZJ0H2wdCBopwhFdboP86iEL+lHCFJ2yhzlS4PxbKEC40xJ8Nb+i6F9Ywhjz8nw91CMQg\/imH9duhEUuCRPkpcYkjaeL7nghFzA0xiUWs4gNHSEUtykOK7OuiF+EBxvSJcYzqKKP5zohGdKhxfGxso46u6MQsyv\/xg1y04x2jRscp6nGPLswjIPUDNO4RIGtYHKR4EFC9X5Qog3FUZDO0IjJI\/lGSTkkEhi54SUyWpE0BAFoEI+nJY3TDg6Qs5TCwgypUdlKV+jhEH834SljiI0qIfB\/QKpZLWwruZgT0BbEAEkpf2u4AGVSEMW03SzgiaJmN8ZgDJ2eITULzDcLLpjY310tysLKY1zQJlQ5JznKa85zoTKc618nOdrrznfCMpzknEstthROb3QyPMPURMmnekw18G0kyrAkPpBD0n1DJZ3GmcdA0BhShT3hoPrrR0KqJC6JokCg+\/GYNYmHUDRqtB0erMYCKfpQMIZXHSEl6UoAq1Ar\/UBLZSmKBhBCQAGIIgI8CEiCAA\/zjAP2igE8HcoAGyOwfA\/GAUpf6DzWslAsH8alUp0rVqlr1qljNKlWJqtWuevWrYLWqSUeoUaSsbAAtYRgRXMUAAQwBKV1xFTCJcK2XvNUQJSCAKGLi1ImhoWNLDaxgB0vYwhr2sIhNrGIXy1jG9qmKEr0WrorgqnpBSwglWhnBJlsESS3MXhLoK+XYgCwNeRSKD5VOEiogqyDZSwgB0FWjbGMiSgFgBLa612jXUNoMnXaJAf3XYQhFMCWEYF1fidJlPcstzIjWnryt5VN+a8SA7mYJqcJJxJBAgJf5xiy0Yq6EurWGp26ht\/uh\/24QAwqxJShFK+vibm\/OwcrO1hZY0sWCebWAXv2ot34IcCtrXvoErZBXUSlygqS0wqWf3Hc0FziwGPabhf6K57\/ymxy5BJwEvhEsvkrYTW65WxnpTFa83eHAAQL7Wt1CVw0WDg+GMQGLDSWCAwXg8MII7ATpgJg26lFwbHbjKxTjJK+f0KsEJBwGCmMhxsWZMSHgus0qlw4B0OEbkpg8hN2sjAniNQvAjDyh25TXr2eAMnGkPIjkGuDNcI6znOdM5zrb+c54zrOe8VysQ+BYxwDgG3Y4qwQFGMKuTUDxIQ75YCM0UwtOvoKah8PmQdyIHAgaXId5zJq5kjgAhFYCiv\/r2+g4RNoKk15NpQVxaXAotQDdDOi1AgCwJNSYRUt4HoovBbFS2+bLNrtomvPblFUHotVM5HSnhU2A7Wol1Hvx7kXl6usiQGDEYDh1FVKtGmMDAtl7U3YTtHKo+VJ2tgHbrleETR9H2WsADW7SbmFM7JJ4+w\/gjqK4x32IBQCtp+IikgmUIgAJqHvd2MYJV0BtBJ4oDD\/CNgO3U3NvP+Q7lvt2AjUPUVF\/KOLLQj3EAWrNFcvMjBEZl4K2qTDxx1S8GGMlXcp7plByDmPlU2i5Y17Oh4tjbuZTQ7PE600Snu8j5r8DetiEXgadN8boevC5zPeFcyk4HS5Qz4PUk07\/daaT4epvyToetv5FpaPN62MAu1vEfgeyxyOl8ah6FNQ+3YPPA+ll7\/q800B3p7DdDm4no8XkDoW+F9vumQh8O2yy58Y7\/vGQj7zkJy8ARu79r0Qfyd\/roHgbW\/nzoAedGwxvb8RjovOeD73qQf8G0hfd9JdAfepXT\/tstj7z+tg8HWQ\/+9r7Hne3Ny3sCcF7iv3++LcLvm+Hb2m8sw95w3G95pnPauen7423xH0+dD+H4k8P+\/WQfu6pf2zrmw\/88hD\/9sn\/bfOPD\/3xUD8+uC8H70MP\/vCQfz3obxL3gw\/\/7aB\/8sB\/cGB\/zQOA6iCA8UCA2OR\/3YOA6aCA8MCA\/yDlgNoDgeggfof0E+VkBRuYBh\/YBRTYBgbIPBhIDhq4GxNQACZwU8AWBXIlBQLgAQDjfjEIVeyHbxZ4PScYDuoHJCNAclOAHVHwTT8GZp5mBSMIUDv4fY+WD+qHFAVBAJEihFJAhFBAcIAmZBE3BUu4BiVIPU+YfVoghQBwAS8CMuxBAUpVEAzhAQSgGXsxFskwBApQAAYHHTMoAalyhyTAAdBBASrmT9FBh6+CAR7AAZcFBV8IFU14f2MYftqHFNfRFVioHtiRV\/khFtVyIFhxLeuGFTxxhgFQArdFX\/lBFACjcAETWwBwXQAgFuv2gk\/QiM\/wiAcYiek3iSJSEf86cYlbAYwFgRNTmB840QBYqHBfQRbEKIyv6BJlEYz5MY3lxog5aHG4aIK6GH+8uBUU8IvTKI1YoR7qoRU\/AQtREoqdhY6GgYV\/0VqhWBDmiB0QAQFclgS2mFHZKIbEEYUq4xUv4ozCiB3y+CoaQ4RYSAQH2Y758Y5EQJDRoo5YkI9nEIbG04Ou1o3AJpDhWBAyIZExESnh6CAhCYy7oDEPB1tJAowBWQUUaQYWWTwY+Q3+SGsLlwByVYzjuBWuUhXpGGi0BinakhPdBZQRIB27QBTDaCKu4ic\/OWs+c4Qad40w50EzuQ3iJwAnMFSAhhT+4AFkoQBKpQEz2BBCIFf\/PHEAfeEq7BETwGBoAVAubAkAbhkdKgZtADA5AqBitTY5UjmVtxCT27ON+ad9brAde\/CSnLCPF0mYAWiYbTCKeqCYKMWYMumYCQiZa8CGooQHlDkGglk7V4kNEtgOn1kIljmY\/aiZC0iVPZeaoomZEVhEAyBX5BIAKNCZbEAAJYKXKoltaHCacQGbrTOa1zBxhuAr6gIHbJUL0sJf1hiYxBk+spmBdlQkoUiLaNCcm9mFRSCcYBCaxVmdKHidcfkrhCJUyAUBAfaLKwYfBPBmK3EAKLATcHZIb\/YTPvU8zQlnK2ETCQBnXvFmn9BbJ+ABOsYmtSagbKITk2MALyKW\/1iGBOD5BeJJnavJBNhJl\/mhMQDgAFXxFR5ZjCJZENKBAINyK37RF8sYaHXRnKoFW\/EIACEzEFQxMkkBWz4RANVCL3DpFbsBoQAwFQ\/ynBXqBRd6OcZpDch5nn5hGClRLa7CU1ThFas4jlXhLFjoLHQpIQXxF2vJcN3RFwKwGepxIGiRjDb5F0s5o+rBpVfBHV8Rb0NwpF2QpIGzpNXQpC9TG5LFMbHFSmO2MYZxFSH6KtNBAGQBkX9hitypWsj0mwBwID6hpn2BMgigjB3Ja1jxF5XqaXbKBXh6PuTpg+b5MjhRFX8BYnCFjMBkqBJZpBawKBL5F9zBnUDZAC9zpv9CYalAqRfOyKUx8anSEqpbMKpzo6fRwKcOliQ9+ZChyB1BpiSH2iJrkaN\/kSy4OmufVRCUKpFyuJzztZMFwaWVFasG4ZpHZ5WlmpEayjAxUWQp8o1mFmg+oTF1kSxXESEJ+YxGcSAFQaTacmJn0a2T2qvG6IoxmizOaI6wUKVf0S3GqgXIejUCxj239hipVpuGYAGZOgFVQjCu+BXENARphSshg5MJ5hV0CgGzijy8aQiiVAFGcaJxWKWTowFakSBjUhBypQFbJiGi+At8SKHqegcXOwtUQkAVUREIUBiroYG20VlBY3aHoWBUi49HawfCFAAHALUEREmGQIhvUZr\/6jCxx4MIW2uCiDCdTMqaE7i2nIcIcKs3oKSb0VS3Zyu3dDAzW4g\/pxS1epsOaGsFVBZBrES2ZVu3saBUiQYlUjUyYjClZ1C4VlBJESRL0ae3\/boEOMEdMfoFtgUGlus91URBuLS5YdC5aSGmuwIG8RmcfEsHloe3\/lOHqusFb9avm\/K3Hyqmn\/sxQrgpDPJWOXYpXmFz45S84KK0vVEAslm6VMClFOSkgtsFX2EBQJEfX0EARNEtLSErKSKiB1AXB8AAcdgBrjWkYPsXERKD2EEWRPGKdWGP2DFz0ksFrZRM7UqTmhkT\/5mwIikuLcEByUAyVZoSfVGlAJAs17IS\/+YoqyDJo91REMjEE34Sr1mQv1OAYx4EhxkqquJ4lueAJEfQEoSGwQZgq0BZMOWYigmcH1NRLWklr8xovUo4u3QAa6khTz78w+vkVkA8xET8TnGgfxDZrxJgeScspnPoJ3p4CJW4FRFMFFURwTMcigUrBArAASWCezMGJY01xmRcxmZ8xmj8am2HfGycOlabc5qJifnhcKz7uyk8V6RGxTBcra71cGYhIRwKxqZXEWFVyIZ8yIicyIqsMYoLUm9cdI3cdJo5FfIbjug6BFMBjyq5GRhRLgonh1xqxUWKFTHRF5HKV9\/bHX8ZnUfAwbXAMW33yALltaOnmdihVCliFv9I4Rk+cwi6aWIJMhZfwaJjayPNiizNMWhDyh0OkAKxWE0hk3Iz5sq0AMuAJ8u\/RMukBbeapmMkE7sPCR3MEp8cdkg8PASDw7virBS7sAsKwGE08SS2KwXTrMP5YM2ch80TJXLbfAsRPAf1jCP4vHv6vFGIEKl8N7hr8M9yENAaMtDdV9AihXZeYLZrEAv7ucODbM\/4ANH1J9EqRdFdYNHo4NAZ4tEmAdJxJ9JcQNLkYNL7gdIFqNK2sWKEhQAGMM\/fmSm5CQiEh10K\/dIbLdCR7FJuwEozFZ9mUULn+jFOXDQsfV5BHQ4wrR8yjU9v4CFIAW0xYYUR2Qc\/rQQuTdX\/Q\/3QRQ2GNI0E+Gohr9swpYgE10KneBDWSTDW4FDVi3TWCZXVDKwd\/7gT02pfapUHdI0Edv0NeB0eV+3IfF2NzUoof5wEaQXVl5d2U33XZX3Sev0MaX0EWoJr0aoEs6adc1DYR3DY25DYxbHYJNjZ7dHXfr0VQZsEPrYHpm0EqI0Nqk0crG3UbvDZntgXtU0ZLSYHt10EuX0Nuz0cvY3WjZ0EsybcyakEs03YUc1fl43YmW1qsgCfthEmSaZXOg0Hzb3Xvw3b06Ie1a0c040M111h2Z3a233es0AAJzBXIzAa3isaOWkH5c3Zz40Eka3MtP3X1l3ZYpDcHTXfbECM\/w9pInj8jyZcB\/+dUa5tbeg9rpCdhE\/qnXBw3OsR37rN4GqQotOCMCvbrMTsirS72RYe4AgGGEKJBO3t3ggeBgpeDctdBvQytevREuWGHSsOnGtQ4RV54TCR4aFoiu7G5A3H4dLw3k8m4spN4miAJCmpHEAb2NixEqPrBkYOk0g+BGst2IgX2Mbh4aYm5ZJG5QtutG8gHYhm2CrJWbf8D+PdBmHOCWOuktrbGyFTUaXMHI4912yOam6u41Z+BkixLgUnGu2Mvh4XG12uB3uOUkjuDyiSCEXFBAOAEyiAr15t4y8mycIH59i0xYVYGQcQZzUu5Jbu4keeCdR2j1F+4\/9gkOPRsONlUFxziBW8meSVAet5cOmg2edleAijfuCl\/nWJvuuLjgZEMVkxugHxheUqHuuxTAshQ9pce+jb9uzOwOtmQADZer4FAB9lKWAlBREE0e4Q4btxYOyFgOz+EhPoC9bgznLi3gzk\/hj0Hhf2rrsrtuylve9wfOqtzNH1EPDhOfDXAOJDoOvjHu2r4fAWCvHWIPGY1e\/M8O+OgfFIqvHVwPEAQPH+bvGqIfJ3OngIb3Uevwwg3xgs3yzQO3k4n\/M6v\/M7f3LRpfAUwfDyUPMi3MZGnzo\/v3yortl50GdH\/\/Sbk\/TppfKpQfRd4PRQn\/WSIPX+RfUAL+tqgPX\/Wj\/2opfQQL\/TRM0HJbInbN\/2bQ8xbh\/3cj\/3b\/JY9Hb26Zr24yHvTYHyH+\/1IQ\/2X9S\/ewpURXz4PoxliL\/47\/S0Sx\/Tgv92hL+sZF\/57bXweh9ILaSsZUDNm2D12MD5c5OWteD5mgD61yD6bBMypS\/08YD61qD67ZOjm2D6mQD71SD7V8NKbiu7mc9MKDQNkW8Hto8JuB8Nug81M0ML+bgR\/xDPNSUugx0Ix+8MyZ80icD3f2CL18LOEoCXMiMux1uEclD9zXD9FiO2FTsGjegquJ0EsqgFMd\/Aw78hk385G2f3mfCFX5HlyPtWQDAADCkBAEE4HBKUTKZyKHgC\/xwTKEEA1W65Xa8W4fmOyWXzGZ0+Bwxq9xsel8\/p50M2MCBw6v13gc9vKyQgwWsgIALCgigAIyAgsCBgAUCBcgOyYWgAxSDAipDjgOnAIHNK8CtMtdVVle1Vdpa2di3LlhZwFsIIyqCgoE2CYagQoMiQANRYZEgicNF46VjCCiBEY6gCJFeJ1Ts8PFa83Pz8Fl1wV7Z3S8LXadKwSCnz2RlAohKb8REBwYEAD\/RdAwXQgy9v4NQ1rEPOYUSJtgLgmgiH3asRx6Ac6DZkg5Vj9YZcwvfs2ghGIYppsTYNHcOLM8tApHkTp5uKOdNkdLWshBaPQyAYpKcwxEcJ+V4CUP+JTCEAIU0DaFsiTiZPrTa1dvWqZOfXMT5dbTRkz1dVY0eVSCCojymCISEYLZML4IK2pu6GoMAqRmxOroEJzwxbeAtZV4TaHAnASF+AAggCeBAgQC2FQACYcY7m6wMkEpB7nUiwrDLHhYARXxzcGva5w7EBKP4Z4sABBEmOmMIWYcmJA5uGGBBgYMBl4wMiCAAOQMCBAk2GK5mcKldW2uheb\/dOa3Zs298naic\/rvF59a\/Cwx6\/Xp15+ODTz7c\/p33r9\/f\/8s\/V3b8Ax8gPsf0ErEW+A\/sAUMEGjbGINgMlqq+wBB2Ug8ELDySwMAkbQi02CzV8I8MR\/eOQMA8\/jKr\/QtZMpKPEF+1DMTAV1VkmRBdljCPGHdejUSwbyyHgAAgmUUIABDg4yysRfayJwidPhFC8zWbCEQC+KHBmGSa1clLKL3oM0zsgvxJyHOIQMSa5ZSDrCkwyuRhTztjM9ArNXLrkxIhljjOOypzirBMKOglF7M6u8rQFkbPWxJKwQQ\/lLMpJyUtUq0VrWcaqNTmzqravJD3UUEvFwpQnTWuBx5BLsujFAAI2APVLHU3VorFYpLj10kD1s3ImeAK4ZLosIeGnSVt5HWKSSQRicVnYUM1J1WVHJRM1SCqLtkxfCwSWWzOuJVNbSCoNN7BpcaqW13HDTEhb7NAlTN2b2L3V\/10pP9F2Xju97RBcmgiQN7B8n8z2gH6l\/TfFgFUhwAASPAjjrjPgyVFhY8zNGFGGa3S4FQkgy8TLMQb+gjecDH7yWYI53srjIEFWpYI3H+tj5ohW9hEzaF\/uql6a7j2jZrA+akMBXJIsdon0CDgBWXj0iAIBpnsz7pydfQyg4p+\/Cnqmoc0o2rEJUDPg4pCw8aUIyAYQgxCpBBJAiA3kiluqYjDLWtlwwfa6nL8nEruMCvLomRpHFXJg5EAUCqCYpPhsixG1QzVH61aQGIDzzj3\/HPTQRR+d9NEJsKz01FVfnfXR\/Y75zJz9qHkA5JTwNMvNSNqAj2UW0K1qbD6CoP8lqPDaNqa+GyqX+eadfx766KWfnvrqrb+e+pRvFVwiwskgGwrcRUbyGN6lglZyfTbDjImeuw4nc1gAR6MA5evkPiLvxwD\/doXuicIX5ttTFJzyEYEo4QJGSAIhSpYd+3HHZfPbwiceGCb8OUR\/X+AfNfp3lhFcw3yRYQIGKhE3JHDkgwDYQFtotZqbBCCCEvwFJCr4pAs2JINcwAIkIjAFInUGKg3QjD0CkS3I9Aw4hGiAAQKxEQEMEXM1DFwMZVgcbUlRRjdURw7lADEIbaB40EnZ1JrGGyZgjW8vpGIV90VDU2kRHVwUhOVaEz9BwLCKY2gjJN4IOzzJDh1DxKL\/ygbpDTzm0Qt79Bm5\/KgoQJ6DSO9DjB39cEhEckGRffyOHKVEyQWtUQ0K8AAHRtmF+pFyFNprwiKxcQBSjpIDpLTaFn54xUYKIpOWguM5OPkkTz4ElG4gxM26cMAvMPALG1GLJSBxDS1kAllQeSQumadJ7\/TSR7+EUTCF2cwuUOAjXoBEBlAGCSYhAojPUM0qWfmKXE5ql+bA5o60iR9uqgGdAciHFi4QTi4kkI+HMCcUhAWFXjhTC8MMxztJdctUTbNf9cTQPdOQQGE1sJ9fkAC89rkFdHpJmVYBaASP5Q2GEiqe5ZinjCTKI4qiIaP84qc\/tYCjgnbho1AYplXg\/0FTLTggoLY46f0cSi2IzstJApilHDwQqwG99AwJdExQh5DRLkCAnEVYZ\/gGqoReHAM15PSCMhvozmrqsqjrOiq65DOA+kEiYX14Fte8ZUlVSBUAj4gEFKxKS45AIoxcVQ1qIANQSUJBq9GcxVDllFJxrPRFMnErvMoFi+YhAEJ2FQReVejNqvp0Lm9SJk4hYZWeKSSxX9ArQhd71jEk6VwBcmw4IGsiVigSe7mdHh6gagbOAsBwy+yrFgbrWS2gcwLwaipiS+oFgCpWFoyNAiBkqqHZeqO2I2KIASjjvORcBrzhFe94yZvPcnGgABbRrB9+y5mBDlcJGKBpJnyW0\/8uAJS1WtDqW2px0sk2L7ayVeWvLgkA7UCMsjdsowcKMOD19qG92cILaOHBAW1ZuLQe7aoOAXvMDdMilwJIsG5JXGITm3iTaw2Xhf7rB\/QOuFC9LUN7z\/cYAbypf1yAB475tFWXUHULXzWpa49ggBFDosHkVfKSmdxkJz8Zyk5OcYFbCocH14HGUIEEj7OUXy2XzL7f\/DBxKTHkyurQAHNtZ4H9kF0NVZlEMiZDljtLzFWKMwBBEWxZCRoAsW6hCKCNLpETuVw2z8LNF4KzTuQ8BjpHhscb4DJaWBRmPBPnCkDuL6EPHUcVc2vRargyHUIjJhwjIrBQoC+OldlRLyT\/xGpF+LQcpNvpx87aWoX8T6NN2YtYHqCskMpELDlAodMR28IRUICvLYyCpXo0IRjmQFrpUGtbYxfX7dI1RXiNLmtf2xaJdlCo0zBqRH4b3LrINr62XQtz5xHd6ZaFuBtEbjS8m42clncu6K0ge6+h2+GK975b0e8D\/dsM+JbhwAm+jnWbCuE1CTi3GN7wPhhcQBEng8IlWHGL0wHjAdL4gOTt8Y\/LoVnBUPnKWd5yl78c5jGX+cxpXnOb15yUN3HrzXnec5\/\/HOhBf\/mIT54LJiIb6UlX+tKZ3nSnPx3qUZf61JF+2Ihg+MRZ1\/rWuU7ion+dP0fu+tjJXnYUgx3tOvARu9nZ3na3nzntcSfP2t9ed7trXe55\/w4sqd53v\/8d8IEXfLv1XnjDHx7xiVf84hnfeMc\/HvKLDwIAOw==\" alt=\"\" width=\"530\" height=\"324\" \/>ORGANOGRAMA DE LOCALIZA\u00c7\u00c3O DO NAPO NA UFSM<br \/>O organograma institucional abaixo mostra a localiza\u00e7\u00e3o do NAPO dentro da Universidade Federal de Santa Maria.<\/p>\n<div>\n<div>\n<p>UFSM &#8211; Universidade Federal de Santa Maria<br \/>CCNE &#8211; Centro de Ci\u00eancias Naturais e Exatas<br \/>DQ &#8211; Departamento de Qu\u00edmica<br \/>NAPO- N\u00facleo de An\u00e1lises e Pesquisas Org\u00e2nicas<\/p>\n<\/div>\n<p><strong>Confidencialidade<\/strong><\/p>\n<p>O NAPO compromete-se com a privacidade das informa\u00e7\u00f5es recebidas, geradas e emitidas aos clientes e usu\u00e1rios. A responsabilidade assumida pelo NAPO inicia na emiss\u00e3o da proposta para presta\u00e7\u00e3o de servi\u00e7os at\u00e9 a manuten\u00e7\u00e3o das informa\u00e7\u00f5es contidas nos laudos e relat\u00f3rios de clientes. A pol\u00edtica de confidencialidade do NAPO visa garantir sua total capacidade de manter em seguran\u00e7a todos os documentos e dados do laborat\u00f3rio. Para garantir a confidencialidade, o acesso as depend\u00eancias do laborat\u00f3rio \u00e9 restrito a equipe profissional e a pessoas autorizadas pelo Coordenador do Laborat\u00f3rio.<\/p>\n<p>Os documentos e registros impressos, da qualidade, permanecem sob guarda do Gerente da Qualidade e s\u00e3o arquivados com seguran\u00e7a em local reservado e monitorado. \u00a0\u00a0 \u00a0Os documentos digitais s\u00e3o armazenados em sistema informatizado com controles contra acessos indevidos, perdas e danos.<\/p>\n<p>Como medida para manuten\u00e7\u00e3o desta pol\u00edtica cada profissional da equipe ou prestador de servi\u00e7os que tem acesso \u00e0s depend\u00eancias do laborat\u00f3rio, informa\u00e7\u00f5es e dados, dever\u00e1 concordar e assinar um Termo de Compromisso de Confidencialidade.<\/p>\n<p><strong>Imparcialidade<\/strong><\/p>\n<p>Com a preocupa\u00e7\u00e3o de manter a imparcialidade e seguran\u00e7a seus dos resultados do laborat\u00f3rio o NAPO estabelece os seguintes crit\u00e9rios:<\/p>\n<p>Solicita\u00e7\u00e3o de Clientes:\u00a0O NAPO n\u00e3o faz discrimina\u00e7\u00e3o de solicita\u00e7\u00f5es de seus clientes, por volume ou tipo de ensaio, sempre analisando criticamente a viabilidade da realiza\u00e7\u00e3o do servi\u00e7o.<\/p>\n<p>Contrata\u00e7\u00e3o de Pessoas:\u00a0Os profissionais s\u00e3o selecionados para trabalhos no NAPO, atrav\u00e9s da demonstra\u00e7\u00e3o de qualifica\u00e7\u00e3o pela: forma\u00e7\u00e3o, experi\u00eancia e habilidades. Todos dever\u00e3o receber treinamento espec\u00edfico pelo laborat\u00f3rio pela equipe do NAPO ou contratada por ele.<\/p>\n<p>Contrata\u00e7\u00e3o de Servi\u00e7os e Suprimentos:\u00a0Os requisitos de imparcialidade e confidencialidade s\u00e3o estendidos a todos os fornecedores de servi\u00e7os e materiais envolvidos nas etapas do processo de ensaio.<\/p>\n<p><br \/>M\u00e9todo de Ensaio e Valida\u00e7\u00e3o dos M\u00e9todos<\/p>\n<p>O NAPO mant\u00e9m procedimentos documentados da execu\u00e7\u00e3o dos m\u00e9todos de ensaio. Valida\u00e7\u00e3o dos m\u00e9todos e sele\u00e7\u00e3o do mais adequado para atender \u00e0s necessidades dos clientes. O Laborat\u00f3rio mant\u00e9m tamb\u00e9m procedimento para estimar a incerteza da medi\u00e7\u00e3o dos resultados dos ensaios.<\/p>\n<p><br \/><strong>Equipamentos<\/strong><\/p>\n<p>O NAPO mant\u00e9m uma sistem\u00e1tica para controlar, verificar e manter equipamentos utilizados na realiza\u00e7\u00e3o dos ensaios, em conformidade com requisitos especificados nos manuais e orienta\u00e7\u00f5es do fornecedor e confian\u00e7a dos resultados. Os equipamentos utilizados nos ensaios s\u00e3o conferidos e avaliados antes da sua libera\u00e7\u00e3o para uso, para prover que s\u00e3o capazes atender aos requisitos da qualidade estabelecida no Laborat\u00f3rio. Os respons\u00e1veis pela defini\u00e7\u00e3o destas verifica\u00e7\u00f5es e os crit\u00e9rios de realiza\u00e7\u00e3o est\u00e3o documentados em procedimento espec\u00edfico. Os equipamentos s\u00e3o utilizados de tal forma que asseguram que a incerteza das medi\u00e7\u00f5es sejam conhecidas e consistentes com a capacidade de medi\u00e7\u00e3o requerida. O NAPO estabelece procedimento para efetuar com seguran\u00e7a o manuseio, transporte, armazenamento, uso, manuten\u00e7\u00e3o e calibra\u00e7\u00e3o dos equipamentos.<\/p>\n<p><br \/><strong>Rastreabilidade da Medi\u00e7\u00e3o<\/strong><\/p>\n<p>Todo equipamento utilizados na realiza\u00e7\u00e3o dos ensaios que tem efeito significativo sobre a exatid\u00e3o ou a validade do resultado do ensaio, \u00e9 calibrado antes de entrar em servi\u00e7o. O NAPO estabeleceu um programa e procedimento para a calibra\u00e7\u00e3o dos seus equipamentos. Os padr\u00f5es e materiais de refer\u00eancia utilizados s\u00e3o rastre\u00e1veis \u00e0s unidades de medida SI, ou a materiais de refer\u00eancia certificados. As verifica\u00e7\u00f5es necess\u00e1rias \u00e0 manuten\u00e7\u00e3o da confian\u00e7a no status da calibra\u00e7\u00e3o dos padr\u00f5es de refer\u00eancia, prim\u00e1rio, de transfer\u00eancia e de trabalho, bem como dos materiais, devem ser realizadas de acordo com procedimentos e cronogramas definidos. O NAPO possui procedimentos para efetuar em seguran\u00e7a o manuseio, transporte, armazenamento e uso dos padr\u00f5es de refer\u00eancia e dos materiais de refer\u00eancia, de forma a prevenir contamina\u00e7\u00e3o ou deteriora\u00e7\u00e3o e proteger sua integridade.<\/p>\n<p><br \/><strong>Manuseio de Itens de Ensaio e Calibra\u00e7\u00e3o<\/strong><br \/>O NAPO possui procedimentos para o transporte, recebimento, manuseio, prote\u00e7\u00e3o, armazenamento, reten\u00e7\u00e3o e\/ou remo\u00e7\u00e3o dos itens de ensaio, incluindo todas as provid\u00eancias necess\u00e1rias para a prote\u00e7\u00e3o da integridade do item de ensaio para prote\u00e7\u00e3o dos interesses do NAPO e do cliente. O sistema de identifica\u00e7\u00e3o mantido durante a perman\u00eancia do item no NAPO \u00e9 protegido e operado de forma que assegure que os itens n\u00e3o sejam confundidos fisicamente nem quando citados em registros ou outros documentos. S\u00e3o estabelecidos procedimentos e instala\u00e7\u00f5es adequadas para evitar deteriora\u00e7\u00e3o, perda ou dano no item de ensaio, durante o armazenamento, manuseio e prepara\u00e7\u00e3o. Os itens s\u00e3o armazenados sob condi\u00e7\u00f5es ambientais especificadas, estas condi\u00e7\u00f5es s\u00e3o monitoradas e registradas, s\u00e3o mantidos em seguran\u00e7a.<\/p>\n<p><br \/><strong>Garantia da Qualidade de Resultados de Ensaio e Calibra\u00e7\u00e3o<\/strong><br \/>O NAPO possui procedimentos de controle da qualidade para monitorar a validade dos ensaios realizados. Os dados resultantes s\u00e3o registrados de forma que as tend\u00eancias sejam detect\u00e1veis s\u00e3o aplicadas t\u00e9cnicas estat\u00edsticas para an\u00e1lise cr\u00edtica dos resultados. Esta monitora\u00e7\u00e3o \u00e9 planejada e analisada criticamente e inclui o seguinte:<\/p>\n<p>a) uso regular de materiais de refer\u00eancia certificados;<br \/>b) ensaios replicados;<br \/>c) reensaio de itens retidos.<\/p>\n<p><br \/><strong>Apresenta\u00e7\u00e3o dos Resultados<\/strong><\/p>\n<p><br \/>Os resultados dos ensaios realizados pelo NAPO s\u00e3o relatados com exatid\u00e3o, clareza, objetividade, e de acordo as instru\u00e7\u00f5es espec\u00edficas dos m\u00e9todos de ensaio. Os resultados s\u00e3o descritos, num relat\u00f3rio de ensaio e inclui todas as informa\u00e7\u00f5es solicitadas pelo cliente e necess\u00e1rias \u00e0 interpreta\u00e7\u00e3o dos resultados do ensaio. No caso de transmiss\u00e3o de resultados de ensaio por telefone, telex, fax ou outros meios eletr\u00f4nicos atende-se aos requisitos de seguran\u00e7a.<\/p>\n<\/div>\n<!-- \/wp:tadv\/classic-paragraph -->\t\t\t\t\t\t<\/div>\n\t\t\t\t<\/div>\n\t\t\t\t\t<\/div>\n\t\t<\/div>\n\t\t\t\t\t<\/div>\n\t\t<\/section>\n\t\t\t\t<\/div>\n\t\t","protected":false},"excerpt":{"rendered":"<p>Objetivos do NAPO: O NAPO, tem por objetivos o monitoramento de res\u00edduos qu\u00edmicos em matrizes diversas, contribuindo com a qualidade de produtos de origem animal, vegetal e mineral, nos alimentos e no meio ambiente, visando melhorias na sa\u00fade, atrav\u00e9s do desenvolvimento de novas tecnologias e m\u00e9todos de ensaios, estimulando a pesquisa cient\u00edfica e o ensino [&hellip;]<\/p>\n","protected":false},"author":867,"featured_media":0,"parent":0,"menu_order":0,"comment_status":"closed","ping_status":"closed","template":"","meta":{"footnotes":""},"categories":[],"tags":[],"class_list":["post-60","page","type-page","status-publish","hentry"],"acf":[],"_links":{"self":[{"href":"https:\/\/www.ufsm.br\/laboratorios\/napo\/wp-json\/wp\/v2\/pages\/60","targetHints":{"allow":["GET"]}}],"collection":[{"href":"https:\/\/www.ufsm.br\/laboratorios\/napo\/wp-json\/wp\/v2\/pages"}],"about":[{"href":"https:\/\/www.ufsm.br\/laboratorios\/napo\/wp-json\/wp\/v2\/types\/page"}],"author":[{"embeddable":true,"href":"https:\/\/www.ufsm.br\/laboratorios\/napo\/wp-json\/wp\/v2\/users\/867"}],"replies":[{"embeddable":true,"href":"https:\/\/www.ufsm.br\/laboratorios\/napo\/wp-json\/wp\/v2\/comments?post=60"}],"version-history":[{"count":0,"href":"https:\/\/www.ufsm.br\/laboratorios\/napo\/wp-json\/wp\/v2\/pages\/60\/revisions"}],"wp:attachment":[{"href":"https:\/\/www.ufsm.br\/laboratorios\/napo\/wp-json\/wp\/v2\/media?parent=60"}],"wp:term":[{"taxonomy":"category","embeddable":true,"href":"https:\/\/www.ufsm.br\/laboratorios\/napo\/wp-json\/wp\/v2\/categories?post=60"},{"taxonomy":"post_tag","embeddable":true,"href":"https:\/\/www.ufsm.br\/laboratorios\/napo\/wp-json\/wp\/v2\/tags?post=60"}],"curies":[{"name":"wp","href":"https:\/\/api.w.org\/{rel}","templated":true}]}}