{"id":32,"date":"2019-05-24T15:38:39","date_gmt":"2019-05-24T18:38:39","guid":{"rendered":"https:\/\/www.ufsm.br\/template-laboratprio\/?page_id=32"},"modified":"2022-08-22T11:58:05","modified_gmt":"2022-08-22T14:58:05","slug":"projetos","status":"publish","type":"page","link":"https:\/\/www.ufsm.br\/laboratorios\/neuroimunologia\/projetos","title":{"rendered":"Projetos"},"content":{"rendered":"\n<div class=\"layout-cell layout-cell-3 text-align-right\">\n<div>\u00a0<\/div>\n<p><strong>FAPERGS<\/strong><\/p>\n<\/div>\n<div class=\"layout-cell layout-cell-3 text-align-right\">\n<ul>\n<li class=\"layout-cell-pad-5 text-align-right\"><b>2020 &#8211; Atual<\/b><\/li>\n<\/ul>\n<\/div>\n<div class=\"layout-cell layout-cell-9\">\n<div class=\"layout-cell-pad-5\">&#8220;Adequa\u00e7\u00e3o de Laborat\u00f3rio Multiusu\u00e1rio NB-3 para an\u00e1lise da Patog\u00eanese e Efic\u00e1cia de F\u00e1rmacos na Infec\u00e7\u00e3o de C\u00e9lulas Humanas com o novo coronav\u00edrus SARS-CoV-2.&#8221;<\/div>\n<\/div>\n<div class=\"layout-cell layout-cell-3 text-align-right\">\n<ul>\n<li class=\"layout-cell-pad-5 text-align-right\"><strong><span style=\"color: #000000\">2020 &#8211; Atual<\/span><\/strong><\/li>\n<\/ul>\n<\/div>\n<div class=\"layout-cell layout-cell-9\">\n<div class=\"layout-cell-pad-5\">&#8220;Estudo dos Efeitos da Azitromicina, Anticorpo anti-CD147, Indometacina e Nimesulida na Infe\u00e7\u00e3o de C\u00e9lulas Pulmonares Humanas com SARS-CoV2.&#8221;<\/div>\n<div>\n<div class=\"layout-cell layout-cell-3 text-align-right\">\n<ul>\n<li class=\"layout-cell-pad-5 text-align-right\">\n<p><strong><span style=\"color: #000000\">2022 &#8211; Atual<\/span><\/strong><\/p>\n<\/li>\n<\/ul>\n<\/div>\n<div class=\"layout-cell layout-cell-9\">\n<div class=\"layout-cell-pad-5\">&#8220;An\u00e1lise dos efeitos e mecanismos citot\u00f3xicos, inflamat\u00f3rios e humorais do SARS-CoV-2 em c\u00e9lulas neurais indiferenciadas e diferenciadas: uma poss\u00edvel a\u00e7\u00e3o de drogas frente \u00e0 infec\u00e7\u00e3o.&#8221;<\/div>\n<\/div>\n<\/div>\n<\/div>\n<div class=\"layout-cell layout-cell-3 text-align-right\">\n<div class=\"layout-cell-pad-5 text-align-right\">\u00a0<\/div>\n<\/div>\n<div class=\"layout-cell layout-cell-9\">\n<div class=\"layout-cell-pad-5\"><br class=\"clear\" \/><br \/><\/div>\n<\/div>\n","protected":false},"excerpt":{"rendered":"<p>\u00a0 FAPERGS 2020 &#8211; Atual &#8220;Adequa\u00e7\u00e3o de Laborat\u00f3rio Multiusu\u00e1rio NB-3 para an\u00e1lise da Patog\u00eanese e Efic\u00e1cia de F\u00e1rmacos na Infec\u00e7\u00e3o de C\u00e9lulas Humanas com o novo coronav\u00edrus SARS-CoV-2.&#8221; 2020 &#8211; Atual &#8220;Estudo dos Efeitos da Azitromicina, Anticorpo anti-CD147, Indometacina e Nimesulida na Infe\u00e7\u00e3o de C\u00e9lulas Pulmonares Humanas com SARS-CoV2.&#8221; 2022 &#8211; Atual &#8220;An\u00e1lise dos efeitos [&hellip;]<\/p>\n","protected":false},"author":25,"featured_media":0,"parent":0,"menu_order":0,"comment_status":"closed","ping_status":"closed","template":"","meta":{"footnotes":""},"categories":[],"tags":[],"class_list":["post-32","page","type-page","status-publish","hentry"],"acf":[],"_links":{"self":[{"href":"https:\/\/www.ufsm.br\/laboratorios\/neuroimunologia\/wp-json\/wp\/v2\/pages\/32","targetHints":{"allow":["GET"]}}],"collection":[{"href":"https:\/\/www.ufsm.br\/laboratorios\/neuroimunologia\/wp-json\/wp\/v2\/pages"}],"about":[{"href":"https:\/\/www.ufsm.br\/laboratorios\/neuroimunologia\/wp-json\/wp\/v2\/types\/page"}],"author":[{"embeddable":true,"href":"https:\/\/www.ufsm.br\/laboratorios\/neuroimunologia\/wp-json\/wp\/v2\/users\/25"}],"replies":[{"embeddable":true,"href":"https:\/\/www.ufsm.br\/laboratorios\/neuroimunologia\/wp-json\/wp\/v2\/comments?post=32"}],"version-history":[{"count":0,"href":"https:\/\/www.ufsm.br\/laboratorios\/neuroimunologia\/wp-json\/wp\/v2\/pages\/32\/revisions"}],"wp:attachment":[{"href":"https:\/\/www.ufsm.br\/laboratorios\/neuroimunologia\/wp-json\/wp\/v2\/media?parent=32"}],"wp:term":[{"taxonomy":"category","embeddable":true,"href":"https:\/\/www.ufsm.br\/laboratorios\/neuroimunologia\/wp-json\/wp\/v2\/categories?post=32"},{"taxonomy":"post_tag","embeddable":true,"href":"https:\/\/www.ufsm.br\/laboratorios\/neuroimunologia\/wp-json\/wp\/v2\/tags?post=32"}],"curies":[{"name":"wp","href":"https:\/\/api.w.org\/{rel}","templated":true}]}}