{"id":32,"date":"2019-05-24T15:38:39","date_gmt":"2019-05-24T18:38:39","guid":{"rendered":"https:\/\/www.ufsm.br\/template-laboratprio\/?page_id=32"},"modified":"2023-12-20T14:26:15","modified_gmt":"2023-12-20T17:26:15","slug":"projetos","status":"publish","type":"page","link":"https:\/\/www.ufsm.br\/laboratorios\/nova\/projetos","title":{"rendered":"Projetos"},"content":{"rendered":"\t\t<div data-elementor-type=\"wp-page\" data-elementor-id=\"32\" class=\"elementor elementor-32\">\n\t\t\t\t\t\t<section class=\"elementor-section elementor-top-section elementor-element elementor-element-3c30cab elementor-section-boxed elementor-section-height-default elementor-section-height-default\" data-id=\"3c30cab\" data-element_type=\"section\">\n\t\t\t\t\t\t<div class=\"elementor-container elementor-column-gap-default\">\n\t\t\t\t\t<div class=\"elementor-column elementor-col-100 elementor-top-column elementor-element elementor-element-025ccb4\" data-id=\"025ccb4\" data-element_type=\"column\">\n\t\t\t<div class=\"elementor-widget-wrap elementor-element-populated\">\n\t\t\t\t\t\t<div class=\"elementor-element elementor-element-4c558e2 elementor-widget elementor-widget-wp-widget-ufsm_noticias_widget\" data-id=\"4c558e2\" data-element_type=\"widget\" data-widget_type=\"wp-widget-ufsm_noticias_widget.default\">\n\t\t\t\t<div class=\"elementor-widget-container\">\n\t\t\t<div class='widget-noticias-inside'>\n                        <div class=\"row\">\n                                    <div class=\"col-12 col-lg-4 pb-4\">\n                                            <div class=\"noticias-widget-wrap\" style=\"height: 180px; overflow: hidden;\">\n                            <a title=\"\" href=\"https:\/\/www.ufsm.br\/laboratorios\/nova\/2024\/06\/21\/desenvolvimento-experimental-de-porcelana-de-ossos-bone-china\">\n                                <span class=\"visually-hidden\">\n                                    Desenvolvimento Experimental de Porcelana de Ossos (Bone China)                                <\/span>\n                                <div class=\"noticias-widget-thumbs h-100\">\n                                    <img decoding=\"async\" class=\"object-fit-cover h-100 w-100\" alt=\"\" srcset=\"https:\/\/www.ufsm.br\/app\/uploads\/sites\/921\/2024\/06\/Bone-China-300x159.jpg 300w, https:\/\/www.ufsm.br\/app\/uploads\/sites\/921\/2024\/06\/Bone-China-1024x544.jpg 1024w, https:\/\/www.ufsm.br\/app\/uploads\/sites\/921\/2024\/06\/Bone-China-768x408.jpg 768w, https:\/\/www.ufsm.br\/app\/uploads\/sites\/921\/2024\/06\/Bone-China.jpg 1401w\" src=\"https:\/\/www.ufsm.br\/app\/uploads\/sites\/921\/2024\/06\/Bone-China-1024x544.jpg\"><\/img>\n                                <\/div>\n                            <\/a>\n                        <\/div>\n                                        \n                                        \n                    \n                    <a class=\"noticias-widget-title d-block  m-0 \"  title=\"Desenvolvimento Experimental de Porcelana de Ossos (Bone China)\" href=\"https:\/\/www.ufsm.br\/laboratorios\/nova\/2024\/06\/21\/desenvolvimento-experimental-de-porcelana-de-ossos-bone-china\">\n                                                Desenvolvimento Experimental de Porcelana de Ossos (Bone China)                    <\/a>\n                    \n                    \n                                        \n                                        \n                                            \n                                                    <div title=\"Publicado em 21\/06\/2024 \" class=\"data-publicacao-widget\">\n                                <i  class=\"far fa-clock\"><\/i>\n                                21\/06\/2024                             <\/div>\n                                                                <\/div>\n                                    <div class=\"col-12 col-lg-4 pb-4\">\n                                            <div class=\"noticias-widget-wrap\" style=\"height: 180px; overflow: hidden;\">\n                            <a title=\"\" href=\"https:\/\/www.ufsm.br\/laboratorios\/nova\/2024\/02\/16\/nova-lab-visita-a-parsons-school-of-design\">\n                                <span class=\"visually-hidden\">\n                                    NOVA Lab visita a Parsons School of Design                                <\/span>\n                                <div class=\"noticias-widget-thumbs h-100\">\n                                    <img decoding=\"async\" class=\"object-fit-cover h-100 w-100\" alt=\"\" srcset=\"https:\/\/www.ufsm.br\/app\/uploads\/sites\/921\/2024\/04\/Banner-300x187.jpg 300w, https:\/\/www.ufsm.br\/app\/uploads\/sites\/921\/2024\/04\/Banner-1024x639.jpg 1024w, https:\/\/www.ufsm.br\/app\/uploads\/sites\/921\/2024\/04\/Banner-768x480.jpg 768w, https:\/\/www.ufsm.br\/app\/uploads\/sites\/921\/2024\/04\/Banner-1536x959.jpg 1536w, https:\/\/www.ufsm.br\/app\/uploads\/sites\/921\/2024\/04\/Banner.jpg 1920w\" src=\"https:\/\/www.ufsm.br\/app\/uploads\/sites\/921\/2024\/04\/Banner-1024x639.jpg\"><\/img>\n                                <\/div>\n                            <\/a>\n                        <\/div>\n                                        \n                                        \n                    \n                    <a class=\"noticias-widget-title d-block  m-0 \"  title=\"NOVA Lab visita a Parsons School of Design\" href=\"https:\/\/www.ufsm.br\/laboratorios\/nova\/2024\/02\/16\/nova-lab-visita-a-parsons-school-of-design\">\n                                                NOVA Lab visita a Parsons School of Design                    <\/a>\n                    \n                    \n                                        \n                                        \n                                            \n                                                    <div title=\"Publicado em 16\/02\/2024 \" class=\"data-publicacao-widget\">\n                                <i  class=\"far fa-clock\"><\/i>\n                                16\/02\/2024                             <\/div>\n                                                                <\/div>\n                                    <div class=\"col-12 col-lg-4 pb-4\">\n                                            <div class=\"noticias-widget-wrap\" style=\"height: 180px; overflow: hidden;\">\n                            <a title=\"\" href=\"https:\/\/www.ufsm.br\/laboratorios\/nova\/2024\/01\/15\/projeto-de-um-veiculo-monoposto-para-a-competicao-formula-sae\">\n                                <span class=\"visually-hidden\">\n                                    Projeto de um ve\u00edculo monoposto para a competi\u00e7\u00e3o F\u00f3rmula SAE                                <\/span>\n                                <div class=\"noticias-widget-thumbs h-100\">\n                                    <img decoding=\"async\" class=\"object-fit-cover h-100 w-100\" alt=\"\" srcset=\"https:\/\/www.ufsm.br\/app\/uploads\/sites\/921\/2024\/01\/image1-edited-300x187.jpeg 300w, https:\/\/www.ufsm.br\/app\/uploads\/sites\/921\/2024\/01\/image1-edited.jpeg 621w\" src=\"https:\/\/www.ufsm.br\/app\/uploads\/sites\/921\/2024\/01\/image1-edited.jpeg\"><\/img>\n                                <\/div>\n                            <\/a>\n                        <\/div>\n                                        \n                                        \n                    \n                    <a class=\"noticias-widget-title d-block  m-0 \"  title=\"Projeto de um ve\u00edculo monoposto para a competi\u00e7\u00e3o F\u00f3rmula SAE\" href=\"https:\/\/www.ufsm.br\/laboratorios\/nova\/2024\/01\/15\/projeto-de-um-veiculo-monoposto-para-a-competicao-formula-sae\">\n                                                Projeto de um ve\u00edculo monoposto para a competi\u00e7\u00e3o F\u00f3rmula SAE                    <\/a>\n                    \n                    \n                                        \n                                        \n                                            \n                                                    <div title=\"Publicado em 15\/01\/2024 \" class=\"data-publicacao-widget\">\n                                <i  class=\"far fa-clock\"><\/i>\n                                15\/01\/2024                             <\/div>\n                                                                <\/div>\n                            <\/div>\n                    <div class=\"row\">\n                                    <div class=\"col-12 col-lg-4 pb-4\">\n                                            <div class=\"noticias-widget-wrap\" style=\"height: 180px; overflow: hidden;\">\n                            <a title=\"\" href=\"https:\/\/www.ufsm.br\/laboratorios\/nova\/2023\/12\/20\/utilizacao-de-tecnologias-3d-para-a-caracterizacao-da-cortica-e-suas-aplicacoes-no-design-de-produtos\">\n                                <span class=\"visually-hidden\">\n                                    Utiliza\u00e7\u00e3o de tecnologias 3D para a Caracteriza\u00e7\u00e3o da Corti\u00e7a e suas aplica\u00e7\u00f5es no Design de Produtos                                <\/span>\n                                <div class=\"noticias-widget-thumbs h-100\">\n                                    <img decoding=\"async\" class=\"object-fit-cover h-100 w-100\" alt=\"\" srcset=\"https:\/\/www.ufsm.br\/app\/uploads\/sites\/921\/2023\/12\/Capa-2-300x172.jpg 300w, https:\/\/www.ufsm.br\/app\/uploads\/sites\/921\/2023\/12\/Capa-2-1024x586.jpg 1024w, https:\/\/www.ufsm.br\/app\/uploads\/sites\/921\/2023\/12\/Capa-2-768x439.jpg 768w, https:\/\/www.ufsm.br\/app\/uploads\/sites\/921\/2023\/12\/Capa-2-1536x878.jpg 1536w, https:\/\/www.ufsm.br\/app\/uploads\/sites\/921\/2023\/12\/Capa-2.jpg 1920w\" src=\"https:\/\/www.ufsm.br\/app\/uploads\/sites\/921\/2023\/12\/Capa-2-1024x586.jpg\"><\/img>\n                                <\/div>\n                            <\/a>\n                        <\/div>\n                                        \n                                        \n                    \n                    <a class=\"noticias-widget-title d-block  m-0 \"  title=\"Utiliza\u00e7\u00e3o de tecnologias 3D para a Caracteriza\u00e7\u00e3o da Corti\u00e7a e suas aplica\u00e7\u00f5es no Design de Produtos\" href=\"https:\/\/www.ufsm.br\/laboratorios\/nova\/2023\/12\/20\/utilizacao-de-tecnologias-3d-para-a-caracterizacao-da-cortica-e-suas-aplicacoes-no-design-de-produtos\">\n                                                Utiliza\u00e7\u00e3o de tecnologias 3D para a Caracteriza\u00e7\u00e3o da Corti\u00e7a e suas aplica\u00e7\u00f5es no Design de Produtos                    <\/a>\n                    \n                    \n                                        \n                                        \n                                            \n                                                    <div title=\"Publicado em 20\/12\/2023 \" class=\"data-publicacao-widget\">\n                                <i  class=\"far fa-clock\"><\/i>\n                                20\/12\/2023                             <\/div>\n                                                                <\/div>\n                                    <div class=\"col-12 col-lg-4 pb-4\">\n                                            <div class=\"noticias-widget-wrap\" style=\"height: 180px; overflow: hidden;\">\n                            <a title=\"\" href=\"https:\/\/www.ufsm.br\/laboratorios\/nova\/2023\/12\/20\/joalheria-e-sustentabilidade-reciclagem-dos-residuos-de-cera-do-processo-de-usinagem\">\n                                <span class=\"visually-hidden\">\n                                    Joalheria e Sustentabilidade: Reciclagem dos res\u00edduos de cera do processo de usinagem                                <\/span>\n                                <div class=\"noticias-widget-thumbs h-100\">\n                                    <img decoding=\"async\" class=\"object-fit-cover h-100 w-100\" alt=\"\" srcset=\"https:\/\/www.ufsm.br\/app\/uploads\/sites\/921\/2023\/12\/Capa-1-300x171.jpg 300w, https:\/\/www.ufsm.br\/app\/uploads\/sites\/921\/2023\/12\/Capa-1-1024x585.jpg 1024w, https:\/\/www.ufsm.br\/app\/uploads\/sites\/921\/2023\/12\/Capa-1-768x439.jpg 768w, https:\/\/www.ufsm.br\/app\/uploads\/sites\/921\/2023\/12\/Capa-1.jpg 1069w\" src=\"https:\/\/www.ufsm.br\/app\/uploads\/sites\/921\/2023\/12\/Capa-1-1024x585.jpg\"><\/img>\n                                <\/div>\n                            <\/a>\n                        <\/div>\n                                        \n                                        \n                    \n                    <a class=\"noticias-widget-title d-block  m-0 \"  title=\"Joalheria e Sustentabilidade: Reciclagem dos res\u00edduos de cera do processo de usinagem\" href=\"https:\/\/www.ufsm.br\/laboratorios\/nova\/2023\/12\/20\/joalheria-e-sustentabilidade-reciclagem-dos-residuos-de-cera-do-processo-de-usinagem\">\n                                                Joalheria e Sustentabilidade: Reciclagem dos res\u00edduos de cera do processo de usinagem                    <\/a>\n                    \n                    \n                                        \n                                        \n                                            \n                                                    <div title=\"Publicado em 20\/12\/2023 \" class=\"data-publicacao-widget\">\n                                <i  class=\"far fa-clock\"><\/i>\n                                20\/12\/2023                             <\/div>\n                                                                <\/div>\n                            <\/div>\n            <\/div>\n<div class=\"leia-mais p-1\">\n                <a href=\"https:\/\/www.ufsm.br\/laboratorios\/nova\/busca\/?q=&area=post&orderby=date&sites%5B%5D=921\">\n            LEIA MAIS            <span class=\"icon-box\">\n                <span class=\"bg-ufsm-widget-icon\">\n                    <i class=\"fas fa-chevron-right\" aria-hidden=\"true\"><\/i>\n                <\/span>\n            <\/span>\n        <\/a>\n    <\/div>\n\t\t<\/div>\n\t\t\t\t<\/div>\n\t\t\t\t\t<\/div>\n\t\t<\/div>\n\t\t\t\t\t<\/div>\n\t\t<\/section>\n\t\t\t\t<\/div>\n\t\t","protected":false},"excerpt":{"rendered":"","protected":false},"author":25,"featured_media":0,"parent":0,"menu_order":0,"comment_status":"closed","ping_status":"closed","template":"","meta":{"footnotes":""},"categories":[],"tags":[],"class_list":["post-32","page","type-page","status-publish","hentry"],"acf":[],"_links":{"self":[{"href":"https:\/\/www.ufsm.br\/laboratorios\/nova\/wp-json\/wp\/v2\/pages\/32","targetHints":{"allow":["GET"]}}],"collection":[{"href":"https:\/\/www.ufsm.br\/laboratorios\/nova\/wp-json\/wp\/v2\/pages"}],"about":[{"href":"https:\/\/www.ufsm.br\/laboratorios\/nova\/wp-json\/wp\/v2\/types\/page"}],"author":[{"embeddable":true,"href":"https:\/\/www.ufsm.br\/laboratorios\/nova\/wp-json\/wp\/v2\/users\/25"}],"replies":[{"embeddable":true,"href":"https:\/\/www.ufsm.br\/laboratorios\/nova\/wp-json\/wp\/v2\/comments?post=32"}],"version-history":[{"count":0,"href":"https:\/\/www.ufsm.br\/laboratorios\/nova\/wp-json\/wp\/v2\/pages\/32\/revisions"}],"wp:attachment":[{"href":"https:\/\/www.ufsm.br\/laboratorios\/nova\/wp-json\/wp\/v2\/media?parent=32"}],"wp:term":[{"taxonomy":"category","embeddable":true,"href":"https:\/\/www.ufsm.br\/laboratorios\/nova\/wp-json\/wp\/v2\/categories?post=32"},{"taxonomy":"post_tag","embeddable":true,"href":"https:\/\/www.ufsm.br\/laboratorios\/nova\/wp-json\/wp\/v2\/tags?post=32"}],"curies":[{"name":"wp","href":"https:\/\/api.w.org\/{rel}","templated":true}]}}