{"id":22,"date":"2019-05-14T17:01:42","date_gmt":"2019-05-14T20:01:42","guid":{"rendered":"https:\/\/www.ufsm.br\/template-laboratprio\/?page_id=22"},"modified":"2024-04-22T15:42:09","modified_gmt":"2024-04-22T18:42:09","slug":"sobre","status":"publish","type":"page","link":"https:\/\/www.ufsm.br\/laboratorios\/nva\/sobre","title":{"rendered":"Sobre"},"content":{"rendered":"\t\t<div data-elementor-type=\"wp-page\" data-elementor-id=\"22\" class=\"elementor elementor-22\">\n\t\t\t\t\t\t<section class=\"elementor-section elementor-top-section elementor-element elementor-element-2940afc elementor-section-boxed elementor-section-height-default elementor-section-height-default\" data-id=\"2940afc\" data-element_type=\"section\">\n\t\t\t\t\t\t<div class=\"elementor-container elementor-column-gap-default\">\n\t\t\t\t\t<div class=\"elementor-column elementor-col-100 elementor-top-column elementor-element elementor-element-05bf68f\" data-id=\"05bf68f\" data-element_type=\"column\">\n\t\t\t<div class=\"elementor-widget-wrap elementor-element-populated\">\n\t\t\t\t\t\t<div class=\"elementor-element elementor-element-7b5402b elementor-widget elementor-widget-text-editor\" data-id=\"7b5402b\" data-element_type=\"widget\" data-widget_type=\"text-editor.default\">\n\t\t\t\t<div class=\"elementor-widget-container\">\n\t\t\t\t\t\t\t<p><span style=\"font-family: 'times new roman', times, serif\">O N\u00facleo de Ve\u00edculos Aut\u00f4nomos (NVA) \u00e9 um laborat\u00f3rio multidisciplinar do Campus da Universidade Federal de Santa Maria em Cachoeira do Sul &#8211; RS, criado para investigar os impactos da tecnologia de ve\u00edculos aut\u00f4nomos no planejamento e na mobilidade urbana das cidades brasileiras.<\/span><\/p><p><span style=\"color: #000000;font-family: 'times new roman', times, serif\">O NVA desenvolve projetos baseados em Sistemas Inteligentes de Transportes, com foco no estudo sobre os impactos da inser\u00e7\u00e3o de ve\u00edculos aut\u00f4nomos no tr\u00e1fego atrav\u00e9s do desenvolvimento de ve\u00edculos rob\u00f3ticos aut\u00f4nomos em miniatura e de micro-simula\u00e7\u00e3o de tr\u00e1fego.<\/span><\/p>\t\t\t\t\t\t<\/div>\n\t\t\t\t<\/div>\n\t\t\t\t\t<\/div>\n\t\t<\/div>\n\t\t\t\t\t<\/div>\n\t\t<\/section>\n\t\t\t\t<\/div>\n\t\t","protected":false},"excerpt":{"rendered":"<p>O N\u00facleo de Ve\u00edculos Aut\u00f4nomos (NVA) \u00e9 um laborat\u00f3rio multidisciplinar do Campus da Universidade Federal de Santa Maria em Cachoeira do Sul &#8211; RS, criado para investigar os impactos da tecnologia de ve\u00edculos aut\u00f4nomos no planejamento e na mobilidade urbana das cidades brasileiras. O NVA desenvolve projetos baseados em Sistemas Inteligentes de Transportes, com foco [&hellip;]<\/p>\n","protected":false},"author":8,"featured_media":0,"parent":0,"menu_order":0,"comment_status":"closed","ping_status":"closed","template":"","meta":{"footnotes":""},"categories":[],"tags":[],"class_list":["post-22","page","type-page","status-publish","hentry"],"acf":[],"_links":{"self":[{"href":"https:\/\/www.ufsm.br\/laboratorios\/nva\/wp-json\/wp\/v2\/pages\/22","targetHints":{"allow":["GET"]}}],"collection":[{"href":"https:\/\/www.ufsm.br\/laboratorios\/nva\/wp-json\/wp\/v2\/pages"}],"about":[{"href":"https:\/\/www.ufsm.br\/laboratorios\/nva\/wp-json\/wp\/v2\/types\/page"}],"author":[{"embeddable":true,"href":"https:\/\/www.ufsm.br\/laboratorios\/nva\/wp-json\/wp\/v2\/users\/8"}],"replies":[{"embeddable":true,"href":"https:\/\/www.ufsm.br\/laboratorios\/nva\/wp-json\/wp\/v2\/comments?post=22"}],"version-history":[{"count":0,"href":"https:\/\/www.ufsm.br\/laboratorios\/nva\/wp-json\/wp\/v2\/pages\/22\/revisions"}],"wp:attachment":[{"href":"https:\/\/www.ufsm.br\/laboratorios\/nva\/wp-json\/wp\/v2\/media?parent=22"}],"wp:term":[{"taxonomy":"category","embeddable":true,"href":"https:\/\/www.ufsm.br\/laboratorios\/nva\/wp-json\/wp\/v2\/categories?post=22"},{"taxonomy":"post_tag","embeddable":true,"href":"https:\/\/www.ufsm.br\/laboratorios\/nva\/wp-json\/wp\/v2\/tags?post=22"}],"curies":[{"name":"wp","href":"https:\/\/api.w.org\/{rel}","templated":true}]}}