{"id":32,"date":"2019-05-24T15:38:39","date_gmt":"2019-05-24T18:38:39","guid":{"rendered":"https:\/\/www.ufsm.br\/template-laboratprio\/?page_id=32"},"modified":"2023-11-21T17:09:50","modified_gmt":"2023-11-21T20:09:50","slug":"projetos","status":"publish","type":"page","link":"https:\/\/www.ufsm.br\/laboratorios\/nva\/projetos","title":{"rendered":"Projetos"},"content":{"rendered":"\t\t<div data-elementor-type=\"wp-page\" data-elementor-id=\"32\" class=\"elementor elementor-32\">\n\t\t\t\t\t\t<section class=\"elementor-section elementor-top-section elementor-element elementor-element-1324bfc elementor-section-boxed elementor-section-height-default elementor-section-height-default\" data-id=\"1324bfc\" data-element_type=\"section\">\n\t\t\t\t\t\t<div class=\"elementor-container elementor-column-gap-default\">\n\t\t\t\t\t<div class=\"elementor-column elementor-col-100 elementor-top-column elementor-element elementor-element-83ece88\" data-id=\"83ece88\" data-element_type=\"column\">\n\t\t\t<div class=\"elementor-widget-wrap elementor-element-populated\">\n\t\t\t\t\t\t<div class=\"elementor-element elementor-element-fe448f1 elementor-absolute elementor-widget elementor-widget-heading\" data-id=\"fe448f1\" data-element_type=\"widget\" data-settings=\"{&quot;_position&quot;:&quot;absolute&quot;}\" data-widget_type=\"heading.default\">\n\t\t\t\t<div class=\"elementor-widget-container\">\n\t\t\t<h2 class=\"elementor-heading-title elementor-size-large\">Pesquisa<\/h2>\t\t<\/div>\n\t\t\t\t<\/div>\n\t\t\t\t\t<\/div>\n\t\t<\/div>\n\t\t\t\t\t<\/div>\n\t\t<\/section>\n\t\t\t\t<section class=\"elementor-section elementor-top-section elementor-element elementor-element-b2a031b elementor-section-boxed elementor-section-height-default elementor-section-height-default\" data-id=\"b2a031b\" data-element_type=\"section\">\n\t\t\t\t\t\t<div class=\"elementor-container elementor-column-gap-default\">\n\t\t\t\t\t<div class=\"elementor-column elementor-col-100 elementor-top-column elementor-element elementor-element-4a769c5\" data-id=\"4a769c5\" data-element_type=\"column\">\n\t\t\t<div class=\"elementor-widget-wrap elementor-element-populated\">\n\t\t\t\t\t\t<div class=\"elementor-element elementor-element-55b99c7 elementor-widget elementor-widget-toggle\" data-id=\"55b99c7\" data-element_type=\"widget\" data-widget_type=\"toggle.default\">\n\t\t\t\t<div class=\"elementor-widget-container\">\n\t\t\t\t\t<div class=\"elementor-toggle\">\n\t\t\t\t\t\t\t<div class=\"elementor-toggle-item\">\n\t\t\t\t\t<div id=\"elementor-tab-title-8981\" class=\"elementor-tab-title\" data-tab=\"1\" role=\"button\" aria-controls=\"elementor-tab-content-8981\" aria-expanded=\"false\">\n\t\t\t\t\t\t\t\t\t\t\t\t<a class=\"elementor-toggle-title\" tabindex=\"0\">Planejamento de transportes e mobilidade urbana atrav\u00e9s de simula\u00e7\u00e3o.<\/a>\n\t\t\t\t\t<\/div>\n\n\t\t\t\t\t<div id=\"elementor-tab-content-8981\" class=\"elementor-tab-content elementor-clearfix\" data-tab=\"1\" role=\"region\" aria-labelledby=\"elementor-tab-title-8981\"><p>A procura por alternativas de solu\u00e7\u00e3o para problemas de tr\u00e1fego e mobilidade urbana, como acidentes ou a baixa fluidez no tr\u00e1fego urbano das grandes cidades vem se tornando cada vez mais uma preocupa\u00e7\u00e3o da gest\u00e3o p\u00fablica, uma vez que o aumento dos acidentes e congestionamentos impacta direta ou indiretamente na qualidade de vida e produtividade dos usu\u00e1rios. A simula\u00e7\u00e3o \u00e9 uma ferramenta capaz de reproduzir diversos cen\u00e1rios reais de tr\u00e1fego, e \u00e9 amplamente usada na elabora\u00e7\u00e3o de estudos e desenvolvimento de projetos em engenharia de transportes. Os modelos de simula\u00e7\u00e3o s\u00e3o especialmente \u00fateis quando as estrat\u00e9gias em an\u00e1lise exigem novas constru\u00e7\u00f5es ou investimentos onerosos. Atrav\u00e9s deste projeto, pretende-se modelar, em ambiente de simula\u00e7\u00e3o, todos os usu\u00e1rios das vias de uma cidade, bem como suas intera\u00e7\u00f5es. Assim, ser\u00e1 poss\u00edvel analisar fluxos de tr\u00e1fego esperados, planejar servi\u00e7os de transporte p\u00fablico e desenvolver estrat\u00e9gias e solu\u00e7\u00f5es avan\u00e7adas de transporte. Prop\u00f5em-se como estudo de caso inicial a cidade de Cachoeira do Sul, no estado do Rio Grande do Sul.<\/p><p style=\"text-align: right\"><a href=\"https:\/\/portal.ufsm.br\/projetos\/publico\/projetos\/view.html?idProjeto=69113\" target=\"_blank\" rel=\"noopener\">Saiba mais&#8230;<\/a><\/p><\/div>\n\t\t\t\t<\/div>\n\t\t\t\t\t\t\t<div class=\"elementor-toggle-item\">\n\t\t\t\t\t<div id=\"elementor-tab-title-8982\" class=\"elementor-tab-title\" data-tab=\"2\" role=\"button\" aria-controls=\"elementor-tab-content-8982\" aria-expanded=\"false\">\n\t\t\t\t\t\t\t\t\t\t\t\t<a class=\"elementor-toggle-title\" tabindex=\"0\">Estudo sobre os impactos de ve\u00edculos aut\u00f4nomos no tr\u00e1fego atrav\u00e9s do desenvolvimento de ve\u00edculos rob\u00f3ticos aut\u00f4nomos em miniatura.<\/a>\n\t\t\t\t\t<\/div>\n\n\t\t\t\t\t<div id=\"elementor-tab-content-8982\" class=\"elementor-tab-content elementor-clearfix\" data-tab=\"2\" role=\"region\" aria-labelledby=\"elementor-tab-title-8982\"><p>Com a iminente inser\u00e7\u00e3o de ve\u00edculos aut\u00f4nomos no mercado automobil\u00edstico, fica evidenciado a crescente necessidade de estudar o impacto desses dispositivos nos sistemas vi\u00e1rios. E, atrav\u00e9s desses estudos, propor novas solu\u00e7\u00f5es para melhorar os sistemas de transporte. Os carros aut\u00f4nomos em miniatura destinam-se a facilitar a pesquisa e o desenvolvimento no dom\u00ednio de ve\u00edculos aut\u00f4nomos. Os algoritmos desenvolvidos para as tarefas de percep\u00e7\u00e3o, navega\u00e7\u00e3o e controle nessas plataformas permitem r\u00e1pida implementa\u00e7\u00e3o e teste em cen\u00e1rios semelhantes ao mundo real. Neste projeto de pesquisa, \u00e9 proposto o desenvolvendo de carros na escala 1\/10, no qual o ve\u00edculo pode navegar em uma pista de testes \u2013 emulando cen\u00e1rios reais. Atrav\u00e9s deste projeto, pretende-se obter conhecimentos na \u00e1rea de ve\u00edculos aut\u00f4nomos, e investigar os impactos que este tipo de ve\u00edculo tem sobre o tr\u00e1fego e as vias em que est\u00e3o inseridos.<\/p><p style=\"text-align: right\"><a href=\"https:\/\/portal.ufsm.br\/projetos\/publico\/projetos\/view.html?idProjeto=65500\" target=\"_blank\" rel=\"noopener\">Saiba mais&#8230;<\/a><\/p><\/div>\n\t\t\t\t<\/div>\n\t\t\t\t\t\t\t\t<\/div>\n\t\t\t\t<\/div>\n\t\t\t\t<\/div>\n\t\t\t\t\t<\/div>\n\t\t<\/div>\n\t\t\t\t\t<\/div>\n\t\t<\/section>\n\t\t\t\t<section class=\"elementor-section elementor-top-section elementor-element elementor-element-321dcec elementor-section-boxed elementor-section-height-default elementor-section-height-default\" data-id=\"321dcec\" data-element_type=\"section\">\n\t\t\t\t\t\t<div class=\"elementor-container elementor-column-gap-default\">\n\t\t\t\t\t<div class=\"elementor-column elementor-col-100 elementor-top-column elementor-element elementor-element-5647f95\" data-id=\"5647f95\" data-element_type=\"column\">\n\t\t\t<div class=\"elementor-widget-wrap elementor-element-populated\">\n\t\t\t\t\t\t<div class=\"elementor-element elementor-element-7993ea3 elementor-widget-divider--view-line_icon elementor-view-default elementor-widget-divider--element-align-center elementor-widget elementor-widget-divider\" data-id=\"7993ea3\" data-element_type=\"widget\" data-widget_type=\"divider.default\">\n\t\t\t\t<div class=\"elementor-widget-container\">\n\t\t\t\t\t<div class=\"elementor-divider\">\n\t\t\t<span class=\"elementor-divider-separator\">\n\t\t\t\t\t\t\t<div class=\"elementor-icon elementor-divider__element\">\n\t\t\t\t\t<i aria-hidden=\"true\" class=\"fas fa-car\"><\/i><\/div>\n\t\t\t\t\t\t<\/span>\n\t\t<\/div>\n\t\t\t\t<\/div>\n\t\t\t\t<\/div>\n\t\t\t\t\t<\/div>\n\t\t<\/div>\n\t\t\t\t\t<\/div>\n\t\t<\/section>\n\t\t\t\t<section class=\"elementor-section elementor-top-section elementor-element elementor-element-a0d2702 elementor-section-boxed elementor-section-height-default elementor-section-height-default\" data-id=\"a0d2702\" data-element_type=\"section\">\n\t\t\t\t\t\t<div class=\"elementor-container elementor-column-gap-default\">\n\t\t\t\t\t<div class=\"elementor-column elementor-col-100 elementor-top-column elementor-element elementor-element-997588a\" data-id=\"997588a\" data-element_type=\"column\">\n\t\t\t<div class=\"elementor-widget-wrap elementor-element-populated\">\n\t\t\t\t\t\t<div class=\"elementor-element elementor-element-a73de5e elementor-absolute elementor-widget elementor-widget-heading\" data-id=\"a73de5e\" data-element_type=\"widget\" data-settings=\"{&quot;_position&quot;:&quot;absolute&quot;}\" data-widget_type=\"heading.default\">\n\t\t\t\t<div class=\"elementor-widget-container\">\n\t\t\t<h2 class=\"elementor-heading-title elementor-size-large\">Extens\u00e3o<\/h2>\t\t<\/div>\n\t\t\t\t<\/div>\n\t\t\t\t\t<\/div>\n\t\t<\/div>\n\t\t\t\t\t<\/div>\n\t\t<\/section>\n\t\t\t\t<section class=\"elementor-section elementor-top-section elementor-element elementor-element-2aef848 elementor-section-boxed elementor-section-height-default elementor-section-height-default\" data-id=\"2aef848\" data-element_type=\"section\">\n\t\t\t\t\t\t<div class=\"elementor-container elementor-column-gap-default\">\n\t\t\t\t\t<div class=\"elementor-column elementor-col-100 elementor-top-column elementor-element elementor-element-e3ae23b\" data-id=\"e3ae23b\" data-element_type=\"column\">\n\t\t\t<div class=\"elementor-widget-wrap elementor-element-populated\">\n\t\t\t\t\t\t<div class=\"elementor-element elementor-element-94bf9dc elementor-widget elementor-widget-toggle\" data-id=\"94bf9dc\" data-element_type=\"widget\" data-widget_type=\"toggle.default\">\n\t\t\t\t<div class=\"elementor-widget-container\">\n\t\t\t\t\t<div class=\"elementor-toggle\">\n\t\t\t\t\t\t\t<div class=\"elementor-toggle-item\">\n\t\t\t\t\t<div id=\"elementor-tab-title-1551\" class=\"elementor-tab-title\" data-tab=\"1\" role=\"button\" aria-controls=\"elementor-tab-content-1551\" aria-expanded=\"false\">\n\t\t\t\t\t\t\t\t\t\t\t\t<a class=\"elementor-toggle-title\" tabindex=\"0\">Ve\u00edculos aut\u00f4nomos e mobilidade urbana - Pensando a cidade do futuro.<\/a>\n\t\t\t\t\t<\/div>\n\n\t\t\t\t\t<div id=\"elementor-tab-content-1551\" class=\"elementor-tab-content elementor-clearfix\" data-tab=\"1\" role=\"region\" aria-labelledby=\"elementor-tab-title-1551\"><p>Com a iminente inser\u00e7\u00e3o de ve\u00edculos aut\u00f4nomos no mercado automobil\u00edstico, fica evidenciado a crescente necessidade de estudar o impacto desses dispositivos nos sistemas vi\u00e1rios. E, atrav\u00e9s desses estudos, propor novas solu\u00e7\u00f5es para melhorar os sistemas de transporte. Como no Brasil os ve\u00edculos aut\u00f4nomos ainda s\u00e3o uma novidade pouco conhecida, se faz necess\u00e1rio fomentar uma discuss\u00e3o sobre esta tecnologia e seus impactos na mobilidade urbana. Ainda, os pr\u00f3prios conceitos de mobilidade urbana precisam de maior destaque nos debates com a comunidade. Por essa raz\u00e3o, o presente projeto de extens\u00e3o tem por objetivo fomentar o conhecimento sobre ve\u00edculos aut\u00f4nomos atrav\u00e9s da intera\u00e7\u00e3o de crian\u00e7as, adolescentes e adultos com ambientes l\u00fadicos de simula\u00e7\u00e3o de mobilidade urbana e ve\u00edculos aut\u00f4nomos. Atrav\u00e9s de atividades l\u00fadicas que envolvem a constru\u00e7\u00e3o de cidades modulares impressas em 3D na escala 1\/10, espera-se promover o debate sobre a utiliza\u00e7\u00e3o do espa\u00e7o p\u00fablico, da mobilidade urbana, da tecnologia nos transportes e o futuro das cidades. O projeto se justifica ao convidar alunos de escolas e a comunidade em geral para discutirem sobre o futuro das cidades atrav\u00e9s de atividades l\u00fadicas e debates sobre ve\u00edculos aut\u00f4nomos e mobilidade urbana. Espera-se promover uma discuss\u00e3o qualificada sobre a mobilidade urbana no Brasil em geral e particularmente em cidades de pequeno e m\u00e9dio porte no interior do Brasil, e os potenciais impactos da inser\u00e7\u00e3o de ve\u00edculos aut\u00f4nomos em nossas cidades.<\/p><p style=\"text-align: right\"><a href=\"https:\/\/portal.ufsm.br\/projetos\/publico\/projetos\/view.html?idProjeto=72405\" target=\"_blank\" rel=\"noopener\">Saiba mais&#8230;<\/a><\/p><\/div>\n\t\t\t\t<\/div>\n\t\t\t\t\t\t\t\t<\/div>\n\t\t\t\t<\/div>\n\t\t\t\t<\/div>\n\t\t\t\t\t<\/div>\n\t\t<\/div>\n\t\t\t\t\t<\/div>\n\t\t<\/section>\n\t\t\t\t<\/div>\n\t\t","protected":false},"excerpt":{"rendered":"<p>Pesquisa Planejamento de transportes e mobilidade urbana atrav\u00e9s de simula\u00e7\u00e3o. A procura por alternativas de solu\u00e7\u00e3o para problemas de tr\u00e1fego e mobilidade urbana, como acidentes ou a baixa fluidez no tr\u00e1fego urbano das grandes cidades vem se tornando cada vez mais uma preocupa\u00e7\u00e3o da gest\u00e3o p\u00fablica, uma vez que o aumento dos acidentes e congestionamentos [&hellip;]<\/p>\n","protected":false},"author":25,"featured_media":0,"parent":0,"menu_order":0,"comment_status":"closed","ping_status":"closed","template":"","meta":{"footnotes":""},"categories":[],"tags":[],"class_list":["post-32","page","type-page","status-publish","hentry"],"acf":[],"_links":{"self":[{"href":"https:\/\/www.ufsm.br\/laboratorios\/nva\/wp-json\/wp\/v2\/pages\/32","targetHints":{"allow":["GET"]}}],"collection":[{"href":"https:\/\/www.ufsm.br\/laboratorios\/nva\/wp-json\/wp\/v2\/pages"}],"about":[{"href":"https:\/\/www.ufsm.br\/laboratorios\/nva\/wp-json\/wp\/v2\/types\/page"}],"author":[{"embeddable":true,"href":"https:\/\/www.ufsm.br\/laboratorios\/nva\/wp-json\/wp\/v2\/users\/25"}],"replies":[{"embeddable":true,"href":"https:\/\/www.ufsm.br\/laboratorios\/nva\/wp-json\/wp\/v2\/comments?post=32"}],"version-history":[{"count":0,"href":"https:\/\/www.ufsm.br\/laboratorios\/nva\/wp-json\/wp\/v2\/pages\/32\/revisions"}],"wp:attachment":[{"href":"https:\/\/www.ufsm.br\/laboratorios\/nva\/wp-json\/wp\/v2\/media?parent=32"}],"wp:term":[{"taxonomy":"category","embeddable":true,"href":"https:\/\/www.ufsm.br\/laboratorios\/nva\/wp-json\/wp\/v2\/categories?post=32"},{"taxonomy":"post_tag","embeddable":true,"href":"https:\/\/www.ufsm.br\/laboratorios\/nva\/wp-json\/wp\/v2\/tags?post=32"}],"curies":[{"name":"wp","href":"https:\/\/api.w.org\/{rel}","templated":true}]}}