{"id":185,"date":"2023-02-27T11:28:40","date_gmt":"2023-02-27T14:28:40","guid":{"rendered":"https:\/\/www.ufsm.br\/laboratorios\/observatorio-astronomico\/?page_id=185"},"modified":"2023-09-25T20:47:49","modified_gmt":"2023-09-25T23:47:49","slug":"webservatorio","status":"publish","type":"page","link":"https:\/\/www.ufsm.br\/laboratorios\/observatorio-astronomico\/webservatorio","title":{"rendered":"Webservat\u00f3rio"},"content":{"rendered":"\n<p><img decoding=\"async\" src=\"https:\/\/www.ufsm.br\/app\/uploads\/sites\/865\/2022\/01\/jupiter_linear-1024x241.jpg\"><\/p>\n\n\n\n<p><strong>Coordenadores<\/strong><\/p>\n<ul>\n<li>Sandro Barboza Rembold (Departamento de F\u00edsica \/ UFSM)<\/li>\n<li>Marcelo Serrano Zanetti (Departamento de Eletr\u00f4nica e Computa\u00e7\u00e3o \/ UFSM)\u00a0<\/li>\n<\/ul>\n<p>\u00a0<\/p>\n<p><span style=\"font-weight: 400\">O<\/span><a href=\"https:\/\/www.instagram.com\/webservatorio\/\"> <span style=\"font-weight: 400\">Webservat\u00f3rio<\/span><\/a><span style=\"font-weight: 400\"> nasceu de uma parceria entre o<\/span><a href=\"https:\/\/www.ufsm.br\/unidades-universitarias\/ct\/\"> <span style=\"font-weight: 400\">Centro de Tecnologia (CT)<\/span><\/a><span style=\"font-weight: 400\"> e o<\/span><a href=\"https:\/\/www.ufsm.br\/unidades-universitarias\/ccne\"> <span style=\"font-weight: 400\">Centro de Ci\u00eancias Naturais e Exatas (CCNE)<\/span><\/a><span style=\"font-weight: 400\">, buscando revitalizar o observat\u00f3rio astron\u00f4mico da Universidade Federal de Santa Maria (UFSM). Desconhecido por grande parte da comunidade do campus, o observat\u00f3rio se encontra em local afastado, com baixa acessibilidade, o que compromete seu uso em atividades de Ensino e Extens\u00e3o. Com a pandemia do Covid-19, e a instaura\u00e7\u00e3o do regime de suspens\u00e3o das atividades presenciais, identificou-se a oportunidade de automatizar a opera\u00e7\u00e3o do observat\u00f3rio atrav\u00e9s da Internet.\u00a0<\/span><\/p>\n<p><span style=\"font-weight: 400\">O projeto tem dois objetivos principais. O primeiro foca na atra\u00e7\u00e3o de jovens para ingresso em cursos de gradua\u00e7\u00e3o em ci\u00eancias exatas e engenharias, fundamentais ao fomento do desenvolvimento s\u00f3cio-econ\u00f4mico do Brasil. Desta forma, todo conte\u00fado em desenvolvimento est\u00e1 sendo elaborado para ser acess\u00edvel a uma audi\u00eancia composta de estudantes do ensino fundamental e m\u00e9dio. O segundo objetivo deriva das reformas curriculares recomendadas pelo<\/span><a href=\"http:\/\/pne.mec.gov.br\/\"> <span style=\"font-weight: 400\">Plano Nacional de Educa\u00e7\u00e3o<\/span><\/a><span style=\"font-weight: 400\">, que requer que todos os cursos de gradua\u00e7\u00e3o no Brasil tenham pelo menos 10% de sua carga hor\u00e1ria voltada para Extens\u00e3o. Assim, prev\u00ea-se o aumento da demanda por atividades de Extens\u00e3o, sendo que o Webservat\u00f3rio possui potencial para atender diversos cursos de gradua\u00e7\u00e3o da UFSM.<\/span><\/p>\n<p><span style=\"font-weight: 400\">Em uma primeira etapa, conduzida durante o calend\u00e1rio acad\u00eamico de 2021, e com o apoio financeiro do<\/span><a href=\"https:\/\/www.ufsm.br\/pro-reitorias\/pre\/editais\/003-2020-4\/\"> <span style=\"font-weight: 400\">Fundo de Incentivo \u00e0 Extens\u00e3o (FIEX 2021)<\/span><\/a><span style=\"font-weight: 400\">, do CT e do CCNE, o observat\u00f3rio passou por uma restaura\u00e7\u00e3o da infraestrutura predial e recebeu conex\u00e3o de rede, atrav\u00e9s de cabeamento por fibra \u00f3ptica, para permitir a realiza\u00e7\u00e3o da transmiss\u00e3o das observa\u00e7\u00f5es astron\u00f4micas via Internet. Nesta etapa, um dos professores coordenadores do projeto opera o observat\u00f3rio presencialmente durante eventos previamente agendados, com o apoio de bolsista FIEX respons\u00e1vel por quest\u00f5es t\u00e9cnicas relacionadas \u00e0 captura de imagens e configura\u00e7\u00e3o da conex\u00e3o com a Internet. As transmiss\u00f5es s\u00e3o enviadas para plataforma de streaming de v\u00eddeo, permitindo a participa\u00e7\u00e3o de convidados e a intera\u00e7\u00e3o com a audi\u00eancia em tempo real. Por fim, outros dois bolsistas FIEX s\u00e3o respons\u00e1veis por elaborar uma agenda de objetos astron\u00f4micos vis\u00edveis durante o per\u00edodo, e tamb\u00e9m identificar convidados e temas que ser\u00e3o abordados em cada evento. Os temas devem focar na Astrof\u00edsica, Engenharia Aeroespacial e \u00e1reas afins, abrangendo ci\u00eancias e tecnologia. Em uma segunda etapa, que dever\u00e1 ter in\u00edcio em 2022, pretende-se automatizar toda opera\u00e7\u00e3o do observat\u00f3rio, de forma que tanto a abertura da c\u00fapula, quanto o apontamento do telesc\u00f3pio, poder\u00e3o ser realizados remotamente.<\/span><\/p>\n<p><span style=\"font-weight: 400\">Interessado no projeto ou no estabelecimento de parceria? Entre em contato atrav\u00e9s do email projeto.webservatorio@ufsm.br.<\/span><\/p>\n","protected":false},"excerpt":{"rendered":"<p>Coordenadores Sandro Barboza Rembold (Departamento de F\u00edsica \/ UFSM) Marcelo Serrano Zanetti (Departamento de Eletr\u00f4nica e Computa\u00e7\u00e3o \/ UFSM)\u00a0 \u00a0 O Webservat\u00f3rio nasceu de uma parceria entre o Centro de Tecnologia (CT) e o Centro de Ci\u00eancias Naturais e Exatas (CCNE), buscando revitalizar o observat\u00f3rio astron\u00f4mico da Universidade Federal de Santa Maria (UFSM). Desconhecido por [&hellip;]<\/p>\n","protected":false},"author":2760,"featured_media":0,"parent":0,"menu_order":0,"comment_status":"closed","ping_status":"closed","template":"","meta":{"footnotes":""},"categories":[],"tags":[],"class_list":["post-185","page","type-page","status-publish","hentry"],"acf":[],"_links":{"self":[{"href":"https:\/\/www.ufsm.br\/laboratorios\/observatorio-astronomico\/wp-json\/wp\/v2\/pages\/185","targetHints":{"allow":["GET"]}}],"collection":[{"href":"https:\/\/www.ufsm.br\/laboratorios\/observatorio-astronomico\/wp-json\/wp\/v2\/pages"}],"about":[{"href":"https:\/\/www.ufsm.br\/laboratorios\/observatorio-astronomico\/wp-json\/wp\/v2\/types\/page"}],"author":[{"embeddable":true,"href":"https:\/\/www.ufsm.br\/laboratorios\/observatorio-astronomico\/wp-json\/wp\/v2\/users\/2760"}],"replies":[{"embeddable":true,"href":"https:\/\/www.ufsm.br\/laboratorios\/observatorio-astronomico\/wp-json\/wp\/v2\/comments?post=185"}],"version-history":[{"count":0,"href":"https:\/\/www.ufsm.br\/laboratorios\/observatorio-astronomico\/wp-json\/wp\/v2\/pages\/185\/revisions"}],"wp:attachment":[{"href":"https:\/\/www.ufsm.br\/laboratorios\/observatorio-astronomico\/wp-json\/wp\/v2\/media?parent=185"}],"wp:term":[{"taxonomy":"category","embeddable":true,"href":"https:\/\/www.ufsm.br\/laboratorios\/observatorio-astronomico\/wp-json\/wp\/v2\/categories?post=185"},{"taxonomy":"post_tag","embeddable":true,"href":"https:\/\/www.ufsm.br\/laboratorios\/observatorio-astronomico\/wp-json\/wp\/v2\/tags?post=185"}],"curies":[{"name":"wp","href":"https:\/\/api.w.org\/{rel}","templated":true}]}}