{"id":197,"date":"2023-09-25T16:19:54","date_gmt":"2023-09-25T19:19:54","guid":{"rendered":"https:\/\/www.ufsm.br\/laboratorios\/observatorio-astronomico\/?page_id=197"},"modified":"2023-09-25T20:43:08","modified_gmt":"2023-09-25T23:43:08","slug":"equipe","status":"publish","type":"page","link":"https:\/\/www.ufsm.br\/laboratorios\/observatorio-astronomico\/equipe","title":{"rendered":"Equipe"},"content":{"rendered":"\t\t<div data-elementor-type=\"wp-page\" data-elementor-id=\"197\" class=\"elementor elementor-197\">\n\t\t\t\t\t\t<section class=\"elementor-section elementor-top-section elementor-element elementor-element-d3f23b8 elementor-section-boxed elementor-section-height-default elementor-section-height-default\" data-id=\"d3f23b8\" data-element_type=\"section\">\n\t\t\t\t\t\t<div class=\"elementor-container elementor-column-gap-default\">\n\t\t\t\t\t<div class=\"elementor-column elementor-col-100 elementor-top-column elementor-element elementor-element-06b5f83\" data-id=\"06b5f83\" data-element_type=\"column\">\n\t\t\t<div class=\"elementor-widget-wrap elementor-element-populated\">\n\t\t\t\t\t\t<div class=\"elementor-element elementor-element-d725bf2 elementor-widget elementor-widget-heading\" data-id=\"d725bf2\" data-element_type=\"widget\" data-widget_type=\"heading.default\">\n\t\t\t\t<div class=\"elementor-widget-container\">\n\t\t\t<h1 class=\"elementor-heading-title elementor-size-default\">Professores<\/h1>\t\t<\/div>\n\t\t\t\t<\/div>\n\t\t\t\t\t<\/div>\n\t\t<\/div>\n\t\t\t\t\t<\/div>\n\t\t<\/section>\n\t\t\t\t<section class=\"elementor-section elementor-top-section elementor-element elementor-element-d002352 elementor-section-full_width elementor-section-content-top elementor-section-height-default elementor-section-height-default\" data-id=\"d002352\" data-element_type=\"section\">\n\t\t\t\t\t\t<div class=\"elementor-container elementor-column-gap-narrow\">\n\t\t\t\t\t<div class=\"elementor-column elementor-col-50 elementor-top-column elementor-element elementor-element-ad4b104\" data-id=\"ad4b104\" data-element_type=\"column\">\n\t\t\t<div class=\"elementor-widget-wrap elementor-element-populated\">\n\t\t\t\t\t\t<div class=\"elementor-element elementor-element-03be572 elementor-position-top elementor-widget elementor-widget-image-box\" data-id=\"03be572\" data-element_type=\"widget\" data-widget_type=\"image-box.default\">\n\t\t\t\t<div class=\"elementor-widget-container\">\n\t\t\t<div class=\"elementor-image-box-wrapper\"><figure class=\"elementor-image-box-img\"><a href=\"https:\/\/ufsmpublica.ufsm.br\/docente\/16379\" target=\"_blank\" tabindex=\"-1\"><img decoding=\"async\" src=\"https:\/\/www.ufsm.br\/app\/uploads\/sites\/557\/2020\/01\/Sandro-150x150.jpg\" title=\"\" alt=\"\" loading=\"lazy\" \/><\/a><\/figure><div class=\"elementor-image-box-content\"><h4 class=\"elementor-image-box-title\"><a href=\"https:\/\/ufsmpublica.ufsm.br\/docente\/16379\" target=\"_blank\">Sandro Barboza Rembold<\/a><\/h4><p class=\"elementor-image-box-description\">Dep. de F\u00edsica - CCNE<\/p><\/div><\/div>\t\t<\/div>\n\t\t\t\t<\/div>\n\t\t\t\t<div class=\"elementor-element elementor-element-3b36794 elementor-position-top elementor-widget elementor-widget-image-box\" data-id=\"3b36794\" data-element_type=\"widget\" data-widget_type=\"image-box.default\">\n\t\t\t\t<div class=\"elementor-widget-container\">\n\t\t\t<div class=\"elementor-image-box-wrapper\"><figure class=\"elementor-image-box-img\"><a href=\"https:\/\/ufsmpublica.ufsm.br\/docente\/14876\" target=\"_blank\" tabindex=\"-1\"><img decoding=\"async\" src=\"http:\/\/servicosweb.cnpq.br\/wspessoa\/servletrecuperafoto?tipo=1&#038;id=K4764023P2\" title=\"\" alt=\"\" loading=\"lazy\" \/><\/a><\/figure><div class=\"elementor-image-box-content\"><h4 class=\"elementor-image-box-title\"><a href=\"https:\/\/ufsmpublica.ufsm.br\/docente\/14876\" target=\"_blank\">Rogemar Andr\u00e9 Riffel<\/a><\/h4><p class=\"elementor-image-box-description\">Dep. de F\u00edsica - CCNE\u200b<\/p><\/div><\/div>\t\t<\/div>\n\t\t\t\t<\/div>\n\t\t\t\t\t<\/div>\n\t\t<\/div>\n\t\t\t\t<div class=\"elementor-column elementor-col-50 elementor-top-column elementor-element elementor-element-0389314\" data-id=\"0389314\" data-element_type=\"column\">\n\t\t\t<div class=\"elementor-widget-wrap elementor-element-populated\">\n\t\t\t\t\t\t<div class=\"elementor-element elementor-element-6f90c5a elementor-position-top elementor-widget elementor-widget-image-box\" data-id=\"6f90c5a\" data-element_type=\"widget\" data-widget_type=\"image-box.default\">\n\t\t\t\t<div class=\"elementor-widget-container\">\n\t\t\t<div class=\"elementor-image-box-wrapper\"><figure class=\"elementor-image-box-img\"><a href=\"https:\/\/ufsmpublica.ufsm.br\/docente\/17861\" target=\"_blank\" tabindex=\"-1\"><img decoding=\"async\" src=\"http:\/\/servicosweb.cnpq.br\/wspessoa\/servletrecuperafoto?tipo=1&#038;id=K4126277E6\" title=\"\" alt=\"\" loading=\"lazy\" \/><\/a><\/figure><div class=\"elementor-image-box-content\"><h4 class=\"elementor-image-box-title\"><a href=\"https:\/\/ufsmpublica.ufsm.br\/docente\/17861\" target=\"_blank\">Marcelo Serrano Zanetti<\/a><\/h4><p class=\"elementor-image-box-description\">Dep. de Eletr\u00f4nica e Computa\u00e7\u00e3o\/CT<\/p><\/div><\/div>\t\t<\/div>\n\t\t\t\t<\/div>\n\t\t\t\t<div class=\"elementor-element elementor-element-3dbf1ed elementor-widget__width-initial elementor-position-top elementor-widget elementor-widget-image-box\" data-id=\"3dbf1ed\" data-element_type=\"widget\" data-widget_type=\"image-box.default\">\n\t\t\t\t<div class=\"elementor-widget-container\">\n\t\t\t<div class=\"elementor-image-box-wrapper\"><figure class=\"elementor-image-box-img\"><a href=\"https:\/\/ufsmpublica.ufsm.br\/docente\/23580\" target=\"_blank\" tabindex=\"-1\"><img decoding=\"async\" src=\"http:\/\/servicosweb.cnpq.br\/wspessoa\/servletrecuperafoto?tipo=1&#038;id=K4439480T2\" title=\"\" alt=\"\" loading=\"lazy\" \/><\/a><\/figure><div class=\"elementor-image-box-content\"><h4 class=\"elementor-image-box-title\"><a href=\"https:\/\/ufsmpublica.ufsm.br\/docente\/23580\" target=\"_blank\">J\u00e1derson da Silva Schimoia<\/a><\/h4><p class=\"elementor-image-box-description\">Dep. de F\u00edsica - CCNE<\/p><\/div><\/div>\t\t<\/div>\n\t\t\t\t<\/div>\n\t\t\t\t\t<\/div>\n\t\t<\/div>\n\t\t\t\t\t<\/div>\n\t\t<\/section>\n\t\t\t\t<\/div>\n\t\t","protected":false},"excerpt":{"rendered":"<p>Professores Sandro Barboza Rembold Dep. de F\u00edsica &#8211; CCNE Rogemar Andr\u00e9 Riffel Dep. de F\u00edsica &#8211; CCNE\u200b Marcelo Serrano Zanetti Dep. de Eletr\u00f4nica e Computa\u00e7\u00e3o\/CT J\u00e1derson da Silva Schimoia Dep. de F\u00edsica &#8211; CCNE<\/p>\n","protected":false},"author":2760,"featured_media":0,"parent":0,"menu_order":0,"comment_status":"closed","ping_status":"closed","template":"","meta":{"footnotes":""},"categories":[],"tags":[],"class_list":["post-197","page","type-page","status-publish","hentry"],"acf":[],"_links":{"self":[{"href":"https:\/\/www.ufsm.br\/laboratorios\/observatorio-astronomico\/wp-json\/wp\/v2\/pages\/197","targetHints":{"allow":["GET"]}}],"collection":[{"href":"https:\/\/www.ufsm.br\/laboratorios\/observatorio-astronomico\/wp-json\/wp\/v2\/pages"}],"about":[{"href":"https:\/\/www.ufsm.br\/laboratorios\/observatorio-astronomico\/wp-json\/wp\/v2\/types\/page"}],"author":[{"embeddable":true,"href":"https:\/\/www.ufsm.br\/laboratorios\/observatorio-astronomico\/wp-json\/wp\/v2\/users\/2760"}],"replies":[{"embeddable":true,"href":"https:\/\/www.ufsm.br\/laboratorios\/observatorio-astronomico\/wp-json\/wp\/v2\/comments?post=197"}],"version-history":[{"count":0,"href":"https:\/\/www.ufsm.br\/laboratorios\/observatorio-astronomico\/wp-json\/wp\/v2\/pages\/197\/revisions"}],"wp:attachment":[{"href":"https:\/\/www.ufsm.br\/laboratorios\/observatorio-astronomico\/wp-json\/wp\/v2\/media?parent=197"}],"wp:term":[{"taxonomy":"category","embeddable":true,"href":"https:\/\/www.ufsm.br\/laboratorios\/observatorio-astronomico\/wp-json\/wp\/v2\/categories?post=197"},{"taxonomy":"post_tag","embeddable":true,"href":"https:\/\/www.ufsm.br\/laboratorios\/observatorio-astronomico\/wp-json\/wp\/v2\/tags?post=197"}],"curies":[{"name":"wp","href":"https:\/\/api.w.org\/{rel}","templated":true}]}}