{"id":2,"date":"2019-05-14T15:59:30","date_gmt":"2019-05-14T18:59:30","guid":{"rendered":"https:\/\/www.ufsm.br\/laboratorios-larp\/?page_id=2"},"modified":"2025-04-07T14:52:38","modified_gmt":"2025-04-07T17:52:38","slug":"pagina-inicial","status":"publish","type":"page","link":"https:\/\/www.ufsm.br\/laboratorios\/rmn\/","title":{"rendered":"P\u00e1gina inicial"},"content":{"rendered":"\t\t<div data-elementor-type=\"wp-post\" data-elementor-id=\"2\" class=\"elementor elementor-2\">\n\t\t\t\t\t\t<section class=\"elementor-section elementor-top-section elementor-element elementor-element-31fda3f1 elementor-section-boxed elementor-section-height-default elementor-section-height-default\" data-id=\"31fda3f1\" data-element_type=\"section\">\n\t\t\t\t\t\t<div class=\"elementor-container elementor-column-gap-default\">\n\t\t\t\t\t<div class=\"elementor-column elementor-col-100 elementor-top-column elementor-element elementor-element-7c1b024\" data-id=\"7c1b024\" data-element_type=\"column\">\n\t\t\t<div class=\"elementor-widget-wrap elementor-element-populated\">\n\t\t\t\t\t\t<div class=\"elementor-element elementor-element-8d9b83a elementor-widget elementor-widget-heading\" data-id=\"8d9b83a\" data-element_type=\"widget\" data-widget_type=\"heading.default\">\n\t\t\t\t<div class=\"elementor-widget-container\">\n\t\t\t<h5 class=\"elementor-heading-title elementor-size-default\">Apresenta\u00e7\u00e3o<\/h5>\t\t<\/div>\n\t\t\t\t<\/div>\n\t\t\t\t<div class=\"elementor-element elementor-element-c8da605 elementor-widget elementor-widget-text-editor\" data-id=\"c8da605\" data-element_type=\"widget\" data-widget_type=\"text-editor.default\">\n\t\t\t\t<div class=\"elementor-widget-container\">\n\t\t\t\t\t\t\t<p>O Laborat\u00f3rio de Resson\u00e2ncia Magn\u00e9tica Nuclear do Departamento de Qu\u00edmica da UFSM foi criado em 1987, e tem como principais objetivos:<\/p>\n<p>\u2022 Obter e analisar dados de RMN e auxiliar os pesquisadores na interpreta\u00e7\u00e3o de dados de RMN<br \/>\u2022 Treinar pesquisadores para adquirirem e processarem dados de RMN<br \/>\u2022 Estimular a pesquisa cient\u00edfica e tecnol\u00f3gica relacionada com as t\u00e9cnicas de RMN<br \/><br \/>O\u00a0<a href=\"http:\/\/site.ufsm.br\/\" target=\"_blank\" rel=\"noopener\">LabRMN<\/a>, por meio da equipe t\u00e9cnica, tem como finalidade principal fornecer as condi\u00e7\u00f5es necess\u00e1rias para obten\u00e7\u00e3o e processamento de dados de RMN, com vistas \u00e0 elucida\u00e7\u00e3o estrutural de compostos qu\u00edmicos e materiais diversos. Trata-se de um espectr\u00f4metro moderno e vers\u00e1til, cuja configura\u00e7\u00e3o existente permite obter dados de amostras no estado l\u00edquido. Podemos obter dados de diversos n\u00facleos al\u00e9m daqueles convencionais: 1H e 13C (temos obtido dados de 15N, 19F, 31P), e outros n\u00facleos poder\u00e3o ser estudados.<\/p>\n<p>A equipe t\u00e9cnica est\u00e1 apta e dispon\u00edvel para colaborar com pesquisadores que necessitam dessa t\u00e9cnica.<br \/><br \/>Al\u00e9m da comunidade interna da UFSM, os interessados externos tamb\u00e9m poder\u00e3o se beneficiar do uso do espectr\u00f4metro, seja por meio de presta\u00e7\u00e3o de servi\u00e7os \u00e0 comunidade cient\u00edfica, seja por meio do desenvolvimento de projetos de pesquisa de coopera\u00e7\u00e3o interinstitucional.<\/p>\t\t\t\t\t\t<\/div>\n\t\t\t\t<\/div>\n\t\t\t\t\t<\/div>\n\t\t<\/div>\n\t\t\t\t\t<\/div>\n\t\t<\/section>\n\t\t\t\t<section class=\"elementor-section elementor-top-section elementor-element elementor-element-7416eee elementor-section-boxed elementor-section-height-default elementor-section-height-default\" data-id=\"7416eee\" data-element_type=\"section\">\n\t\t\t\t\t\t<div class=\"elementor-container elementor-column-gap-default\">\n\t\t\t\t\t<div class=\"elementor-column elementor-col-100 elementor-top-column elementor-element elementor-element-fff47c8\" data-id=\"fff47c8\" data-element_type=\"column\">\n\t\t\t<div class=\"elementor-widget-wrap\">\n\t\t\t\t\t\t\t<\/div>\n\t\t<\/div>\n\t\t\t\t\t<\/div>\n\t\t<\/section>\n\t\t\t\t<section class=\"elementor-section elementor-top-section elementor-element elementor-element-399195b elementor-section-boxed elementor-section-height-default elementor-section-height-default\" data-id=\"399195b\" data-element_type=\"section\">\n\t\t\t\t\t\t<div class=\"elementor-container elementor-column-gap-default\">\n\t\t\t\t\t<div class=\"elementor-column elementor-col-100 elementor-top-column elementor-element elementor-element-8759219\" data-id=\"8759219\" data-element_type=\"column\">\n\t\t\t<div class=\"elementor-widget-wrap elementor-element-populated\">\n\t\t\t\t\t\t<div class=\"elementor-element elementor-element-b327021 elementor-widget elementor-widget-wp-widget-ufsm_noticias_widget\" data-id=\"b327021\" data-element_type=\"widget\" data-widget_type=\"wp-widget-ufsm_noticias_widget.default\">\n\t\t\t\t<div class=\"elementor-widget-container\">\n\t\t\t<h5 class='titulo-conteudos'>Not\u00edcias<\/h5><div class='widget-noticias-inside'>\n                        <div class=\"row\">\n                                    <div class=\"col-12 col-lg-12 pb-4\">\n                                        \n                                        \n                    \n                    <a class=\"noticias-widget-title d-block \"  title=\"Nota sobre 1 ano do acidente com \u00f4nibus da UFSM\" href=\"https:\/\/www.ufsm.br\/2026\/04\/04\/nota-sobre-1-ano-do-acidente-com-onibus-da-ufsm\">\n                                                Nota sobre 1 ano do acidente com \u00f4nibus da UFSM                    <\/a>\n                    \n                                            <div class=\"noticias-widget-introtext\">\n                            \u00a0 H\u00e1 um ano, a comunidade da UFSM foi atravessada por uma dor que permanece. Hoje \u00e9 um dia de lembrar, de respeitar o luto e de reconhecer que nenhuma a\u00e7\u00e3o reparar\u00e1 plenamente as perdas e os impactos. \u00c9 um&hellip;                        <\/div>\n                    \n                                        \n                                        \n                                            \n                                                    <div title=\"Publicado em 04\/04\/2026 \" class=\"data-publicacao-widget\">\n                                <i  class=\"far fa-clock\"><\/i>\n                                04\/04\/2026                             <\/div>\n                                                                <\/div>\n                            <\/div>\n                    <div class=\"row\">\n                                    <div class=\"col-12 col-lg-12 pb-4\">\n                                        \n                                        \n                    \n                    <a class=\"noticias-widget-title d-block \"  title=\"UFSM registra 13 concess\u00f5es de patentes de inven\u00e7\u00e3o em 2025\" href=\"https:\/\/www.ufsm.br\/2026\/04\/02\/ufsm-registra-13-concessoes-de-patentes-de-invencao-em-2025\">\n                                                UFSM registra 13 concess\u00f5es de patentes de inven\u00e7\u00e3o em 2025                    <\/a>\n                    \n                                            <div class=\"noticias-widget-introtext\">\n                            As patentes concedidas em 2025 para a UFSM abrangem diversas \u00e1reas do conhecimento                        <\/div>\n                    \n                                        \n                                        \n                                            \n                                                    <div title=\"Publicado em 02\/04\/2026 \" class=\"data-publicacao-widget\">\n                                <i  class=\"far fa-clock\"><\/i>\n                                02\/04\/2026                             <\/div>\n                                                                <\/div>\n                            <\/div>\n                    <div class=\"row\">\n                                    <div class=\"col-12 col-lg-12 pb-4\">\n                                        \n                                        \n                    \n                    <a class=\"noticias-widget-title d-block \"  title=\"Edital de concurso p\u00fablico abre 16 vagas para professores na UFSM\" href=\"https:\/\/www.ufsm.br\/2026\/04\/02\/edital-de-concurso-publico-abre-16-vagas-para-professores-na-ufsm\">\n                                                Edital de concurso p\u00fablico abre 16 vagas para professores na UFSM                    <\/a>\n                    \n                                            <div class=\"noticias-widget-introtext\">\n                            As vagas, destinadas aos campi de Santa Maria e Frederico Westphalen, est\u00e3o distribu\u00eddas em 15 \u00e1reas diferentes                        <\/div>\n                    \n                                        \n                                        \n                                            \n                                                    <div title=\"Publicado em 02\/04\/2026 \" class=\"data-publicacao-widget\">\n                                <i  class=\"far fa-clock\"><\/i>\n                                02\/04\/2026                             <\/div>\n                                                                <\/div>\n                            <\/div>\n                    <div class=\"row\">\n                                    <div class=\"col-12 col-lg-12 pb-4\">\n                                        \n                                        \n                    \n                    <a class=\"noticias-widget-title d-block \"  title=\"\u201cEm tempos de terror, morreu a poesia?\u201d: Grupo de Estudos C\u00e1lice discute a arte como resist\u00eancia na Ditadura Civil-Militar\" href=\"https:\/\/www.ufsm.br\/2026\/04\/02\/em-tempos-de-terror-morreu-a-poesia-grupo-de-estudos-calice-discute-a-arte-como-resistencia-na-ditadura-civil-militar\">\n                                                \u201cEm tempos de terror, morreu a poesia?\u201d: Grupo de Estudos C\u00e1lice discute a arte como resist\u00eancia na Ditadura Civil-Militar                    <\/a>\n                    \n                                            <div class=\"noticias-widget-introtext\">\n                            Semin\u00e1rio reuniu apresenta\u00e7\u00f5es art\u00edsticas, exibi\u00e7\u00e3o de document\u00e1rio e mesas de debate na UFSM                        <\/div>\n                    \n                                        \n                                        \n                                            \n                                                    <div title=\"Publicado em 02\/04\/2026 \" class=\"data-publicacao-widget\">\n                                <i  class=\"far fa-clock\"><\/i>\n                                02\/04\/2026                             <\/div>\n                                                                <\/div>\n                            <\/div>\n                    <div class=\"row\">\n                                    <div class=\"col-12 col-lg-12 pb-4\">\n                                        \n                                        \n                    \n                    <a class=\"noticias-widget-title d-block \"  title=\"Pesquisadora do PPG em Engenharia Agr\u00edcola estuda 42 variedades de d\u00e1lia na Europa\" href=\"https:\/\/www.ufsm.br\/2026\/04\/02\/pesquisadora-do-ppg-em-engenharia-agricola-estuda-42-variedades-de-dalia-na-europa\">\n                                                Pesquisadora do PPG em Engenharia Agr\u00edcola estuda 42 variedades de d\u00e1lia na Europa                    <\/a>\n                    \n                                            <div class=\"noticias-widget-introtext\">\n                            Estudante realiza experimento voltado para o cultivo sustent\u00e1vel e lucrativo de flor apreciada no mercado internacional                        <\/div>\n                    \n                                        \n                                        \n                                            \n                                                    <div title=\"Publicado em 02\/04\/2026 \" class=\"data-publicacao-widget\">\n                                <i  class=\"far fa-clock\"><\/i>\n                                02\/04\/2026                             <\/div>\n                                                                <\/div>\n                            <\/div>\n            <\/div>\n<div class=\"leia-mais p-1\">\n                <a href=\"https:\/\/www.ufsm.br\/laboratorios\/rmn\/busca\/?q=&area=post&orderby=date&sites%5B%5D=369&sites%5B%5D=1\">\n            LEIA MAIS            <span class=\"icon-box\">\n                <span class=\"bg-ufsm-widget-icon\">\n                    <i class=\"fas fa-chevron-right\" aria-hidden=\"true\"><\/i>\n                <\/span>\n            <\/span>\n        <\/a>\n    <\/div>\n\t\t<\/div>\n\t\t\t\t<\/div>\n\t\t\t\t\t<\/div>\n\t\t<\/div>\n\t\t\t\t\t<\/div>\n\t\t<\/section>\n\t\t\t\t<\/div>\n\t\t","protected":false},"excerpt":{"rendered":"<p>Apresenta\u00e7\u00e3o O Laborat\u00f3rio de Resson\u00e2ncia Magn\u00e9tica Nuclear do Departamento de Qu\u00edmica da UFSM foi criado em 1987, e tem como principais objetivos: \u2022 Obter e analisar dados de RMN e auxiliar os pesquisadores na interpreta\u00e7\u00e3o de dados de RMN\u2022 Treinar pesquisadores para adquirirem e processarem dados de RMN\u2022 Estimular a pesquisa cient\u00edfica e tecnol\u00f3gica relacionada [&hellip;]<\/p>\n","protected":false},"author":26,"featured_media":0,"parent":0,"menu_order":0,"comment_status":"closed","ping_status":"open","template":"","meta":{"footnotes":""},"categories":[],"tags":[],"class_list":["post-2","page","type-page","status-publish","hentry"],"acf":[],"_links":{"self":[{"href":"https:\/\/www.ufsm.br\/laboratorios\/rmn\/wp-json\/wp\/v2\/pages\/2","targetHints":{"allow":["GET"]}}],"collection":[{"href":"https:\/\/www.ufsm.br\/laboratorios\/rmn\/wp-json\/wp\/v2\/pages"}],"about":[{"href":"https:\/\/www.ufsm.br\/laboratorios\/rmn\/wp-json\/wp\/v2\/types\/page"}],"author":[{"embeddable":true,"href":"https:\/\/www.ufsm.br\/laboratorios\/rmn\/wp-json\/wp\/v2\/users\/26"}],"replies":[{"embeddable":true,"href":"https:\/\/www.ufsm.br\/laboratorios\/rmn\/wp-json\/wp\/v2\/comments?post=2"}],"version-history":[{"count":0,"href":"https:\/\/www.ufsm.br\/laboratorios\/rmn\/wp-json\/wp\/v2\/pages\/2\/revisions"}],"wp:attachment":[{"href":"https:\/\/www.ufsm.br\/laboratorios\/rmn\/wp-json\/wp\/v2\/media?parent=2"}],"wp:term":[{"taxonomy":"category","embeddable":true,"href":"https:\/\/www.ufsm.br\/laboratorios\/rmn\/wp-json\/wp\/v2\/categories?post=2"},{"taxonomy":"post_tag","embeddable":true,"href":"https:\/\/www.ufsm.br\/laboratorios\/rmn\/wp-json\/wp\/v2\/tags?post=2"}],"curies":[{"name":"wp","href":"https:\/\/api.w.org\/{rel}","templated":true}]}}