{"id":22,"date":"2019-05-14T17:01:42","date_gmt":"2019-05-14T20:01:42","guid":{"rendered":"https:\/\/www.ufsm.br\/template-laboratprio\/?page_id=22"},"modified":"2025-04-07T15:15:22","modified_gmt":"2025-04-07T18:15:22","slug":"informacoes-gerais","status":"publish","type":"page","link":"https:\/\/www.ufsm.br\/laboratorios\/rmn\/informacoes-gerais","title":{"rendered":"Sobre"},"content":{"rendered":"\t\t<div data-elementor-type=\"wp-page\" data-elementor-id=\"22\" class=\"elementor elementor-22\">\n\t\t\t\t\t\t<section class=\"elementor-section elementor-top-section elementor-element elementor-element-3c6ef3b elementor-section-boxed elementor-section-height-default elementor-section-height-default\" data-id=\"3c6ef3b\" data-element_type=\"section\">\n\t\t\t\t\t\t<div class=\"elementor-container elementor-column-gap-default\">\n\t\t\t\t\t<div class=\"elementor-column elementor-col-100 elementor-top-column elementor-element elementor-element-a2932f2\" data-id=\"a2932f2\" data-element_type=\"column\">\n\t\t\t<div class=\"elementor-widget-wrap elementor-element-populated\">\n\t\t\t\t\t\t<div class=\"elementor-element elementor-element-949af8c elementor-widget elementor-widget-text-editor\" data-id=\"949af8c\" data-element_type=\"widget\" data-widget_type=\"text-editor.default\">\n\t\t\t\t<div class=\"elementor-widget-container\">\n\t\t\t\t\t\t\t<table width=\"727\"><tbody><tr><td width=\"549\"><p>O Laborat\u00f3rio de Resson\u00e2ncia Magn\u00e9tica Nuclear do Departamento de Qu\u00edmica da Universidade Federal de Santa Maria foi criado nos anos 1980 com os objetivos de obter e analisar dados de RMN e auxiliar os pesquisadores na interpreta\u00e7\u00e3o dos resultados, treinar pesquisadores para adquirirem e processarem dados de RMN e estimular a pesquisa cient\u00edfica e tecnol\u00f3gica relacionada com as t\u00e9cnicas de Resson\u00e2ncia Magn\u00e9tica Nuclear. Inicialmente, este laborat\u00f3rio adquiriu, no in\u00edcio da d\u00e9cada de 1990, um Espectr\u00f4metro de Resson\u00e2ncia Magn\u00e9tica Multi-Nuclear de 200 MHz o qual substituiu os aparelhos de 60 e 80 MHz. Com o crescimento e consolida\u00e7\u00e3o do Programa de P\u00f3s-Gradua\u00e7\u00e3o em Qu\u00edmica e demais Programas da UFSM, houve a necessidade de adquirir um novo equipamento. Em 1996, foi adquirido um Espectr\u00f4metro de Resson\u00e2ncia Magn\u00e9tica Multi-Nuclear de 400 MHz.<\/p><\/td><\/tr><\/tbody><\/table><p>\u00a0<\/p>\t\t\t\t\t\t<\/div>\n\t\t\t\t<\/div>\n\t\t\t\t\t<\/div>\n\t\t<\/div>\n\t\t\t\t\t<\/div>\n\t\t<\/section>\n\t\t\t\t<\/div>\n\t\t","protected":false},"excerpt":{"rendered":"<p>O Laborat\u00f3rio de Resson\u00e2ncia Magn\u00e9tica Nuclear do Departamento de Qu\u00edmica da Universidade Federal de Santa Maria foi criado nos anos 1980 com os objetivos de obter e analisar dados de RMN e auxiliar os pesquisadores na interpreta\u00e7\u00e3o dos resultados, treinar pesquisadores para adquirirem e processarem dados de RMN e estimular a pesquisa cient\u00edfica e tecnol\u00f3gica [&hellip;]<\/p>\n","protected":false},"author":8,"featured_media":0,"parent":0,"menu_order":0,"comment_status":"closed","ping_status":"closed","template":"","meta":{"footnotes":""},"categories":[],"tags":[],"class_list":["post-22","page","type-page","status-publish","hentry"],"acf":[],"_links":{"self":[{"href":"https:\/\/www.ufsm.br\/laboratorios\/rmn\/wp-json\/wp\/v2\/pages\/22","targetHints":{"allow":["GET"]}}],"collection":[{"href":"https:\/\/www.ufsm.br\/laboratorios\/rmn\/wp-json\/wp\/v2\/pages"}],"about":[{"href":"https:\/\/www.ufsm.br\/laboratorios\/rmn\/wp-json\/wp\/v2\/types\/page"}],"author":[{"embeddable":true,"href":"https:\/\/www.ufsm.br\/laboratorios\/rmn\/wp-json\/wp\/v2\/users\/8"}],"replies":[{"embeddable":true,"href":"https:\/\/www.ufsm.br\/laboratorios\/rmn\/wp-json\/wp\/v2\/comments?post=22"}],"version-history":[{"count":0,"href":"https:\/\/www.ufsm.br\/laboratorios\/rmn\/wp-json\/wp\/v2\/pages\/22\/revisions"}],"wp:attachment":[{"href":"https:\/\/www.ufsm.br\/laboratorios\/rmn\/wp-json\/wp\/v2\/media?parent=22"}],"wp:term":[{"taxonomy":"category","embeddable":true,"href":"https:\/\/www.ufsm.br\/laboratorios\/rmn\/wp-json\/wp\/v2\/categories?post=22"},{"taxonomy":"post_tag","embeddable":true,"href":"https:\/\/www.ufsm.br\/laboratorios\/rmn\/wp-json\/wp\/v2\/tags?post=22"}],"curies":[{"name":"wp","href":"https:\/\/api.w.org\/{rel}","templated":true}]}}