{"id":23,"date":"2019-05-14T17:02:03","date_gmt":"2019-05-14T20:02:03","guid":{"rendered":"https:\/\/www.ufsm.br\/template-laboratprio\/?page_id=23"},"modified":"2025-04-07T14:20:53","modified_gmt":"2025-04-07T17:20:53","slug":"equipe","status":"publish","type":"page","link":"https:\/\/www.ufsm.br\/laboratorios\/rmn\/equipe","title":{"rendered":"Equipe"},"content":{"rendered":"\t\t<div data-elementor-type=\"wp-page\" data-elementor-id=\"23\" class=\"elementor elementor-23\">\n\t\t\t\t\t\t<section class=\"elementor-section elementor-top-section elementor-element elementor-element-766afa13 elementor-section-boxed elementor-section-height-default elementor-section-height-default\" data-id=\"766afa13\" data-element_type=\"section\">\n\t\t\t\t\t\t<div class=\"elementor-container elementor-column-gap-default\">\n\t\t\t\t\t<div class=\"elementor-column elementor-col-100 elementor-top-column elementor-element elementor-element-5c7c3740\" data-id=\"5c7c3740\" data-element_type=\"column\">\n\t\t\t<div class=\"elementor-widget-wrap elementor-element-populated\">\n\t\t\t\t\t\t<div class=\"elementor-element elementor-element-506322b9 elementor-widget elementor-widget-text-editor\" data-id=\"506322b9\" data-element_type=\"widget\" data-widget_type=\"text-editor.default\">\n\t\t\t\t<div class=\"elementor-widget-container\">\n\t\t\t\t\t\t\t<!-- wp:tadv\/classic-paragraph \/-->\t\t\t\t\t\t<\/div>\n\t\t\t\t<\/div>\n\t\t\t\t<div class=\"elementor-element elementor-element-2b7aa80 elementor-widget elementor-widget-text-editor\" data-id=\"2b7aa80\" data-element_type=\"widget\" data-widget_type=\"text-editor.default\">\n\t\t\t\t<div class=\"elementor-widget-container\">\n\t\t\t\t\t\t\t<div style=\"text-align: center\"><strong>Prof.<\/strong> <strong>Ricardo Schumacher<\/strong><\/div>\n<div style=\"text-align: center\">Possui gradua\u00e7\u00e3o em Qu\u00edmica Industrial (2006), Mestrado em Qu\u00edmica (2008) e Doutorado em Qu\u00edmica (\u00c1rea de concentra\u00e7\u00e3o Qu\u00edmica Org\u00e2nica) (2012) pela Universidade Federal de Santa Maria, com per\u00edodo sandu\u00edche na RWTH Aachen. Atuou por quatro anos como Professor na Universidade Federal de Pelotas (UFPel). Atualmente \u00e9 docente na Universidade Federal de Santa Maria (UFSM). Atua principalmente nos seguintes temas: Rea\u00e7\u00f5es de Acoplamento catalisadas por metais de transi\u00e7\u00e3o (Sonogashira, Suzuki e Negishi); S\u00edntese e aplica\u00e7\u00e3o de calcogenetos vin\u00edlicos e alquin\u00edlicos; Cicliza\u00e7\u00e3o Eletrof\u00edlica e S\u00edntese de Heterociclos Nitrogenados.<\/div>\t\t\t\t\t\t<\/div>\n\t\t\t\t<\/div>\n\t\t\t\t\t<\/div>\n\t\t<\/div>\n\t\t\t\t\t<\/div>\n\t\t<\/section>\n\t\t\t\t<section class=\"elementor-section elementor-top-section elementor-element elementor-element-9245c89 elementor-section-boxed elementor-section-height-default elementor-section-height-default\" data-id=\"9245c89\" data-element_type=\"section\">\n\t\t\t\t\t\t<div class=\"elementor-container elementor-column-gap-default\">\n\t\t\t\t\t<div class=\"elementor-column elementor-col-100 elementor-top-column elementor-element elementor-element-50e8222\" data-id=\"50e8222\" data-element_type=\"column\">\n\t\t\t<div class=\"elementor-widget-wrap elementor-element-populated\">\n\t\t\t\t\t\t<div class=\"elementor-element elementor-element-ac6ed08 elementor-widget elementor-widget-text-editor\" data-id=\"ac6ed08\" data-element_type=\"widget\" data-widget_type=\"text-editor.default\">\n\t\t\t\t<div class=\"elementor-widget-container\">\n\t\t\t\t\t\t\t<p style=\"text-align: center\"><strong>Prof. Oscar Endrigo Rodrigues<br \/><\/strong>Possui gradua\u00e7\u00e3o em Qu\u00edmica Industrial pela Universidade Federal de Santa Maria (1998) e doutorado em P\u00f3s Gradua\u00e7\u00e3o Em Qu\u00edmica pela Universidade Federal de Santa Maria (2003). Possui P\u00f3s-Doutorado no Institut of Plant Biochemistry, Halle-Saale, Alemanha (2004). Atualmente \u00e9 professor associado da Universidade Federal de Santa Maria (UFSM). Tem experi\u00eancia na \u00e1rea de Qu\u00edmica, com \u00eanfase em S\u00edntese Org\u00e2nica, atuando principalmente nos seguintes temas: s\u00edntese org\u00e2nica, funcionaliza\u00e7\u00e3o de nanotubos de carbono e fulerenos e no desenvolvimento de novas mol\u00e9culas com potencial biol\u00f3gico.<\/p>\t\t\t\t\t\t<\/div>\n\t\t\t\t<\/div>\n\t\t\t\t\t<\/div>\n\t\t<\/div>\n\t\t\t\t\t<\/div>\n\t\t<\/section>\n\t\t\t\t<section class=\"elementor-section elementor-top-section elementor-element elementor-element-4503c05 elementor-section-boxed elementor-section-height-default elementor-section-height-default\" data-id=\"4503c05\" data-element_type=\"section\">\n\t\t\t\t\t\t<div class=\"elementor-container elementor-column-gap-default\">\n\t\t\t\t\t<div class=\"elementor-column elementor-col-100 elementor-top-column elementor-element elementor-element-4fd4a96\" data-id=\"4fd4a96\" data-element_type=\"column\">\n\t\t\t<div class=\"elementor-widget-wrap elementor-element-populated\">\n\t\t\t\t\t\t<div class=\"elementor-element elementor-element-32a1707 elementor-widget elementor-widget-text-editor\" data-id=\"32a1707\" data-element_type=\"widget\" data-widget_type=\"text-editor.default\">\n\t\t\t\t<div class=\"elementor-widget-container\">\n\t\t\t\t\t\t\t<div style=\"text-align: center\"><strong>Prof. Alan Diego Santos<br \/><\/strong>Graduou-se em Qu\u00edmica Licenciatura pela UFS, com mestrado tamb\u00e9m pela UFS (no desenvolvimento de m\u00e9todos anal\u00edticos e preparativos por HPLC-DAD-ELSD), e doutorado pela UFPR, aplicando a Resson\u00e2ncia Magn\u00e9tica Nuclear em alimentos, plantas, biofl\u00faidos, produtos de s\u00edntese e compostos isolados. O doutorado incluiu um per\u00edodo sandu\u00edche na Universidade de Toronto (2015), tamb\u00e9m em RMN. \u00c9 Professor Adjunto do Departamento de Qu\u00edmica da Universidade Federal de Santa Maria &#8211; UFSM. Possui interesse na RMN como ferramenta anal\u00edtica, principalmente quando aplicada a estudos metabol\u00f4micos e quantitativos. Atua na forma\u00e7\u00e3o de recursos humanos, orientando nos n\u00edveis de inicia\u00e7\u00e3o cient\u00edfica, mestrado e doutorado. Atualmente, est\u00e1 credenciado nos Programas de P\u00f3s-gradua\u00e7\u00e3o em Qu\u00edmica (PPGQ) e Bioqu\u00edmica Toxicol\u00f3gica (PPGBTox) da UFSM, al\u00e9m de ser professor colaborador do PPGQ\/UFAM. Possui 48 artigos publicados em revistas nacionais e internacionais com \u00edndice H de 15, 16 e 17 nas plataformas Web of Science, Scopus e Google Acad\u00eamico. Atua como revisor de mais de 15 peri\u00f3dicos cient\u00edficos. Mant\u00e9m colabora\u00e7\u00e3o t\u00e9cnico-cient\u00edfica com pesquisadores de diversas institui\u00e7\u00f5es do Brasil, como UFAM, IFAM, UFC, UFPR e UNIVASF. \u00c9 membro da Associa\u00e7\u00e3o de Usu\u00e1rios de Resson\u00e2ncia Magn\u00e9tica Nuclear (AUREMN).<\/div>\t\t\t\t\t\t<\/div>\n\t\t\t\t<\/div>\n\t\t\t\t\t<\/div>\n\t\t<\/div>\n\t\t\t\t\t<\/div>\n\t\t<\/section>\n\t\t\t\t<section class=\"elementor-section elementor-top-section elementor-element elementor-element-6e99066 elementor-section-boxed elementor-section-height-default elementor-section-height-default\" data-id=\"6e99066\" data-element_type=\"section\">\n\t\t\t\t\t\t<div class=\"elementor-container elementor-column-gap-default\">\n\t\t\t\t\t<div class=\"elementor-column elementor-col-100 elementor-top-column elementor-element elementor-element-75072aa\" data-id=\"75072aa\" data-element_type=\"column\">\n\t\t\t<div class=\"elementor-widget-wrap elementor-element-populated\">\n\t\t\t\t\t\t<div class=\"elementor-element elementor-element-f8e3209 elementor-widget elementor-widget-text-editor\" data-id=\"f8e3209\" data-element_type=\"widget\" data-widget_type=\"text-editor.default\">\n\t\t\t\t<div class=\"elementor-widget-container\">\n\t\t\t\t\t\t\t<p style=\"text-align: center\"><strong>Dr. Alex Ketzer<br \/><\/strong>T\u00e9cnico respons\u00e1vel pelo Laborat\u00f3rio de Resson\u00e2ncia Magn\u00e9tica Nuclear (RMN), do Departamento de Qu\u00edmica da UFSM.<br \/>Possui gradua\u00e7\u00e3o em Qu\u00edmica Industrial pela Universidade de Santa Cruz do Sul (2014), mestrado em Qu\u00edmica pela Universidade Federal de Santa Maria (2017) e doutorado em P\u00f3s-gradua\u00e7\u00e3o em Qu\u00edmica pela Universidade Federal de Santa Maria (2022). Atualmente \u00e9 t\u00e9cnico de laborat\u00f3rio da Universidade Federal de Santa Maria. Tem experi\u00eancia na \u00e1rea de Qu\u00edmica, com \u00eanfase em Qu\u00edmica Org\u00e2nica. tem experi\u00eancia na \u00e1rea de estereoqu\u00edmica de rea\u00e7\u00f5es org\u00e2nicas, e determina\u00e7\u00e3o de configura\u00e7\u00e3o quiral empregando t\u00e9cnicas de RMN e difra\u00e7\u00e3o de raios X em mono cristal. <\/p>\t\t\t\t\t\t<\/div>\n\t\t\t\t<\/div>\n\t\t\t\t\t<\/div>\n\t\t<\/div>\n\t\t\t\t\t<\/div>\n\t\t<\/section>\n\t\t\t\t<\/div>\n\t\t","protected":false},"excerpt":{"rendered":"<p>Prof. Ricardo Schumacher Possui gradua\u00e7\u00e3o em Qu\u00edmica Industrial (2006), Mestrado em Qu\u00edmica (2008) e Doutorado em Qu\u00edmica (\u00c1rea de concentra\u00e7\u00e3o Qu\u00edmica Org\u00e2nica) (2012) pela Universidade Federal de Santa Maria, com per\u00edodo sandu\u00edche na RWTH Aachen. Atuou por quatro anos como Professor na Universidade Federal de Pelotas (UFPel). Atualmente \u00e9 docente na Universidade Federal de Santa [&hellip;]<\/p>\n","protected":false},"author":124,"featured_media":0,"parent":0,"menu_order":0,"comment_status":"closed","ping_status":"closed","template":"","meta":{"footnotes":""},"categories":[],"tags":[],"class_list":["post-23","page","type-page","status-publish","hentry"],"acf":[],"_links":{"self":[{"href":"https:\/\/www.ufsm.br\/laboratorios\/rmn\/wp-json\/wp\/v2\/pages\/23","targetHints":{"allow":["GET"]}}],"collection":[{"href":"https:\/\/www.ufsm.br\/laboratorios\/rmn\/wp-json\/wp\/v2\/pages"}],"about":[{"href":"https:\/\/www.ufsm.br\/laboratorios\/rmn\/wp-json\/wp\/v2\/types\/page"}],"author":[{"embeddable":true,"href":"https:\/\/www.ufsm.br\/laboratorios\/rmn\/wp-json\/wp\/v2\/users\/124"}],"replies":[{"embeddable":true,"href":"https:\/\/www.ufsm.br\/laboratorios\/rmn\/wp-json\/wp\/v2\/comments?post=23"}],"version-history":[{"count":0,"href":"https:\/\/www.ufsm.br\/laboratorios\/rmn\/wp-json\/wp\/v2\/pages\/23\/revisions"}],"wp:attachment":[{"href":"https:\/\/www.ufsm.br\/laboratorios\/rmn\/wp-json\/wp\/v2\/media?parent=23"}],"wp:term":[{"taxonomy":"category","embeddable":true,"href":"https:\/\/www.ufsm.br\/laboratorios\/rmn\/wp-json\/wp\/v2\/categories?post=23"},{"taxonomy":"post_tag","embeddable":true,"href":"https:\/\/www.ufsm.br\/laboratorios\/rmn\/wp-json\/wp\/v2\/tags?post=23"}],"curies":[{"name":"wp","href":"https:\/\/api.w.org\/{rel}","templated":true}]}}