{"id":139,"date":"2020-05-19T14:15:08","date_gmt":"2020-05-19T17:15:08","guid":{"rendered":"https:\/\/www.ufsm.br\/laboratorios\/sementes\/?page_id=139"},"modified":"2020-07-29T12:25:45","modified_gmt":"2020-07-29T15:25:45","slug":"gestao-de-qualidade","status":"publish","type":"page","link":"https:\/\/www.ufsm.br\/laboratorios\/sementes\/gestao-de-qualidade","title":{"rendered":"Gest\u00e3o da Qualidade"},"content":{"rendered":"\t\t<div data-elementor-type=\"wp-page\" data-elementor-id=\"139\" class=\"elementor elementor-139\">\n\t\t\t\t\t\t<section class=\"elementor-section elementor-top-section elementor-element elementor-element-16319ea4 elementor-section-boxed elementor-section-height-default elementor-section-height-default\" data-id=\"16319ea4\" data-element_type=\"section\">\n\t\t\t\t\t\t<div class=\"elementor-container elementor-column-gap-default\">\n\t\t\t\t\t<div class=\"elementor-column elementor-col-100 elementor-top-column elementor-element elementor-element-1ba81927\" data-id=\"1ba81927\" data-element_type=\"column\">\n\t\t\t<div class=\"elementor-widget-wrap elementor-element-populated\">\n\t\t\t\t\t\t<div class=\"elementor-element elementor-element-5e8bde5 elementor-widget__width-inherit elementor-widget elementor-widget-image\" data-id=\"5e8bde5\" data-element_type=\"widget\" data-widget_type=\"image.default\">\n\t\t\t\t<div class=\"elementor-widget-container\">\n\t\t\t\t\t\t\t\t\t\t\t\t\t<img fetchpriority=\"high\" decoding=\"async\" width=\"300\" height=\"177\" src=\"https:\/\/www.ufsm.br\/app\/uploads\/sites\/669\/2020\/05\/Imagem-Gest\u00e3o-da-Qualidade-300x177.jpg\" class=\"attachment-medium size-medium wp-image-195\" alt=\"\" srcset=\"https:\/\/www.ufsm.br\/app\/uploads\/sites\/669\/2020\/05\/Imagem-Gest\u00e3o-da-Qualidade-300x177.jpg 300w, https:\/\/www.ufsm.br\/app\/uploads\/sites\/669\/2020\/05\/Imagem-Gest\u00e3o-da-Qualidade-768x454.jpg 768w, https:\/\/www.ufsm.br\/app\/uploads\/sites\/669\/2020\/05\/Imagem-Gest\u00e3o-da-Qualidade.jpg 1015w\" sizes=\"(max-width: 300px) 100vw, 300px\" \/>\t\t\t\t\t\t\t\t\t\t\t\t\t<\/div>\n\t\t\t\t<\/div>\n\t\t\t\t<div class=\"elementor-element elementor-element-430a8388 elementor-widget elementor-widget-text-editor\" data-id=\"430a8388\" data-element_type=\"widget\" data-widget_type=\"text-editor.default\">\n\t\t\t\t<div class=\"elementor-widget-container\">\n\t\t\t\t\t\t\t<p><!-- wp:tadv\/classic-paragraph --><\/p>\n<p><span style=\"color: black;font-size: 1rem\">\u00a02020-07-29<\/span><\/p>\n<hr \/>\n<p><span style=\"color: black;font-size: 1rem\"><span style=\"font-size: 24pt\">\u00a0 \u00a0 \u00a0 \u00a0 \u00a0 \u00a0O\u00a0<\/span>LAS exerce suas atividades administrativas e t\u00e9cnicas de modo a seguir os requisitos da Norma ABNT ISO\/IEC 17025:2017. Isso significa dizer que h\u00e1 um controle de qualidade das atividades de rotina por meio da padroniza\u00e7\u00e3o dos procedimentos e ensaios realizados no laborat\u00f3rio, da garantia do\u00a0 bom funcionamento dos equipamentos utilizados nos ensaios e do cuidado com os colaboradores no que diz respeito a sua capacita\u00e7\u00e3o em executar as atividades que lhes s\u00e3o atribu\u00eddas. Al\u00e9m disso, possu\u00edmos um sistema informatizado que auxilia na rastreabilidade da amostra desde sua chegada ao laborat\u00f3rio at\u00e9 o seu descarte. O objetivo deste sistema de gest\u00e3o \u00e9 garantir a confiabilidade dos resultados gerados no laborat\u00f3rio.<\/span><\/p>\n<p><!-- \/wp:tadv\/classic-paragraph --><\/p>\t\t\t\t\t\t<\/div>\n\t\t\t\t<\/div>\n\t\t\t\t\t<\/div>\n\t\t<\/div>\n\t\t\t\t\t<\/div>\n\t\t<\/section>\n\t\t\t\t<section class=\"elementor-section elementor-top-section elementor-element elementor-element-225244c elementor-section-boxed elementor-section-height-default elementor-section-height-default\" data-id=\"225244c\" data-element_type=\"section\">\n\t\t\t\t\t\t<div class=\"elementor-container elementor-column-gap-default\">\n\t\t\t\t\t<div class=\"elementor-column elementor-col-100 elementor-top-column elementor-element elementor-element-57f6b3f\" data-id=\"57f6b3f\" data-element_type=\"column\">\n\t\t\t<div class=\"elementor-widget-wrap elementor-element-populated\">\n\t\t\t\t\t\t<div class=\"elementor-element elementor-element-d982813 elementor-align-right elementor-widget__width-initial elementor-absolute elementor-widget elementor-widget-button\" data-id=\"d982813\" data-element_type=\"widget\" data-settings=\"{&quot;_position&quot;:&quot;absolute&quot;}\" data-widget_type=\"button.default\">\n\t\t\t\t<div class=\"elementor-widget-container\">\n\t\t\t\t\t\t\t<div class=\"elementor-button-wrapper\">\n\t\t\t\t\t<a class=\"elementor-button elementor-button-link elementor-size-sm\" href=\"https:\/\/www.ufsm.br\/laboratorios\/sementes\/\">\n\t\t\t\t\t\t<span class=\"elementor-button-content-wrapper\">\n\t\t\t\t\t\t\t\t\t<span class=\"elementor-button-text\">Voltar \u00e0 p\u00e1gina inicial<\/span>\n\t\t\t\t\t<\/span>\n\t\t\t\t\t<\/a>\n\t\t\t\t<\/div>\n\t\t\t\t\t\t<\/div>\n\t\t\t\t<\/div>\n\t\t\t\t\t<\/div>\n\t\t<\/div>\n\t\t\t\t\t<\/div>\n\t\t<\/section>\n\t\t\t\t<section class=\"elementor-section elementor-top-section elementor-element elementor-element-1aee9ce elementor-section-boxed elementor-section-height-default elementor-section-height-default\" data-id=\"1aee9ce\" data-element_type=\"section\">\n\t\t\t\t\t\t<div class=\"elementor-container elementor-column-gap-default\">\n\t\t\t\t\t<div class=\"elementor-column elementor-col-100 elementor-top-column elementor-element elementor-element-7b67e02\" data-id=\"7b67e02\" data-element_type=\"column\">\n\t\t\t<div class=\"elementor-widget-wrap\">\n\t\t\t\t\t\t\t<\/div>\n\t\t<\/div>\n\t\t\t\t\t<\/div>\n\t\t<\/section>\n\t\t\t\t<\/div>\n\t\t","protected":false},"excerpt":{"rendered":"<p>2020-07-29 O LAS exerce suas atividades administrativas e t\u00e9cnicas de modo a seguir os requisitos da Norma ABNT ISO\/IEC 17025:2017. Isso significa dizer que h\u00e1 um controle de qualidade das atividades de rotina por meio da padroniza\u00e7\u00e3o dos procedimentos e ensaios realizados no laborat\u00f3rio, da garantia do\u00a0 bom funcionamento dos equipamentos utilizados nos ensaios e [&hellip;]<\/p>\n","protected":false},"author":2492,"featured_media":0,"parent":0,"menu_order":0,"comment_status":"closed","ping_status":"closed","template":"","meta":{"footnotes":""},"categories":[],"tags":[],"class_list":["post-139","page","type-page","status-publish","hentry"],"acf":[],"_links":{"self":[{"href":"https:\/\/www.ufsm.br\/laboratorios\/sementes\/wp-json\/wp\/v2\/pages\/139","targetHints":{"allow":["GET"]}}],"collection":[{"href":"https:\/\/www.ufsm.br\/laboratorios\/sementes\/wp-json\/wp\/v2\/pages"}],"about":[{"href":"https:\/\/www.ufsm.br\/laboratorios\/sementes\/wp-json\/wp\/v2\/types\/page"}],"author":[{"embeddable":true,"href":"https:\/\/www.ufsm.br\/laboratorios\/sementes\/wp-json\/wp\/v2\/users\/2492"}],"replies":[{"embeddable":true,"href":"https:\/\/www.ufsm.br\/laboratorios\/sementes\/wp-json\/wp\/v2\/comments?post=139"}],"version-history":[{"count":0,"href":"https:\/\/www.ufsm.br\/laboratorios\/sementes\/wp-json\/wp\/v2\/pages\/139\/revisions"}],"wp:attachment":[{"href":"https:\/\/www.ufsm.br\/laboratorios\/sementes\/wp-json\/wp\/v2\/media?parent=139"}],"wp:term":[{"taxonomy":"category","embeddable":true,"href":"https:\/\/www.ufsm.br\/laboratorios\/sementes\/wp-json\/wp\/v2\/categories?post=139"},{"taxonomy":"post_tag","embeddable":true,"href":"https:\/\/www.ufsm.br\/laboratorios\/sementes\/wp-json\/wp\/v2\/tags?post=139"}],"curies":[{"name":"wp","href":"https:\/\/api.w.org\/{rel}","templated":true}]}}