{"id":146,"date":"2020-05-19T14:47:44","date_gmt":"2020-05-19T17:47:44","guid":{"rendered":"https:\/\/www.ufsm.br\/laboratorios\/sementes\/?page_id=146"},"modified":"2020-06-01T19:13:17","modified_gmt":"2020-06-01T22:13:17","slug":"contato-2","status":"publish","type":"page","link":"https:\/\/www.ufsm.br\/laboratorios\/sementes\/contato-2","title":{"rendered":"Elementor #146"},"content":{"rendered":"\t\t<div data-elementor-type=\"wp-page\" data-elementor-id=\"146\" class=\"elementor elementor-146\">\n\t\t\t\t\t\t<section class=\"elementor-section elementor-top-section elementor-element elementor-element-6fdbe2ac elementor-section-boxed elementor-section-height-default elementor-section-height-default\" data-id=\"6fdbe2ac\" data-element_type=\"section\">\n\t\t\t\t\t\t<div class=\"elementor-container elementor-column-gap-default\">\n\t\t\t\t\t<div class=\"elementor-column elementor-col-100 elementor-top-column elementor-element elementor-element-58d98d56\" data-id=\"58d98d56\" data-element_type=\"column\">\n\t\t\t<div class=\"elementor-widget-wrap elementor-element-populated\">\n\t\t\t\t\t\t<div class=\"elementor-element elementor-element-569206eb elementor-widget elementor-widget-text-editor\" data-id=\"569206eb\" data-element_type=\"widget\" data-widget_type=\"text-editor.default\">\n\t\t\t\t<div class=\"elementor-widget-container\">\n\t\t\t\t\t\t\t<p>\u00a0<\/p>\n<!-- wp:cover {\"overlayColor\":\"very-dark-gray\",\"minHeight\":246} -->\n<div class=\"wp-block-cover has-very-dark-gray-background-color has-background-dim\" style=\"min-height: 246px\">\n<div class=\"wp-block-cover__inner-container\"><!-- wp:paragraph {\"align\":\"center\",\"placeholder\":\"Escreva o t\\u00edtulo...\",\"fontSize\":\"large\"} -->\n<p class=\"has-text-align-center has-large-font-size\"><span style=\"text-decoration: underline\">Hor\u00e1rio de atendimento<\/span><\/p>\n<!-- \/wp:paragraph --><!-- wp:heading {\"align\":\"center\",\"level\":4} -->\n<h4 class=\"has-text-align-center\"><strong>Segunda a sexta: <\/strong><\/h4>\n<!-- \/wp:heading --><!-- wp:heading {\"align\":\"center\",\"level\":4} -->\n<h4 class=\"has-text-align-center\"><strong>manh\u00e3 &#8211; 8:00 \u00e0s 12:00<\/strong><\/h4>\n<!-- \/wp:heading --><!-- wp:heading {\"align\":\"center\",\"level\":4} -->\n<h4 class=\"has-text-align-center\"><strong>tarde &#8211; 13:30 \u00e0s 17:00<\/strong><\/h4>\n<!-- \/wp:heading --><!-- wp:tadv\/classic-paragraph \/--><\/div>\n<\/div>\n<!-- \/wp:cover --><!-- wp:tadv\/classic-paragraph -->\n<h2 style=\"text-align: center\"><strong><span style=\"text-decoration: underline\">Telefone:<\/span> <\/strong><\/h2>\n<h3 style=\"text-align: center\">55 3220-8773<\/h3>\n<h2 style=\"text-align: center\"><strong><span style=\"text-decoration: underline\">E-mail:<\/span> <\/strong><\/h2>\n<h4 style=\"text-align: center\">sementeufsm@gmail.com<\/h4>\n<h2 style=\"text-align: center\"><strong><span style=\"text-decoration: underline\">Endere\u00e7o:<\/span><\/strong><\/h2>\n<h5 style=\"text-align: center\">Universidade Federal de Santa Maria<\/h5>\n<h5 style=\"text-align: center\">Campus de Santa Maria<\/h5>\n<h5 style=\"text-align: center\">AV. roraima n\u00ba 1000<\/h5>\n<h5 style=\"text-align: center\">Departamento de Fitotecnia, Pr\u00e9dio 77<\/h5>\n<h5 style=\"text-align: center\">Laborat\u00f3rio de An\u00e1lise de Sementes<\/h5>\n<h5 style=\"text-align: center\">Cep 97105-900<\/h5>\n<h5 style=\"text-align: center\">Santa Maria &#8211; RS<\/h5>\n<p>\u00a0<\/p>\n<h3>\u00a0<\/h3>\n<p>\u00a0<\/p>\n<h4>\u00a0<\/h4>\n<p>\u00a0<\/p>\n<!-- \/wp:tadv\/classic-paragraph -->\t\t\t\t\t\t<\/div>\n\t\t\t\t<\/div>\n\t\t\t\t\t<\/div>\n\t\t<\/div>\n\t\t\t\t\t<\/div>\n\t\t<\/section>\n\t\t\t\t<\/div>\n\t\t","protected":false},"excerpt":{"rendered":"<p>\u00a0 Telefone: 55 3220-8773 E-mail: sementeufsm@gmail.com Endere\u00e7o: Universidade Federal de Santa Maria Campus de Santa Maria AV. roraima n\u00ba 1000 Departamento de Fitotecnia, Pr\u00e9dio 77 Laborat\u00f3rio de An\u00e1lise de Sementes Cep 97105-900 Santa Maria &#8211; RS \u00a0 \u00a0 \u00a0 \u00a0 \u00a0<\/p>\n","protected":false},"author":2492,"featured_media":0,"parent":0,"menu_order":0,"comment_status":"closed","ping_status":"closed","template":"elementor_canvas","meta":{"footnotes":""},"categories":[],"tags":[],"class_list":["post-146","page","type-page","status-publish","hentry"],"acf":[],"_links":{"self":[{"href":"https:\/\/www.ufsm.br\/laboratorios\/sementes\/wp-json\/wp\/v2\/pages\/146","targetHints":{"allow":["GET"]}}],"collection":[{"href":"https:\/\/www.ufsm.br\/laboratorios\/sementes\/wp-json\/wp\/v2\/pages"}],"about":[{"href":"https:\/\/www.ufsm.br\/laboratorios\/sementes\/wp-json\/wp\/v2\/types\/page"}],"author":[{"embeddable":true,"href":"https:\/\/www.ufsm.br\/laboratorios\/sementes\/wp-json\/wp\/v2\/users\/2492"}],"replies":[{"embeddable":true,"href":"https:\/\/www.ufsm.br\/laboratorios\/sementes\/wp-json\/wp\/v2\/comments?post=146"}],"version-history":[{"count":0,"href":"https:\/\/www.ufsm.br\/laboratorios\/sementes\/wp-json\/wp\/v2\/pages\/146\/revisions"}],"wp:attachment":[{"href":"https:\/\/www.ufsm.br\/laboratorios\/sementes\/wp-json\/wp\/v2\/media?parent=146"}],"wp:term":[{"taxonomy":"category","embeddable":true,"href":"https:\/\/www.ufsm.br\/laboratorios\/sementes\/wp-json\/wp\/v2\/categories?post=146"},{"taxonomy":"post_tag","embeddable":true,"href":"https:\/\/www.ufsm.br\/laboratorios\/sementes\/wp-json\/wp\/v2\/tags?post=146"}],"curies":[{"name":"wp","href":"https:\/\/api.w.org\/{rel}","templated":true}]}}