{"id":211,"date":"2020-06-01T11:54:20","date_gmt":"2020-06-01T14:54:20","guid":{"rendered":"https:\/\/www.ufsm.br\/laboratorios\/sementes\/?page_id=211"},"modified":"2023-07-04T14:37:08","modified_gmt":"2023-07-04T17:37:08","slug":"instrucao-normativa-no-9-de-2-de-junho-de-2005","status":"publish","type":"page","link":"https:\/\/www.ufsm.br\/laboratorios\/sementes\/instrucao-normativa-no-9-de-2-de-junho-de-2005","title":{"rendered":"PORTARIA MAPA N\u00ba 538, DE 20 DE DEZEMBRO DE 2022 (substitui a  IN n\u00ba. 9, de 2 de Junho de 2005)"},"content":{"rendered":"\n<p>Estabelece as normas para a produ\u00e7\u00e3o, a certifica\u00e7\u00e3o, a responsabilidade t\u00e9cnica, o beneficiamento, a reembalagem, o armazenamento, a amostragem, a an\u00e1lise, a comercializa\u00e7\u00e3o e a utiliza\u00e7\u00e3o de sementes.<\/p>\n<p>Para acessar o arquivo em .pdf clique <a href=\"https:\/\/assets.revistacultivar.com.br\/26dec8ad-c4f5-4d3b-8bc4-5b23e4f8cfb8.pdf\">aqui.<\/a><\/p>\n","protected":false},"excerpt":{"rendered":"<p>Estabelece as normas para a produ\u00e7\u00e3o, a certifica\u00e7\u00e3o, a responsabilidade t\u00e9cnica, o beneficiamento, a reembalagem, o armazenamento, a amostragem, a an\u00e1lise, a comercializa\u00e7\u00e3o e a utiliza\u00e7\u00e3o de sementes. Para acessar o arquivo em .pdf clique aqui.<\/p>\n","protected":false},"author":2040,"featured_media":0,"parent":0,"menu_order":0,"comment_status":"closed","ping_status":"closed","template":"","meta":{"footnotes":""},"categories":[],"tags":[],"class_list":["post-211","page","type-page","status-publish","hentry"],"acf":[],"_links":{"self":[{"href":"https:\/\/www.ufsm.br\/laboratorios\/sementes\/wp-json\/wp\/v2\/pages\/211","targetHints":{"allow":["GET"]}}],"collection":[{"href":"https:\/\/www.ufsm.br\/laboratorios\/sementes\/wp-json\/wp\/v2\/pages"}],"about":[{"href":"https:\/\/www.ufsm.br\/laboratorios\/sementes\/wp-json\/wp\/v2\/types\/page"}],"author":[{"embeddable":true,"href":"https:\/\/www.ufsm.br\/laboratorios\/sementes\/wp-json\/wp\/v2\/users\/2040"}],"replies":[{"embeddable":true,"href":"https:\/\/www.ufsm.br\/laboratorios\/sementes\/wp-json\/wp\/v2\/comments?post=211"}],"version-history":[{"count":0,"href":"https:\/\/www.ufsm.br\/laboratorios\/sementes\/wp-json\/wp\/v2\/pages\/211\/revisions"}],"wp:attachment":[{"href":"https:\/\/www.ufsm.br\/laboratorios\/sementes\/wp-json\/wp\/v2\/media?parent=211"}],"wp:term":[{"taxonomy":"category","embeddable":true,"href":"https:\/\/www.ufsm.br\/laboratorios\/sementes\/wp-json\/wp\/v2\/categories?post=211"},{"taxonomy":"post_tag","embeddable":true,"href":"https:\/\/www.ufsm.br\/laboratorios\/sementes\/wp-json\/wp\/v2\/tags?post=211"}],"curies":[{"name":"wp","href":"https:\/\/api.w.org\/{rel}","templated":true}]}}