{"id":216,"date":"2020-06-01T17:39:49","date_gmt":"2020-06-01T20:39:49","guid":{"rendered":"https:\/\/www.ufsm.br\/laboratorios\/sementes\/?page_id=216"},"modified":"2023-11-10T16:02:12","modified_gmt":"2023-11-10T19:02:12","slug":"regras-para-analise-de-sementes-ras-2009","status":"publish","type":"page","link":"https:\/\/www.ufsm.br\/laboratorios\/sementes\/regras-para-analise-de-sementes-ras-2009","title":{"rendered":"Regras para an\u00e1lise de sementes (RAS, 2009)"},"content":{"rendered":"\n<p>Os ensaios realizados no LAS da UFSM segue os padr\u00f5es das Regras para an\u00e1lise de sementes (2009). Portanto, este \u00e9 um livro essencial que nos auxilia diariamente nas atividades de rotina. O livro est\u00e1 dispon\u00edvel para acesso p\u00fablico na internet ou <a href=\"https:\/\/repositorio-dspace.agricultura.gov.br\/handle\/1\/423\">clicando aqui<\/a><a href=\"http:\/\/chrome-extension:\/\/efaidnbmnnnibpcajpcglclefindmkaj\/https:\/\/www.gov.br\/agricultura\/pt-br\/assuntos\/insumos-agropecuarios\/arquivos-publicacoes-insumos\/2946_regras_analise__sementes.pdf\" data-wplink-url-error=\"true\">.<\/a><\/p>\n","protected":false},"excerpt":{"rendered":"<p>Os ensaios realizados no LAS da UFSM segue os padr\u00f5es das Regras para an\u00e1lise de sementes (2009). Portanto, este \u00e9 um livro essencial que nos auxilia diariamente nas atividades de rotina. O livro est\u00e1 dispon\u00edvel para acesso p\u00fablico na internet ou clicando aqui.<\/p>\n","protected":false},"author":2040,"featured_media":0,"parent":0,"menu_order":0,"comment_status":"closed","ping_status":"closed","template":"","meta":{"footnotes":""},"categories":[],"tags":[],"class_list":["post-216","page","type-page","status-publish","hentry"],"acf":[],"_links":{"self":[{"href":"https:\/\/www.ufsm.br\/laboratorios\/sementes\/wp-json\/wp\/v2\/pages\/216","targetHints":{"allow":["GET"]}}],"collection":[{"href":"https:\/\/www.ufsm.br\/laboratorios\/sementes\/wp-json\/wp\/v2\/pages"}],"about":[{"href":"https:\/\/www.ufsm.br\/laboratorios\/sementes\/wp-json\/wp\/v2\/types\/page"}],"author":[{"embeddable":true,"href":"https:\/\/www.ufsm.br\/laboratorios\/sementes\/wp-json\/wp\/v2\/users\/2040"}],"replies":[{"embeddable":true,"href":"https:\/\/www.ufsm.br\/laboratorios\/sementes\/wp-json\/wp\/v2\/comments?post=216"}],"version-history":[{"count":0,"href":"https:\/\/www.ufsm.br\/laboratorios\/sementes\/wp-json\/wp\/v2\/pages\/216\/revisions"}],"wp:attachment":[{"href":"https:\/\/www.ufsm.br\/laboratorios\/sementes\/wp-json\/wp\/v2\/media?parent=216"}],"wp:term":[{"taxonomy":"category","embeddable":true,"href":"https:\/\/www.ufsm.br\/laboratorios\/sementes\/wp-json\/wp\/v2\/categories?post=216"},{"taxonomy":"post_tag","embeddable":true,"href":"https:\/\/www.ufsm.br\/laboratorios\/sementes\/wp-json\/wp\/v2\/tags?post=216"}],"curies":[{"name":"wp","href":"https:\/\/api.w.org\/{rel}","templated":true}]}}