{"id":26,"date":"2019-05-14T17:03:27","date_gmt":"2019-05-14T20:03:27","guid":{"rendered":"https:\/\/www.ufsm.br\/template-laboratprio\/?page_id=26"},"modified":"2020-07-29T12:50:07","modified_gmt":"2020-07-29T15:50:07","slug":"contato","status":"publish","type":"page","link":"https:\/\/www.ufsm.br\/laboratorios\/sementes\/contato","title":{"rendered":"Contato"},"content":{"rendered":"\t\t<div data-elementor-type=\"wp-page\" data-elementor-id=\"26\" class=\"elementor elementor-26\">\n\t\t\t\t\t\t<section class=\"elementor-section elementor-top-section elementor-element elementor-element-107bec05 elementor-section-boxed elementor-section-height-default elementor-section-height-default\" data-id=\"107bec05\" data-element_type=\"section\">\n\t\t\t\t\t\t<div class=\"elementor-container elementor-column-gap-default\">\n\t\t\t\t\t<div class=\"elementor-column elementor-col-100 elementor-top-column elementor-element elementor-element-21884709\" data-id=\"21884709\" data-element_type=\"column\">\n\t\t\t<div class=\"elementor-widget-wrap elementor-element-populated\">\n\t\t\t\t\t\t<div class=\"elementor-element elementor-element-6c543894 elementor-widget elementor-widget-text-editor\" data-id=\"6c543894\" data-element_type=\"widget\" data-widget_type=\"text-editor.default\">\n\t\t\t\t<div class=\"elementor-widget-container\">\n\t\t\t\t\t\t\t<p><!--nextpage--><\/p>\n<!-- wp:tadv\/classic-paragraph -->\n<p><strong>Telefone:<\/strong>\u00a00xx55 3220-8773<\/p>\n<p><strong>E-mail:\u00a0<\/strong><span id=\"cloak30997\"><a href=\"mailto:sementeufsm@gmail.com\">sementeufsm@gmail.com<\/a><\/span><\/p>\n<p><strong>Hor\u00e1rio de Atendimento<br \/><\/strong><\/p>\n<p>Segunda-feira a sexta-feira<\/p>\n<p>Manh\u00e3: 8:00 \u00e0s 12:00 hrs<\/p>\n<p>Tarde: 13:30 \u00e0s 17:00 hrs<\/p>\n<p>Turno \u00fanico (per\u00edodo de f\u00e9rias da Gradua\u00e7\u00e3o &#8211; fim de ano, janeiro e fevereiro): 7:30 \u00e0s 13:30 hrs<\/p>\n<p><strong>Endere\u00e7o para correspond\u00eancia:<\/strong><\/p>\n<p>Laborat\u00f3rio de An\u00e1lise de Sementes<\/p>\n<p>Universidade Federal de Santa Maria (UFSM), Campus Santa Maria<\/p>\n<p>Departamento de Fitotecnia, pr\u00e9dio 77<\/p>\n<p>CEP 97105-900<\/p>\n<p>Santa Maria, RS, Brasil<\/p>\n<p>\u00a0<\/p>\n<!-- \/wp:tadv\/classic-paragraph -->\t\t\t\t\t\t<\/div>\n\t\t\t\t<\/div>\n\t\t\t\t\t<\/div>\n\t\t<\/div>\n\t\t\t\t\t<\/div>\n\t\t<\/section>\n\t\t\t\t<\/div>\n\t\t","protected":false},"excerpt":{"rendered":"","protected":false},"author":124,"featured_media":0,"parent":0,"menu_order":0,"comment_status":"closed","ping_status":"closed","template":"","meta":{"footnotes":""},"categories":[],"tags":[],"class_list":["post-26","page","type-page","status-publish","hentry"],"acf":[],"_links":{"self":[{"href":"https:\/\/www.ufsm.br\/laboratorios\/sementes\/wp-json\/wp\/v2\/pages\/26","targetHints":{"allow":["GET"]}}],"collection":[{"href":"https:\/\/www.ufsm.br\/laboratorios\/sementes\/wp-json\/wp\/v2\/pages"}],"about":[{"href":"https:\/\/www.ufsm.br\/laboratorios\/sementes\/wp-json\/wp\/v2\/types\/page"}],"author":[{"embeddable":true,"href":"https:\/\/www.ufsm.br\/laboratorios\/sementes\/wp-json\/wp\/v2\/users\/124"}],"replies":[{"embeddable":true,"href":"https:\/\/www.ufsm.br\/laboratorios\/sementes\/wp-json\/wp\/v2\/comments?post=26"}],"version-history":[{"count":0,"href":"https:\/\/www.ufsm.br\/laboratorios\/sementes\/wp-json\/wp\/v2\/pages\/26\/revisions"}],"wp:attachment":[{"href":"https:\/\/www.ufsm.br\/laboratorios\/sementes\/wp-json\/wp\/v2\/media?parent=26"}],"wp:term":[{"taxonomy":"category","embeddable":true,"href":"https:\/\/www.ufsm.br\/laboratorios\/sementes\/wp-json\/wp\/v2\/categories?post=26"},{"taxonomy":"post_tag","embeddable":true,"href":"https:\/\/www.ufsm.br\/laboratorios\/sementes\/wp-json\/wp\/v2\/tags?post=26"}],"curies":[{"name":"wp","href":"https:\/\/api.w.org\/{rel}","templated":true}]}}